{"id":609,"date":"2017-06-01T10:53:03","date_gmt":"2017-06-01T08:53:03","guid":{"rendered":"https:\/\/www.pnl.ch\/college-pnl\/?page_id=609"},"modified":"2024-11-02T22:32:44","modified_gmt":"2024-11-02T21:32:44","slug":"contact-merci","status":"publish","type":"page","link":"http:\/\/www.pnl.ch\/college-pnl\/contact-merci\/","title":{"rendered":"Merci de nous avoir contact\u00e9s\u202f!"},"content":{"rendered":"<div class=\"wpb-content-wrapper\"><p>[vc_row][vc_column][vc_column_text]<\/p>\n<h1>Merci de nous avoir contact\u00e9s\u202f!<\/h1>\n<p>[\/vc_column_text][\/vc_column][\/vc_row][vc_row][vc_column][vc_column_text css=\u00a0\u00bb\u00a0\u00bb]Votre demande a bien \u00e9t\u00e9 enregistr\u00e9e. <strong>Un e-mail r\u00e9capitulatif vous sera envoy\u00e9 sous peu. Si vous ne le voyez pas dans votre bo\u00eete de r\u00e9ception, pensez \u00e0 v\u00e9rifier votre dossier de courriers ind\u00e9sirables (spam)<\/strong>.<\/p>\n<p>Si vous avez d&rsquo;autres questions ou si vous ne recevez pas de r\u00e9ponse dans un d\u00e9lai d&rsquo;une semaine (nous r\u00e9pondons g\u00e9n\u00e9ralement tr\u00e8s rapidement, donc si ce n&rsquo;est pas le cas, c&rsquo;est s\u00fbrement d\u00fb \u00e0 des raisons techniques ind\u00e9pendantes de notre volont\u00e9), nous nous ferons un plaisir de vous renseigner par t\u00e9l\u00e9phone au <a style=\"color: #009174;\" href=\"tel:+41227369862\">+41 (0)22 736 98 62<\/a> le lundi, mardi, jeudi et vendredi.<\/p>\n<p>Nous nous r\u00e9jouissons de bient\u00f4t participer \u00e0 votre d\u00e9veloppement personnel et professionnel.<\/p>\n<p><b>L&rsquo;\u00e9quipe du Coll\u00e8ge Romand<\/b>[\/vc_column_text][\/vc_column][\/vc_row]<\/p>\n<\/div>","protected":false},"excerpt":{"rendered":"<p>[vc_row][vc_column][vc_column_text] Merci de nous avoir contact\u00e9s\u202f! [\/vc_column_text][\/vc_column][\/vc_row][vc_row][vc_column][vc_column_text css=\u00a0\u00bb\u00a0\u00bb]Votre demande a bien \u00e9t\u00e9 enregistr\u00e9e. Un e-mail r\u00e9capitulatif vous sera envoy\u00e9 sous peu. Si vous ne le voyez pas dans votre bo\u00eete de r\u00e9ception, pensez \u00e0 v\u00e9rifier votre dossier de courriers ind\u00e9sirables (spam). Si vous avez d&rsquo;autres questions ou si vous ne recevez pas de r\u00e9ponse dans&hellip;<\/p>\n","protected":false},"author":1,"featured_media":0,"parent":0,"menu_order":7,"comment_status":"closed","ping_status":"closed","template":"","meta":{"_acf_changed":false,"footnotes":""},"class_list":["post-609","page","type-page","status-publish","hentry","description-off"],"acf":[],"yoast_head":"<!-- This site is optimized with the Yoast SEO Premium plugin v26.9 (Yoast SEO v26.9) - https:\/\/yoast.com\/product\/yoast-seo-premium-wordpress\/ -->\n<title>Merci de nous avoir contact\u00e9s\u202f! | Coll\u00e8ge PNL<\/title>\n<meta name=\"robots\" content=\"noindex, nofollow\" \/>\n<meta property=\"og:locale\" content=\"fr_FR\" \/>\n<meta property=\"og:type\" content=\"article\" \/>\n<meta property=\"og:title\" content=\"Merci de nous avoir contact\u00e9s\u202f!\" \/>\n<meta property=\"og:description\" content=\"Merci de nous avoir contact\u00e9s\u202f! Votre demande a bien \u00e9t\u00e9 enregistr\u00e9e. Un e-mail r\u00e9capitulatif vous sera envoy\u00e9 sous peu. Si vous ne le voyez pas dans\" \/>\n<meta property=\"og:url\" content=\"https:\/\/www.pnl.ch\/college-pnl\/contact-merci\/\" \/>\n<meta property=\"og:site_name\" content=\"Coll\u00e8ge PNL\" \/>\n<meta property=\"article:publisher\" content=\"https:\/\/www.facebook.com\/college.romand\/\" \/>\n<meta property=\"article:modified_time\" content=\"2024-11-02T21:32:44+00:00\" \/>\n<meta property=\"og:image\" content=\"http:\/\/www.pnl.ch\/college-pnl\/wp-content\/uploads\/sites\/2\/2024\/03\/maitre-praticien-pnl-jpg.webp\" \/>\n\t<meta property=\"og:image:width\" content=\"1200\" \/>\n\t<meta property=\"og:image:height\" content=\"675\" \/>\n\t<meta property=\"og:image:type\" content=\"image\/jpeg\" \/>\n<meta name=\"twitter:card\" content=\"summary_large_image\" \/>\n<meta name=\"twitter:site\" content=\"@CollegeRomand\" \/>\n<meta name=\"twitter:label1\" content=\"Dur\u00e9e de lecture estim\u00e9e\" \/>\n\t<meta name=\"twitter:data1\" content=\"1 minute\" \/>\n<script type=\"application\/ld+json\" class=\"yoast-schema-graph\">{\"@context\":\"https:\/\/schema.org\",\"@graph\":[{\"@type\":\"WebPage\",\"@id\":\"https:\/\/www.pnl.ch\/college-pnl\/contact-merci\/\",\"url\":\"https:\/\/www.pnl.ch\/college-pnl\/contact-merci\/\",\"name\":\"Merci de nous avoir contact\u00e9s\u202f! | Coll\u00e8ge PNL\",\"isPartOf\":{\"@id\":\"https:\/\/www.pnl.ch\/college-pnl\/#website\"},\"datePublished\":\"2017-06-01T08:53:03+00:00\",\"dateModified\":\"2024-11-02T21:32:44+00:00\",\"breadcrumb\":{\"@id\":\"https:\/\/www.pnl.ch\/college-pnl\/contact-merci\/#breadcrumb\"},\"inLanguage\":\"fr-FR\",\"potentialAction\":[{\"@type\":\"ReadAction\",\"target\":[\"https:\/\/www.pnl.ch\/college-pnl\/contact-merci\/\"]}]},{\"@type\":\"BreadcrumbList\",\"@id\":\"https:\/\/www.pnl.ch\/college-pnl\/contact-merci\/#breadcrumb\",\"itemListElement\":[{\"@type\":\"ListItem\",\"position\":1,\"name\":\"Accueil\",\"item\":\"https:\/\/www.pnl.ch\/college-pnl\/\"},{\"@type\":\"ListItem\",\"position\":2,\"name\":\"Merci de nous avoir contact\u00e9s\u202f!\"}]},{\"@type\":\"WebSite\",\"@id\":\"https:\/\/www.pnl.ch\/college-pnl\/#website\",\"url\":\"https:\/\/www.pnl.ch\/college-pnl\/\",\"name\":\"Coll\u00e8ge PNL\",\"description\":\"Formations certifiantes en Programmation Neuro Linguistique (PNL)\",\"publisher\":{\"@id\":\"https:\/\/www.pnl.ch\/college-pnl\/#organization\"},\"potentialAction\":[{\"@type\":\"SearchAction\",\"target\":{\"@type\":\"EntryPoint\",\"urlTemplate\":\"https:\/\/www.pnl.ch\/college-pnl\/?s={search_term_string}\"},\"query-input\":{\"@type\":\"PropertyValueSpecification\",\"valueRequired\":true,\"valueName\":\"search_term_string\"}}],\"inLanguage\":\"fr-FR\"},{\"@type\":\"Organization\",\"@id\":\"https:\/\/www.pnl.ch\/college-pnl\/#organization\",\"name\":\"Coll\u00e8ge Romand - Centre de formation d'adultes S\u00e0rl\",\"url\":\"https:\/\/www.pnl.ch\/college-pnl\/\",\"logo\":{\"@type\":\"ImageObject\",\"inLanguage\":\"fr-FR\",\"@id\":\"https:\/\/www.pnl.ch\/college-pnl\/#\/schema\/logo\/image\/\",\"url\":\"https:\/\/www.pnl.ch\/college-pnl\/wp-content\/uploads\/sites\/2\/2017\/04\/college-pnl-logo-nc.png\",\"contentUrl\":\"https:\/\/www.pnl.ch\/college-pnl\/wp-content\/uploads\/sites\/2\/2017\/04\/college-pnl-logo-nc.png\",\"width\":314,\"height\":200,\"caption\":\"Coll\u00e8ge Romand - Centre de formation d'adultes S\u00e0rl\"},\"image\":{\"@id\":\"https:\/\/www.pnl.ch\/college-pnl\/#\/schema\/logo\/image\/\"},\"sameAs\":[\"https:\/\/www.facebook.com\/college.romand\/\",\"https:\/\/x.com\/CollegeRomand\",\"https:\/\/www.linkedin.com\/school\/college-romand\/\",\"https:\/\/www.instagram.com\/collegeromand\/\"]}]}<\/script>\n<!-- \/ Yoast SEO Premium plugin. -->","yoast_head_json":{"title":"Merci de nous avoir contact\u00e9s\u202f! | Coll\u00e8ge PNL","robots":{"index":"noindex","follow":"nofollow"},"og_locale":"fr_FR","og_type":"article","og_title":"Merci de nous avoir contact\u00e9s\u202f!","og_description":"Merci de nous avoir contact\u00e9s\u202f! Votre demande a bien \u00e9t\u00e9 enregistr\u00e9e. Un e-mail r\u00e9capitulatif vous sera envoy\u00e9 sous peu. Si vous ne le voyez pas dans","og_url":"https:\/\/www.pnl.ch\/college-pnl\/contact-merci\/","og_site_name":"Coll\u00e8ge PNL","article_publisher":"https:\/\/www.facebook.com\/college.romand\/","article_modified_time":"2024-11-02T21:32:44+00:00","og_image":[{"width":1200,"height":675,"url":"http:\/\/www.pnl.ch\/college-pnl\/wp-content\/uploads\/sites\/2\/2024\/03\/maitre-praticien-pnl-jpg.webp","type":"image\/jpeg"}],"twitter_card":"summary_large_image","twitter_site":"@CollegeRomand","twitter_misc":{"Dur\u00e9e de lecture estim\u00e9e":"1 minute"},"schema":{"@context":"https:\/\/schema.org","@graph":[{"@type":"WebPage","@id":"https:\/\/www.pnl.ch\/college-pnl\/contact-merci\/","url":"https:\/\/www.pnl.ch\/college-pnl\/contact-merci\/","name":"Merci de nous avoir contact\u00e9s\u202f! | Coll\u00e8ge PNL","isPartOf":{"@id":"https:\/\/www.pnl.ch\/college-pnl\/#website"},"datePublished":"2017-06-01T08:53:03+00:00","dateModified":"2024-11-02T21:32:44+00:00","breadcrumb":{"@id":"https:\/\/www.pnl.ch\/college-pnl\/contact-merci\/#breadcrumb"},"inLanguage":"fr-FR","potentialAction":[{"@type":"ReadAction","target":["https:\/\/www.pnl.ch\/college-pnl\/contact-merci\/"]}]},{"@type":"BreadcrumbList","@id":"https:\/\/www.pnl.ch\/college-pnl\/contact-merci\/#breadcrumb","itemListElement":[{"@type":"ListItem","position":1,"name":"Accueil","item":"https:\/\/www.pnl.ch\/college-pnl\/"},{"@type":"ListItem","position":2,"name":"Merci de nous avoir contact\u00e9s\u202f!"}]},{"@type":"WebSite","@id":"https:\/\/www.pnl.ch\/college-pnl\/#website","url":"https:\/\/www.pnl.ch\/college-pnl\/","name":"Coll\u00e8ge PNL","description":"Formations certifiantes en Programmation Neuro Linguistique (PNL)","publisher":{"@id":"https:\/\/www.pnl.ch\/college-pnl\/#organization"},"potentialAction":[{"@type":"SearchAction","target":{"@type":"EntryPoint","urlTemplate":"https:\/\/www.pnl.ch\/college-pnl\/?s={search_term_string}"},"query-input":{"@type":"PropertyValueSpecification","valueRequired":true,"valueName":"search_term_string"}}],"inLanguage":"fr-FR"},{"@type":"Organization","@id":"https:\/\/www.pnl.ch\/college-pnl\/#organization","name":"Coll\u00e8ge Romand - Centre de formation d'adultes S\u00e0rl","url":"https:\/\/www.pnl.ch\/college-pnl\/","logo":{"@type":"ImageObject","inLanguage":"fr-FR","@id":"https:\/\/www.pnl.ch\/college-pnl\/#\/schema\/logo\/image\/","url":"https:\/\/www.pnl.ch\/college-pnl\/wp-content\/uploads\/sites\/2\/2017\/04\/college-pnl-logo-nc.png","contentUrl":"https:\/\/www.pnl.ch\/college-pnl\/wp-content\/uploads\/sites\/2\/2017\/04\/college-pnl-logo-nc.png","width":314,"height":200,"caption":"Coll\u00e8ge Romand - Centre de formation d'adultes S\u00e0rl"},"image":{"@id":"https:\/\/www.pnl.ch\/college-pnl\/#\/schema\/logo\/image\/"},"sameAs":["https:\/\/www.facebook.com\/college.romand\/","https:\/\/x.com\/CollegeRomand","https:\/\/www.linkedin.com\/school\/college-romand\/","https:\/\/www.instagram.com\/collegeromand\/"]}]}},"_links":{"self":[{"href":"http:\/\/www.pnl.ch\/college-pnl\/wp-json\/wp\/v2\/pages\/609","targetHints":{"allow":["GET"]}}],"collection":[{"href":"http:\/\/www.pnl.ch\/college-pnl\/wp-json\/wp\/v2\/pages"}],"about":[{"href":"http:\/\/www.pnl.ch\/college-pnl\/wp-json\/wp\/v2\/types\/page"}],"author":[{"embeddable":true,"href":"http:\/\/www.pnl.ch\/college-pnl\/wp-json\/wp\/v2\/users\/1"}],"replies":[{"embeddable":true,"href":"http:\/\/www.pnl.ch\/college-pnl\/wp-json\/wp\/v2\/comments?post=609"}],"version-history":[{"count":8,"href":"http:\/\/www.pnl.ch\/college-pnl\/wp-json\/wp\/v2\/pages\/609\/revisions"}],"predecessor-version":[{"id":3046,"href":"http:\/\/www.pnl.ch\/college-pnl\/wp-json\/wp\/v2\/pages\/609\/revisions\/3046"}],"wp:attachment":[{"href":"http:\/\/www.pnl.ch\/college-pnl\/wp-json\/wp\/v2\/media?parent=609"}],"curies":[{"name":"wp","href":"https:\/\/api.w.org\/{rel}","templated":true}]}}