{"id":547,"date":"2023-03-30T10:39:12","date_gmt":"2023-03-30T08:39:12","guid":{"rendered":"https:\/\/www.pnl.ch\/college-reconversion\/?page_id=547"},"modified":"2024-04-01T11:46:55","modified_gmt":"2024-04-01T09:46:55","slug":"activites-hoffman","status":"publish","type":"page","link":"http:\/\/www.pnl.ch\/college-reconversion\/activites-hoffman\/","title":{"rendered":"Activit\u00e9s Hoffman"},"content":{"rendered":"<div class=\"wpb-content-wrapper\"><p>[vc_row][vc_column width=\u00a0\u00bb2\/12&Prime;][vc_single_image image=\u00a0\u00bb540&Prime; img_size=\u00a0\u00bbfull\u00a0\u00bb css_animation=\u00a0\u00bbzoomIn\u00a0\u00bb][\/vc_column][vc_column width=\u00a0\u00bb7\/12&Prime; css=\u00a0\u00bb.vc_custom_1511798757645{padding-left: 50px !important;}\u00a0\u00bb][vc_column_text]<\/p>\n<h3 style=\"margin-top: 0; margin-bottom: 10px;\">Soir\u00e9es d\u00e9couverte (en ligne)<\/h3>\n<p style=\"margin-top: 0;\"><strong>S\u2019informer sur le Processus avant de s\u2019engager<\/strong><\/p>\n<p>L\u2019Institut Hoffman propose des Soir\u00e9es d\u00e9couvertes pour vous donner les informations n\u00e9cessaires qui vous aideront \u00e0 d\u00e9cider de votre engagement dans le Processus. Cette rencontre virtuelle gratuite commence par une pr\u00e9sentation g\u00e9n\u00e9rale du Processus Hoffman et les principes fondateurs de la m\u00e9thode, suivi d&rsquo;une exp\u00e9rience pratique et d&rsquo;une ronde de questions et de r\u00e9ponses.[\/vc_column_text][\/vc_column][vc_column width=\u00a0\u00bb3\/12&Prime; css=\u00a0\u00bb.vc_custom_1496694772613{padding-top: 45px !important;}\u00a0\u00bb][vc_btn title=\u00a0\u00bbEn savoir plus\u00a0\u00bb color=\u00a0\u00bbsky\u00a0\u00bb align=\u00a0\u00bbright\u00a0\u00bb i_align=\u00a0\u00bbright\u00a0\u00bb i_icon_fontawesome=\u00a0\u00bb\u00a0\u00bb css_animation=\u00a0\u00bbzoomIn\u00a0\u00bb add_icon=\u00a0\u00bbtrue\u00a0\u00bb link=\u00a0\u00bburl:https%3A%2F%2Fwww.pnl.ch%2Fcollege-reconversion%2Factivites-hoffman%2Fsoiree-decouverte-processus-hoffman%2F|title:Processus%20Hoffman\u00a0\u00bb][\/vc_column][\/vc_row][vc_row margin_top=\u00a0\u00bb40px\u00a0\u00bb][vc_column width=\u00a0\u00bb2\/12&Prime;][vc_single_image image=\u00a0\u00bb41&Prime; img_size=\u00a0\u00bbfull\u00a0\u00bb css_animation=\u00a0\u00bbzoomIn\u00a0\u00bb][\/vc_column][vc_column width=\u00a0\u00bb7\/12&Prime; css=\u00a0\u00bb.vc_custom_1511798805186{padding-left: 50px !important;}\u00a0\u00bb][vc_column_text]<\/p>\n<h3 style=\"margin-top: 0; margin-bottom: 10px;\">Processus Hoffman<\/h3>\n<p style=\"margin-top: 0;\"><strong>Une puissante m\u00e9thode pour vous lib\u00e9rer des cha\u00eenes du pass\u00e9 et retrouver votre Moi essentiel\u2026<\/strong><\/p>\n<p>Gr\u00e2ce \u00e0 des mises en situation m\u00e9taphoriques et un cadre o\u00f9 vous pouvez vous concentrer enti\u00e8rement sur votre propre d\u00e9veloppement personnel, vous pourrez prendre conscience de vos m\u00e9canismes autodestructeurs et de vos blocages afin de les dissoudre.[\/vc_column_text][\/vc_column][vc_column width=\u00a0\u00bb3\/12&Prime; css=\u00a0\u00bb.vc_custom_1496694772613{padding-top: 45px !important;}\u00a0\u00bb][vc_btn title=\u00a0\u00bbEn savoir plus\u00a0\u00bb color=\u00a0\u00bbsky\u00a0\u00bb align=\u00a0\u00bbright\u00a0\u00bb i_align=\u00a0\u00bbright\u00a0\u00bb i_icon_fontawesome=\u00a0\u00bb\u00a0\u00bb css_animation=\u00a0\u00bbzoomIn\u00a0\u00bb add_icon=\u00a0\u00bbtrue\u00a0\u00bb link=\u00a0\u00bburl:https%3A%2F%2Fwww.pnl.ch%2Fcollege-reconversion%2Factivites-hoffman%2Fprocessus-hoffman%2F|title:Processus%20Hoffman\u00a0\u00bb][\/vc_column][\/vc_row][vc_row margin_top=\u00a0\u00bb40px\u00a0\u00bb][vc_column width=\u00a0\u00bb2\/12&Prime;][vc_single_image image=\u00a0\u00bb538&Prime; img_size=\u00a0\u00bbfull\u00a0\u00bb css_animation=\u00a0\u00bbzoomIn\u00a0\u00bb][\/vc_column][vc_column width=\u00a0\u00bb7\/12&Prime; css=\u00a0\u00bb.vc_custom_1511798805186{padding-left: 50px !important;}\u00a0\u00bb][vc_column_text]<\/p>\n<h3 style=\"margin-top: 0; margin-bottom: 10px;\">Apr\u00e8s le Processus \u2013 Jeudis solidaires (en ligne)<\/h3>\n<p style=\"margin-top: 0;\"><strong>\u00c9changer, pratiquer les outils Hoffman, se ressourcer<\/strong><\/p>\n<p>Les rencontres virtuelles gratuites \u00ab Jeudis solidaires \u00bb ont \u00e9t\u00e9 cr\u00e9\u00e9es pour vous permettre d\u2019\u00e9changer, de pratiquer les outils Hoffman et de vous ressourcer.<\/p>\n<p>Propos\u00e9es une fois par mois, elles abordent un th\u00e8me diff\u00e9rent \u00e0 chaque rendez-vous.[\/vc_column_text][\/vc_column][vc_column width=\u00a0\u00bb3\/12&Prime; css=\u00a0\u00bb.vc_custom_1496695412689{padding-top: 45px !important;}\u00a0\u00bb][vc_btn title=\u00a0\u00bbEn savoir plus\u00a0\u00bb color=\u00a0\u00bbsky\u00a0\u00bb align=\u00a0\u00bbright\u00a0\u00bb i_align=\u00a0\u00bbright\u00a0\u00bb i_icon_fontawesome=\u00a0\u00bb\u00a0\u00bb css_animation=\u00a0\u00bbzoomIn\u00a0\u00bb add_icon=\u00a0\u00bbtrue\u00a0\u00bb link=\u00a0\u00bburl:https%3A%2F%2Fwww.pnl.ch%2Fcollege-reconversion%2Factivites-hoffman%2Fjeudis-solidaires%2F|title:Journ%C3%A9e%20d%E2%80%99int%C3%A9gration%20du%20Processus%20Hoffman\u00a0\u00bb][\/vc_column][\/vc_row][vc_row margin_top=\u00a0\u00bb40px\u00a0\u00bb][vc_column width=\u00a0\u00bb2\/12&Prime;][vc_single_image image=\u00a0\u00bb539&Prime; img_size=\u00a0\u00bbfull\u00a0\u00bb css_animation=\u00a0\u00bbzoomIn\u00a0\u00bb][\/vc_column][vc_column width=\u00a0\u00bb7\/12&Prime; css=\u00a0\u00bb.vc_custom_1511798805186{padding-left: 50px !important;}\u00a0\u00bb][vc_column_text]<\/p>\n<h3 style=\"margin-top: 0; margin-bottom: 10px;\">Apr\u00e8s le Processus \u2013 Hoffman Plus<\/h3>\n<p style=\"margin-top: 0;\"><strong>Hoffman Plus\u202f: un espace de reconnexion et d\u00b4approfondissement<\/strong><\/p>\n<p>Vous ressentez peut-\u00eatre que le moment est venu de vous reconnecter \u00e0 votre potentiel de transformation pour faire, en attention et curiosit\u00e9, un autre pas sur votre chemin int\u00e9rieur. Au-del\u00e0 de ce que vous avez d\u00e9j\u00e0 travaill\u00e9, il s\u00b4agit maintenant d\u2019aborder les difficult\u00e9s et d\u00e9fis dans vos relations actuelles avec un m\u00eame esprit d\u2019ouverture et de compr\u00e9hension.[\/vc_column_text][\/vc_column][vc_column width=\u00a0\u00bb3\/12&Prime; css=\u00a0\u00bb.vc_custom_1496695412689{padding-top: 45px !important;}\u00a0\u00bb][vc_btn title=\u00a0\u00bbEn savoir plus\u00a0\u00bb color=\u00a0\u00bbsky\u00a0\u00bb align=\u00a0\u00bbright\u00a0\u00bb i_align=\u00a0\u00bbright\u00a0\u00bb i_icon_fontawesome=\u00a0\u00bb\u00a0\u00bb css_animation=\u00a0\u00bbzoomIn\u00a0\u00bb add_icon=\u00a0\u00bbtrue\u00a0\u00bb link=\u00a0\u00bburl:https%3A%2F%2Fwww.pnl.ch%2Fcollege-reconversion%2Factivites-hoffman%2Fhoffman-plus%2F|title:Journ%C3%A9e%20d%E2%80%99int%C3%A9gration%20du%20Processus%20Hoffman\u00a0\u00bb][\/vc_column][\/vc_row]<\/p>\n<\/div>","protected":false},"excerpt":{"rendered":"<p>[vc_row][vc_column width=\u00a0\u00bb2\/12&Prime;][vc_single_image image=\u00a0\u00bb540&Prime; img_size=\u00a0\u00bbfull\u00a0\u00bb css_animation=\u00a0\u00bbzoomIn\u00a0\u00bb][\/vc_column][vc_column width=\u00a0\u00bb7\/12&Prime; css=\u00a0\u00bb.vc_custom_1511798757645{padding-left: 50px !important;}\u00a0\u00bb][vc_column_text] Soir\u00e9es d\u00e9couverte (en ligne) S\u2019informer sur le Processus avant de s\u2019engager L\u2019Institut Hoffman propose des Soir\u00e9es d\u00e9couvertes pour vous donner les informations n\u00e9cessaires qui vous aideront \u00e0 d\u00e9cider de votre engagement dans le Processus. Cette rencontre virtuelle gratuite commence par une pr\u00e9sentation g\u00e9n\u00e9rale du Processus Hoffman&hellip;<\/p>\n","protected":false},"author":1,"featured_media":41,"parent":0,"menu_order":4,"comment_status":"closed","ping_status":"closed","template":"","meta":{"_acf_changed":false,"footnotes":""},"class_list":["post-547","page","type-page","status-publish","has-post-thumbnail","hentry","description-off"],"acf":[],"yoast_head":"<!-- This site is optimized with the Yoast SEO Premium plugin v27.4 (Yoast SEO v27.4) - https:\/\/yoast.com\/product\/yoast-seo-premium-wordpress\/ -->\n<title>Activit\u00e9s Hoffman - Coll\u00e8ge Reconversion<\/title>\n<meta name=\"description\" content=\"D\u00e9couvrez nos activit\u00e9s en lien avec le Processus Hoffman, une puissante m\u00e9thode pour vous lib\u00e9rer des cha\u00eenes du pass\u00e9\u2026\" \/>\n<meta name=\"robots\" content=\"index, follow, max-snippet:-1, max-image-preview:large, max-video-preview:-1\" \/>\n<link rel=\"canonical\" href=\"https:\/\/www.pnl.ch\/college-reconversion\/activites-hoffman\/\" \/>\n<meta property=\"og:locale\" content=\"fr_FR\" \/>\n<meta property=\"og:type\" content=\"article\" \/>\n<meta property=\"og:title\" content=\"Activit\u00e9s en lien avec le Processus Hoffman\" \/>\n<meta property=\"og:description\" content=\"D\u00e9couvrez nos activit\u00e9s en lien avec le Processus Hoffman, une puissante m\u00e9thode pour vous lib\u00e9rer des cha\u00eenes du pass\u00e9\u2026\" \/>\n<meta property=\"og:url\" content=\"https:\/\/www.pnl.ch\/college-reconversion\/activites-hoffman\/\" \/>\n<meta property=\"og:site_name\" content=\"Coll\u00e8ge Reconversion\" \/>\n<meta property=\"article:publisher\" content=\"https:\/\/www.facebook.com\/college.romand\/\" \/>\n<meta property=\"article:modified_time\" content=\"2024-04-01T09:46:55+00:00\" \/>\n<meta property=\"og:image\" content=\"https:\/\/www.pnl.ch\/college-reconversion\/wp-content\/uploads\/sites\/7\/2024\/04\/hoffman-processus-jpg.webp\" \/>\n\t<meta property=\"og:image:width\" content=\"1200\" \/>\n\t<meta property=\"og:image:height\" content=\"675\" \/>\n\t<meta property=\"og:image:type\" content=\"image\/jpeg\" \/>\n<meta name=\"twitter:card\" content=\"summary_large_image\" \/>\n<meta name=\"twitter:title\" content=\"Activit\u00e9s en lien avec le Processus Hoffman\" \/>\n<meta name=\"twitter:description\" content=\"D\u00e9couvrez nos activit\u00e9s en lien avec le Processus Hoffman, une puissante m\u00e9thode pour vous lib\u00e9rer des cha\u00eenes du pass\u00e9\u2026\" \/>\n<meta name=\"twitter:site\" content=\"@CollegeRomand\" \/>\n<meta name=\"twitter:label1\" content=\"Dur\u00e9e de lecture estim\u00e9e\" \/>\n\t<meta name=\"twitter:data1\" content=\"2 minutes\" \/>\n<script type=\"application\/ld+json\" class=\"yoast-schema-graph\">{\"@context\":\"https:\\\/\\\/schema.org\",\"@graph\":[{\"@type\":\"WebPage\",\"@id\":\"https:\\\/\\\/www.pnl.ch\\\/college-reconversion\\\/activites-hoffman\\\/\",\"url\":\"https:\\\/\\\/www.pnl.ch\\\/college-reconversion\\\/activites-hoffman\\\/\",\"name\":\"Activit\u00e9s Hoffman - Coll\u00e8ge Reconversion\",\"isPartOf\":{\"@id\":\"https:\\\/\\\/www.pnl.ch\\\/college-reconversion\\\/#website\"},\"primaryImageOfPage\":{\"@id\":\"https:\\\/\\\/www.pnl.ch\\\/college-reconversion\\\/activites-hoffman\\\/#primaryimage\"},\"image\":{\"@id\":\"https:\\\/\\\/www.pnl.ch\\\/college-reconversion\\\/activites-hoffman\\\/#primaryimage\"},\"thumbnailUrl\":\"http:\\\/\\\/www.pnl.ch\\\/college-reconversion\\\/wp-content\\\/uploads\\\/sites\\\/7\\\/revslider\\\/prochainement-systemique\\\/famille.jpg\",\"datePublished\":\"2023-03-30T08:39:12+00:00\",\"dateModified\":\"2024-04-01T09:46:55+00:00\",\"description\":\"D\u00e9couvrez nos activit\u00e9s en lien avec le Processus Hoffman, une puissante m\u00e9thode pour vous lib\u00e9rer des cha\u00eenes du pass\u00e9\u2026\",\"breadcrumb\":{\"@id\":\"https:\\\/\\\/www.pnl.ch\\\/college-reconversion\\\/activites-hoffman\\\/#breadcrumb\"},\"inLanguage\":\"fr-FR\",\"potentialAction\":[{\"@type\":\"ReadAction\",\"target\":[\"https:\\\/\\\/www.pnl.ch\\\/college-reconversion\\\/activites-hoffman\\\/\"]}]},{\"@type\":\"ImageObject\",\"inLanguage\":\"fr-FR\",\"@id\":\"https:\\\/\\\/www.pnl.ch\\\/college-reconversion\\\/activites-hoffman\\\/#primaryimage\",\"url\":\"http:\\\/\\\/www.pnl.ch\\\/college-reconversion\\\/wp-content\\\/uploads\\\/sites\\\/7\\\/revslider\\\/prochainement-systemique\\\/famille.jpg\",\"contentUrl\":\"http:\\\/\\\/www.pnl.ch\\\/college-reconversion\\\/wp-content\\\/uploads\\\/sites\\\/7\\\/revslider\\\/prochainement-systemique\\\/famille.jpg\",\"width\":300,\"height\":300,\"caption\":\"Processus Hoffman\"},{\"@type\":\"BreadcrumbList\",\"@id\":\"https:\\\/\\\/www.pnl.ch\\\/college-reconversion\\\/activites-hoffman\\\/#breadcrumb\",\"itemListElement\":[{\"@type\":\"ListItem\",\"position\":1,\"name\":\"Accueil\",\"item\":\"https:\\\/\\\/www.pnl.ch\\\/college-reconversion\\\/\"},{\"@type\":\"ListItem\",\"position\":2,\"name\":\"Activit\u00e9s Hoffman\"}]},{\"@type\":\"WebSite\",\"@id\":\"https:\\\/\\\/www.pnl.ch\\\/college-reconversion\\\/#website\",\"url\":\"https:\\\/\\\/www.pnl.ch\\\/college-reconversion\\\/\",\"name\":\"Coll\u00e8ge Reconversion\",\"description\":\"Tout pour r\u00e9ussir sa Reconversion\",\"publisher\":{\"@id\":\"https:\\\/\\\/www.pnl.ch\\\/college-reconversion\\\/#organization\"},\"potentialAction\":[{\"@type\":\"SearchAction\",\"target\":{\"@type\":\"EntryPoint\",\"urlTemplate\":\"https:\\\/\\\/www.pnl.ch\\\/college-reconversion\\\/?s={search_term_string}\"},\"query-input\":{\"@type\":\"PropertyValueSpecification\",\"valueRequired\":true,\"valueName\":\"search_term_string\"}}],\"inLanguage\":\"fr-FR\"},{\"@type\":\"Organization\",\"@id\":\"https:\\\/\\\/www.pnl.ch\\\/college-reconversion\\\/#organization\",\"name\":\"Coll\u00e8ge Romand Centre de formation d'adultes S\u00e0rl\",\"url\":\"https:\\\/\\\/www.pnl.ch\\\/college-reconversion\\\/\",\"logo\":{\"@type\":\"ImageObject\",\"inLanguage\":\"fr-FR\",\"@id\":\"https:\\\/\\\/www.pnl.ch\\\/college-reconversion\\\/#\\\/schema\\\/logo\\\/image\\\/\",\"url\":\"\",\"contentUrl\":\"\",\"caption\":\"Coll\u00e8ge Romand Centre de formation d'adultes S\u00e0rl\"},\"image\":{\"@id\":\"https:\\\/\\\/www.pnl.ch\\\/college-reconversion\\\/#\\\/schema\\\/logo\\\/image\\\/\"},\"sameAs\":[\"https:\\\/\\\/www.facebook.com\\\/college.romand\\\/\",\"https:\\\/\\\/x.com\\\/CollegeRomand\",\"https:\\\/\\\/fr.linkedin.com\\\/company\\\/coll-ge-romand-de-pnl\",\"https:\\\/\\\/www.linkedin.com\\\/school\\\/college-romand\\\/\",\"https:\\\/\\\/www.instagram.com\\\/collegeromand\\\/\"]}]}<\/script>\n<!-- \/ Yoast SEO Premium plugin. -->","yoast_head_json":{"title":"Activit\u00e9s Hoffman - Coll\u00e8ge Reconversion","description":"D\u00e9couvrez nos activit\u00e9s en lien avec le Processus Hoffman, une puissante m\u00e9thode pour vous lib\u00e9rer des cha\u00eenes du pass\u00e9\u2026","robots":{"index":"index","follow":"follow","max-snippet":"max-snippet:-1","max-image-preview":"max-image-preview:large","max-video-preview":"max-video-preview:-1"},"canonical":"https:\/\/www.pnl.ch\/college-reconversion\/activites-hoffman\/","og_locale":"fr_FR","og_type":"article","og_title":"Activit\u00e9s en lien avec le Processus Hoffman","og_description":"D\u00e9couvrez nos activit\u00e9s en lien avec le Processus Hoffman, une puissante m\u00e9thode pour vous lib\u00e9rer des cha\u00eenes du pass\u00e9\u2026","og_url":"https:\/\/www.pnl.ch\/college-reconversion\/activites-hoffman\/","og_site_name":"Coll\u00e8ge Reconversion","article_publisher":"https:\/\/www.facebook.com\/college.romand\/","article_modified_time":"2024-04-01T09:46:55+00:00","og_image":[{"width":1200,"height":675,"url":"https:\/\/www.pnl.ch\/college-reconversion\/wp-content\/uploads\/sites\/7\/2024\/04\/hoffman-processus-jpg.webp","type":"image\/jpeg"}],"twitter_card":"summary_large_image","twitter_title":"Activit\u00e9s en lien avec le Processus Hoffman","twitter_description":"D\u00e9couvrez nos activit\u00e9s en lien avec le Processus Hoffman, une puissante m\u00e9thode pour vous lib\u00e9rer des cha\u00eenes du pass\u00e9\u2026","twitter_site":"@CollegeRomand","twitter_misc":{"Dur\u00e9e de lecture estim\u00e9e":"2 minutes"},"schema":{"@context":"https:\/\/schema.org","@graph":[{"@type":"WebPage","@id":"https:\/\/www.pnl.ch\/college-reconversion\/activites-hoffman\/","url":"https:\/\/www.pnl.ch\/college-reconversion\/activites-hoffman\/","name":"Activit\u00e9s Hoffman - Coll\u00e8ge Reconversion","isPartOf":{"@id":"https:\/\/www.pnl.ch\/college-reconversion\/#website"},"primaryImageOfPage":{"@id":"https:\/\/www.pnl.ch\/college-reconversion\/activites-hoffman\/#primaryimage"},"image":{"@id":"https:\/\/www.pnl.ch\/college-reconversion\/activites-hoffman\/#primaryimage"},"thumbnailUrl":"http:\/\/www.pnl.ch\/college-reconversion\/wp-content\/uploads\/sites\/7\/revslider\/prochainement-systemique\/famille.jpg","datePublished":"2023-03-30T08:39:12+00:00","dateModified":"2024-04-01T09:46:55+00:00","description":"D\u00e9couvrez nos activit\u00e9s en lien avec le Processus Hoffman, une puissante m\u00e9thode pour vous lib\u00e9rer des cha\u00eenes du pass\u00e9\u2026","breadcrumb":{"@id":"https:\/\/www.pnl.ch\/college-reconversion\/activites-hoffman\/#breadcrumb"},"inLanguage":"fr-FR","potentialAction":[{"@type":"ReadAction","target":["https:\/\/www.pnl.ch\/college-reconversion\/activites-hoffman\/"]}]},{"@type":"ImageObject","inLanguage":"fr-FR","@id":"https:\/\/www.pnl.ch\/college-reconversion\/activites-hoffman\/#primaryimage","url":"http:\/\/www.pnl.ch\/college-reconversion\/wp-content\/uploads\/sites\/7\/revslider\/prochainement-systemique\/famille.jpg","contentUrl":"http:\/\/www.pnl.ch\/college-reconversion\/wp-content\/uploads\/sites\/7\/revslider\/prochainement-systemique\/famille.jpg","width":300,"height":300,"caption":"Processus Hoffman"},{"@type":"BreadcrumbList","@id":"https:\/\/www.pnl.ch\/college-reconversion\/activites-hoffman\/#breadcrumb","itemListElement":[{"@type":"ListItem","position":1,"name":"Accueil","item":"https:\/\/www.pnl.ch\/college-reconversion\/"},{"@type":"ListItem","position":2,"name":"Activit\u00e9s Hoffman"}]},{"@type":"WebSite","@id":"https:\/\/www.pnl.ch\/college-reconversion\/#website","url":"https:\/\/www.pnl.ch\/college-reconversion\/","name":"Coll\u00e8ge Reconversion","description":"Tout pour r\u00e9ussir sa Reconversion","publisher":{"@id":"https:\/\/www.pnl.ch\/college-reconversion\/#organization"},"potentialAction":[{"@type":"SearchAction","target":{"@type":"EntryPoint","urlTemplate":"https:\/\/www.pnl.ch\/college-reconversion\/?s={search_term_string}"},"query-input":{"@type":"PropertyValueSpecification","valueRequired":true,"valueName":"search_term_string"}}],"inLanguage":"fr-FR"},{"@type":"Organization","@id":"https:\/\/www.pnl.ch\/college-reconversion\/#organization","name":"Coll\u00e8ge Romand Centre de formation d'adultes S\u00e0rl","url":"https:\/\/www.pnl.ch\/college-reconversion\/","logo":{"@type":"ImageObject","inLanguage":"fr-FR","@id":"https:\/\/www.pnl.ch\/college-reconversion\/#\/schema\/logo\/image\/","url":"","contentUrl":"","caption":"Coll\u00e8ge Romand Centre de formation d'adultes S\u00e0rl"},"image":{"@id":"https:\/\/www.pnl.ch\/college-reconversion\/#\/schema\/logo\/image\/"},"sameAs":["https:\/\/www.facebook.com\/college.romand\/","https:\/\/x.com\/CollegeRomand","https:\/\/fr.linkedin.com\/company\/coll-ge-romand-de-pnl","https:\/\/www.linkedin.com\/school\/college-romand\/","https:\/\/www.instagram.com\/collegeromand\/"]}]}},"_links":{"self":[{"href":"http:\/\/www.pnl.ch\/college-reconversion\/wp-json\/wp\/v2\/pages\/547","targetHints":{"allow":["GET"]}}],"collection":[{"href":"http:\/\/www.pnl.ch\/college-reconversion\/wp-json\/wp\/v2\/pages"}],"about":[{"href":"http:\/\/www.pnl.ch\/college-reconversion\/wp-json\/wp\/v2\/types\/page"}],"author":[{"embeddable":true,"href":"http:\/\/www.pnl.ch\/college-reconversion\/wp-json\/wp\/v2\/users\/1"}],"replies":[{"embeddable":true,"href":"http:\/\/www.pnl.ch\/college-reconversion\/wp-json\/wp\/v2\/comments?post=547"}],"version-history":[{"count":4,"href":"http:\/\/www.pnl.ch\/college-reconversion\/wp-json\/wp\/v2\/pages\/547\/revisions"}],"predecessor-version":[{"id":602,"href":"http:\/\/www.pnl.ch\/college-reconversion\/wp-json\/wp\/v2\/pages\/547\/revisions\/602"}],"wp:featuredmedia":[{"embeddable":true,"href":"http:\/\/www.pnl.ch\/college-reconversion\/wp-json\/wp\/v2\/media\/41"}],"wp:attachment":[{"href":"http:\/\/www.pnl.ch\/college-reconversion\/wp-json\/wp\/v2\/media?parent=547"}],"curies":[{"name":"wp","href":"https:\/\/api.w.org\/{rel}","templated":true}]}}