{"id":448,"date":"2017-10-02T18:12:01","date_gmt":"2017-10-02T16:12:01","guid":{"rendered":"https:\/\/www.pnl.ch\/college-coach\/?page_id=448"},"modified":"2024-03-25T19:49:09","modified_gmt":"2024-03-25T18:49:09","slug":"8-competences-du-coach-icf","status":"publish","type":"page","link":"https:\/\/www.pnl.ch\/college-coach\/8-competences-du-coach-icf\/","title":{"rendered":"Les 8 comp\u00e9tences du coach selon ICF"},"content":{"rendered":"<div class=\"wpb-content-wrapper\"><p>[vc_row margin_top=\u00a0\u00bb-50&Prime; margin_bottom=\u00a0\u00bb30&Prime; css=\u00a0\u00bb.vc_custom_1506004547183{margin-bottom: 30px !important;}\u00a0\u00bb][vc_column][vc_column_text]L\u2019<a href=\"https:\/\/www.coachingfederation.ch\/\" target=\"_blank\" rel=\"noopener noreferrer\">ICF<\/a>\u00a0a mis \u00e0 jour 8 comp\u00e9tences du coach destin\u00e9es \u00e0 faciliter la compr\u00e9hension des techniques et des approches aujourd&rsquo;hui mises en \u0153uvre par la profession d&rsquo;apr\u00e8s la d\u00e9finition qu&rsquo;en donne l&rsquo;<a href=\"https:\/\/www.coachingfederation.ch\/\" target=\"_blank\" rel=\"noopener noreferrer\">ICF<\/a>. Elles vous aideront en outre \u00e0 \u00e9valuer le degr\u00e9 d&rsquo;\u00e9quivalence entre la formation sp\u00e9cifique au coaching pr\u00e9conis\u00e9e et la formation que vous avez vous-m\u00eame suivie.<\/p>\n<p>Enfin, c&rsquo;est sur ces 8 comp\u00e9tences du coach que s&rsquo;appuie l&rsquo;examen d&rsquo;accr\u00e9ditation de l&rsquo;<a href=\"https:\/\/www.coachingfederation.ch\/\" target=\"_blank\" rel=\"noopener noreferrer\">ICF.<\/a>\u00a0Les comp\u00e9tences cl\u00e9s sont regroup\u00e9es en quatre p\u00f4les correspondant \u00e0 une association logique bas\u00e9e sur une m\u00eame fa\u00e7on d&rsquo;aborder les comp\u00e9tences d&rsquo;un m\u00eame groupe. Les p\u00f4les et chacune des comp\u00e9tences qui les composent ne font l&rsquo;objet d&rsquo;aucune pond\u00e9ration : aucun d&rsquo;eux n&rsquo;est prioritaire sur les autres puisque tous sont fondamentaux et tous doivent absolument \u00eatre ma\u00eetris\u00e9s par le coach pour que celui-ci soit comp\u00e9tent. Vous les trouverez ci-dessous regroup\u00e9es en quatre cat\u00e9gories:[\/vc_column_text][\/vc_column][\/vc_row][vc_row margin_top=\u00a0\u00bb0&Prime; margin_bottom=\u00a0\u00bb30&Prime;][vc_column width=\u00a0\u00bb1\/4&Prime;][vc_single_image image=\u00a0\u00bb461&Prime; img_size=\u00a0\u00bb140&#215;140&Prime; alignment=\u00a0\u00bbcenter\u00a0\u00bb style=\u00a0\u00bbvc_box_border_circle\u00a0\u00bb css_animation=\u00a0\u00bbrollIn\u00a0\u00bb][\/vc_column][vc_column width=\u00a0\u00bb3\/4&Prime;][vc_column_text]<\/p>\n<h3>\u00c9tablir les fondations<\/h3>\n<ul class=\"puce-coach\">\n<li>Fait preuve d&rsquo;une pratique \u00e9thique: comprendre et appliquer de fa\u00e7on coh\u00e9rente l&rsquo;\u00e9thique et les normes de coaching.<\/li>\n<li><span lang=\"FR-CA\">Incarne un \u00e9tat d\u2019esprit de coaching : d\u00e9veloppe et maintient un \u00e9tat d&rsquo;esprit ouvert, curieux, flexible et ax\u00e9 sur le client.<\/span><\/li>\n<\/ul>\n<p>[\/vc_column_text][\/vc_column][\/vc_row][vc_row margin_top=\u00a0\u00bb0&Prime; margin_bottom=\u00a0\u00bb30&Prime;][vc_column width=\u00a0\u00bb1\/4&Prime;][vc_single_image image=\u00a0\u00bb462&Prime; img_size=\u00a0\u00bb140&#215;140&Prime; alignment=\u00a0\u00bbcenter\u00a0\u00bb style=\u00a0\u00bbvc_box_border_circle\u00a0\u00bb css_animation=\u00a0\u00bbrollIn\u00a0\u00bb][\/vc_column][vc_column width=\u00a0\u00bb3\/4&Prime;][vc_column_text]<\/p>\n<h3>Co-cr\u00e9er la relation avec le client<\/h3>\n<ul class=\"puce-coach\">\n<li>Conclut et maintient les accords: collaborer avec le client et les intervenants concern\u00e9s pour cr\u00e9er des accords clairs concernant la relation de coaching, le processus, les plans et les objectifs. Conclut des accords pour l\u2019engagement global du coaching ainsi que pour chaque s\u00e9ance de coaching.<\/li>\n<li>Cultive la confiance et la s\u00e9curit\u00e9: collabore avec le client pour cr\u00e9er un environnement s\u00e9curitaire et favorable qui permet au client de partager librement. Maintient une relation de respect mutuel et de confiance.<\/li>\n<li><span lang=\"FR-CA\">Maintient une pr\u00e9sence: est pleinement conscient et pr\u00e9sent avec le client, en utilisant un style qui est ouvert, flexible, fond\u00e9 et confiant.<\/span><\/li>\n<\/ul>\n<p>[\/vc_column_text][\/vc_column][\/vc_row][vc_row margin_top=\u00a0\u00bb0&Prime; margin_bottom=\u00a0\u00bb30&Prime;][vc_column width=\u00a0\u00bb1\/4&Prime;][vc_single_image image=\u00a0\u00bb459&Prime; img_size=\u00a0\u00bb140&#215;140&Prime; alignment=\u00a0\u00bbcenter\u00a0\u00bb style=\u00a0\u00bbvc_box_border_circle\u00a0\u00bb css_animation=\u00a0\u00bbrollIn\u00a0\u00bb][\/vc_column][vc_column width=\u00a0\u00bb3\/4&Prime;][vc_column_text]<\/p>\n<h3>Communiquer efficacement<\/h3>\n<ul class=\"puce-coach\">\n<li>\u00c9coute activement: se concentre sur ce que le client dit et ne dit pas pour bien comprendre ce qui est communiqu\u00e9 dans le contexte des syst\u00e8mes clients et pour soutenir l&rsquo;expression de soi du client.<\/li>\n<li>\u00c9veille la prise de conscience: facilite la compr\u00e9hension et l\u2019apprentissage du client en utilisant des outils et des techniques tels que le questionnement puissant, le silence, la m\u00e9taphore ou l&rsquo;analogie.<\/li>\n<\/ul>\n<p>[\/vc_column_text][\/vc_column][\/vc_row][vc_row margin_top=\u00a0\u00bb0&Prime; margin_bottom=\u00a0\u00bb30&Prime;][vc_column width=\u00a0\u00bb1\/4&Prime;][vc_single_image image=\u00a0\u00bb463&Prime; img_size=\u00a0\u00bb140&#215;140&Prime; alignment=\u00a0\u00bbcenter\u00a0\u00bb style=\u00a0\u00bbvc_box_border_circle\u00a0\u00bb css_animation=\u00a0\u00bbrollIn\u00a0\u00bb][\/vc_column][vc_column width=\u00a0\u00bb3\/4&Prime;][vc_column_text]<\/p>\n<h3>Cultiver l&rsquo;apprentissage et la croissance<\/h3>\n<ul class=\"puce-coach\">\n<li>Facilite la croissance du client: collabore avec le client pour transformer l\u2019apprentissage et la compr\u00e9hension en action. Favorise l&rsquo;autonomie du client dans le processus de coaching.<\/li>\n<\/ul>\n<p>[\/vc_column_text][\/vc_column][\/vc_row][vc_row margin_top=\u00a0\u00bb0&Prime; margin_bottom=\u00a0\u00bb-30&Prime; css=\u00a0\u00bb.vc_custom_1506004850161{margin-bottom: 30px !important;}\u00a0\u00bb][vc_column][vc_column_text]Ces normes de l\u2019<a href=\"https:\/\/www.coachingfederation.ch\/\" target=\"_blank\" rel=\"noopener noreferrer\">ICF<\/a>, en harmonie avec les \u00e9clairages et les outils de la PNL, nous permettent d\u2019assurer une conformit\u00e9 avec les approches les plus rigoureuses au plan local et international.<\/p>\n<p>Notre originalit\u00e9 vient de ce que nous int\u00e9grons les m\u00e9thodes, outils et attitudes de la PNL ainsi que les autres approches strat\u00e9giques et syst\u00e9miques pour assurer une certification en coaching au plus haut niveau de la profession. La fine fleur de l&rsquo;accompagnement!<\/p>\n<p style=\"margin-bottom: 30px;\">Ainsi, notre programme de formation en coaching, l\u2019un des plus rigoureux et complet du genre, assure une g\u00e9n\u00e9ration de coachs de calibre sup\u00e9rieur.<\/p>\n<p><a href=\"https:\/\/www.pnl.ch\/college-coach\/formations\/coach-professionnel-icf\/\" class=\"btn-shortcode dt-btn-m dt-btn default-btn-color default-btn-hover-color default-btn-bg-color default-btn-bg-hover-color\" target=\"_blank\" id=\"dt-btn-1\" rel=\"noopener\"><span>En savoir plus sur la formation de Coach professionnel ICF<\/span><\/a>[\/vc_column_text][\/vc_column][\/vc_row]<\/p>\n<\/div>","protected":false},"excerpt":{"rendered":"<p>[vc_row margin_top=\u00a0\u00bb-50&Prime; margin_bottom=\u00a0\u00bb30&Prime; css=\u00a0\u00bb.vc_custom_1506004547183{margin-bottom: 30px !important;}\u00a0\u00bb][vc_column][vc_column_text]L\u2019ICF\u00a0a mis \u00e0 jour 8 comp\u00e9tences du coach destin\u00e9es \u00e0 faciliter la compr\u00e9hension des techniques et des approches aujourd&rsquo;hui mises en \u0153uvre par la profession d&rsquo;apr\u00e8s la d\u00e9finition qu&rsquo;en donne l&rsquo;ICF. Elles vous aideront en outre \u00e0 \u00e9valuer le degr\u00e9 d&rsquo;\u00e9quivalence entre la formation sp\u00e9cifique au coaching pr\u00e9conis\u00e9e et la&hellip;<\/p>\n","protected":false},"author":1,"featured_media":1640,"parent":0,"menu_order":1,"comment_status":"closed","ping_status":"closed","template":"","meta":{"_acf_changed":false,"footnotes":""},"class_list":["post-448","page","type-page","status-publish","has-post-thumbnail","hentry","description-off"],"acf":[],"yoast_head":"<!-- This site is optimized with the Yoast SEO Premium plugin v27.4 (Yoast SEO v27.4) - https:\/\/yoast.com\/product\/yoast-seo-premium-wordpress\/ -->\n<title>Les 8 comp\u00e9tences du coach selon ICF | Coll\u00e8ge Coach<\/title>\n<meta name=\"description\" content=\"Les 8 comp\u00e9tences du coach selon ICF sont destin\u00e9es \u00e0 faciliter la compr\u00e9hension des techniques et des approches mises en \u0153uvre par les coachs\" \/>\n<meta name=\"robots\" content=\"index, follow, max-snippet:-1, max-image-preview:large, max-video-preview:-1\" \/>\n<link rel=\"canonical\" href=\"https:\/\/www.pnl.ch\/college-coach\/8-competences-du-coach-icf\/\" \/>\n<meta property=\"og:locale\" content=\"fr_FR\" \/>\n<meta property=\"og:type\" content=\"article\" \/>\n<meta property=\"og:title\" content=\"Les 8 comp\u00e9tences du coach selon ICF\" \/>\n<meta property=\"og:description\" content=\"Les 8 comp\u00e9tences du coach selon ICF sont destin\u00e9es \u00e0 faciliter la compr\u00e9hension des techniques et des approches mises en \u0153uvre par les professionnels\" \/>\n<meta property=\"og:url\" content=\"https:\/\/www.pnl.ch\/college-coach\/8-competences-du-coach-icf\/\" \/>\n<meta property=\"og:site_name\" content=\"Coll\u00e8ge Coach\" \/>\n<meta property=\"article:publisher\" content=\"https:\/\/www.facebook.com\/college.romand\/\" \/>\n<meta property=\"article:modified_time\" content=\"2024-03-25T18:49:09+00:00\" \/>\n<meta property=\"og:image\" content=\"https:\/\/www.pnl.ch\/college-coach\/wp-content\/uploads\/sites\/3\/2024\/03\/faites-vous-coacher-jpg.webp\" \/>\n\t<meta property=\"og:image:width\" content=\"1200\" \/>\n\t<meta property=\"og:image:height\" content=\"675\" \/>\n\t<meta property=\"og:image:type\" content=\"image\/jpeg\" \/>\n<meta name=\"twitter:card\" content=\"summary_large_image\" \/>\n<meta name=\"twitter:description\" content=\"Les 8 comp\u00e9tences du coach selon ICF sont destin\u00e9es \u00e0 faciliter la compr\u00e9hension des techniques et des approches mises en \u0153uvre par les professionnels\" \/>\n<meta name=\"twitter:site\" content=\"@CollegeRomand\" \/>\n<meta name=\"twitter:label1\" content=\"Dur\u00e9e de lecture estim\u00e9e\" \/>\n\t<meta name=\"twitter:data1\" content=\"4 minutes\" \/>\n<script type=\"application\/ld+json\" class=\"yoast-schema-graph\">{\"@context\":\"https:\\\/\\\/schema.org\",\"@graph\":[{\"@type\":\"WebPage\",\"@id\":\"https:\\\/\\\/www.pnl.ch\\\/college-coach\\\/8-competences-du-coach-icf\\\/\",\"url\":\"https:\\\/\\\/www.pnl.ch\\\/college-coach\\\/8-competences-du-coach-icf\\\/\",\"name\":\"Les 8 comp\u00e9tences du coach selon ICF | Coll\u00e8ge Coach\",\"isPartOf\":{\"@id\":\"https:\\\/\\\/www.pnl.ch\\\/college-coach\\\/#website\"},\"primaryImageOfPage\":{\"@id\":\"https:\\\/\\\/www.pnl.ch\\\/college-coach\\\/8-competences-du-coach-icf\\\/#primaryimage\"},\"image\":{\"@id\":\"https:\\\/\\\/www.pnl.ch\\\/college-coach\\\/8-competences-du-coach-icf\\\/#primaryimage\"},\"thumbnailUrl\":\"https:\\\/\\\/www.pnl.ch\\\/college-coach\\\/wp-content\\\/uploads\\\/sites\\\/3\\\/2019\\\/10\\\/faites-vous-coacher.jpg\",\"datePublished\":\"2017-10-02T16:12:01+00:00\",\"dateModified\":\"2024-03-25T18:49:09+00:00\",\"description\":\"Les 8 comp\u00e9tences du coach selon ICF sont destin\u00e9es \u00e0 faciliter la compr\u00e9hension des techniques et des approches mises en \u0153uvre par les coachs\",\"breadcrumb\":{\"@id\":\"https:\\\/\\\/www.pnl.ch\\\/college-coach\\\/8-competences-du-coach-icf\\\/#breadcrumb\"},\"inLanguage\":\"fr-FR\",\"potentialAction\":[{\"@type\":\"ReadAction\",\"target\":[\"https:\\\/\\\/www.pnl.ch\\\/college-coach\\\/8-competences-du-coach-icf\\\/\"]}]},{\"@type\":\"ImageObject\",\"inLanguage\":\"fr-FR\",\"@id\":\"https:\\\/\\\/www.pnl.ch\\\/college-coach\\\/8-competences-du-coach-icf\\\/#primaryimage\",\"url\":\"https:\\\/\\\/www.pnl.ch\\\/college-coach\\\/wp-content\\\/uploads\\\/sites\\\/3\\\/2019\\\/10\\\/faites-vous-coacher.jpg\",\"contentUrl\":\"https:\\\/\\\/www.pnl.ch\\\/college-coach\\\/wp-content\\\/uploads\\\/sites\\\/3\\\/2019\\\/10\\\/faites-vous-coacher.jpg\",\"width\":300,\"height\":300,\"caption\":\"Faites-vous coacher pour CHF 20.-\"},{\"@type\":\"BreadcrumbList\",\"@id\":\"https:\\\/\\\/www.pnl.ch\\\/college-coach\\\/8-competences-du-coach-icf\\\/#breadcrumb\",\"itemListElement\":[{\"@type\":\"ListItem\",\"position\":1,\"name\":\"Accueil\",\"item\":\"https:\\\/\\\/www.pnl.ch\\\/college-coach\\\/\"},{\"@type\":\"ListItem\",\"position\":2,\"name\":\"Les 8 comp\u00e9tences du coach selon ICF\"}]},{\"@type\":\"WebSite\",\"@id\":\"https:\\\/\\\/www.pnl.ch\\\/college-coach\\\/#website\",\"url\":\"https:\\\/\\\/www.pnl.ch\\\/college-coach\\\/\",\"name\":\"Coll\u00e8ge Coach\",\"description\":\"Formations certifiantes en Coaching ICF\",\"publisher\":{\"@id\":\"https:\\\/\\\/www.pnl.ch\\\/college-coach\\\/#organization\"},\"potentialAction\":[{\"@type\":\"SearchAction\",\"target\":{\"@type\":\"EntryPoint\",\"urlTemplate\":\"https:\\\/\\\/www.pnl.ch\\\/college-coach\\\/?s={search_term_string}\"},\"query-input\":{\"@type\":\"PropertyValueSpecification\",\"valueRequired\":true,\"valueName\":\"search_term_string\"}}],\"inLanguage\":\"fr-FR\"},{\"@type\":\"Organization\",\"@id\":\"https:\\\/\\\/www.pnl.ch\\\/college-coach\\\/#organization\",\"name\":\"Coll\u00e8ge Romand - Centre de formation d'adultes S\u00e0rl\",\"url\":\"https:\\\/\\\/www.pnl.ch\\\/college-coach\\\/\",\"logo\":{\"@type\":\"ImageObject\",\"inLanguage\":\"fr-FR\",\"@id\":\"https:\\\/\\\/www.pnl.ch\\\/college-coach\\\/#\\\/schema\\\/logo\\\/image\\\/\",\"url\":\"https:\\\/\\\/www.pnl.ch\\\/college-coach\\\/wp-content\\\/uploads\\\/sites\\\/3\\\/2017\\\/04\\\/college-coach-logo-nc.png\",\"contentUrl\":\"https:\\\/\\\/www.pnl.ch\\\/college-coach\\\/wp-content\\\/uploads\\\/sites\\\/3\\\/2017\\\/04\\\/college-coach-logo-nc.png\",\"width\":314,\"height\":200,\"caption\":\"Coll\u00e8ge Romand - Centre de formation d'adultes S\u00e0rl\"},\"image\":{\"@id\":\"https:\\\/\\\/www.pnl.ch\\\/college-coach\\\/#\\\/schema\\\/logo\\\/image\\\/\"},\"sameAs\":[\"https:\\\/\\\/www.facebook.com\\\/college.romand\\\/\",\"https:\\\/\\\/x.com\\\/CollegeRomand\",\"https:\\\/\\\/www.linkedin.com\\\/school\\\/college-romand\\\/\",\"https:\\\/\\\/www.instagram.com\\\/collegeromand\\\/\"]}]}<\/script>\n<!-- \/ Yoast SEO Premium plugin. -->","yoast_head_json":{"title":"Les 8 comp\u00e9tences du coach selon ICF | Coll\u00e8ge Coach","description":"Les 8 comp\u00e9tences du coach selon ICF sont destin\u00e9es \u00e0 faciliter la compr\u00e9hension des techniques et des approches mises en \u0153uvre par les coachs","robots":{"index":"index","follow":"follow","max-snippet":"max-snippet:-1","max-image-preview":"max-image-preview:large","max-video-preview":"max-video-preview:-1"},"canonical":"https:\/\/www.pnl.ch\/college-coach\/8-competences-du-coach-icf\/","og_locale":"fr_FR","og_type":"article","og_title":"Les 8 comp\u00e9tences du coach selon ICF","og_description":"Les 8 comp\u00e9tences du coach selon ICF sont destin\u00e9es \u00e0 faciliter la compr\u00e9hension des techniques et des approches mises en \u0153uvre par les professionnels","og_url":"https:\/\/www.pnl.ch\/college-coach\/8-competences-du-coach-icf\/","og_site_name":"Coll\u00e8ge Coach","article_publisher":"https:\/\/www.facebook.com\/college.romand\/","article_modified_time":"2024-03-25T18:49:09+00:00","og_image":[{"width":1200,"height":675,"url":"https:\/\/www.pnl.ch\/college-coach\/wp-content\/uploads\/sites\/3\/2024\/03\/faites-vous-coacher-jpg.webp","type":"image\/jpeg"}],"twitter_card":"summary_large_image","twitter_description":"Les 8 comp\u00e9tences du coach selon ICF sont destin\u00e9es \u00e0 faciliter la compr\u00e9hension des techniques et des approches mises en \u0153uvre par les professionnels","twitter_site":"@CollegeRomand","twitter_misc":{"Dur\u00e9e de lecture estim\u00e9e":"4 minutes"},"schema":{"@context":"https:\/\/schema.org","@graph":[{"@type":"WebPage","@id":"https:\/\/www.pnl.ch\/college-coach\/8-competences-du-coach-icf\/","url":"https:\/\/www.pnl.ch\/college-coach\/8-competences-du-coach-icf\/","name":"Les 8 comp\u00e9tences du coach selon ICF | Coll\u00e8ge Coach","isPartOf":{"@id":"https:\/\/www.pnl.ch\/college-coach\/#website"},"primaryImageOfPage":{"@id":"https:\/\/www.pnl.ch\/college-coach\/8-competences-du-coach-icf\/#primaryimage"},"image":{"@id":"https:\/\/www.pnl.ch\/college-coach\/8-competences-du-coach-icf\/#primaryimage"},"thumbnailUrl":"https:\/\/www.pnl.ch\/college-coach\/wp-content\/uploads\/sites\/3\/2019\/10\/faites-vous-coacher.jpg","datePublished":"2017-10-02T16:12:01+00:00","dateModified":"2024-03-25T18:49:09+00:00","description":"Les 8 comp\u00e9tences du coach selon ICF sont destin\u00e9es \u00e0 faciliter la compr\u00e9hension des techniques et des approches mises en \u0153uvre par les coachs","breadcrumb":{"@id":"https:\/\/www.pnl.ch\/college-coach\/8-competences-du-coach-icf\/#breadcrumb"},"inLanguage":"fr-FR","potentialAction":[{"@type":"ReadAction","target":["https:\/\/www.pnl.ch\/college-coach\/8-competences-du-coach-icf\/"]}]},{"@type":"ImageObject","inLanguage":"fr-FR","@id":"https:\/\/www.pnl.ch\/college-coach\/8-competences-du-coach-icf\/#primaryimage","url":"https:\/\/www.pnl.ch\/college-coach\/wp-content\/uploads\/sites\/3\/2019\/10\/faites-vous-coacher.jpg","contentUrl":"https:\/\/www.pnl.ch\/college-coach\/wp-content\/uploads\/sites\/3\/2019\/10\/faites-vous-coacher.jpg","width":300,"height":300,"caption":"Faites-vous coacher pour CHF 20.-"},{"@type":"BreadcrumbList","@id":"https:\/\/www.pnl.ch\/college-coach\/8-competences-du-coach-icf\/#breadcrumb","itemListElement":[{"@type":"ListItem","position":1,"name":"Accueil","item":"https:\/\/www.pnl.ch\/college-coach\/"},{"@type":"ListItem","position":2,"name":"Les 8 comp\u00e9tences du coach selon ICF"}]},{"@type":"WebSite","@id":"https:\/\/www.pnl.ch\/college-coach\/#website","url":"https:\/\/www.pnl.ch\/college-coach\/","name":"Coll\u00e8ge Coach","description":"Formations certifiantes en Coaching ICF","publisher":{"@id":"https:\/\/www.pnl.ch\/college-coach\/#organization"},"potentialAction":[{"@type":"SearchAction","target":{"@type":"EntryPoint","urlTemplate":"https:\/\/www.pnl.ch\/college-coach\/?s={search_term_string}"},"query-input":{"@type":"PropertyValueSpecification","valueRequired":true,"valueName":"search_term_string"}}],"inLanguage":"fr-FR"},{"@type":"Organization","@id":"https:\/\/www.pnl.ch\/college-coach\/#organization","name":"Coll\u00e8ge Romand - Centre de formation d'adultes S\u00e0rl","url":"https:\/\/www.pnl.ch\/college-coach\/","logo":{"@type":"ImageObject","inLanguage":"fr-FR","@id":"https:\/\/www.pnl.ch\/college-coach\/#\/schema\/logo\/image\/","url":"https:\/\/www.pnl.ch\/college-coach\/wp-content\/uploads\/sites\/3\/2017\/04\/college-coach-logo-nc.png","contentUrl":"https:\/\/www.pnl.ch\/college-coach\/wp-content\/uploads\/sites\/3\/2017\/04\/college-coach-logo-nc.png","width":314,"height":200,"caption":"Coll\u00e8ge Romand - Centre de formation d'adultes S\u00e0rl"},"image":{"@id":"https:\/\/www.pnl.ch\/college-coach\/#\/schema\/logo\/image\/"},"sameAs":["https:\/\/www.facebook.com\/college.romand\/","https:\/\/x.com\/CollegeRomand","https:\/\/www.linkedin.com\/school\/college-romand\/","https:\/\/www.instagram.com\/collegeromand\/"]}]}},"_links":{"self":[{"href":"https:\/\/www.pnl.ch\/college-coach\/wp-json\/wp\/v2\/pages\/448","targetHints":{"allow":["GET"]}}],"collection":[{"href":"https:\/\/www.pnl.ch\/college-coach\/wp-json\/wp\/v2\/pages"}],"about":[{"href":"https:\/\/www.pnl.ch\/college-coach\/wp-json\/wp\/v2\/types\/page"}],"author":[{"embeddable":true,"href":"https:\/\/www.pnl.ch\/college-coach\/wp-json\/wp\/v2\/users\/1"}],"replies":[{"embeddable":true,"href":"https:\/\/www.pnl.ch\/college-coach\/wp-json\/wp\/v2\/comments?post=448"}],"version-history":[{"count":9,"href":"https:\/\/www.pnl.ch\/college-coach\/wp-json\/wp\/v2\/pages\/448\/revisions"}],"predecessor-version":[{"id":2272,"href":"https:\/\/www.pnl.ch\/college-coach\/wp-json\/wp\/v2\/pages\/448\/revisions\/2272"}],"wp:featuredmedia":[{"embeddable":true,"href":"https:\/\/www.pnl.ch\/college-coach\/wp-json\/wp\/v2\/media\/1640"}],"wp:attachment":[{"href":"https:\/\/www.pnl.ch\/college-coach\/wp-json\/wp\/v2\/media?parent=448"}],"curies":[{"name":"wp","href":"https:\/\/api.w.org\/{rel}","templated":true}]}}