{"id":938,"date":"2018-10-25T10:24:34","date_gmt":"2018-10-25T08:24:34","guid":{"rendered":"https:\/\/www.pnl.ch\/college-coach\/?page_id=938"},"modified":"2024-03-25T20:26:09","modified_gmt":"2024-03-25T19:26:09","slug":"devenir-coach-professionnel-metier-de-coach","status":"publish","type":"page","link":"https:\/\/www.pnl.ch\/college-coach\/webinaires\/devenir-coach-professionnel-metier-de-coach\/","title":{"rendered":"Devenir coach professionnel: trois questions pour savoir si le m\u00e9tier de coach est pour vous"},"content":{"rendered":"<div class=\"wpb-content-wrapper\"><p>[vc_row][vc_column width=\u00a0\u00bb3\/4&Prime; css=\u00a0\u00bb.vc_custom_1540813440602{padding-right: 50px !important;}\u00a0\u00bb][vc_column_text]<\/p>\n<div class=\"video-container\">\n<p><iframe title=\"Devenir coach professionnel: trois questions pour savoir si le metier de coach est pour vous\" width=\"1200\" height=\"675\" src=\"https:\/\/www.youtube.com\/embed\/2qtdI3OG8KI?feature=oembed\" frameborder=\"0\" allow=\"accelerometer; autoplay; clipboard-write; encrypted-media; gyroscope; picture-in-picture; web-share\" allowfullscreen><\/iframe><\/p>\n<\/div>\n<p>&nbsp;<\/p>\n<p class=\"date-formation\">Webinaire diffus\u00e9 en direct le jeudi 8 novembre 2018 \u00e0 20h00 CET<\/p>\n<p>Planifier une reconversion professionnelle dans le domaine du coaching n\u00e9cessite avant tout d&rsquo;une bonne dose de clart\u00e9 et de d\u00e9termination. Pour devenir un coach, consultant ou accompagnant, vous aurez besoin d&rsquo;\u00eatre clair par rapport \u00e0 votre projet professionnel, de conna\u00eetre vos options et de modeler votre parcours.<\/p>\n<p>Votre carri\u00e8re de coach professionnel sera d\u00e9termin\u00e9e par la sp\u00e9cialit\u00e9 que vous choisirez apr\u00e8s la formation, votre approche et votre point de vue sur les probl\u00e9matiques typiques de vos clients. C&rsquo;est \u00e0 partir de cela que vous cr\u00e9erez vos propres approches et solutions pour les accompagner \u00e0 atteindre leurs objectifs.<\/p>\n<p>\u00c0 une \u00e9poque dans laquelle le terme coach est sur-utilis\u00e9 et les formations se multiplient, il est essentiel de comprendre le vrai r\u00f4le du coach professionnel et de conna\u00eetre la diff\u00e9rence entre le coaching de vie et le business coaching en termes de r\u00e9alit\u00e9 quotidienne, attentes des clients et comp\u00e9tences compl\u00e9mentaires. Cela vous permettra de repenser votre futur professionnel et de r\u00e9fl\u00e9chir sur la construction du parcours id\u00e9al pour devenir le coach que vous souhaitez \u00eatre.<\/p>\n<h3>Le plus grand d\u00e9fi auquel les futurs coachs seront confront\u00e9s est d&rsquo;\u00eatre ma\u00eetres de leurs parcours de formation et de d\u00e9velopper la bonne approche pour les bons clients.<\/h3>\n<p>C\u2019est pour cela que nous avons fait appel \u00e0 Max Meulemans, Coach ICF MCC et fondateur de Coaching Ways, institut de formation au coaching au niveau international dans le monde francophone. Rejoignez Max Meulemans pour le webinaire \u00ab Devenir coach professionnel: trois questions pour savoir si le m\u00e9tier de coach est pour vous \u00bb et d\u00e9couvrez vos options pour modeler votre carri\u00e8re et construire un futur sur mesure.<\/p>\n<p>Dans ce webinaire, vous apprendrez \u00e0\u202f:<\/p>\n<ul>\n<li>Faire la diff\u00e9rence entre le r\u00f4le du coach et les autres m\u00e9tiers de l&rsquo;accompagnement<\/li>\n<li>Comprendre les sp\u00e9cificit\u00e9s du m\u00e9tier pour le coach de vie et le business coaching, parmi les autres orientations<\/li>\n<li>Vous questionner pour prendre une d\u00e9cision professionnelle et aller de l&rsquo;avant avec votre plan<\/li>\n<\/ul>\n<h3>Intervenant<\/h3>\n<p>[\/vc_column_text][vc_row_inner][vc_column_inner width=\u00a0\u00bb1\/4&Prime;][vc_single_image image=\u00a0\u00bb948&Prime;][\/vc_column_inner][vc_column_inner width=\u00a0\u00bb3\/4&Prime;][vc_column_text]<strong><span style=\"color: #f60;\">Max Meulemans<\/span><\/strong><br \/>\nCoach ICF MCC<br \/>\nFondateur de Coaching Ways<\/p>\n<p>Max Meulemans, Coach MCC intervient comme formateur et accompagne des personnes en entreprise et en individuel depuis plus de 20 ans. Apr\u00e8s un d\u00e9but de carri\u00e8re dans le secteur de la chimie, son parcours de vie lui a fait d\u00e9couvrir son int\u00e9r\u00eat vis-\u00e0-vis des ressources humaines, des techniques de communication et de la gestion du changement.<br \/>\n[\/vc_column_text][\/vc_column_inner][\/vc_row_inner][\/vc_column][vc_column width=\u00a0\u00bb1\/4&Prime;]<style type=\"text\/css\" data-type=\"the7_shortcodes-inline-css\">.shortcode-single-image-wrap.shortcode-single-image-3b5090ce01b42768f515ce82a1e62a96.enable-bg-rollover .rollover i,\n.shortcode-single-image-wrap.shortcode-single-image-3b5090ce01b42768f515ce82a1e62a96.enable-bg-rollover .rollover-video i {\n  background: -webkit-linear-gradient();\n  background: linear-gradient();\n}\n.shortcode-single-image-wrap.shortcode-single-image-3b5090ce01b42768f515ce82a1e62a96 .rollover-icon {\n  font-size: 32px;\n  color: #ffffff;\n  min-width: 44px;\n  min-height: 44px;\n  line-height: 44px;\n  border-radius: 100px;\n  border-style: solid;\n  border-width: 0px;\n}\n.dt-icon-bg-on.shortcode-single-image-wrap.shortcode-single-image-3b5090ce01b42768f515ce82a1e62a96 .rollover-icon {\n  background: rgba(255,255,255,0.3);\n  box-shadow: none;\n}<\/style><div class=\"shortcode-single-image-wrap shortcode-single-image-3b5090ce01b42768f515ce82a1e62a96 alignnone zoomIn animate-element caption-on  vc_custom_1598533694556 enable-bg-rollover dt-icon-bg-off\" ><div class=\"shortcode-single-image\"><div class=\"fancy-media-wrap  layzr-bg\" style=\"\"><img fetchpriority=\"high\" decoding=\"async\" class=\"preload-me lazy-load aspect\" src=\"data:image\/svg+xml,%3Csvg%20xmlns%3D&#39;http%3A%2F%2Fwww.w3.org%2F2000%2Fsvg&#39;%20viewBox%3D&#39;0%200%20250%20250&#39;%2F%3E\" data-src=\"https:\/\/www.pnl.ch\/college-coach\/wp-content\/uploads\/sites\/3\/2019\/10\/devenir-coach-250x250.jpg\" data-srcset=\"https:\/\/www.pnl.ch\/college-coach\/wp-content\/uploads\/sites\/3\/2019\/10\/devenir-coach-250x250.jpg 250w, https:\/\/www.pnl.ch\/college-coach\/wp-content\/uploads\/sites\/3\/2019\/10\/devenir-coach.jpg 300w\" loading=\"eager\" sizes=\"(max-width: 250px) 100vw, 250px\" width=\"250\" height=\"250\"  data-dt-location=\"https:\/\/www.pnl.ch\/college-coach\/devenir-coach-3\/\" style=\"--ratio: 250 \/ 250;\" alt=\"Devenir Coach professionnel ICF\" \/><\/div><\/div><div class=\"shortcode-single-caption\">Devenir coach avec une formation de Coach professionnel ICF au Coll\u00e8ge Romand<\/div><\/div>[\/vc_column][\/vc_row][vc_column][\/vc_column]<\/p>\n<\/div>","protected":false},"excerpt":{"rendered":"<p>[vc_row][vc_column width=\u00a0\u00bb3\/4&Prime; css=\u00a0\u00bb.vc_custom_1540813440602{padding-right: 50px !important;}\u00a0\u00bb][vc_column_text] &nbsp; Webinaire diffus\u00e9 en direct le jeudi 8 novembre 2018 \u00e0 20h00 CET Planifier une reconversion professionnelle dans le domaine du coaching n\u00e9cessite avant tout d&rsquo;une bonne dose de clart\u00e9 et de d\u00e9termination. Pour devenir un coach, consultant ou accompagnant, vous aurez besoin d&rsquo;\u00eatre clair par rapport \u00e0 votre projet&hellip;<\/p>\n","protected":false},"author":1,"featured_media":1469,"parent":648,"menu_order":0,"comment_status":"closed","ping_status":"closed","template":"","meta":{"_acf_changed":false,"footnotes":""},"class_list":["post-938","page","type-page","status-publish","has-post-thumbnail","hentry","description-off"],"acf":[],"yoast_head":"<!-- This site is optimized with the Yoast SEO Premium plugin v27.4 (Yoast SEO v27.4) - https:\/\/yoast.com\/product\/yoast-seo-premium-wordpress\/ -->\n<title>3 questions pour savoir si le m\u00e9tier de coach est pour vous<\/title>\n<meta name=\"description\" content=\"Le m\u00e9tier de coach est-il fait pour vous? Comment \u00eatre ma\u00eetre de votre parcours de formation et d\u00e9velopper la bonne approche pour les bons clients\" \/>\n<meta name=\"robots\" content=\"index, follow, max-snippet:-1, max-image-preview:large, max-video-preview:-1\" \/>\n<link rel=\"canonical\" href=\"https:\/\/www.pnl.ch\/college-coach\/webinaires\/devenir-coach-professionnel-metier-de-coach\/\" \/>\n<meta property=\"og:locale\" content=\"fr_FR\" \/>\n<meta property=\"og:type\" content=\"article\" \/>\n<meta property=\"og:title\" content=\"3 questions pour savoir si le m\u00e9tier de coach est pour vous\" \/>\n<meta property=\"og:description\" content=\"Le m\u00e9tier de coach est-il fait pour vous? Comment \u00eatre ma\u00eetre de votre parcours de formation et d\u00e9velopper la bonne approche pour les bons clients\" \/>\n<meta property=\"og:url\" content=\"https:\/\/www.pnl.ch\/college-coach\/webinaires\/devenir-coach-professionnel-metier-de-coach\/\" \/>\n<meta property=\"og:site_name\" content=\"Coll\u00e8ge Coach\" \/>\n<meta property=\"article:publisher\" content=\"https:\/\/www.facebook.com\/college.romand\/\" \/>\n<meta property=\"article:modified_time\" content=\"2024-03-25T19:26:09+00:00\" \/>\n<meta property=\"og:image\" content=\"https:\/\/www.pnl.ch\/college-coach\/wp-content\/uploads\/sites\/3\/2024\/03\/devenir-coach-jpg.webp\" \/>\n\t<meta property=\"og:image:width\" content=\"1200\" \/>\n\t<meta property=\"og:image:height\" content=\"675\" \/>\n\t<meta property=\"og:image:type\" content=\"image\/jpeg\" \/>\n<meta name=\"twitter:card\" content=\"summary_large_image\" \/>\n<meta name=\"twitter:title\" content=\"3 questions pour savoir si le m\u00e9tier de coach est pour vous\" \/>\n<meta name=\"twitter:description\" content=\"Le m\u00e9tier de coach est-il fait pour vous? Comment \u00eatre ma\u00eetre de votre parcours de formation et d\u00e9velopper la bonne approche pour les bons clients\" \/>\n<meta name=\"twitter:site\" content=\"@CollegeRomand\" \/>\n<meta name=\"twitter:label1\" content=\"Dur\u00e9e de lecture estim\u00e9e\" \/>\n\t<meta name=\"twitter:data1\" content=\"3 minutes\" \/>\n<script type=\"application\/ld+json\" class=\"yoast-schema-graph\">{\"@context\":\"https:\\\/\\\/schema.org\",\"@graph\":[{\"@type\":\"WebPage\",\"@id\":\"https:\\\/\\\/www.pnl.ch\\\/college-coach\\\/webinaires\\\/devenir-coach-professionnel-metier-de-coach\\\/\",\"url\":\"https:\\\/\\\/www.pnl.ch\\\/college-coach\\\/webinaires\\\/devenir-coach-professionnel-metier-de-coach\\\/\",\"name\":\"3 questions pour savoir si le m\u00e9tier de coach est pour vous\",\"isPartOf\":{\"@id\":\"https:\\\/\\\/www.pnl.ch\\\/college-coach\\\/#website\"},\"primaryImageOfPage\":{\"@id\":\"https:\\\/\\\/www.pnl.ch\\\/college-coach\\\/webinaires\\\/devenir-coach-professionnel-metier-de-coach\\\/#primaryimage\"},\"image\":{\"@id\":\"https:\\\/\\\/www.pnl.ch\\\/college-coach\\\/webinaires\\\/devenir-coach-professionnel-metier-de-coach\\\/#primaryimage\"},\"thumbnailUrl\":\"https:\\\/\\\/www.pnl.ch\\\/college-coach\\\/wp-content\\\/uploads\\\/sites\\\/3\\\/2019\\\/10\\\/devenir-coach.jpg\",\"datePublished\":\"2018-10-25T08:24:34+00:00\",\"dateModified\":\"2024-03-25T19:26:09+00:00\",\"description\":\"Le m\u00e9tier de coach est-il fait pour vous? Comment \u00eatre ma\u00eetre de votre parcours de formation et d\u00e9velopper la bonne approche pour les bons clients\",\"breadcrumb\":{\"@id\":\"https:\\\/\\\/www.pnl.ch\\\/college-coach\\\/webinaires\\\/devenir-coach-professionnel-metier-de-coach\\\/#breadcrumb\"},\"inLanguage\":\"fr-FR\",\"potentialAction\":[{\"@type\":\"ReadAction\",\"target\":[\"https:\\\/\\\/www.pnl.ch\\\/college-coach\\\/webinaires\\\/devenir-coach-professionnel-metier-de-coach\\\/\"]}]},{\"@type\":\"ImageObject\",\"inLanguage\":\"fr-FR\",\"@id\":\"https:\\\/\\\/www.pnl.ch\\\/college-coach\\\/webinaires\\\/devenir-coach-professionnel-metier-de-coach\\\/#primaryimage\",\"url\":\"https:\\\/\\\/www.pnl.ch\\\/college-coach\\\/wp-content\\\/uploads\\\/sites\\\/3\\\/2019\\\/10\\\/devenir-coach.jpg\",\"contentUrl\":\"https:\\\/\\\/www.pnl.ch\\\/college-coach\\\/wp-content\\\/uploads\\\/sites\\\/3\\\/2019\\\/10\\\/devenir-coach.jpg\",\"width\":300,\"height\":300,\"caption\":\"Devenir Coach professionnel ICF\"},{\"@type\":\"BreadcrumbList\",\"@id\":\"https:\\\/\\\/www.pnl.ch\\\/college-coach\\\/webinaires\\\/devenir-coach-professionnel-metier-de-coach\\\/#breadcrumb\",\"itemListElement\":[{\"@type\":\"ListItem\",\"position\":1,\"name\":\"Accueil\",\"item\":\"https:\\\/\\\/www.pnl.ch\\\/college-coach\\\/\"},{\"@type\":\"ListItem\",\"position\":2,\"name\":\"Webinaires\",\"item\":\"https:\\\/\\\/www.pnl.ch\\\/college-coach\\\/webinaires\\\/\"},{\"@type\":\"ListItem\",\"position\":3,\"name\":\"Devenir coach professionnel: trois questions pour savoir si le m\u00e9tier de coach est pour vous\"}]},{\"@type\":\"WebSite\",\"@id\":\"https:\\\/\\\/www.pnl.ch\\\/college-coach\\\/#website\",\"url\":\"https:\\\/\\\/www.pnl.ch\\\/college-coach\\\/\",\"name\":\"Coll\u00e8ge Coach\",\"description\":\"Formations certifiantes en Coaching ICF\",\"publisher\":{\"@id\":\"https:\\\/\\\/www.pnl.ch\\\/college-coach\\\/#organization\"},\"potentialAction\":[{\"@type\":\"SearchAction\",\"target\":{\"@type\":\"EntryPoint\",\"urlTemplate\":\"https:\\\/\\\/www.pnl.ch\\\/college-coach\\\/?s={search_term_string}\"},\"query-input\":{\"@type\":\"PropertyValueSpecification\",\"valueRequired\":true,\"valueName\":\"search_term_string\"}}],\"inLanguage\":\"fr-FR\"},{\"@type\":\"Organization\",\"@id\":\"https:\\\/\\\/www.pnl.ch\\\/college-coach\\\/#organization\",\"name\":\"Coll\u00e8ge Romand - Centre de formation d'adultes S\u00e0rl\",\"url\":\"https:\\\/\\\/www.pnl.ch\\\/college-coach\\\/\",\"logo\":{\"@type\":\"ImageObject\",\"inLanguage\":\"fr-FR\",\"@id\":\"https:\\\/\\\/www.pnl.ch\\\/college-coach\\\/#\\\/schema\\\/logo\\\/image\\\/\",\"url\":\"https:\\\/\\\/www.pnl.ch\\\/college-coach\\\/wp-content\\\/uploads\\\/sites\\\/3\\\/2017\\\/04\\\/college-coach-logo-nc.png\",\"contentUrl\":\"https:\\\/\\\/www.pnl.ch\\\/college-coach\\\/wp-content\\\/uploads\\\/sites\\\/3\\\/2017\\\/04\\\/college-coach-logo-nc.png\",\"width\":314,\"height\":200,\"caption\":\"Coll\u00e8ge Romand - Centre de formation d'adultes S\u00e0rl\"},\"image\":{\"@id\":\"https:\\\/\\\/www.pnl.ch\\\/college-coach\\\/#\\\/schema\\\/logo\\\/image\\\/\"},\"sameAs\":[\"https:\\\/\\\/www.facebook.com\\\/college.romand\\\/\",\"https:\\\/\\\/x.com\\\/CollegeRomand\",\"https:\\\/\\\/www.linkedin.com\\\/school\\\/college-romand\\\/\",\"https:\\\/\\\/www.instagram.com\\\/collegeromand\\\/\"]}]}<\/script>\n<!-- \/ Yoast SEO Premium plugin. -->","yoast_head_json":{"title":"3 questions pour savoir si le m\u00e9tier de coach est pour vous","description":"Le m\u00e9tier de coach est-il fait pour vous? Comment \u00eatre ma\u00eetre de votre parcours de formation et d\u00e9velopper la bonne approche pour les bons clients","robots":{"index":"index","follow":"follow","max-snippet":"max-snippet:-1","max-image-preview":"max-image-preview:large","max-video-preview":"max-video-preview:-1"},"canonical":"https:\/\/www.pnl.ch\/college-coach\/webinaires\/devenir-coach-professionnel-metier-de-coach\/","og_locale":"fr_FR","og_type":"article","og_title":"3 questions pour savoir si le m\u00e9tier de coach est pour vous","og_description":"Le m\u00e9tier de coach est-il fait pour vous? Comment \u00eatre ma\u00eetre de votre parcours de formation et d\u00e9velopper la bonne approche pour les bons clients","og_url":"https:\/\/www.pnl.ch\/college-coach\/webinaires\/devenir-coach-professionnel-metier-de-coach\/","og_site_name":"Coll\u00e8ge Coach","article_publisher":"https:\/\/www.facebook.com\/college.romand\/","article_modified_time":"2024-03-25T19:26:09+00:00","og_image":[{"width":1200,"height":675,"url":"https:\/\/www.pnl.ch\/college-coach\/wp-content\/uploads\/sites\/3\/2024\/03\/devenir-coach-jpg.webp","type":"image\/jpeg"}],"twitter_card":"summary_large_image","twitter_title":"3 questions pour savoir si le m\u00e9tier de coach est pour vous","twitter_description":"Le m\u00e9tier de coach est-il fait pour vous? Comment \u00eatre ma\u00eetre de votre parcours de formation et d\u00e9velopper la bonne approche pour les bons clients","twitter_site":"@CollegeRomand","twitter_misc":{"Dur\u00e9e de lecture estim\u00e9e":"3 minutes"},"schema":{"@context":"https:\/\/schema.org","@graph":[{"@type":"WebPage","@id":"https:\/\/www.pnl.ch\/college-coach\/webinaires\/devenir-coach-professionnel-metier-de-coach\/","url":"https:\/\/www.pnl.ch\/college-coach\/webinaires\/devenir-coach-professionnel-metier-de-coach\/","name":"3 questions pour savoir si le m\u00e9tier de coach est pour vous","isPartOf":{"@id":"https:\/\/www.pnl.ch\/college-coach\/#website"},"primaryImageOfPage":{"@id":"https:\/\/www.pnl.ch\/college-coach\/webinaires\/devenir-coach-professionnel-metier-de-coach\/#primaryimage"},"image":{"@id":"https:\/\/www.pnl.ch\/college-coach\/webinaires\/devenir-coach-professionnel-metier-de-coach\/#primaryimage"},"thumbnailUrl":"https:\/\/www.pnl.ch\/college-coach\/wp-content\/uploads\/sites\/3\/2019\/10\/devenir-coach.jpg","datePublished":"2018-10-25T08:24:34+00:00","dateModified":"2024-03-25T19:26:09+00:00","description":"Le m\u00e9tier de coach est-il fait pour vous? Comment \u00eatre ma\u00eetre de votre parcours de formation et d\u00e9velopper la bonne approche pour les bons clients","breadcrumb":{"@id":"https:\/\/www.pnl.ch\/college-coach\/webinaires\/devenir-coach-professionnel-metier-de-coach\/#breadcrumb"},"inLanguage":"fr-FR","potentialAction":[{"@type":"ReadAction","target":["https:\/\/www.pnl.ch\/college-coach\/webinaires\/devenir-coach-professionnel-metier-de-coach\/"]}]},{"@type":"ImageObject","inLanguage":"fr-FR","@id":"https:\/\/www.pnl.ch\/college-coach\/webinaires\/devenir-coach-professionnel-metier-de-coach\/#primaryimage","url":"https:\/\/www.pnl.ch\/college-coach\/wp-content\/uploads\/sites\/3\/2019\/10\/devenir-coach.jpg","contentUrl":"https:\/\/www.pnl.ch\/college-coach\/wp-content\/uploads\/sites\/3\/2019\/10\/devenir-coach.jpg","width":300,"height":300,"caption":"Devenir Coach professionnel ICF"},{"@type":"BreadcrumbList","@id":"https:\/\/www.pnl.ch\/college-coach\/webinaires\/devenir-coach-professionnel-metier-de-coach\/#breadcrumb","itemListElement":[{"@type":"ListItem","position":1,"name":"Accueil","item":"https:\/\/www.pnl.ch\/college-coach\/"},{"@type":"ListItem","position":2,"name":"Webinaires","item":"https:\/\/www.pnl.ch\/college-coach\/webinaires\/"},{"@type":"ListItem","position":3,"name":"Devenir coach professionnel: trois questions pour savoir si le m\u00e9tier de coach est pour vous"}]},{"@type":"WebSite","@id":"https:\/\/www.pnl.ch\/college-coach\/#website","url":"https:\/\/www.pnl.ch\/college-coach\/","name":"Coll\u00e8ge Coach","description":"Formations certifiantes en Coaching ICF","publisher":{"@id":"https:\/\/www.pnl.ch\/college-coach\/#organization"},"potentialAction":[{"@type":"SearchAction","target":{"@type":"EntryPoint","urlTemplate":"https:\/\/www.pnl.ch\/college-coach\/?s={search_term_string}"},"query-input":{"@type":"PropertyValueSpecification","valueRequired":true,"valueName":"search_term_string"}}],"inLanguage":"fr-FR"},{"@type":"Organization","@id":"https:\/\/www.pnl.ch\/college-coach\/#organization","name":"Coll\u00e8ge Romand - Centre de formation d'adultes S\u00e0rl","url":"https:\/\/www.pnl.ch\/college-coach\/","logo":{"@type":"ImageObject","inLanguage":"fr-FR","@id":"https:\/\/www.pnl.ch\/college-coach\/#\/schema\/logo\/image\/","url":"https:\/\/www.pnl.ch\/college-coach\/wp-content\/uploads\/sites\/3\/2017\/04\/college-coach-logo-nc.png","contentUrl":"https:\/\/www.pnl.ch\/college-coach\/wp-content\/uploads\/sites\/3\/2017\/04\/college-coach-logo-nc.png","width":314,"height":200,"caption":"Coll\u00e8ge Romand - Centre de formation d'adultes S\u00e0rl"},"image":{"@id":"https:\/\/www.pnl.ch\/college-coach\/#\/schema\/logo\/image\/"},"sameAs":["https:\/\/www.facebook.com\/college.romand\/","https:\/\/x.com\/CollegeRomand","https:\/\/www.linkedin.com\/school\/college-romand\/","https:\/\/www.instagram.com\/collegeromand\/"]}]}},"_links":{"self":[{"href":"https:\/\/www.pnl.ch\/college-coach\/wp-json\/wp\/v2\/pages\/938","targetHints":{"allow":["GET"]}}],"collection":[{"href":"https:\/\/www.pnl.ch\/college-coach\/wp-json\/wp\/v2\/pages"}],"about":[{"href":"https:\/\/www.pnl.ch\/college-coach\/wp-json\/wp\/v2\/types\/page"}],"author":[{"embeddable":true,"href":"https:\/\/www.pnl.ch\/college-coach\/wp-json\/wp\/v2\/users\/1"}],"replies":[{"embeddable":true,"href":"https:\/\/www.pnl.ch\/college-coach\/wp-json\/wp\/v2\/comments?post=938"}],"version-history":[{"count":2,"href":"https:\/\/www.pnl.ch\/college-coach\/wp-json\/wp\/v2\/pages\/938\/revisions"}],"predecessor-version":[{"id":2275,"href":"https:\/\/www.pnl.ch\/college-coach\/wp-json\/wp\/v2\/pages\/938\/revisions\/2275"}],"up":[{"embeddable":true,"href":"https:\/\/www.pnl.ch\/college-coach\/wp-json\/wp\/v2\/pages\/648"}],"wp:featuredmedia":[{"embeddable":true,"href":"https:\/\/www.pnl.ch\/college-coach\/wp-json\/wp\/v2\/media\/1469"}],"wp:attachment":[{"href":"https:\/\/www.pnl.ch\/college-coach\/wp-json\/wp\/v2\/media?parent=938"}],"curies":[{"name":"wp","href":"https:\/\/api.w.org\/{rel}","templated":true}]}}