{"id":1247,"date":"2025-05-08T11:58:03","date_gmt":"2025-05-08T09:58:03","guid":{"rendered":"https:\/\/www.pnl.ch\/college-entreprise\/?page_id=1247"},"modified":"2025-12-03T19:32:25","modified_gmt":"2025-12-03T18:32:25","slug":"certification-nova-global","status":"publish","type":"page","link":"https:\/\/www.pnl.ch\/college-entreprise\/certification-nova-global\/","title":{"rendered":"Certification Nova Global"},"content":{"rendered":"<div class=\"wpb-content-wrapper\"><p>[vc_row type=\u00a0\u00bb1&Prime; margin_top=\u00a0\u00bb-30px\u00a0\u00bb padding_top=\u00a0\u00bb150&Prime; padding_bottom=\u00a0\u00bb150&Prime; bg_color=\u00a0\u00bb#FFFFFF\u00a0\u00bb bg_image=\u00a0\u00bbhttp:\/\/www.pnl.ch\/college-entreprise\/wp-content\/uploads\/sites\/5\/2025\/05\/nova-global-formation-1.jpg\u00a0\u00bb css=\u00a0\u00bb.vc_custom_1746699277802{background: #FFFFFF url(http:\/\/www.pnl.ch\/college-entreprise\/wp-content\/uploads\/sites\/5\/2025\/05\/Photo-Page-NOVA.jpeg?id=) !important;}\u00a0\u00bb][vc_column width=\u00a0\u00bb1\/2&Prime;][\/vc_column][vc_column width=\u00a0\u00bb1\/2&Prime;][vc_column_text css=\u00a0\u00bb\u00a0\u00bb]<\/p>\n<h2 style=\"text-align: left; padding-left: 100px; text-shadow: 2px 2px 3px white;\"><strong>VIVEZ L&rsquo;EXP\u00c9RIENCE NOVA\u202f:<\/strong><\/h2>\n<h3 style=\"text-align: left; padding-left: 100px; text-shadow: 2px 2px 3px white;\">LA PSYCHOM\u00c9TRIE, UN LEVIER PUISSANT POUR VOS ACCOMPAGNEMENTS<\/h3>\n<p>[\/vc_column_text][\/vc_column][\/vc_row][vc_row margin_top=\u00a0\u00bb30px\u00a0\u00bb][vc_column width=\u00a0\u00bb1\/4&Prime;][vc_column_text css=\u00a0\u00bb\u00a0\u00bb]<img data-dominant-color=\"db817f\" data-has-transparency=\"false\" style=\"--dominant-color: #db817f;\" decoding=\"async\" class=\"alignnone wp-image-1202 size-medium not-transparent\" src=\"http:\/\/www.pnl.ch\/college-entreprise\/wp-content\/uploads\/sites\/5\/2025\/03\/NOVAglobal_Logo\u00a9bleu-300x136.avif\" alt=\"Profil Nova Global\" width=\"300\" height=\"136\" srcset=\"https:\/\/www.pnl.ch\/college-entreprise\/wp-content\/uploads\/sites\/5\/2025\/03\/NOVAglobal_Logo\u00a9bleu-300x136.avif 300w, https:\/\/www.pnl.ch\/college-entreprise\/wp-content\/uploads\/sites\/5\/2025\/03\/NOVAglobal_Logo\u00a9bleu.avif 500w\" sizes=\"(max-width: 300px) 100vw, 300px\" \/>[\/vc_column_text][\/vc_column][vc_column width=\u00a0\u00bb3\/4&Prime;][vc_row_inner][vc_column_inner][vc_column_text css=\u00a0\u00bb\u00a0\u00bb]<\/p>\n<h3><span style=\"color: #ffffff;\"><b>Le Profil Nova Global<\/b><\/span><\/h3>\n<p>[\/vc_column_text][\/vc_column_inner][\/vc_row_inner][\/vc_column][\/vc_row][vc_row][vc_column][vc_column_text css=\u00a0\u00bb\u00a0\u00bb]<\/p>\n<h3><strong>Prochaine formation certifiante\u202f: du 11 au 13 mai 2026<\/strong><\/h3>\n<p>[\/vc_column_text][\/vc_column][\/vc_row][vc_row][vc_column][vc_column_text css=\u00a0\u00bb\u00a0\u00bb]<span style=\"font-weight: 400;\">Con\u00e7ue pour les coachs, consultants RH, managers et leaders, la certification Nova Global vous offre un v\u00e9ritable levier pour affiner vos interventions et renforcer votre impact. Avec cette certification, int\u00e9grez la psychom\u00e9trie \u00e0 vos accompagnements gr\u00e2ce \u00e0 un parcours intensif de 24 heures. Vous apprendrez \u00e0 cr\u00e9er des profils psychom\u00e9triques, animer des interpr\u00e9tations personnalis\u00e9es et acc\u00e9der \u00e0 une plateforme exclusive, riche en ressources pratiques.\u00a0<\/span>[\/vc_column_text][\/vc_column][\/vc_row][vc_row][vc_column width=\u00a0\u00bb2\/4&Prime;][vc_column_text css=\u00a0\u00bb\u00a0\u00bb]<b>Au programme de la certification en ligne Nova Global<\/b><\/p>\n<ul>\n<li style=\"font-weight: 400;\" aria-level=\"1\"><span style=\"font-weight: 400;\">Apprendre les bases scientifiques du Profil Nova Global.<\/span><\/li>\n<li style=\"font-weight: 400;\" aria-level=\"1\"><span style=\"font-weight: 400;\">D\u00e9couvrir les six motivations de Spranger qui sont \u00e0 l\u2019origine des comportements (cognitive, esth\u00e9tique, utilitaire, altruiste, individualiste et id\u00e9ologique).<\/span><\/li>\n<li style=\"font-weight: 400;\" aria-level=\"1\"><span style=\"font-weight: 400;\">D\u00e9velopper vos connaissances sur les pr\u00e9f\u00e9rences comportementales.<\/span><\/li>\n<li style=\"font-weight: 400;\" aria-level=\"1\"><span style=\"font-weight: 400;\">Apprendre \u00e0 interpr\u00e9ter les graphiques des comportements.<\/span><\/li>\n<li style=\"font-weight: 400;\" aria-level=\"1\"><span style=\"font-weight: 400;\">D\u00e9velopper de nouvelles strat\u00e9gies de r\u00e9ussite pour vous-m\u00eame, vos clients et votre entreprise.<\/span><\/li>\n<li style=\"font-weight: 400;\" aria-level=\"1\"><span style=\"font-weight: 400;\">Aborder des notions plus approfondies, telles que les traits du DISC de MARSTON (Dominance | Influence | Stabilit\u00e9 | Conformit\u00e9), les diff\u00e9rents Profils Nova Global, le langage et la dynamique des couleurs (rouge, jaune, vert, bleu).<\/span><\/li>\n<li aria-level=\"1\"><span style=\"font-weight: 400;\">Vous familiariser avec les diff\u00e9rents Profils Nova global et leurs domaines d\u2019application.<\/span><\/li>\n<\/ul>\n<p>[\/vc_column_text][\/vc_column][vc_column width=\u00a0\u00bb2\/4&Prime;][vc_column_text css=\u00a0\u00bb\u00a0\u00bb]<img data-dominant-color=\"efefee\" data-has-transparency=\"false\" style=\"--dominant-color: #efefee;\" fetchpriority=\"high\" decoding=\"async\" class=\"alignnone wp-image-1290 not-transparent\" src=\"http:\/\/www.pnl.ch\/college-entreprise\/wp-content\/uploads\/sites\/5\/2025\/05\/Programme_Page-NOVA-300x189.jpeg\" alt=\"\" width=\"501\" height=\"315\" srcset=\"https:\/\/www.pnl.ch\/college-entreprise\/wp-content\/uploads\/sites\/5\/2025\/05\/Programme_Page-NOVA-300x189.jpeg 300w, https:\/\/www.pnl.ch\/college-entreprise\/wp-content\/uploads\/sites\/5\/2025\/05\/Programme_Page-NOVA.jpeg 510w\" sizes=\"(max-width: 501px) 100vw, 501px\" \/>[\/vc_column_text][\/vc_column][\/vc_row][vc_row type=\u00a0\u00bb3&Prime; animation=\u00a0\u00bbzoomIn\u00a0\u00bb margin_top=\u00a0\u00bb30px\u00a0\u00bb margin_bottom=\u00a0\u00bb0&Prime; bg_cover=\u00a0\u00bbtrue\u00a0\u00bb][vc_column][vc_column_text css=\u00a0\u00bb.vc_custom_1746700466907{padding-top: 30px !important;}\u00a0\u00bb]<\/p>\n<h3><b>T\u00e9moignage\u202f: <\/b><b>\u00ab\u202fLe profil Nova m&rsquo;a tendu un miroir.\u202f\u00bb<\/b><\/h3>\n<p>[\/vc_column_text][\/vc_column][\/vc_row][vc_row type=\u00a0\u00bb3&Prime; animation=\u00a0\u00bbzoomIn\u00a0\u00bb margin_top=\u00a0\u00bb0&Prime; bg_cover=\u00a0\u00bbtrue\u00a0\u00bb][vc_column width=\u00a0\u00bb1\/4&Prime; css=\u00a0\u00bb.vc_custom_1746700315551{padding-top: 30px !important;}\u00a0\u00bb][vc_single_image image=\u00a0\u00bb1492&Prime; img_size=\u00a0\u00bb230&#215;230&Prime; css_animation=\u00a0\u00bbbounceIn\u00a0\u00bb css=\u00a0\u00bb\u00a0\u00bb image_hovers=\u00a0\u00bbfalse\u00a0\u00bb][\/vc_column][vc_column width=\u00a0\u00bb3\/4&Prime;][vc_column_text css=\u00a0\u00bb.vc_custom_1746700395504{padding-bottom: 30px !important;}\u00a0\u00bb]<\/p>\n<h3><\/h3>\n<p><span style=\"font-weight: 400;\">Ce que je n\u2019avais pas compris, c\u2019est que je portais un costume. Solide, \u00e9l\u00e9gant, cousu au fil de mon histoire et de mes exigences. Mais ce costume n\u2019\u00e9tait pas moi. C\u2019\u00e9tait une adaptation, pour faire face. Le Profil Nova Global m\u2019a r\u00e9v\u00e9l\u00e9 que je vivais en \u00ab\u202feffort constant\u202f\u00bb.\u00a0<\/span><\/p>\n<p><span style=\"font-weight: 400;\">Il ne m\u2019a pas appris mes valeurs \u2014 elles sont en moi. Mais il m\u2019a rappel\u00e9 l\u2019essentiel\u202f: <strong>plus je vis depuis mon naturel, plus je me suis align\u00e9e, heureuse, et je gagne en \u00e9nergie<\/strong>. Ce que j\u2019ai v\u00e9cu, c\u2019est un vrai tournant. J\u2019ai alors choisi de transmettre mon r\u00f4le op\u00e9rationnel pour revenir \u00e0 l\u2019essence\u202f: penser la vision, tracer le cap, inspirer.<\/span><\/p>\n<p><span style=\"font-weight: 400;\">Aujourd\u2019hui certifi\u00e9e Profil Nova, je suis passionn\u00e9e par cet outil d\u2019une grande finesse, qui aide chacun\u00b7e \u00e0 retrouver ce qui est juste, ce qui est soi, ce qui est vivant.<\/span><\/p>\n<p style=\"text-align: right;\"><em>Anne Marie Perri, directrice du Coll\u00e8ge Romand<\/em><\/p>\n<p>[\/vc_column_text][\/vc_column][\/vc_row][vc_row][vc_column][vc_row_inner css=\u00a0\u00bb.vc_custom_1746693500061{padding-top: 30px !important;}\u00a0\u00bb][vc_column_inner width=\u00a0\u00bb1\/2&Prime;][vc_column_text css=\u00a0\u00bb\u00a0\u00bb]<\/p>\n<h3><b>R\u00e9v\u00e9lez le potentiel humain de votre \u00e9quipe<\/b><\/h3>\n<p><span style=\"font-weight: 400;\">Vous travaillez en organisation\u202f? La certification Nova Global vous aide \u00e0 mieux g\u00e9rer vos \u00e9quipes, valoriser les talents, recruter plus justement et instaurer une culture d\u2019entreprise authentique et mobilisante.\u00a0<\/span>[\/vc_column_text][\/vc_column_inner][vc_column_inner width=\u00a0\u00bb1\/2&Prime;][vc_column_text css=\u00a0\u00bb\u00a0\u00bb]<\/p>\n<h3><b>D\u00e9veloppez une pratique fine et percutante<\/b><\/h3>\n<p><span style=\"font-weight: 400;\">Coach ou consultant\u00b7e\u202f? La certification Nova Global vous permet d\u2019enrichir vos accompagnements gr\u00e2ce \u00e0 une lecture pr\u00e9cise des profils, une meilleure compr\u00e9hension des dynamiques humaines et un outil puissant pour r\u00e9v\u00e9ler les talents.<\/span>[\/vc_column_text][\/vc_column_inner][\/vc_row_inner][vc_row_inner][vc_column_inner width=\u00a0\u00bb1\/2&Prime;][vc_btn title=\u00a0\u00bbInscrivez-vous \u00e0 la certification pour employ\u00e9s en organisation\u00a0\u00bb shape=\u00a0\u00bbround\u00a0\u00bb color=\u00a0\u00bbdanger\u00a0\u00bb css=\u00a0\u00bb\u00a0\u00bb link=\u00a0\u00bburl:https%3A%2F%2Fwww.pnl.ch%2Fcollege-entreprise%2Fformulaire-inscription%2F|title:Nova%20Global\u00a0\u00bb][\/vc_column_inner][vc_column_inner width=\u00a0\u00bb1\/2&Prime;][vc_btn title=\u00a0\u00bbInscrivez-vous \u00e0 la certification pour coachs et consultant\u00b7e\u00b7s\u00a0\u00bb shape=\u00a0\u00bbround\u00a0\u00bb color=\u00a0\u00bbdanger\u00a0\u00bb css=\u00a0\u00bb\u00a0\u00bb link=\u00a0\u00bburl:https%3A%2F%2Fwww.pnl.ch%2Fcollege-entreprise%2Fformulaire-inscription%2F|title:Profil%20NOVA\u00a0\u00bb][\/vc_column_inner][\/vc_row_inner][\/vc_column][\/vc_row]<\/p>\n<\/div>","protected":false},"excerpt":{"rendered":"<p>[vc_row type=\u00a0\u00bb1&Prime; margin_top=\u00a0\u00bb-30px\u00a0\u00bb padding_top=\u00a0\u00bb150&Prime; padding_bottom=\u00a0\u00bb150&Prime; bg_color=\u00a0\u00bb#FFFFFF\u00a0\u00bb bg_image=\u00a0\u00bbhttp:\/\/www.pnl.ch\/college-entreprise\/wp-content\/uploads\/sites\/5\/2025\/05\/nova-global-formation-1.jpg\u00a0\u00bb css=\u00a0\u00bb.vc_custom_1746699277802{background: #FFFFFF url(http:\/\/www.pnl.ch\/college-entreprise\/wp-content\/uploads\/sites\/5\/2025\/05\/Photo-Page-NOVA.jpeg?id=) !important;}\u00a0\u00bb][vc_column width=\u00a0\u00bb1\/2&Prime;][\/vc_column][vc_column width=\u00a0\u00bb1\/2&Prime;][vc_column_text css=\u00a0\u00bb\u00a0\u00bb] VIVEZ L&rsquo;EXP\u00c9RIENCE NOVA\u202f: LA PSYCHOM\u00c9TRIE, UN LEVIER PUISSANT POUR VOS ACCOMPAGNEMENTS [\/vc_column_text][\/vc_column][\/vc_row][vc_row margin_top=\u00a0\u00bb30px\u00a0\u00bb][vc_column width=\u00a0\u00bb1\/4&Prime;][vc_column_text css=\u00a0\u00bb\u00a0\u00bb][\/vc_column_text][\/vc_column][vc_column width=\u00a0\u00bb3\/4&Prime;][vc_row_inner][vc_column_inner][vc_column_text css=\u00a0\u00bb\u00a0\u00bb] Le Profil Nova Global [\/vc_column_text][\/vc_column_inner][\/vc_row_inner][\/vc_column][\/vc_row][vc_row][vc_column][vc_column_text css=\u00a0\u00bb\u00a0\u00bb] Prochaine formation certifiante\u202f: du 11 au 13 mai 2026 [\/vc_column_text][\/vc_column][\/vc_row][vc_row][vc_column][vc_column_text css=\u00a0\u00bb\u00a0\u00bb]Con\u00e7ue pour les coachs, consultants RH, managers et&hellip;<\/p>\n","protected":false},"author":32,"featured_media":1481,"parent":0,"menu_order":6,"comment_status":"closed","ping_status":"closed","template":"","meta":{"_acf_changed":false,"footnotes":""},"class_list":["post-1247","page","type-page","status-publish","has-post-thumbnail","hentry","description-off"],"acf":[],"yoast_head":"<!-- This site is optimized with the Yoast SEO Premium plugin v26.9 (Yoast SEO v26.9) - https:\/\/yoast.com\/product\/yoast-seo-premium-wordpress\/ -->\n<title>Certification Nova Global | Coll\u00e8ge Romand<\/title>\n<meta name=\"description\" content=\"Cette certification vous offre un v\u00e9ritable levier pour affiner vos interventions et renforcer votre impact.\" \/>\n<meta name=\"robots\" content=\"index, follow, max-snippet:-1, max-image-preview:large, max-video-preview:-1\" \/>\n<link rel=\"canonical\" href=\"https:\/\/www.pnl.ch\/college-entreprise\/certification-nova-global\/\" \/>\n<meta property=\"og:locale\" content=\"fr_FR\" \/>\n<meta property=\"og:type\" content=\"article\" \/>\n<meta property=\"og:title\" content=\"Certification Nova Global\" \/>\n<meta property=\"og:description\" content=\"Cette certification vous offre un v\u00e9ritable levier pour affiner vos interventions et renforcer votre impact.\" \/>\n<meta property=\"og:url\" content=\"https:\/\/www.pnl.ch\/college-entreprise\/certification-nova-global\/\" \/>\n<meta property=\"og:site_name\" content=\"Coll\u00e8ge Entreprise\" \/>\n<meta property=\"article:publisher\" content=\"https:\/\/www.facebook.com\/college.romand\/\" \/>\n<meta property=\"article:modified_time\" content=\"2025-12-03T18:32:25+00:00\" \/>\n<meta property=\"og:image\" content=\"http:\/\/www.pnl.ch\/college-entreprise\/wp-content\/uploads\/sites\/5\/2025\/05\/nova-global-formation-1.jpg\" \/>\n\t<meta property=\"og:image:width\" content=\"1320\" \/>\n\t<meta property=\"og:image:height\" content=\"480\" \/>\n\t<meta property=\"og:image:type\" content=\"image\/jpeg\" \/>\n<meta name=\"twitter:card\" content=\"summary_large_image\" \/>\n<meta name=\"twitter:description\" content=\"D\u00e9couvrez ce qui donne du sens \u00e0 votre vie avec le Profil Nova et identifiez vos moteurs, vos pr\u00e9f\u00e9rences et votre mani\u00e8re ce communiquer.\" \/>\n<meta name=\"twitter:image\" content=\"https:\/\/www.pnl.ch\/college-entreprise\/wp-content\/uploads\/sites\/5\/2025\/05\/nova-global-formation-1.jpg\" \/>\n<meta name=\"twitter:site\" content=\"@CollegeRomand\" \/>\n<meta name=\"twitter:label1\" content=\"Dur\u00e9e de lecture estim\u00e9e\" \/>\n\t<meta name=\"twitter:data1\" content=\"4 minutes\" \/>\n<script type=\"application\/ld+json\" class=\"yoast-schema-graph\">{\"@context\":\"https:\/\/schema.org\",\"@graph\":[{\"@type\":\"WebPage\",\"@id\":\"https:\/\/www.pnl.ch\/college-entreprise\/certification-nova-global\/\",\"url\":\"https:\/\/www.pnl.ch\/college-entreprise\/certification-nova-global\/\",\"name\":\"Certification Nova Global | Coll\u00e8ge Romand\",\"isPartOf\":{\"@id\":\"https:\/\/www.pnl.ch\/college-entreprise\/#website\"},\"primaryImageOfPage\":{\"@id\":\"https:\/\/www.pnl.ch\/college-entreprise\/certification-nova-global\/#primaryimage\"},\"image\":{\"@id\":\"https:\/\/www.pnl.ch\/college-entreprise\/certification-nova-global\/#primaryimage\"},\"thumbnailUrl\":\"https:\/\/www.pnl.ch\/college-entreprise\/wp-content\/uploads\/sites\/5\/2025\/05\/nova-global-formation-2.jpg\",\"datePublished\":\"2025-05-08T09:58:03+00:00\",\"dateModified\":\"2025-12-03T18:32:25+00:00\",\"description\":\"Cette certification vous offre un v\u00e9ritable levier pour affiner vos interventions et renforcer votre impact.\",\"breadcrumb\":{\"@id\":\"https:\/\/www.pnl.ch\/college-entreprise\/certification-nova-global\/#breadcrumb\"},\"inLanguage\":\"fr-FR\",\"potentialAction\":[{\"@type\":\"ReadAction\",\"target\":[\"https:\/\/www.pnl.ch\/college-entreprise\/certification-nova-global\/\"]}]},{\"@type\":\"ImageObject\",\"inLanguage\":\"fr-FR\",\"@id\":\"https:\/\/www.pnl.ch\/college-entreprise\/certification-nova-global\/#primaryimage\",\"url\":\"https:\/\/www.pnl.ch\/college-entreprise\/wp-content\/uploads\/sites\/5\/2025\/05\/nova-global-formation-2.jpg\",\"contentUrl\":\"https:\/\/www.pnl.ch\/college-entreprise\/wp-content\/uploads\/sites\/5\/2025\/05\/nova-global-formation-2.jpg\",\"width\":300,\"height\":300,\"caption\":\"Formation au profil Nova Global\"},{\"@type\":\"BreadcrumbList\",\"@id\":\"https:\/\/www.pnl.ch\/college-entreprise\/certification-nova-global\/#breadcrumb\",\"itemListElement\":[{\"@type\":\"ListItem\",\"position\":1,\"name\":\"Accueil\",\"item\":\"https:\/\/www.pnl.ch\/college-entreprise\/\"},{\"@type\":\"ListItem\",\"position\":2,\"name\":\"Certification Nova Global\"}]},{\"@type\":\"WebSite\",\"@id\":\"https:\/\/www.pnl.ch\/college-entreprise\/#website\",\"url\":\"https:\/\/www.pnl.ch\/college-entreprise\/\",\"name\":\"Coll\u00e8ge Entreprise\",\"description\":\"Formations certifiantes en d\u00e9veloppement de l\u2019Humain dans l\u2019Entreprise\",\"publisher\":{\"@id\":\"https:\/\/www.pnl.ch\/college-entreprise\/#organization\"},\"potentialAction\":[{\"@type\":\"SearchAction\",\"target\":{\"@type\":\"EntryPoint\",\"urlTemplate\":\"https:\/\/www.pnl.ch\/college-entreprise\/?s={search_term_string}\"},\"query-input\":{\"@type\":\"PropertyValueSpecification\",\"valueRequired\":true,\"valueName\":\"search_term_string\"}}],\"inLanguage\":\"fr-FR\"},{\"@type\":\"Organization\",\"@id\":\"https:\/\/www.pnl.ch\/college-entreprise\/#organization\",\"name\":\"Coll\u00e8ge Romand - Centre de formation d'adultes S\u00e0rl\",\"url\":\"https:\/\/www.pnl.ch\/college-entreprise\/\",\"logo\":{\"@type\":\"ImageObject\",\"inLanguage\":\"fr-FR\",\"@id\":\"https:\/\/www.pnl.ch\/college-entreprise\/#\/schema\/logo\/image\/\",\"url\":\"https:\/\/www.pnl.ch\/college-entreprise\/wp-content\/uploads\/sites\/5\/2017\/04\/college-entreprise-logo-nc.png\",\"contentUrl\":\"https:\/\/www.pnl.ch\/college-entreprise\/wp-content\/uploads\/sites\/5\/2017\/04\/college-entreprise-logo-nc.png\",\"width\":314,\"height\":200,\"caption\":\"Coll\u00e8ge Romand - Centre de formation d'adultes S\u00e0rl\"},\"image\":{\"@id\":\"https:\/\/www.pnl.ch\/college-entreprise\/#\/schema\/logo\/image\/\"},\"sameAs\":[\"https:\/\/www.facebook.com\/college.romand\/\",\"https:\/\/x.com\/CollegeRomand\",\"https:\/\/www.linkedin.com\/school\/college-romand\/\",\"https:\/\/www.instagram.com\/collegeromand\/\"]}]}<\/script>\n<!-- \/ Yoast SEO Premium plugin. -->","yoast_head_json":{"title":"Certification Nova Global | Coll\u00e8ge Romand","description":"Cette certification vous offre un v\u00e9ritable levier pour affiner vos interventions et renforcer votre impact.","robots":{"index":"index","follow":"follow","max-snippet":"max-snippet:-1","max-image-preview":"max-image-preview:large","max-video-preview":"max-video-preview:-1"},"canonical":"https:\/\/www.pnl.ch\/college-entreprise\/certification-nova-global\/","og_locale":"fr_FR","og_type":"article","og_title":"Certification Nova Global","og_description":"Cette certification vous offre un v\u00e9ritable levier pour affiner vos interventions et renforcer votre impact.","og_url":"https:\/\/www.pnl.ch\/college-entreprise\/certification-nova-global\/","og_site_name":"Coll\u00e8ge Entreprise","article_publisher":"https:\/\/www.facebook.com\/college.romand\/","article_modified_time":"2025-12-03T18:32:25+00:00","og_image":[{"width":1320,"height":480,"url":"http:\/\/www.pnl.ch\/college-entreprise\/wp-content\/uploads\/sites\/5\/2025\/05\/nova-global-formation-1.jpg","type":"image\/jpeg"}],"twitter_card":"summary_large_image","twitter_description":"D\u00e9couvrez ce qui donne du sens \u00e0 votre vie avec le Profil Nova et identifiez vos moteurs, vos pr\u00e9f\u00e9rences et votre mani\u00e8re ce communiquer.","twitter_image":"https:\/\/www.pnl.ch\/college-entreprise\/wp-content\/uploads\/sites\/5\/2025\/05\/nova-global-formation-1.jpg","twitter_site":"@CollegeRomand","twitter_misc":{"Dur\u00e9e de lecture estim\u00e9e":"4 minutes"},"schema":{"@context":"https:\/\/schema.org","@graph":[{"@type":"WebPage","@id":"https:\/\/www.pnl.ch\/college-entreprise\/certification-nova-global\/","url":"https:\/\/www.pnl.ch\/college-entreprise\/certification-nova-global\/","name":"Certification Nova Global | Coll\u00e8ge Romand","isPartOf":{"@id":"https:\/\/www.pnl.ch\/college-entreprise\/#website"},"primaryImageOfPage":{"@id":"https:\/\/www.pnl.ch\/college-entreprise\/certification-nova-global\/#primaryimage"},"image":{"@id":"https:\/\/www.pnl.ch\/college-entreprise\/certification-nova-global\/#primaryimage"},"thumbnailUrl":"https:\/\/www.pnl.ch\/college-entreprise\/wp-content\/uploads\/sites\/5\/2025\/05\/nova-global-formation-2.jpg","datePublished":"2025-05-08T09:58:03+00:00","dateModified":"2025-12-03T18:32:25+00:00","description":"Cette certification vous offre un v\u00e9ritable levier pour affiner vos interventions et renforcer votre impact.","breadcrumb":{"@id":"https:\/\/www.pnl.ch\/college-entreprise\/certification-nova-global\/#breadcrumb"},"inLanguage":"fr-FR","potentialAction":[{"@type":"ReadAction","target":["https:\/\/www.pnl.ch\/college-entreprise\/certification-nova-global\/"]}]},{"@type":"ImageObject","inLanguage":"fr-FR","@id":"https:\/\/www.pnl.ch\/college-entreprise\/certification-nova-global\/#primaryimage","url":"https:\/\/www.pnl.ch\/college-entreprise\/wp-content\/uploads\/sites\/5\/2025\/05\/nova-global-formation-2.jpg","contentUrl":"https:\/\/www.pnl.ch\/college-entreprise\/wp-content\/uploads\/sites\/5\/2025\/05\/nova-global-formation-2.jpg","width":300,"height":300,"caption":"Formation au profil Nova Global"},{"@type":"BreadcrumbList","@id":"https:\/\/www.pnl.ch\/college-entreprise\/certification-nova-global\/#breadcrumb","itemListElement":[{"@type":"ListItem","position":1,"name":"Accueil","item":"https:\/\/www.pnl.ch\/college-entreprise\/"},{"@type":"ListItem","position":2,"name":"Certification Nova Global"}]},{"@type":"WebSite","@id":"https:\/\/www.pnl.ch\/college-entreprise\/#website","url":"https:\/\/www.pnl.ch\/college-entreprise\/","name":"Coll\u00e8ge Entreprise","description":"Formations certifiantes en d\u00e9veloppement de l\u2019Humain dans l\u2019Entreprise","publisher":{"@id":"https:\/\/www.pnl.ch\/college-entreprise\/#organization"},"potentialAction":[{"@type":"SearchAction","target":{"@type":"EntryPoint","urlTemplate":"https:\/\/www.pnl.ch\/college-entreprise\/?s={search_term_string}"},"query-input":{"@type":"PropertyValueSpecification","valueRequired":true,"valueName":"search_term_string"}}],"inLanguage":"fr-FR"},{"@type":"Organization","@id":"https:\/\/www.pnl.ch\/college-entreprise\/#organization","name":"Coll\u00e8ge Romand - Centre de formation d'adultes S\u00e0rl","url":"https:\/\/www.pnl.ch\/college-entreprise\/","logo":{"@type":"ImageObject","inLanguage":"fr-FR","@id":"https:\/\/www.pnl.ch\/college-entreprise\/#\/schema\/logo\/image\/","url":"https:\/\/www.pnl.ch\/college-entreprise\/wp-content\/uploads\/sites\/5\/2017\/04\/college-entreprise-logo-nc.png","contentUrl":"https:\/\/www.pnl.ch\/college-entreprise\/wp-content\/uploads\/sites\/5\/2017\/04\/college-entreprise-logo-nc.png","width":314,"height":200,"caption":"Coll\u00e8ge Romand - Centre de formation d'adultes S\u00e0rl"},"image":{"@id":"https:\/\/www.pnl.ch\/college-entreprise\/#\/schema\/logo\/image\/"},"sameAs":["https:\/\/www.facebook.com\/college.romand\/","https:\/\/x.com\/CollegeRomand","https:\/\/www.linkedin.com\/school\/college-romand\/","https:\/\/www.instagram.com\/collegeromand\/"]}]}},"_links":{"self":[{"href":"https:\/\/www.pnl.ch\/college-entreprise\/wp-json\/wp\/v2\/pages\/1247","targetHints":{"allow":["GET"]}}],"collection":[{"href":"https:\/\/www.pnl.ch\/college-entreprise\/wp-json\/wp\/v2\/pages"}],"about":[{"href":"https:\/\/www.pnl.ch\/college-entreprise\/wp-json\/wp\/v2\/types\/page"}],"author":[{"embeddable":true,"href":"https:\/\/www.pnl.ch\/college-entreprise\/wp-json\/wp\/v2\/users\/32"}],"replies":[{"embeddable":true,"href":"https:\/\/www.pnl.ch\/college-entreprise\/wp-json\/wp\/v2\/comments?post=1247"}],"version-history":[{"count":209,"href":"https:\/\/www.pnl.ch\/college-entreprise\/wp-json\/wp\/v2\/pages\/1247\/revisions"}],"predecessor-version":[{"id":1581,"href":"https:\/\/www.pnl.ch\/college-entreprise\/wp-json\/wp\/v2\/pages\/1247\/revisions\/1581"}],"wp:featuredmedia":[{"embeddable":true,"href":"https:\/\/www.pnl.ch\/college-entreprise\/wp-json\/wp\/v2\/media\/1481"}],"wp:attachment":[{"href":"https:\/\/www.pnl.ch\/college-entreprise\/wp-json\/wp\/v2\/media?parent=1247"}],"curies":[{"name":"wp","href":"https:\/\/api.w.org\/{rel}","templated":true}]}}