{"id":164,"date":"2017-05-11T17:00:36","date_gmt":"2017-05-11T15:00:36","guid":{"rendered":"https:\/\/www.pnl.ch\/college-entreprise\/?page_id=164"},"modified":"2024-11-07T19:38:10","modified_gmt":"2024-11-07T18:38:10","slug":"certifications","status":"publish","type":"page","link":"https:\/\/www.pnl.ch\/college-entreprise\/certifications\/","title":{"rendered":"Certifications"},"content":{"rendered":"<div class=\"wpb-content-wrapper\"><p>[vc_row margin_bottom=\u00a0\u00bb30&Prime;][vc_column width=\u00a0\u00bb1\/4&Prime;][vc_single_image image=\u00a0\u00bb84&Prime; img_size=\u00a0\u00bbfull\u00a0\u00bb alignment=\u00a0\u00bbcenter\u00a0\u00bb css_animation=\u00a0\u00bbzoomIn\u00a0\u00bb][\/vc_column][vc_column width=\u00a0\u00bb3\/4&Prime; css=\u00a0\u00bb.vc_custom_1511798888752{padding-left: 50px !important;}\u00a0\u00bb][vc_column_text css=\u00a0\u00bb\u00a0\u00bb]<\/p>\n<h3>The Society of Neuro-Linguistic Programming<\/h3>\n<p><a class=\"link\" href=\"https:\/\/thesocietyofnlp.org\/\" target=\"_blank\" rel=\"noopener noreferrer\">The Society of Neuro-Linguistic Programming<\/a>\u00a0a \u00e9t\u00e9 cr\u00e9\u00e9e en 1978 par les co-fondateurs de la PNL, Richard Bandler et John Grinder, en tant que corps officiel de certification dans le domaine de la PNL. Elle d\u00e9livre des certifications \u00e0 tous les niveaux de la PNL. Ce label garantit la qualification des formateurs et la reconnaissance au niveau international.<\/p>\n<p>Lorsque les participants ont satisfait tous les crit\u00e8res pour cette formation, ils re\u00e7oivent automatiquement, aupr\u00e8s du Coll\u00e8ge Romand, un certificat d\u00e9livr\u00e9 par cette soci\u00e9t\u00e9.[\/vc_column_text][\/vc_column][\/vc_row][vc_row margin_bottom=\u00a0\u00bb30&Prime;][vc_column width=\u00a0\u00bb1\/4&Prime;][vc_single_image image=\u00a0\u00bb16&Prime; img_size=\u00a0\u00bbfull\u00a0\u00bb alignment=\u00a0\u00bbcenter\u00a0\u00bb css_animation=\u00a0\u00bbzoomIn\u00a0\u00bb][\/vc_column][vc_column width=\u00a0\u00bb3\/4&Prime; css=\u00a0\u00bb.vc_custom_1511798935151{padding-left: 50px !important;}\u00a0\u00bb][vc_column_text]<\/p>\n<h3>Coll\u00e8ge Romand<\/h3>\n<p>En plus des certifications issues d&rsquo;autres organismes, nous donnons un certificat venant du Coll\u00e8ge Romand avec le label de qualit\u00e9 eduQua.[\/vc_column_text][\/vc_column][\/vc_row]<\/p>\n<\/div>","protected":false},"excerpt":{"rendered":"<p>[vc_row margin_bottom=\u00a0\u00bb30&Prime;][vc_column width=\u00a0\u00bb1\/4&Prime;][vc_single_image image=\u00a0\u00bb84&Prime; img_size=\u00a0\u00bbfull\u00a0\u00bb alignment=\u00a0\u00bbcenter\u00a0\u00bb css_animation=\u00a0\u00bbzoomIn\u00a0\u00bb][\/vc_column][vc_column width=\u00a0\u00bb3\/4&Prime; css=\u00a0\u00bb.vc_custom_1511798888752{padding-left: 50px !important;}\u00a0\u00bb][vc_column_text css=\u00a0\u00bb\u00a0\u00bb] The Society of Neuro-Linguistic Programming The Society of Neuro-Linguistic Programming\u00a0a \u00e9t\u00e9 cr\u00e9\u00e9e en 1978 par les co-fondateurs de la PNL, Richard Bandler et John Grinder, en tant que corps officiel de certification dans le domaine de la PNL. Elle d\u00e9livre des certifications \u00e0&hellip;<\/p>\n","protected":false},"author":1,"featured_media":1023,"parent":0,"menu_order":4,"comment_status":"closed","ping_status":"closed","template":"","meta":{"_acf_changed":false,"footnotes":""},"class_list":["post-164","page","type-page","status-publish","has-post-thumbnail","hentry","description-off"],"acf":[],"yoast_head":"<!-- This site is optimized with the Yoast SEO Premium plugin v27.4 (Yoast SEO v27.4) - https:\/\/yoast.com\/product\/yoast-seo-premium-wordpress\/ -->\n<title>Certifications utiles \u00e0 l&#039;entreprise | Coll\u00e8ge Entreprise<\/title>\n<meta name=\"description\" content=\"En plus des certifications qu&#039;il d\u00e9livre, le Coll\u00e8ge Entreprise est agr\u00e9\u00e9 eduQua, un label Suisse de qualit\u00e9 pour les instituts de formation continue\u2026\" \/>\n<meta name=\"robots\" content=\"index, follow, max-snippet:-1, max-image-preview:large, max-video-preview:-1\" \/>\n<link rel=\"canonical\" href=\"https:\/\/www.pnl.ch\/college-entreprise\/certifications\/\" \/>\n<meta property=\"og:locale\" content=\"fr_FR\" \/>\n<meta property=\"og:type\" content=\"article\" \/>\n<meta property=\"og:title\" content=\"Certifications\" \/>\n<meta property=\"og:description\" content=\"En plus des certifications qu&#039;il d\u00e9livre, le Coll\u00e8ge Entreprise est agr\u00e9\u00e9 eduQua, un label Suisse de qualit\u00e9 pour les instituts de formation continue\u2026\" \/>\n<meta property=\"og:url\" content=\"https:\/\/www.pnl.ch\/college-entreprise\/certifications\/\" \/>\n<meta property=\"og:site_name\" content=\"Coll\u00e8ge Entreprise\" \/>\n<meta property=\"article:publisher\" content=\"https:\/\/www.facebook.com\/college.romand\/\" \/>\n<meta property=\"article:modified_time\" content=\"2024-11-07T18:38:10+00:00\" \/>\n<meta property=\"og:image\" content=\"https:\/\/www.pnl.ch\/college-entreprise\/wp-content\/uploads\/sites\/5\/2024\/03\/LogoSocietyNLP-1-jpg.webp\" \/>\n\t<meta property=\"og:image:width\" content=\"1200\" \/>\n\t<meta property=\"og:image:height\" content=\"675\" \/>\n\t<meta property=\"og:image:type\" content=\"image\/jpeg\" \/>\n<meta name=\"twitter:card\" content=\"summary_large_image\" \/>\n<meta name=\"twitter:description\" content=\"En plus des certifications qu&#039;il d\u00e9livre, le Coll\u00e8ge Entreprise est agr\u00e9\u00e9 eduQua, un label Suisse de qualit\u00e9 pour les instituts de formation continue\u2026\" \/>\n<meta name=\"twitter:site\" content=\"@CollegeRomand\" \/>\n<meta name=\"twitter:label1\" content=\"Dur\u00e9e de lecture estim\u00e9e\" \/>\n\t<meta name=\"twitter:data1\" content=\"2 minutes\" \/>\n<script type=\"application\/ld+json\" class=\"yoast-schema-graph\">{\"@context\":\"https:\\\/\\\/schema.org\",\"@graph\":[{\"@type\":\"WebPage\",\"@id\":\"https:\\\/\\\/www.pnl.ch\\\/college-entreprise\\\/certifications\\\/\",\"url\":\"https:\\\/\\\/www.pnl.ch\\\/college-entreprise\\\/certifications\\\/\",\"name\":\"Certifications utiles \u00e0 l'entreprise | Coll\u00e8ge Entreprise\",\"isPartOf\":{\"@id\":\"https:\\\/\\\/www.pnl.ch\\\/college-entreprise\\\/#website\"},\"primaryImageOfPage\":{\"@id\":\"https:\\\/\\\/www.pnl.ch\\\/college-entreprise\\\/certifications\\\/#primaryimage\"},\"image\":{\"@id\":\"https:\\\/\\\/www.pnl.ch\\\/college-entreprise\\\/certifications\\\/#primaryimage\"},\"thumbnailUrl\":\"https:\\\/\\\/www.pnl.ch\\\/college-entreprise\\\/wp-content\\\/uploads\\\/sites\\\/5\\\/2024\\\/03\\\/LogoSocietyNLP-jpg.webp\",\"datePublished\":\"2017-05-11T15:00:36+00:00\",\"dateModified\":\"2024-11-07T18:38:10+00:00\",\"description\":\"En plus des certifications qu'il d\u00e9livre, le Coll\u00e8ge Entreprise est agr\u00e9\u00e9 eduQua, un label Suisse de qualit\u00e9 pour les instituts de formation continue\u2026\",\"breadcrumb\":{\"@id\":\"https:\\\/\\\/www.pnl.ch\\\/college-entreprise\\\/certifications\\\/#breadcrumb\"},\"inLanguage\":\"fr-FR\",\"potentialAction\":[{\"@type\":\"ReadAction\",\"target\":[\"https:\\\/\\\/www.pnl.ch\\\/college-entreprise\\\/certifications\\\/\"]}]},{\"@type\":\"ImageObject\",\"inLanguage\":\"fr-FR\",\"@id\":\"https:\\\/\\\/www.pnl.ch\\\/college-entreprise\\\/certifications\\\/#primaryimage\",\"url\":\"https:\\\/\\\/www.pnl.ch\\\/college-entreprise\\\/wp-content\\\/uploads\\\/sites\\\/5\\\/2024\\\/03\\\/LogoSocietyNLP-jpg.webp\",\"contentUrl\":\"https:\\\/\\\/www.pnl.ch\\\/college-entreprise\\\/wp-content\\\/uploads\\\/sites\\\/5\\\/2024\\\/03\\\/LogoSocietyNLP-jpg.webp\",\"width\":300,\"height\":300,\"caption\":\"Logo Society of NLP\"},{\"@type\":\"BreadcrumbList\",\"@id\":\"https:\\\/\\\/www.pnl.ch\\\/college-entreprise\\\/certifications\\\/#breadcrumb\",\"itemListElement\":[{\"@type\":\"ListItem\",\"position\":1,\"name\":\"Accueil\",\"item\":\"https:\\\/\\\/www.pnl.ch\\\/college-entreprise\\\/\"},{\"@type\":\"ListItem\",\"position\":2,\"name\":\"Certifications\"}]},{\"@type\":\"WebSite\",\"@id\":\"https:\\\/\\\/www.pnl.ch\\\/college-entreprise\\\/#website\",\"url\":\"https:\\\/\\\/www.pnl.ch\\\/college-entreprise\\\/\",\"name\":\"Coll\u00e8ge Entreprise\",\"description\":\"Formations certifiantes en d\u00e9veloppement de l\u2019Humain dans l\u2019Entreprise\",\"publisher\":{\"@id\":\"https:\\\/\\\/www.pnl.ch\\\/college-entreprise\\\/#organization\"},\"potentialAction\":[{\"@type\":\"SearchAction\",\"target\":{\"@type\":\"EntryPoint\",\"urlTemplate\":\"https:\\\/\\\/www.pnl.ch\\\/college-entreprise\\\/?s={search_term_string}\"},\"query-input\":{\"@type\":\"PropertyValueSpecification\",\"valueRequired\":true,\"valueName\":\"search_term_string\"}}],\"inLanguage\":\"fr-FR\"},{\"@type\":\"Organization\",\"@id\":\"https:\\\/\\\/www.pnl.ch\\\/college-entreprise\\\/#organization\",\"name\":\"Coll\u00e8ge Romand - Centre de formation d'adultes S\u00e0rl\",\"url\":\"https:\\\/\\\/www.pnl.ch\\\/college-entreprise\\\/\",\"logo\":{\"@type\":\"ImageObject\",\"inLanguage\":\"fr-FR\",\"@id\":\"https:\\\/\\\/www.pnl.ch\\\/college-entreprise\\\/#\\\/schema\\\/logo\\\/image\\\/\",\"url\":\"https:\\\/\\\/www.pnl.ch\\\/college-entreprise\\\/wp-content\\\/uploads\\\/sites\\\/5\\\/2017\\\/04\\\/college-entreprise-logo-nc.png\",\"contentUrl\":\"https:\\\/\\\/www.pnl.ch\\\/college-entreprise\\\/wp-content\\\/uploads\\\/sites\\\/5\\\/2017\\\/04\\\/college-entreprise-logo-nc.png\",\"width\":314,\"height\":200,\"caption\":\"Coll\u00e8ge Romand - Centre de formation d'adultes S\u00e0rl\"},\"image\":{\"@id\":\"https:\\\/\\\/www.pnl.ch\\\/college-entreprise\\\/#\\\/schema\\\/logo\\\/image\\\/\"},\"sameAs\":[\"https:\\\/\\\/www.facebook.com\\\/college.romand\\\/\",\"https:\\\/\\\/x.com\\\/CollegeRomand\",\"https:\\\/\\\/www.linkedin.com\\\/school\\\/college-romand\\\/\",\"https:\\\/\\\/www.instagram.com\\\/collegeromand\\\/\"]}]}<\/script>\n<!-- \/ Yoast SEO Premium plugin. -->","yoast_head_json":{"title":"Certifications utiles \u00e0 l'entreprise | Coll\u00e8ge Entreprise","description":"En plus des certifications qu'il d\u00e9livre, le Coll\u00e8ge Entreprise est agr\u00e9\u00e9 eduQua, un label Suisse de qualit\u00e9 pour les instituts de formation continue\u2026","robots":{"index":"index","follow":"follow","max-snippet":"max-snippet:-1","max-image-preview":"max-image-preview:large","max-video-preview":"max-video-preview:-1"},"canonical":"https:\/\/www.pnl.ch\/college-entreprise\/certifications\/","og_locale":"fr_FR","og_type":"article","og_title":"Certifications","og_description":"En plus des certifications qu'il d\u00e9livre, le Coll\u00e8ge Entreprise est agr\u00e9\u00e9 eduQua, un label Suisse de qualit\u00e9 pour les instituts de formation continue\u2026","og_url":"https:\/\/www.pnl.ch\/college-entreprise\/certifications\/","og_site_name":"Coll\u00e8ge Entreprise","article_publisher":"https:\/\/www.facebook.com\/college.romand\/","article_modified_time":"2024-11-07T18:38:10+00:00","og_image":[{"width":1200,"height":675,"url":"https:\/\/www.pnl.ch\/college-entreprise\/wp-content\/uploads\/sites\/5\/2024\/03\/LogoSocietyNLP-1-jpg.webp","type":"image\/jpeg"}],"twitter_card":"summary_large_image","twitter_description":"En plus des certifications qu'il d\u00e9livre, le Coll\u00e8ge Entreprise est agr\u00e9\u00e9 eduQua, un label Suisse de qualit\u00e9 pour les instituts de formation continue\u2026","twitter_site":"@CollegeRomand","twitter_misc":{"Dur\u00e9e de lecture estim\u00e9e":"2 minutes"},"schema":{"@context":"https:\/\/schema.org","@graph":[{"@type":"WebPage","@id":"https:\/\/www.pnl.ch\/college-entreprise\/certifications\/","url":"https:\/\/www.pnl.ch\/college-entreprise\/certifications\/","name":"Certifications utiles \u00e0 l'entreprise | Coll\u00e8ge Entreprise","isPartOf":{"@id":"https:\/\/www.pnl.ch\/college-entreprise\/#website"},"primaryImageOfPage":{"@id":"https:\/\/www.pnl.ch\/college-entreprise\/certifications\/#primaryimage"},"image":{"@id":"https:\/\/www.pnl.ch\/college-entreprise\/certifications\/#primaryimage"},"thumbnailUrl":"https:\/\/www.pnl.ch\/college-entreprise\/wp-content\/uploads\/sites\/5\/2024\/03\/LogoSocietyNLP-jpg.webp","datePublished":"2017-05-11T15:00:36+00:00","dateModified":"2024-11-07T18:38:10+00:00","description":"En plus des certifications qu'il d\u00e9livre, le Coll\u00e8ge Entreprise est agr\u00e9\u00e9 eduQua, un label Suisse de qualit\u00e9 pour les instituts de formation continue\u2026","breadcrumb":{"@id":"https:\/\/www.pnl.ch\/college-entreprise\/certifications\/#breadcrumb"},"inLanguage":"fr-FR","potentialAction":[{"@type":"ReadAction","target":["https:\/\/www.pnl.ch\/college-entreprise\/certifications\/"]}]},{"@type":"ImageObject","inLanguage":"fr-FR","@id":"https:\/\/www.pnl.ch\/college-entreprise\/certifications\/#primaryimage","url":"https:\/\/www.pnl.ch\/college-entreprise\/wp-content\/uploads\/sites\/5\/2024\/03\/LogoSocietyNLP-jpg.webp","contentUrl":"https:\/\/www.pnl.ch\/college-entreprise\/wp-content\/uploads\/sites\/5\/2024\/03\/LogoSocietyNLP-jpg.webp","width":300,"height":300,"caption":"Logo Society of NLP"},{"@type":"BreadcrumbList","@id":"https:\/\/www.pnl.ch\/college-entreprise\/certifications\/#breadcrumb","itemListElement":[{"@type":"ListItem","position":1,"name":"Accueil","item":"https:\/\/www.pnl.ch\/college-entreprise\/"},{"@type":"ListItem","position":2,"name":"Certifications"}]},{"@type":"WebSite","@id":"https:\/\/www.pnl.ch\/college-entreprise\/#website","url":"https:\/\/www.pnl.ch\/college-entreprise\/","name":"Coll\u00e8ge Entreprise","description":"Formations certifiantes en d\u00e9veloppement de l\u2019Humain dans l\u2019Entreprise","publisher":{"@id":"https:\/\/www.pnl.ch\/college-entreprise\/#organization"},"potentialAction":[{"@type":"SearchAction","target":{"@type":"EntryPoint","urlTemplate":"https:\/\/www.pnl.ch\/college-entreprise\/?s={search_term_string}"},"query-input":{"@type":"PropertyValueSpecification","valueRequired":true,"valueName":"search_term_string"}}],"inLanguage":"fr-FR"},{"@type":"Organization","@id":"https:\/\/www.pnl.ch\/college-entreprise\/#organization","name":"Coll\u00e8ge Romand - Centre de formation d'adultes S\u00e0rl","url":"https:\/\/www.pnl.ch\/college-entreprise\/","logo":{"@type":"ImageObject","inLanguage":"fr-FR","@id":"https:\/\/www.pnl.ch\/college-entreprise\/#\/schema\/logo\/image\/","url":"https:\/\/www.pnl.ch\/college-entreprise\/wp-content\/uploads\/sites\/5\/2017\/04\/college-entreprise-logo-nc.png","contentUrl":"https:\/\/www.pnl.ch\/college-entreprise\/wp-content\/uploads\/sites\/5\/2017\/04\/college-entreprise-logo-nc.png","width":314,"height":200,"caption":"Coll\u00e8ge Romand - Centre de formation d'adultes S\u00e0rl"},"image":{"@id":"https:\/\/www.pnl.ch\/college-entreprise\/#\/schema\/logo\/image\/"},"sameAs":["https:\/\/www.facebook.com\/college.romand\/","https:\/\/x.com\/CollegeRomand","https:\/\/www.linkedin.com\/school\/college-romand\/","https:\/\/www.instagram.com\/collegeromand\/"]}]}},"_links":{"self":[{"href":"https:\/\/www.pnl.ch\/college-entreprise\/wp-json\/wp\/v2\/pages\/164","targetHints":{"allow":["GET"]}}],"collection":[{"href":"https:\/\/www.pnl.ch\/college-entreprise\/wp-json\/wp\/v2\/pages"}],"about":[{"href":"https:\/\/www.pnl.ch\/college-entreprise\/wp-json\/wp\/v2\/types\/page"}],"author":[{"embeddable":true,"href":"https:\/\/www.pnl.ch\/college-entreprise\/wp-json\/wp\/v2\/users\/1"}],"replies":[{"embeddable":true,"href":"https:\/\/www.pnl.ch\/college-entreprise\/wp-json\/wp\/v2\/comments?post=164"}],"version-history":[{"count":4,"href":"https:\/\/www.pnl.ch\/college-entreprise\/wp-json\/wp\/v2\/pages\/164\/revisions"}],"predecessor-version":[{"id":1092,"href":"https:\/\/www.pnl.ch\/college-entreprise\/wp-json\/wp\/v2\/pages\/164\/revisions\/1092"}],"wp:featuredmedia":[{"embeddable":true,"href":"https:\/\/www.pnl.ch\/college-entreprise\/wp-json\/wp\/v2\/media\/1023"}],"wp:attachment":[{"href":"https:\/\/www.pnl.ch\/college-entreprise\/wp-json\/wp\/v2\/media?parent=164"}],"curies":[{"name":"wp","href":"https:\/\/api.w.org\/{rel}","templated":true}]}}