{"id":28,"date":"2017-04-06T15:44:19","date_gmt":"2017-04-06T13:44:19","guid":{"rendered":"https:\/\/www.pnl.ch\/college-entreprise\/?page_id=28"},"modified":"2025-04-15T14:29:44","modified_gmt":"2025-04-15T12:29:44","slug":"reussir-vos-projets","status":"publish","type":"page","link":"https:\/\/www.pnl.ch\/college-entreprise\/formations-inter-entreprise\/reussir-vos-projets\/","title":{"rendered":"R\u00e9ussir vos projets avec la PNL"},"content":{"rendered":"<div class=\"wpb-content-wrapper\"><p>[vc_row margin_top=\u00a0\u00bb-20&Prime;][vc_column width=\u00a0\u00bb1\/4&Prime;][vc_single_image image=\u00a0\u00bb852&Prime; img_size=\u00a0\u00bb250&#215;250&Prime; css_animation=\u00a0\u00bbzoomIn\u00a0\u00bb][\/vc_column][vc_column width=\u00a0\u00bb3\/4&Prime;][vc_column_text css=\u00a0\u00bb\u00a0\u00bb]<\/p>\n<p class=\"date-formation\">DATES \u00c0 VENIR<\/p>\n<h3>Comment transformer vos id\u00e9es en projets concrets et performants ?<\/h3>\n<p>Dans un environnement professionnel o\u00f9 la r\u00e9ussite des projets est essentielle, la Programmation Neurolinguistique (PNL) offre des outils puissants pour <strong>structurer, planifier et mener \u00e0 bien vos initiatives<\/strong>. Ce s\u00e9minaire vous aide \u00e0 optimiser vos comp\u00e9tences en gestion de projet, \u00e0 surmonter les obstacles avec efficacit\u00e9 et \u00e0 mobiliser vos ressources pour atteindre vos objectifs.<\/p>\n<h3>Pourquoi choisir la PNL pour vos projets ?<\/h3>\n<p>Que vous soyez manager, chef de projet ou cadre dirigeant, ce s\u00e9minaire vous permettra de :<\/p>\n<ul>\n<li><strong>Clarifier la vision de vos projets<\/strong> et <strong>d\u00e9finir des \u00e9tapes concr\u00e8tes<\/strong> pour avancer avec pr\u00e9cision.<\/li>\n<li><strong>Renforcer votre communication avec les parties prenantes<\/strong>, en assurant une collaboration fluide et efficace.<\/li>\n<li><strong>Maintenir l\u2019engagement de vos \u00e9quipes<\/strong>, en identifiant et en mobilisant leurs motivations profondes.<\/li>\n<li><strong>Surmonter les obstacles et les impr\u00e9vus<\/strong> en adoptant une approche orient\u00e9e solutions.<\/li>\n<\/ul>\n<h3>Ce que vous apprendrez :<\/h3>\n<p>Lors de ce s\u00e9minaire, vous d\u00e9couvrirez comment :<\/p>\n<ul>\n<li>Cr\u00e9er un cadre de r\u00e9sultat clair et motivant pour vos projets.<\/li>\n<li>Utiliser les outils de la PNL pour g\u00e9rer les priorit\u00e9s, identifier les ressources et anticiper les risques.<\/li>\n<li>Aligner les parties prenantes sur une vision commune et renforcer leur adh\u00e9sion.<\/li>\n<li>Structurer un plan d\u2019action efficace, en tenant compte des dynamiques individuelles et d\u2019\u00e9quipe.<\/li>\n<\/ul>\n<h3>Pour qui est ce s\u00e9minaire ?<\/h3>\n<ul>\n<li>Les chefs de projet souhaitant am\u00e9liorer leur m\u00e9thodologie et leurs r\u00e9sultats.<\/li>\n<li>Les managers d\u00e9sireux de d\u00e9velopper leur leadership et leur capacit\u00e9 \u00e0 mobiliser.<\/li>\n<li>Les professionnels en qu\u00eate d\u2019une approche novatrice pour structurer et mener \u00e0 bien leurs projets.<\/li>\n<\/ul>\n<h3>B\u00e9n\u00e9fices concrets :<\/h3>\n<p>En appliquant la PNL \u00e0 la gestion de vos projets, vous serez capable de :<\/p>\n<ul>\n<li>Transformer des id\u00e9es en r\u00e9alisations concr\u00e8tes.<\/li>\n<li>R\u00e9duire les risques d\u2019\u00e9chec gr\u00e2ce \u00e0 une planification structur\u00e9e.<\/li>\n<li>Optimiser la communication et la collaboration au sein de vos \u00e9quipes.<\/li>\n<li>Atteindre vos objectifs avec confiance et s\u00e9r\u00e9nit\u00e9.<\/li>\n<\/ul>\n<p>[\/vc_column_text][vc_btn title=\u00a0\u00bbProposer cette formation \u00e0 vos \u00e9quipes\u00a0\u00bb color=\u00a0\u00bbdanger\u00a0\u00bb align=\u00a0\u00bbleft\u00a0\u00bb css=\u00a0\u00bb\u00a0\u00bb link=\u00a0\u00bburl:https%3A%2F%2Fwww.pnl.ch%2Fcollege-entreprise%2Finscription%2F|title:Proposer%20cette%20formation%20%C3%A0%20vos%20%C3%A9quipes\u00a0\u00bb][\/vc_column][\/vc_row][vc_row margin_top=\u00a0\u00bb40&Prime; margin_bottom=\u00a0\u00bb40&Prime;][vc_column][vc_tta_tabs style=\u00a0\u00bbmodern\u00a0\u00bb spacing=\u00a0\u00bb4&Prime; gap=\u00a0\u00bb4&Prime; active_section=\u00a0\u00bb1&Prime;][vc_tta_section title=\u00a0\u00bbObjectifs\u00a0\u00bb tab_id=\u00a0\u00bbprojets-objectifs\u00a0\u00bb][vc_column_text]<\/p>\n<ul class=\"puce-entreprise\">\n<li>Savoir conduire les diff\u00e9rentes \u00e9tapes d\u2019un projet de la faisabilit\u00e9 \u00e0 la r\u00e9alisation.<\/li>\n<li>Savoir communiquer, informer et dialoguer avec l\u2019ensemble des parties prenantes d\u2019un projet.<\/li>\n<li>Solliciter et adh\u00e9rer aux attitudes et comportements indispensables \u00e0 la dynamique d\u2019un projet.<\/li>\n<li>Utiliser les techniques et outils permettant efficacit\u00e9 et performance.<\/li>\n<li>Mobiliser les ressources n\u00e9cessaires face au obstacles et contraintes sur le chemin de la r\u00e9alisation du projet.<\/li>\n<\/ul>\n<p>[\/vc_column_text][\/vc_tta_section][vc_tta_section title=\u00a0\u00bbContenus\u00a0\u00bb tab_id=\u00a0\u00bbprojets-contenus\u00a0\u00bb][vc_column_text]<\/p>\n<ul class=\"puce-entreprise\">\n<li>Les pr\u00e9suppos\u00e9s utiles \u00e0 la r\u00e9ussite d\u2019un projet.<\/li>\n<li>Faire \u00e9merger la vision du projet.<\/li>\n<li>Cr\u00e9er un SCOPE du projet congruent et cr\u00e9dible.<\/li>\n<li>Analyse de la faisabilit\u00e9 d\u2019un projet.<\/li>\n<li>Comprendre la notion du temps dans la conduite d\u2019un projet.<\/li>\n<li>Utiliser le cadre de r\u00e9sultat pour mieux ma\u00eetriser les jalons d\u2019un projet.<\/li>\n<li>Le processus d\u2019alignement du leadership d\u2019un projet.<\/li>\n<li>Conduire des plans d\u2019action avec le mod\u00e8le des 4 m\u00e2ts.<\/li>\n<li>Les strat\u00e9gies d\u2019une communication gagnantes .<\/li>\n<li>L\u2019implication \u00ab\u202ft\u00eate, c\u0153ur, corps\u202f\u00bb.<\/li>\n<li>Le processus dynamique d\u2019un projet.<\/li>\n<li>La cr\u00e9ativit\u00e9 productive utile \u00e0 la conduite du projet.<\/li>\n<li>Agir et d\u00e9cider utile \u00e0 mon leadership.<\/li>\n<li>Conduire des r\u00e9unions productives.<\/li>\n<li>La dynamique des 3C \u00e0 mobiliser une \u00e9quipe projet.<\/li>\n<li>Mobiliser mes ressources face au monde VUCA.<\/li>\n<\/ul>\n<p>[\/vc_column_text][\/vc_tta_section][vc_tta_section title=\u00a0\u00bbM\u00e9thode\u00a0\u00bb tab_id=\u00a0\u00bbprojets-methode\u00a0\u00bb][vc_column_text]<\/p>\n<h5 style=\"margin-top: 5px\">Personnes concern\u00e9es<\/h5>\n<p>Toute personne qui souhaite obtenir une meilleure ma\u00eetrise dans la r\u00e9ussite de ses projets.<\/p>\n<h5>P\u00e9dagogie<\/h5>\n<p>Notre approche favorise l&rsquo;apprentissage acc\u00e9l\u00e9r\u00e9 et l&rsquo;int\u00e9gration. Nous favorisons la mise en pratique des acquis au quotidien gr\u00e2ce \u00e0 un <a href=\"https:\/\/www.pnl.ch\/e-learning\/\">espace virtuel d\u2019apprentissage<\/a>.<\/p>\n<ul class=\"puce-entreprise\">\n<li>Pr\u00e9sentation de concepts et outils pragmatique.<\/li>\n<li>Entra\u00eenement d\u2019exercices au sein du groupe.<\/li>\n<li>Utilisation d\u2019un cas pratique ou \/ et d\u2019un cas personnel.<\/li>\n<\/ul>\n<p>[\/vc_column_text][\/vc_tta_section][vc_tta_section title=\u00a0\u00bbInfos &amp; tarifs\u00a0\u00bb tab_id=\u00a0\u00bbprojets-infos\u00a0\u00bb][vc_column_text]<\/p>\n<h5 style=\"margin-top: 5px\">ANIMATION<\/h5>\n<p><a title=\"Roger Blumenthal\" href=\"https:\/\/www.pnl.ch\/formateurs\/roger-blumenthal\/\" target=\"_blank\" rel=\"noopener noreferrer\">Roger Blumenthal<\/a><\/p>\n<h5>PR\u00c9REQUIS<\/h5>\n<p>Aucun<\/p>\n<h5>PRIX<\/h5>\n<p>CHF 747.-<\/p>\n<h5>LIEU<\/h5>\n<p>Centre de formation\u00a0<a title=\"Centre de formation du Coll\u00e8ge Romand\" href=\"https:\/\/www.pnl.ch\/lieux\/centre-de-formation-college-romand\/\" target=\"_blank\" rel=\"noopener noreferrer\">Coll\u00e8ge Romand<\/a>, Denges[\/vc_column_text][\/vc_tta_section][vc_tta_section title=\u00a0\u00bbEt apr\u00e8s?\u00a0\u00bb tab_id=\u00a0\u00bb1522307917318-a73611cd-582f\u00a0\u00bb][vc_column_text]<\/p>\n<h5 style=\"margin-top: 5px\">Ma\u00eetre Praticien en PNL<\/h5>\n<h3>Devenez un virtuose de la PNL gr\u00e2ce aux outils de personnalisation et un travail applicable au quotidien. Vous constaterez par vous-m\u00eame la performance dans vos interventions.<\/h3>\n<p>Dans le <a href=\"https:\/\/www.pnl.ch\/college-pnl\/formations\/praticien-en-pnl\/\">Praticien en PNL<\/a>, vous avez acquis de nombreux outils de communication et appris des techniques pour travailler sur le fonctionnement humain. Dans le <a href=\"https:\/\/www.pnl.ch\/college-pnl\/formations\/maitre-praticien-en-pnl\/\">Ma\u00eetre Praticien en PNL<\/a>, vous devenez un PNListe, capable de mod\u00e9liser naturellement.<\/p>\n<p>Vous \u00eates accompagn\u00e9 par un <a href=\"https:\/\/www.pnl.ch\/formateurs\/\" target=\"_blank\" rel=\"noopener noreferrer\">choix d&rsquo;experts<\/a> dans le domaine de la PNL, le coaching et l&rsquo;hypnose ericksonienne, plus de 100 ans d&rsquo;exp\u00e9rience cumul\u00e9e. Un nouveau programme combinant les piliers du <a href=\"https:\/\/www.pnl.ch\/college-pnl\/formations\/maitre-praticien-en-pnl\/\" target=\"_blank\" rel=\"noopener noreferrer\">Ma\u00eetre Praticien en PNL<\/a> et des domaines compl\u00e9mentaires, le tout pour vous permettre de cr\u00e9er des interventions sur mesure.<\/p>\n<p>En participant \u00e0 cette formation, vous b\u00e9n\u00e9ficiez de:<\/p>\n<ul class=\"puce-pnl\">\n<li>Un prix avantageux sur votre\u00a0<strong><a href=\"https:\/\/www.pnl.ch\/college-entreprise\/etes-vous-fait-pour-votre-travail\/\">profil professionnel L\u00e9onardo 3-4-5<\/a> avec un entretien de restitution<\/strong>.<\/li>\n<li>Un <strong>bilan de suivi \u00e9crit sur vos\u00a0comp\u00e9tences PNL<\/strong>\u00a0(si vous avez\u00a0particip\u00e9 au\u00a0<a href=\"https:\/\/www.pnl.ch\/college-pnl\/formations\/praticien-en-pnl\/\">Praticien en PNL<\/a> au Coll\u00e8ge Romand et encha\u00eenez directement avec le <a href=\"https:\/\/www.pnl.ch\/college-pnl\/formations\/maitre-praticien-en-pnl\/\">Ma\u00eetre Praticien en PNL<\/a>).<\/li>\n<li><strong>Deux coachings sur un travail pratique<\/strong> d&rsquo;application avec un formateur.<\/li>\n<\/ul>\n<p>Ce module, PNL en entreprise, fait partie de la formation de <a href=\"https:\/\/www.pnl.ch\/college-pnl\/formations\/maitre-praticien-en-pnl\/\">Ma\u00eetre Praticien en PNL<\/a>, certifi\u00e9e par la maison m\u00e8re aux USA\u202f:\u00a0<em>The Society of NLP<\/em>. Cette formation peut \u00eatre suivie par modules ou sur deux ans.<\/p>\n<p><a href=\"https:\/\/www.pnl.ch\/college-pnl\/formations\/maitre-praticien-en-pnl\/\"><strong>D\u00e9couvrez les plus de cette formation\u2026<\/strong><\/a>[\/vc_column_text][\/vc_tta_section][\/vc_tta_tabs][\/vc_column][\/vc_row][vc_row margin_top=\u00a0\u00bb50&Prime;][vc_column][vc_column_text]Nous vous conseillons volontiers sur cette formation, contactez directement le Coll\u00e8ge Entreprise au <a href=\"tel:+41227369862\">+41 22 736 98 62<\/a> les lundi, mardi, jeudi et vendredi.[\/vc_column_text][vc_btn title=\u00a0\u00bbProposer cette formation \u00e0 vos \u00e9quipes\u00a0\u00bb color=\u00a0\u00bbdanger\u00a0\u00bb align=\u00a0\u00bbleft\u00a0\u00bb css=\u00a0\u00bb\u00a0\u00bb link=\u00a0\u00bburl:https%3A%2F%2Fwww.pnl.ch%2Fcollege-entreprise%2Finscription%2F|title:Proposer%20cette%20formation%20%C3%A0%20vos%20%C3%A9quipes\u00a0\u00bb][\/vc_column][\/vc_row][vc_column][\/vc_column]<\/p>\n<\/div>","protected":false},"excerpt":{"rendered":"<p>[vc_row margin_top=\u00a0\u00bb-20&Prime;][vc_column width=\u00a0\u00bb1\/4&Prime;][vc_single_image image=\u00a0\u00bb852&Prime; img_size=\u00a0\u00bb250&#215;250&Prime; css_animation=\u00a0\u00bbzoomIn\u00a0\u00bb][\/vc_column][vc_column width=\u00a0\u00bb3\/4&Prime;][vc_column_text css=\u00a0\u00bb\u00a0\u00bb] DATES \u00c0 VENIR Comment transformer vos id\u00e9es en projets concrets et performants ? Dans un environnement professionnel o\u00f9 la r\u00e9ussite des projets est essentielle, la Programmation Neurolinguistique (PNL) offre des outils puissants pour structurer, planifier et mener \u00e0 bien vos initiatives. Ce s\u00e9minaire vous aide \u00e0 optimiser&hellip;<\/p>\n","protected":false},"author":1,"featured_media":852,"parent":43,"menu_order":0,"comment_status":"closed","ping_status":"closed","template":"","meta":{"_acf_changed":false,"footnotes":""},"class_list":["post-28","page","type-page","status-publish","has-post-thumbnail","hentry","description-off"],"acf":[],"yoast_head":"<!-- This site is optimized with the Yoast SEO Premium plugin v27.4 (Yoast SEO v27.4) - https:\/\/yoast.com\/product\/yoast-seo-premium-wordpress\/ -->\n<title>R\u00e9ussir vos projets avec la PNL | Coll\u00e8ge Romand<\/title>\n<meta name=\"description\" content=\"S\u00e9minaire pour d\u00e9couvrir comment appliquer la PNL dans le domaine de la gestion de vos projets. Vous travaillerez sur un vrai projet personnel\" \/>\n<meta name=\"robots\" content=\"index, follow, max-snippet:-1, max-image-preview:large, max-video-preview:-1\" \/>\n<link rel=\"canonical\" href=\"https:\/\/www.pnl.ch\/college-entreprise\/formations-inter-entreprise\/reussir-vos-projets\/\" \/>\n<meta property=\"og:locale\" content=\"fr_FR\" \/>\n<meta property=\"og:type\" content=\"article\" \/>\n<meta property=\"og:title\" content=\"R\u00e9ussir vos projets avec la PNL | Coll\u00e8ge Romand\" \/>\n<meta property=\"og:description\" content=\"S\u00e9minaire pour d\u00e9couvrir comment appliquer la PNL dans le domaine de la gestion de vos projets. Vous travaillerez sur un vrai projet personnel\" \/>\n<meta property=\"og:url\" content=\"https:\/\/www.pnl.ch\/college-entreprise\/formations-inter-entreprise\/reussir-vos-projets\/\" \/>\n<meta property=\"og:site_name\" content=\"Coll\u00e8ge Entreprise\" \/>\n<meta property=\"article:publisher\" content=\"https:\/\/www.facebook.com\/college.romand\/\" \/>\n<meta property=\"article:modified_time\" content=\"2025-04-15T12:29:44+00:00\" \/>\n<meta property=\"og:image\" content=\"http:\/\/www.pnl.ch\/college-entreprise\/wp-content\/uploads\/sites\/5\/2024\/04\/projets-jpg.webp\" \/>\n\t<meta property=\"og:image:width\" content=\"1200\" \/>\n\t<meta property=\"og:image:height\" content=\"675\" \/>\n\t<meta property=\"og:image:type\" content=\"image\/jpeg\" \/>\n<meta name=\"twitter:card\" content=\"summary_large_image\" \/>\n<meta name=\"twitter:title\" content=\"R\u00e9ussir vos projets avec la PNL | Coll\u00e8ge Romand\" \/>\n<meta name=\"twitter:description\" content=\"S\u00e9minaire pour d\u00e9couvrir comment appliquer la PNL dans le domaine de la gestion de vos projets. Vous travaillerez sur un vrai projet personnel\" \/>\n<meta name=\"twitter:site\" content=\"@CollegeRomand\" \/>\n<meta name=\"twitter:label1\" content=\"Dur\u00e9e de lecture estim\u00e9e\" \/>\n\t<meta name=\"twitter:data1\" content=\"5 minutes\" \/>\n<script type=\"application\/ld+json\" class=\"yoast-schema-graph\">{\"@context\":\"https:\\\/\\\/schema.org\",\"@graph\":[{\"@type\":\"WebPage\",\"@id\":\"https:\\\/\\\/www.pnl.ch\\\/college-entreprise\\\/formations-inter-entreprise\\\/reussir-vos-projets\\\/\",\"url\":\"https:\\\/\\\/www.pnl.ch\\\/college-entreprise\\\/formations-inter-entreprise\\\/reussir-vos-projets\\\/\",\"name\":\"R\u00e9ussir vos projets avec la PNL | Coll\u00e8ge Romand\",\"isPartOf\":{\"@id\":\"https:\\\/\\\/www.pnl.ch\\\/college-entreprise\\\/#website\"},\"primaryImageOfPage\":{\"@id\":\"https:\\\/\\\/www.pnl.ch\\\/college-entreprise\\\/formations-inter-entreprise\\\/reussir-vos-projets\\\/#primaryimage\"},\"image\":{\"@id\":\"https:\\\/\\\/www.pnl.ch\\\/college-entreprise\\\/formations-inter-entreprise\\\/reussir-vos-projets\\\/#primaryimage\"},\"thumbnailUrl\":\"https:\\\/\\\/www.pnl.ch\\\/college-entreprise\\\/wp-content\\\/uploads\\\/sites\\\/5\\\/2021\\\/08\\\/reussir-vos-projets.jpg\",\"datePublished\":\"2017-04-06T13:44:19+00:00\",\"dateModified\":\"2025-04-15T12:29:44+00:00\",\"description\":\"S\u00e9minaire pour d\u00e9couvrir comment appliquer la PNL dans le domaine de la gestion de vos projets. Vous travaillerez sur un vrai projet personnel\",\"breadcrumb\":{\"@id\":\"https:\\\/\\\/www.pnl.ch\\\/college-entreprise\\\/formations-inter-entreprise\\\/reussir-vos-projets\\\/#breadcrumb\"},\"inLanguage\":\"fr-FR\",\"potentialAction\":[{\"@type\":\"ReadAction\",\"target\":[\"https:\\\/\\\/www.pnl.ch\\\/college-entreprise\\\/formations-inter-entreprise\\\/reussir-vos-projets\\\/\"]}]},{\"@type\":\"ImageObject\",\"inLanguage\":\"fr-FR\",\"@id\":\"https:\\\/\\\/www.pnl.ch\\\/college-entreprise\\\/formations-inter-entreprise\\\/reussir-vos-projets\\\/#primaryimage\",\"url\":\"https:\\\/\\\/www.pnl.ch\\\/college-entreprise\\\/wp-content\\\/uploads\\\/sites\\\/5\\\/2021\\\/08\\\/reussir-vos-projets.jpg\",\"contentUrl\":\"https:\\\/\\\/www.pnl.ch\\\/college-entreprise\\\/wp-content\\\/uploads\\\/sites\\\/5\\\/2021\\\/08\\\/reussir-vos-projets.jpg\",\"width\":300,\"height\":300,\"caption\":\"R\u00e9ussir vos projets avec la PNL\"},{\"@type\":\"BreadcrumbList\",\"@id\":\"https:\\\/\\\/www.pnl.ch\\\/college-entreprise\\\/formations-inter-entreprise\\\/reussir-vos-projets\\\/#breadcrumb\",\"itemListElement\":[{\"@type\":\"ListItem\",\"position\":1,\"name\":\"Accueil\",\"item\":\"https:\\\/\\\/www.pnl.ch\\\/college-entreprise\\\/\"},{\"@type\":\"ListItem\",\"position\":2,\"name\":\"Formations inter-entreprise\",\"item\":\"http:\\\/\\\/www.pnl.ch\\\/college-entreprise\\\/formations-inter-entreprise\\\/\"},{\"@type\":\"ListItem\",\"position\":3,\"name\":\"R\u00e9ussir vos projets avec la PNL\"}]},{\"@type\":\"WebSite\",\"@id\":\"https:\\\/\\\/www.pnl.ch\\\/college-entreprise\\\/#website\",\"url\":\"https:\\\/\\\/www.pnl.ch\\\/college-entreprise\\\/\",\"name\":\"Coll\u00e8ge Entreprise\",\"description\":\"Formations certifiantes en d\u00e9veloppement de l\u2019Humain dans l\u2019Entreprise\",\"publisher\":{\"@id\":\"https:\\\/\\\/www.pnl.ch\\\/college-entreprise\\\/#organization\"},\"potentialAction\":[{\"@type\":\"SearchAction\",\"target\":{\"@type\":\"EntryPoint\",\"urlTemplate\":\"https:\\\/\\\/www.pnl.ch\\\/college-entreprise\\\/?s={search_term_string}\"},\"query-input\":{\"@type\":\"PropertyValueSpecification\",\"valueRequired\":true,\"valueName\":\"search_term_string\"}}],\"inLanguage\":\"fr-FR\"},{\"@type\":\"Organization\",\"@id\":\"https:\\\/\\\/www.pnl.ch\\\/college-entreprise\\\/#organization\",\"name\":\"Coll\u00e8ge Romand - Centre de formation d'adultes S\u00e0rl\",\"url\":\"https:\\\/\\\/www.pnl.ch\\\/college-entreprise\\\/\",\"logo\":{\"@type\":\"ImageObject\",\"inLanguage\":\"fr-FR\",\"@id\":\"https:\\\/\\\/www.pnl.ch\\\/college-entreprise\\\/#\\\/schema\\\/logo\\\/image\\\/\",\"url\":\"https:\\\/\\\/www.pnl.ch\\\/college-entreprise\\\/wp-content\\\/uploads\\\/sites\\\/5\\\/2017\\\/04\\\/college-entreprise-logo-nc.png\",\"contentUrl\":\"https:\\\/\\\/www.pnl.ch\\\/college-entreprise\\\/wp-content\\\/uploads\\\/sites\\\/5\\\/2017\\\/04\\\/college-entreprise-logo-nc.png\",\"width\":314,\"height\":200,\"caption\":\"Coll\u00e8ge Romand - Centre de formation d'adultes S\u00e0rl\"},\"image\":{\"@id\":\"https:\\\/\\\/www.pnl.ch\\\/college-entreprise\\\/#\\\/schema\\\/logo\\\/image\\\/\"},\"sameAs\":[\"https:\\\/\\\/www.facebook.com\\\/college.romand\\\/\",\"https:\\\/\\\/x.com\\\/CollegeRomand\",\"https:\\\/\\\/www.linkedin.com\\\/school\\\/college-romand\\\/\",\"https:\\\/\\\/www.instagram.com\\\/collegeromand\\\/\"]}]}<\/script>\n<!-- \/ Yoast SEO Premium plugin. -->","yoast_head_json":{"title":"R\u00e9ussir vos projets avec la PNL | Coll\u00e8ge Romand","description":"S\u00e9minaire pour d\u00e9couvrir comment appliquer la PNL dans le domaine de la gestion de vos projets. Vous travaillerez sur un vrai projet personnel","robots":{"index":"index","follow":"follow","max-snippet":"max-snippet:-1","max-image-preview":"max-image-preview:large","max-video-preview":"max-video-preview:-1"},"canonical":"https:\/\/www.pnl.ch\/college-entreprise\/formations-inter-entreprise\/reussir-vos-projets\/","og_locale":"fr_FR","og_type":"article","og_title":"R\u00e9ussir vos projets avec la PNL | Coll\u00e8ge Romand","og_description":"S\u00e9minaire pour d\u00e9couvrir comment appliquer la PNL dans le domaine de la gestion de vos projets. Vous travaillerez sur un vrai projet personnel","og_url":"https:\/\/www.pnl.ch\/college-entreprise\/formations-inter-entreprise\/reussir-vos-projets\/","og_site_name":"Coll\u00e8ge Entreprise","article_publisher":"https:\/\/www.facebook.com\/college.romand\/","article_modified_time":"2025-04-15T12:29:44+00:00","og_image":[{"width":1200,"height":675,"url":"http:\/\/www.pnl.ch\/college-entreprise\/wp-content\/uploads\/sites\/5\/2024\/04\/projets-jpg.webp","type":"image\/jpeg"}],"twitter_card":"summary_large_image","twitter_title":"R\u00e9ussir vos projets avec la PNL | Coll\u00e8ge Romand","twitter_description":"S\u00e9minaire pour d\u00e9couvrir comment appliquer la PNL dans le domaine de la gestion de vos projets. Vous travaillerez sur un vrai projet personnel","twitter_site":"@CollegeRomand","twitter_misc":{"Dur\u00e9e de lecture estim\u00e9e":"5 minutes"},"schema":{"@context":"https:\/\/schema.org","@graph":[{"@type":"WebPage","@id":"https:\/\/www.pnl.ch\/college-entreprise\/formations-inter-entreprise\/reussir-vos-projets\/","url":"https:\/\/www.pnl.ch\/college-entreprise\/formations-inter-entreprise\/reussir-vos-projets\/","name":"R\u00e9ussir vos projets avec la PNL | Coll\u00e8ge Romand","isPartOf":{"@id":"https:\/\/www.pnl.ch\/college-entreprise\/#website"},"primaryImageOfPage":{"@id":"https:\/\/www.pnl.ch\/college-entreprise\/formations-inter-entreprise\/reussir-vos-projets\/#primaryimage"},"image":{"@id":"https:\/\/www.pnl.ch\/college-entreprise\/formations-inter-entreprise\/reussir-vos-projets\/#primaryimage"},"thumbnailUrl":"https:\/\/www.pnl.ch\/college-entreprise\/wp-content\/uploads\/sites\/5\/2021\/08\/reussir-vos-projets.jpg","datePublished":"2017-04-06T13:44:19+00:00","dateModified":"2025-04-15T12:29:44+00:00","description":"S\u00e9minaire pour d\u00e9couvrir comment appliquer la PNL dans le domaine de la gestion de vos projets. Vous travaillerez sur un vrai projet personnel","breadcrumb":{"@id":"https:\/\/www.pnl.ch\/college-entreprise\/formations-inter-entreprise\/reussir-vos-projets\/#breadcrumb"},"inLanguage":"fr-FR","potentialAction":[{"@type":"ReadAction","target":["https:\/\/www.pnl.ch\/college-entreprise\/formations-inter-entreprise\/reussir-vos-projets\/"]}]},{"@type":"ImageObject","inLanguage":"fr-FR","@id":"https:\/\/www.pnl.ch\/college-entreprise\/formations-inter-entreprise\/reussir-vos-projets\/#primaryimage","url":"https:\/\/www.pnl.ch\/college-entreprise\/wp-content\/uploads\/sites\/5\/2021\/08\/reussir-vos-projets.jpg","contentUrl":"https:\/\/www.pnl.ch\/college-entreprise\/wp-content\/uploads\/sites\/5\/2021\/08\/reussir-vos-projets.jpg","width":300,"height":300,"caption":"R\u00e9ussir vos projets avec la PNL"},{"@type":"BreadcrumbList","@id":"https:\/\/www.pnl.ch\/college-entreprise\/formations-inter-entreprise\/reussir-vos-projets\/#breadcrumb","itemListElement":[{"@type":"ListItem","position":1,"name":"Accueil","item":"https:\/\/www.pnl.ch\/college-entreprise\/"},{"@type":"ListItem","position":2,"name":"Formations inter-entreprise","item":"http:\/\/www.pnl.ch\/college-entreprise\/formations-inter-entreprise\/"},{"@type":"ListItem","position":3,"name":"R\u00e9ussir vos projets avec la PNL"}]},{"@type":"WebSite","@id":"https:\/\/www.pnl.ch\/college-entreprise\/#website","url":"https:\/\/www.pnl.ch\/college-entreprise\/","name":"Coll\u00e8ge Entreprise","description":"Formations certifiantes en d\u00e9veloppement de l\u2019Humain dans l\u2019Entreprise","publisher":{"@id":"https:\/\/www.pnl.ch\/college-entreprise\/#organization"},"potentialAction":[{"@type":"SearchAction","target":{"@type":"EntryPoint","urlTemplate":"https:\/\/www.pnl.ch\/college-entreprise\/?s={search_term_string}"},"query-input":{"@type":"PropertyValueSpecification","valueRequired":true,"valueName":"search_term_string"}}],"inLanguage":"fr-FR"},{"@type":"Organization","@id":"https:\/\/www.pnl.ch\/college-entreprise\/#organization","name":"Coll\u00e8ge Romand - Centre de formation d'adultes S\u00e0rl","url":"https:\/\/www.pnl.ch\/college-entreprise\/","logo":{"@type":"ImageObject","inLanguage":"fr-FR","@id":"https:\/\/www.pnl.ch\/college-entreprise\/#\/schema\/logo\/image\/","url":"https:\/\/www.pnl.ch\/college-entreprise\/wp-content\/uploads\/sites\/5\/2017\/04\/college-entreprise-logo-nc.png","contentUrl":"https:\/\/www.pnl.ch\/college-entreprise\/wp-content\/uploads\/sites\/5\/2017\/04\/college-entreprise-logo-nc.png","width":314,"height":200,"caption":"Coll\u00e8ge Romand - Centre de formation d'adultes S\u00e0rl"},"image":{"@id":"https:\/\/www.pnl.ch\/college-entreprise\/#\/schema\/logo\/image\/"},"sameAs":["https:\/\/www.facebook.com\/college.romand\/","https:\/\/x.com\/CollegeRomand","https:\/\/www.linkedin.com\/school\/college-romand\/","https:\/\/www.instagram.com\/collegeromand\/"]}]}},"_links":{"self":[{"href":"https:\/\/www.pnl.ch\/college-entreprise\/wp-json\/wp\/v2\/pages\/28","targetHints":{"allow":["GET"]}}],"collection":[{"href":"https:\/\/www.pnl.ch\/college-entreprise\/wp-json\/wp\/v2\/pages"}],"about":[{"href":"https:\/\/www.pnl.ch\/college-entreprise\/wp-json\/wp\/v2\/types\/page"}],"author":[{"embeddable":true,"href":"https:\/\/www.pnl.ch\/college-entreprise\/wp-json\/wp\/v2\/users\/1"}],"replies":[{"embeddable":true,"href":"https:\/\/www.pnl.ch\/college-entreprise\/wp-json\/wp\/v2\/comments?post=28"}],"version-history":[{"count":18,"href":"https:\/\/www.pnl.ch\/college-entreprise\/wp-json\/wp\/v2\/pages\/28\/revisions"}],"predecessor-version":[{"id":1245,"href":"https:\/\/www.pnl.ch\/college-entreprise\/wp-json\/wp\/v2\/pages\/28\/revisions\/1245"}],"up":[{"embeddable":true,"href":"https:\/\/www.pnl.ch\/college-entreprise\/wp-json\/wp\/v2\/pages\/43"}],"wp:featuredmedia":[{"embeddable":true,"href":"https:\/\/www.pnl.ch\/college-entreprise\/wp-json\/wp\/v2\/media\/852"}],"wp:attachment":[{"href":"https:\/\/www.pnl.ch\/college-entreprise\/wp-json\/wp\/v2\/media?parent=28"}],"curies":[{"name":"wp","href":"https:\/\/api.w.org\/{rel}","templated":true}]}}