{"id":46,"date":"2017-04-06T15:54:19","date_gmt":"2017-04-06T13:54:19","guid":{"rendered":"https:\/\/www.pnl.ch\/college-entreprise\/?page_id=46"},"modified":"2024-11-11T19:21:37","modified_gmt":"2024-11-11T18:21:37","slug":"formations-intra-entreprise","status":"publish","type":"page","link":"https:\/\/www.pnl.ch\/college-entreprise\/formations-intra-entreprise\/","title":{"rendered":"Formations intra-entreprise"},"content":{"rendered":"<div class=\"wpb-content-wrapper\"><p>[vc_row margin_top=\u00a0\u00bb40px\u00a0\u00bb][vc_column width=\u00a0\u00bb2\/12&Prime;][vc_single_image image=\u00a0\u00bb714&Prime; img_size=\u00a0\u00bbfull\u00a0\u00bb css_animation=\u00a0\u00bbzoomIn\u00a0\u00bb css=\u00a0\u00bb\u00a0\u00bb][\/vc_column][vc_column width=\u00a0\u00bb7\/12&Prime; css=\u00a0\u00bb.vc_custom_1511798439211{padding-left: 50px !important;}\u00a0\u00bb][vc_column_text css=\u00a0\u00bb\u00a0\u00bb]<\/p>\n<h3 style=\"margin-top: 0; margin-bottom: 10px;\">Agir en s\u00e9r\u00e9nit\u00e9 dans un monde en transformation<\/h3>\n<p style=\"margin-top: 0;\"><strong>G\u00e9rer les pressions li\u00e9es \u00e0 un monde VUCA caract\u00e9ris\u00e9 par la volatilit\u00e9, l\u2019incertitude, la complexit\u00e9 et l\u2019ambigu\u00eft\u00e9.<\/strong><\/p>\n<p>Sous forme d\u2019exercices ludiques et interactifs, ce s\u00e9minaire est une belle occasion de tester des pratiques visant un \u00e9quilibre r\u00e9aliste dans les diff\u00e9rents domaines de vie. [\/vc_column_text][\/vc_column][vc_column width=\u00a0\u00bb3\/12&Prime; css=\u00a0\u00bb.vc_custom_1496695412689{padding-top: 45px !important;}\u00a0\u00bb][vc_btn title=\u00a0\u00bbEn savoir plus\u00a0\u00bb color=\u00a0\u00bbdanger\u00a0\u00bb align=\u00a0\u00bbright\u00a0\u00bb i_align=\u00a0\u00bbright\u00a0\u00bb i_icon_fontawesome=\u00a0\u00bb\u00a0\u00bb css_animation=\u00a0\u00bbzoomIn\u00a0\u00bb css=\u00a0\u00bb\u00a0\u00bb add_icon=\u00a0\u00bbtrue\u00a0\u00bb link=\u00a0\u00bburl:https%3A%2F%2Fwww.pnl.ch%2Fcollege-entreprise%2Fformations-intra-entreprise%2Fserenite-monde-en-transformation%2F|title:Agir%20avec%20s%C3%A9r%C3%A9nit%C3%A9%20dans%20un%20monde%20en%20transformation\u00a0\u00bb][\/vc_column][\/vc_row][vc_row margin_top=\u00a0\u00bb40px\u00a0\u00bb][vc_column width=\u00a0\u00bb2\/12&Prime;][vc_single_image image=\u00a0\u00bb712&Prime; img_size=\u00a0\u00bbfull\u00a0\u00bb css_animation=\u00a0\u00bbzoomIn\u00a0\u00bb css=\u00a0\u00bb\u00a0\u00bb][\/vc_column][vc_column width=\u00a0\u00bb7\/12&Prime; css=\u00a0\u00bb.vc_custom_1511798576930{padding-left: 50px !important;}\u00a0\u00bb][vc_column_text css=\u00a0\u00bb\u00a0\u00bb]<\/p>\n<h3 style=\"margin-top: 0; margin-bottom: 10px;\">Cultiver votre intelligence \u00e9motionnelle au service de votre leadership<\/h3>\n<p style=\"margin-top: 0;\"><strong>Comprendre les \u00e9motions et leur influence sur vous et sur les autres pour les utiliser diff\u00e9remment.<\/strong><\/p>\n<p>En tant que leader, savoir utiliser vos \u00e9motions comme une ressource vous permet d\u2019en faire un outil de management et d\u2019agir avec justesse.[\/vc_column_text][\/vc_column][vc_column width=\u00a0\u00bb3\/12&Prime; css=\u00a0\u00bb.vc_custom_1496694772613{padding-top: 45px !important;}\u00a0\u00bb][vc_btn title=\u00a0\u00bbEn savoir plus\u00a0\u00bb color=\u00a0\u00bbdanger\u00a0\u00bb align=\u00a0\u00bbright\u00a0\u00bb i_align=\u00a0\u00bbright\u00a0\u00bb i_icon_fontawesome=\u00a0\u00bb\u00a0\u00bb css_animation=\u00a0\u00bbzoomIn\u00a0\u00bb css=\u00a0\u00bb\u00a0\u00bb add_icon=\u00a0\u00bbtrue\u00a0\u00bb link=\u00a0\u00bburl:https%3A%2F%2Fwww.pnl.ch%2Fcollege-entreprise%2Fformations-intra-entreprise%2Fintelligence-emotionnelle%2F|title:Cultiver%20votre%20intelligence%20%C3%A9motionnelle%20au%20service%20de%20votre%20leadership\u00a0\u00bb][\/vc_column][\/vc_row][vc_row margin_top=\u00a0\u00bb40px\u00a0\u00bb][vc_column width=\u00a0\u00bb2\/12&Prime;][vc_single_image image=\u00a0\u00bb713&Prime; img_size=\u00a0\u00bbfull\u00a0\u00bb css_animation=\u00a0\u00bbzoomIn\u00a0\u00bb css=\u00a0\u00bb\u00a0\u00bb][\/vc_column][vc_column width=\u00a0\u00bb7\/12&Prime; css=\u00a0\u00bb.vc_custom_1511798576930{padding-left: 50px !important;}\u00a0\u00bb][vc_column_text css=\u00a0\u00bb\u00a0\u00bb]<\/p>\n<h3 style=\"margin-top: 0; margin-bottom: 10px;\">Leadership: accompagner vos \u00e9quipes dans la conduite du changement<\/h3>\n<p style=\"margin-top: 0;\"><strong>Mobiliser ses collaborateurs face aux changements impos\u00e9s par le management est une t\u00e2che complexe.<\/strong><\/p>\n<p>Il faut savoir g\u00e9rer plusieurs pressions contradictoires et s\u2019adapter aux diff\u00e9rents profils de personnes pour conduire le changement avec fluidit\u00e9 et tonicit\u00e9.[\/vc_column_text][\/vc_column][vc_column width=\u00a0\u00bb3\/12&Prime; css=\u00a0\u00bb.vc_custom_1496694772613{padding-top: 45px !important;}\u00a0\u00bb][vc_btn title=\u00a0\u00bbEn savoir plus\u00a0\u00bb color=\u00a0\u00bbdanger\u00a0\u00bb align=\u00a0\u00bbright\u00a0\u00bb i_align=\u00a0\u00bbright\u00a0\u00bb i_icon_fontawesome=\u00a0\u00bb\u00a0\u00bb css_animation=\u00a0\u00bbzoomIn\u00a0\u00bb css=\u00a0\u00bb\u00a0\u00bb add_icon=\u00a0\u00bbtrue\u00a0\u00bb link=\u00a0\u00bburl:https%3A%2F%2Fwww.pnl.ch%2Fcollege-entreprise%2Fformations-intra-entreprise%2Fleadership-accompagner-vos-equipes%2F|title:Leadership%3A%20accompagner%20vos%20%C3%A9quipes%20dans%20la%20conduite%20du%20changement\u00a0\u00bb][\/vc_column][\/vc_row][vc_row margin_top=\u00a0\u00bb40px\u00a0\u00bb][vc_column width=\u00a0\u00bb2\/12&Prime;][vc_single_image image=\u00a0\u00bb136&Prime; img_size=\u00a0\u00bbfull\u00a0\u00bb css_animation=\u00a0\u00bbzoomIn\u00a0\u00bb css=\u00a0\u00bb\u00a0\u00bb][\/vc_column][vc_column width=\u00a0\u00bb7\/12&Prime; css=\u00a0\u00bb.vc_custom_1511798576930{padding-left: 50px !important;}\u00a0\u00bb][vc_column_text css=\u00a0\u00bb\u00a0\u00bb]<\/p>\n<h3 style=\"margin-top: 0; margin-bottom: 10px;\">Leadership authentique: laissez le cheval vous guider vers votre plein potentiel<\/h3>\n<p style=\"margin-top: 0;\"><strong>D\u00e9couvrez comment renforcer votre authenticit\u00e9 pour am\u00e9liorer votre performance et votre impact au sein de votre environnement professionnel.<\/strong><\/p>\n<p>Ce s\u00e9minaire propose une exp\u00e9rience unique\u202f: un \u00e9change direct avec un guide hors du commun, un cheval. Cet animal, naturellement authentique et sans jugement, agit comme un miroir neutre de vos comportements, r\u00e9v\u00e9lant les dynamiques personnelles qui influencent vos interactions, votre communication et votre leadership.<\/p>\n<p>[\/vc_column_text][\/vc_column][vc_column width=\u00a0\u00bb3\/12&Prime; css=\u00a0\u00bb.vc_custom_1496694772613{padding-top: 45px !important;}\u00a0\u00bb][vc_btn title=\u00a0\u00bbEn savoir plus\u00a0\u00bb color=\u00a0\u00bbdanger\u00a0\u00bb align=\u00a0\u00bbright\u00a0\u00bb i_align=\u00a0\u00bbright\u00a0\u00bb i_icon_fontawesome=\u00a0\u00bb\u00a0\u00bb css_animation=\u00a0\u00bbzoomIn\u00a0\u00bb css=\u00a0\u00bb\u00a0\u00bb add_icon=\u00a0\u00bbtrue\u00a0\u00bb link=\u00a0\u00bburl:https%3A%2F%2Fwww.pnl.ch%2Fcollege-entreprise%2Fformations-intra-entreprise%2Fleadership-authentique-cheval%2F|title:Leadership%3A%20accompagner%20vos%20%C3%A9quipes%20dans%20la%20conduite%20du%20changement\u00a0\u00bb][\/vc_column][\/vc_row][vc_row margin_top=\u00a0\u00bb40px\u00a0\u00bb][vc_column width=\u00a0\u00bb2\/12&Prime;][vc_single_image image=\u00a0\u00bb1039&Prime; img_size=\u00a0\u00bbfull\u00a0\u00bb css_animation=\u00a0\u00bbzoomIn\u00a0\u00bb css=\u00a0\u00bb\u00a0\u00bb][\/vc_column][vc_column width=\u00a0\u00bb7\/12&Prime; css=\u00a0\u00bb.vc_custom_1511798384088{padding-left: 50px !important;}\u00a0\u00bb][vc_column_text]<\/p>\n<h3 style=\"margin-top: 0; margin-bottom: 10px;\">R\u00e9ussir en \u00e9quipe<\/h3>\n<p style=\"margin-top: 0;\"><strong>Cette formation est sp\u00e9cialement con\u00e7ue pour amener les \u00e9quipes vers l\u2019excellence.<\/strong><\/p>\n<p>Elle am\u00e8nera les participants \u00e0 respecter les valeurs et les accords de l\u2019\u00e9quipe, promouvoir le d\u00e9veloppement de l\u2019\u00e9quipe, aider l\u2019\u00e9quipe \u00e0 prendre des d\u00e9cisions, coordonner et mener \u00e0 bien les t\u00e2ches et solutionner les situations difficiles.[\/vc_column_text][\/vc_column][vc_column width=\u00a0\u00bb3\/12&Prime; css=\u00a0\u00bb.vc_custom_1496694772613{padding-top: 45px !important;}\u00a0\u00bb][vc_btn title=\u00a0\u00bbEn savoir plus\u00a0\u00bb color=\u00a0\u00bbdanger\u00a0\u00bb align=\u00a0\u00bbright\u00a0\u00bb i_align=\u00a0\u00bbright\u00a0\u00bb i_icon_fontawesome=\u00a0\u00bb\u00a0\u00bb css_animation=\u00a0\u00bbzoomIn\u00a0\u00bb css=\u00a0\u00bb\u00a0\u00bb add_icon=\u00a0\u00bbtrue\u00a0\u00bb link=\u00a0\u00bburl:https%3A%2F%2Fwww.pnl.ch%2Fcollege-entreprise%2Fformations-intra-entreprise%2Freussir-en-equipe%2F|title:R%C3%A9ussir%20en%20%C3%A9quipe\u00a0\u00bb][\/vc_column][\/vc_row][vc_column width=\u00a0\u00bb2\/12&Prime;][\/vc_column][vc_column width=\u00a0\u00bb7\/12&Prime;][\/vc_column]<\/p>\n<\/div>","protected":false},"excerpt":{"rendered":"<p>[vc_row margin_top=\u00a0\u00bb40px\u00a0\u00bb][vc_column width=\u00a0\u00bb2\/12&Prime;][vc_single_image image=\u00a0\u00bb714&Prime; img_size=\u00a0\u00bbfull\u00a0\u00bb css_animation=\u00a0\u00bbzoomIn\u00a0\u00bb css=\u00a0\u00bb\u00a0\u00bb][\/vc_column][vc_column width=\u00a0\u00bb7\/12&Prime; css=\u00a0\u00bb.vc_custom_1511798439211{padding-left: 50px !important;}\u00a0\u00bb][vc_column_text css=\u00a0\u00bb\u00a0\u00bb] Agir en s\u00e9r\u00e9nit\u00e9 dans un monde en transformation G\u00e9rer les pressions li\u00e9es \u00e0 un monde VUCA caract\u00e9ris\u00e9 par la volatilit\u00e9, l\u2019incertitude, la complexit\u00e9 et l\u2019ambigu\u00eft\u00e9. Sous forme d\u2019exercices ludiques et interactifs, ce s\u00e9minaire est une belle occasion de tester des pratiques visant un&hellip;<\/p>\n","protected":false},"author":1,"featured_media":142,"parent":0,"menu_order":4,"comment_status":"closed","ping_status":"closed","template":"","meta":{"_acf_changed":false,"footnotes":""},"class_list":["post-46","page","type-page","status-publish","has-post-thumbnail","hentry","description-off"],"acf":[],"yoast_head":"<!-- This site is optimized with the Yoast SEO Premium plugin v27.4 (Yoast SEO v27.4) - https:\/\/yoast.com\/product\/yoast-seo-premium-wordpress\/ -->\n<title>Formations intra-entreprise | Coll\u00e8ge Entreprise<\/title>\n<meta name=\"description\" content=\"Formations intra-entreprise: d\u00e9veloppez les ressources humaines avec des outils de communication, management, gestion des \u00e9motions, etc.\" \/>\n<meta name=\"robots\" content=\"index, follow, max-snippet:-1, max-image-preview:large, max-video-preview:-1\" \/>\n<link rel=\"canonical\" href=\"http:\/\/www.pnl.ch\/college-entreprise\/formations-intra-entreprise\/\" \/>\n<meta property=\"og:locale\" content=\"fr_FR\" \/>\n<meta property=\"og:type\" content=\"article\" \/>\n<meta property=\"og:title\" content=\"Formations intra-entreprise\" \/>\n<meta property=\"og:description\" content=\"Formations intra-entreprise: d\u00e9veloppez les ressources humaines avec des outils de communication, management, gestion des \u00e9motions, etc.\" \/>\n<meta property=\"og:url\" content=\"http:\/\/www.pnl.ch\/college-entreprise\/formations-intra-entreprise\/\" \/>\n<meta property=\"og:site_name\" content=\"Coll\u00e8ge Entreprise\" \/>\n<meta property=\"article:publisher\" content=\"https:\/\/www.facebook.com\/college.romand\/\" \/>\n<meta property=\"article:modified_time\" content=\"2024-11-11T18:21:37+00:00\" \/>\n<meta property=\"og:image\" content=\"http:\/\/www.pnl.ch\/college-entreprise\/wp-content\/uploads\/sites\/5\/2024\/03\/prat-pnl-entreprise-jpg.webp\" \/>\n\t<meta property=\"og:image:width\" content=\"1200\" \/>\n\t<meta property=\"og:image:height\" content=\"675\" \/>\n\t<meta property=\"og:image:type\" content=\"image\/jpeg\" \/>\n<meta name=\"twitter:card\" content=\"summary_large_image\" \/>\n<meta name=\"twitter:description\" content=\"Formations intra-entreprise: d\u00e9veloppez les ressources humaines avec des outils de communication, management, gestion des \u00e9motions, etc.\" \/>\n<meta name=\"twitter:site\" content=\"@CollegeRomand\" \/>\n<meta name=\"twitter:label1\" content=\"Dur\u00e9e de lecture estim\u00e9e\" \/>\n\t<meta name=\"twitter:data1\" content=\"3 minutes\" \/>\n<script type=\"application\/ld+json\" class=\"yoast-schema-graph\">{\"@context\":\"https:\\\/\\\/schema.org\",\"@graph\":[{\"@type\":\"WebPage\",\"@id\":\"http:\\\/\\\/www.pnl.ch\\\/college-entreprise\\\/formations-intra-entreprise\\\/\",\"url\":\"http:\\\/\\\/www.pnl.ch\\\/college-entreprise\\\/formations-intra-entreprise\\\/\",\"name\":\"Formations intra-entreprise | Coll\u00e8ge Entreprise\",\"isPartOf\":{\"@id\":\"https:\\\/\\\/www.pnl.ch\\\/college-entreprise\\\/#website\"},\"primaryImageOfPage\":{\"@id\":\"http:\\\/\\\/www.pnl.ch\\\/college-entreprise\\\/formations-intra-entreprise\\\/#primaryimage\"},\"image\":{\"@id\":\"http:\\\/\\\/www.pnl.ch\\\/college-entreprise\\\/formations-intra-entreprise\\\/#primaryimage\"},\"thumbnailUrl\":\"https:\\\/\\\/www.pnl.ch\\\/college-entreprise\\\/wp-content\\\/uploads\\\/sites\\\/5\\\/2017\\\/04\\\/prat-pnl-entreprise.jpg\",\"datePublished\":\"2017-04-06T13:54:19+00:00\",\"dateModified\":\"2024-11-11T18:21:37+00:00\",\"description\":\"Formations intra-entreprise: d\u00e9veloppez les ressources humaines avec des outils de communication, management, gestion des \u00e9motions, etc.\",\"breadcrumb\":{\"@id\":\"http:\\\/\\\/www.pnl.ch\\\/college-entreprise\\\/formations-intra-entreprise\\\/#breadcrumb\"},\"inLanguage\":\"fr-FR\",\"potentialAction\":[{\"@type\":\"ReadAction\",\"target\":[\"http:\\\/\\\/www.pnl.ch\\\/college-entreprise\\\/formations-intra-entreprise\\\/\"]}]},{\"@type\":\"ImageObject\",\"inLanguage\":\"fr-FR\",\"@id\":\"http:\\\/\\\/www.pnl.ch\\\/college-entreprise\\\/formations-intra-entreprise\\\/#primaryimage\",\"url\":\"https:\\\/\\\/www.pnl.ch\\\/college-entreprise\\\/wp-content\\\/uploads\\\/sites\\\/5\\\/2017\\\/04\\\/prat-pnl-entreprise.jpg\",\"contentUrl\":\"https:\\\/\\\/www.pnl.ch\\\/college-entreprise\\\/wp-content\\\/uploads\\\/sites\\\/5\\\/2017\\\/04\\\/prat-pnl-entreprise.jpg\",\"width\":300,\"height\":300,\"caption\":\"Praticien en PNL\"},{\"@type\":\"BreadcrumbList\",\"@id\":\"http:\\\/\\\/www.pnl.ch\\\/college-entreprise\\\/formations-intra-entreprise\\\/#breadcrumb\",\"itemListElement\":[{\"@type\":\"ListItem\",\"position\":1,\"name\":\"Accueil\",\"item\":\"https:\\\/\\\/www.pnl.ch\\\/college-entreprise\\\/\"},{\"@type\":\"ListItem\",\"position\":2,\"name\":\"Formations intra-entreprise\"}]},{\"@type\":\"WebSite\",\"@id\":\"https:\\\/\\\/www.pnl.ch\\\/college-entreprise\\\/#website\",\"url\":\"https:\\\/\\\/www.pnl.ch\\\/college-entreprise\\\/\",\"name\":\"Coll\u00e8ge Entreprise\",\"description\":\"Formations certifiantes en d\u00e9veloppement de l\u2019Humain dans l\u2019Entreprise\",\"publisher\":{\"@id\":\"https:\\\/\\\/www.pnl.ch\\\/college-entreprise\\\/#organization\"},\"potentialAction\":[{\"@type\":\"SearchAction\",\"target\":{\"@type\":\"EntryPoint\",\"urlTemplate\":\"https:\\\/\\\/www.pnl.ch\\\/college-entreprise\\\/?s={search_term_string}\"},\"query-input\":{\"@type\":\"PropertyValueSpecification\",\"valueRequired\":true,\"valueName\":\"search_term_string\"}}],\"inLanguage\":\"fr-FR\"},{\"@type\":\"Organization\",\"@id\":\"https:\\\/\\\/www.pnl.ch\\\/college-entreprise\\\/#organization\",\"name\":\"Coll\u00e8ge Romand - Centre de formation d'adultes S\u00e0rl\",\"url\":\"https:\\\/\\\/www.pnl.ch\\\/college-entreprise\\\/\",\"logo\":{\"@type\":\"ImageObject\",\"inLanguage\":\"fr-FR\",\"@id\":\"https:\\\/\\\/www.pnl.ch\\\/college-entreprise\\\/#\\\/schema\\\/logo\\\/image\\\/\",\"url\":\"https:\\\/\\\/www.pnl.ch\\\/college-entreprise\\\/wp-content\\\/uploads\\\/sites\\\/5\\\/2017\\\/04\\\/college-entreprise-logo-nc.png\",\"contentUrl\":\"https:\\\/\\\/www.pnl.ch\\\/college-entreprise\\\/wp-content\\\/uploads\\\/sites\\\/5\\\/2017\\\/04\\\/college-entreprise-logo-nc.png\",\"width\":314,\"height\":200,\"caption\":\"Coll\u00e8ge Romand - Centre de formation d'adultes S\u00e0rl\"},\"image\":{\"@id\":\"https:\\\/\\\/www.pnl.ch\\\/college-entreprise\\\/#\\\/schema\\\/logo\\\/image\\\/\"},\"sameAs\":[\"https:\\\/\\\/www.facebook.com\\\/college.romand\\\/\",\"https:\\\/\\\/x.com\\\/CollegeRomand\",\"https:\\\/\\\/www.linkedin.com\\\/school\\\/college-romand\\\/\",\"https:\\\/\\\/www.instagram.com\\\/collegeromand\\\/\"]}]}<\/script>\n<!-- \/ Yoast SEO Premium plugin. -->","yoast_head_json":{"title":"Formations intra-entreprise | Coll\u00e8ge Entreprise","description":"Formations intra-entreprise: d\u00e9veloppez les ressources humaines avec des outils de communication, management, gestion des \u00e9motions, etc.","robots":{"index":"index","follow":"follow","max-snippet":"max-snippet:-1","max-image-preview":"max-image-preview:large","max-video-preview":"max-video-preview:-1"},"canonical":"http:\/\/www.pnl.ch\/college-entreprise\/formations-intra-entreprise\/","og_locale":"fr_FR","og_type":"article","og_title":"Formations intra-entreprise","og_description":"Formations intra-entreprise: d\u00e9veloppez les ressources humaines avec des outils de communication, management, gestion des \u00e9motions, etc.","og_url":"http:\/\/www.pnl.ch\/college-entreprise\/formations-intra-entreprise\/","og_site_name":"Coll\u00e8ge Entreprise","article_publisher":"https:\/\/www.facebook.com\/college.romand\/","article_modified_time":"2024-11-11T18:21:37+00:00","og_image":[{"width":1200,"height":675,"url":"http:\/\/www.pnl.ch\/college-entreprise\/wp-content\/uploads\/sites\/5\/2024\/03\/prat-pnl-entreprise-jpg.webp","type":"image\/jpeg"}],"twitter_card":"summary_large_image","twitter_description":"Formations intra-entreprise: d\u00e9veloppez les ressources humaines avec des outils de communication, management, gestion des \u00e9motions, etc.","twitter_site":"@CollegeRomand","twitter_misc":{"Dur\u00e9e de lecture estim\u00e9e":"3 minutes"},"schema":{"@context":"https:\/\/schema.org","@graph":[{"@type":"WebPage","@id":"http:\/\/www.pnl.ch\/college-entreprise\/formations-intra-entreprise\/","url":"http:\/\/www.pnl.ch\/college-entreprise\/formations-intra-entreprise\/","name":"Formations intra-entreprise | Coll\u00e8ge Entreprise","isPartOf":{"@id":"https:\/\/www.pnl.ch\/college-entreprise\/#website"},"primaryImageOfPage":{"@id":"http:\/\/www.pnl.ch\/college-entreprise\/formations-intra-entreprise\/#primaryimage"},"image":{"@id":"http:\/\/www.pnl.ch\/college-entreprise\/formations-intra-entreprise\/#primaryimage"},"thumbnailUrl":"https:\/\/www.pnl.ch\/college-entreprise\/wp-content\/uploads\/sites\/5\/2017\/04\/prat-pnl-entreprise.jpg","datePublished":"2017-04-06T13:54:19+00:00","dateModified":"2024-11-11T18:21:37+00:00","description":"Formations intra-entreprise: d\u00e9veloppez les ressources humaines avec des outils de communication, management, gestion des \u00e9motions, etc.","breadcrumb":{"@id":"http:\/\/www.pnl.ch\/college-entreprise\/formations-intra-entreprise\/#breadcrumb"},"inLanguage":"fr-FR","potentialAction":[{"@type":"ReadAction","target":["http:\/\/www.pnl.ch\/college-entreprise\/formations-intra-entreprise\/"]}]},{"@type":"ImageObject","inLanguage":"fr-FR","@id":"http:\/\/www.pnl.ch\/college-entreprise\/formations-intra-entreprise\/#primaryimage","url":"https:\/\/www.pnl.ch\/college-entreprise\/wp-content\/uploads\/sites\/5\/2017\/04\/prat-pnl-entreprise.jpg","contentUrl":"https:\/\/www.pnl.ch\/college-entreprise\/wp-content\/uploads\/sites\/5\/2017\/04\/prat-pnl-entreprise.jpg","width":300,"height":300,"caption":"Praticien en PNL"},{"@type":"BreadcrumbList","@id":"http:\/\/www.pnl.ch\/college-entreprise\/formations-intra-entreprise\/#breadcrumb","itemListElement":[{"@type":"ListItem","position":1,"name":"Accueil","item":"https:\/\/www.pnl.ch\/college-entreprise\/"},{"@type":"ListItem","position":2,"name":"Formations intra-entreprise"}]},{"@type":"WebSite","@id":"https:\/\/www.pnl.ch\/college-entreprise\/#website","url":"https:\/\/www.pnl.ch\/college-entreprise\/","name":"Coll\u00e8ge Entreprise","description":"Formations certifiantes en d\u00e9veloppement de l\u2019Humain dans l\u2019Entreprise","publisher":{"@id":"https:\/\/www.pnl.ch\/college-entreprise\/#organization"},"potentialAction":[{"@type":"SearchAction","target":{"@type":"EntryPoint","urlTemplate":"https:\/\/www.pnl.ch\/college-entreprise\/?s={search_term_string}"},"query-input":{"@type":"PropertyValueSpecification","valueRequired":true,"valueName":"search_term_string"}}],"inLanguage":"fr-FR"},{"@type":"Organization","@id":"https:\/\/www.pnl.ch\/college-entreprise\/#organization","name":"Coll\u00e8ge Romand - Centre de formation d'adultes S\u00e0rl","url":"https:\/\/www.pnl.ch\/college-entreprise\/","logo":{"@type":"ImageObject","inLanguage":"fr-FR","@id":"https:\/\/www.pnl.ch\/college-entreprise\/#\/schema\/logo\/image\/","url":"https:\/\/www.pnl.ch\/college-entreprise\/wp-content\/uploads\/sites\/5\/2017\/04\/college-entreprise-logo-nc.png","contentUrl":"https:\/\/www.pnl.ch\/college-entreprise\/wp-content\/uploads\/sites\/5\/2017\/04\/college-entreprise-logo-nc.png","width":314,"height":200,"caption":"Coll\u00e8ge Romand - Centre de formation d'adultes S\u00e0rl"},"image":{"@id":"https:\/\/www.pnl.ch\/college-entreprise\/#\/schema\/logo\/image\/"},"sameAs":["https:\/\/www.facebook.com\/college.romand\/","https:\/\/x.com\/CollegeRomand","https:\/\/www.linkedin.com\/school\/college-romand\/","https:\/\/www.instagram.com\/collegeromand\/"]}]}},"_links":{"self":[{"href":"https:\/\/www.pnl.ch\/college-entreprise\/wp-json\/wp\/v2\/pages\/46","targetHints":{"allow":["GET"]}}],"collection":[{"href":"https:\/\/www.pnl.ch\/college-entreprise\/wp-json\/wp\/v2\/pages"}],"about":[{"href":"https:\/\/www.pnl.ch\/college-entreprise\/wp-json\/wp\/v2\/types\/page"}],"author":[{"embeddable":true,"href":"https:\/\/www.pnl.ch\/college-entreprise\/wp-json\/wp\/v2\/users\/1"}],"replies":[{"embeddable":true,"href":"https:\/\/www.pnl.ch\/college-entreprise\/wp-json\/wp\/v2\/comments?post=46"}],"version-history":[{"count":11,"href":"https:\/\/www.pnl.ch\/college-entreprise\/wp-json\/wp\/v2\/pages\/46\/revisions"}],"predecessor-version":[{"id":1147,"href":"https:\/\/www.pnl.ch\/college-entreprise\/wp-json\/wp\/v2\/pages\/46\/revisions\/1147"}],"wp:featuredmedia":[{"embeddable":true,"href":"https:\/\/www.pnl.ch\/college-entreprise\/wp-json\/wp\/v2\/media\/142"}],"wp:attachment":[{"href":"https:\/\/www.pnl.ch\/college-entreprise\/wp-json\/wp\/v2\/media?parent=46"}],"curies":[{"name":"wp","href":"https:\/\/api.w.org\/{rel}","templated":true}]}}