{"id":1346,"date":"2020-08-17T14:31:48","date_gmt":"2020-08-17T12:31:48","guid":{"rendered":"https:\/\/www.pnl.ch\/college-hypnose\/?page_id=1346"},"modified":"2025-10-24T15:12:32","modified_gmt":"2025-10-24T13:12:32","slug":"gestion-de-la-douleur-par-hypnose","status":"publish","type":"page","link":"https:\/\/www.pnl.ch\/college-hypnose\/seminaires\/gestion-de-la-douleur-par-hypnose\/","title":{"rendered":"Gestion de la douleur par l&rsquo;hypnose"},"content":{"rendered":"<div class=\"wpb-content-wrapper\"><p>[vc_row margin_top=\u00a0\u00bb-20&Prime;][vc_column width=\u00a0\u00bb1\/4&Prime;][vc_single_image image=\u00a0\u00bb1355&Prime; img_size=\u00a0\u00bb250&#215;250&Prime; alignment=\u00a0\u00bbcenter\u00a0\u00bb css_animation=\u00a0\u00bbzoomIn\u00a0\u00bb][\/vc_column][vc_column width=\u00a0\u00bb3\/4&Prime;][vc_column_text css=\u00a0\u00bb\u00a0\u00bb]<\/p>\n<p class=\"date-formation\">Dates \u00e0 venir<\/p>\n<h3>Acqu\u00e9rir des outils pour accompagner les personnes qui vivent des douleurs au quotidien et d\u00e9velopper une prise en charge de la gestion de la douleur \u00e0 venir dans le cadre d\u2019un soin.<\/h3>\n<p>La douleur est un m\u00e9canisme complexe souvent accompagn\u00e9e d\u2019\u00e9tats affectifs et m\u00e9moriels qu\u2019il s\u2019agit de conna\u00eeitre afin d\u2019aider la personne \u00e0 retrouver une qualit\u00e9 de vie acceptable. L\u2019hypnose, dans le champ de la douleur, peut se r\u00e9v\u00e9ler utile afin de <strong>pouvoir contr\u00f4ler le niveau d\u2019intensit\u00e9 d\u2019une douleur<\/strong>, qu\u2019elle soit chronique ou soudaine.<\/p>\n<p><strong>La douleur impacte consid\u00e9rablement notre qualit\u00e9 de vie<\/strong>. Au-del\u00e0 de la souffrance physique, l&rsquo;humeur, l&rsquo;\u00e9tat d&rsquo;esprit et l&rsquo;image de soi peuvent \u00eatre lourdement affect\u00e9s. C&rsquo;est <strong>un d\u00e9fi pour celui qui le vit <\/strong>et<strong>\u00a0pour celui qui l&rsquo;accompagne<\/strong>.<\/p>\n<p>Pour cela, vous aurez besoin de bien conna\u00eetre <strong>le fonctionnement de la douleur<\/strong> et <strong>les m\u00e9canismes permettant de la r\u00e9guler<\/strong>.<\/p>\n<p>Ce s\u00e9minaire apporte un <strong>compl\u00e9ment \u00e0 une formation en hypnose<\/strong>, il aborde en profondeur les <strong>sp\u00e9cificit\u00e9s li\u00e9es \u00e0 la gestion de la douleur<\/strong>.[\/vc_column_text][vc_btn title=\u00a0\u00bbVous inscrire\u00a0\u00bb color=\u00a0\u00bbviolet\u00a0\u00bb align=\u00a0\u00bbleft\u00a0\u00bb css=\u00a0\u00bb\u00a0\u00bb link=\u00a0\u00bburl:https%3A%2F%2Fwww.pnl.ch%2Fcollege-hypnose%2Finscription\u00a0\u00bb][\/vc_column][\/vc_row][vc_row margin_top=\u00a0\u00bb40&Prime; margin_bottom=\u00a0\u00bb40&Prime;][vc_column][vc_tta_tabs style=\u00a0\u00bbmodern\u00a0\u00bb spacing=\u00a0\u00bb4&Prime; gap=\u00a0\u00bb4&Prime; active_section=\u00a0\u00bb1&Prime;][vc_tta_section title=\u00a0\u00bbObjectifs\u00a0\u00bb tab_id=\u00a0\u00bb1499948174641-8ffa2500-1248&Prime;][vc_column_text]<\/p>\n<ul class=\"puce-hypnose\">\n<li>\u00c9valuer la douleur et r\u00e9colter les informations sp\u00e9cifiques.<\/li>\n<li>Ma\u00eetriser les diff\u00e9rentes techniques dans l\u2019accompagnement de la douleur induite et chronique.<\/li>\n<li>Identifier les diff\u00e9rentes composantes de la douleur.<\/li>\n<li>D\u00e9velopper la capacit\u00e9 d\u2019une gestion autonome chez la personne face aux situations impos\u00e9es par la relation de soin.<\/li>\n<li>Faire sortir la pens\u00e9e d\u2019une pens\u00e9e binaire : douleur ou absence de douleur.<\/li>\n<\/ul>\n<p>[\/vc_column_text][\/vc_tta_section][vc_tta_section title=\u00a0\u00bbContenus\u00a0\u00bb tab_id=\u00a0\u00bb1499948174827-9d0006d5-c258&Prime;][vc_column_text]<\/p>\n<ul class=\"puce-hypnose\">\n<li>\u00c9tude de cas.<\/li>\n<li>Transe dissociative et gestion de la douleur.<\/li>\n<li>Modulation de la sensorialit\u00e9.<\/li>\n<li>Induction instantan\u00e9e.<\/li>\n<\/ul>\n<p>[\/vc_column_text][\/vc_tta_section][vc_tta_section title=\u00a0\u00bbM\u00e9thode\u00a0\u00bb tab_id=\u00a0\u00bb1499948232993-92b14851-b03d\u00a0\u00bb][vc_column_text]<\/p>\n<h5 style=\"margin-top: 5px;\">Personnes concern\u00e9es<\/h5>\n<p>Toute personne form\u00e9e en hypnose d\u00e9sirant conna\u00eetre les sp\u00e9cificit\u00e9s par rapport \u00e0 la gestion de la douleur dans leur pratique.<\/p>\n<h5>P\u00e9dagogie<\/h5>\n<p>Notre approche favorise l\u2019apprentissage par la pratique personnelle et la compr\u00e9hension des outils. Pour cela, ce s\u00e9minaire est fabriqu\u00e9 autour d\u2019explications claires, pr\u00e9cises et concises, de proc\u00e9dures d\u2019accompagnement, d\u2019exercices progressifs, et de d\u00e9monstrations vivantes. Nous favorisons la mise en pratique des acquis en nous appuyant sur le savoir-faire que poss\u00e8de d\u00e9j\u00e0 l\u2019accompagnant ainsi que sur son savoir-\u00eatre et son individualit\u00e9.<\/p>\n<p>[\/vc_column_text][\/vc_tta_section][vc_tta_section title=\u00a0\u00bbTarifs &amp; Infos\u00a0\u00bb tab_id=\u00a0\u00bb1499948253814-2ac163b3-e56b\u00a0\u00bb][vc_column_text css=\u00a0\u00bb\u00a0\u00bb]<\/p>\n<h5 style=\"margin-top: 5px;\">ANIMATION<\/h5>\n<p><a href=\"https:\/\/www.pnl.ch\/formateurs\/kevin-ramchurn\/\">Kevin Ramchurn<\/a><\/p>\n<p>Formateur en Hypnose Ericksonienne, Hypnologue, Ma\u00eetre-Praticien en Hypnose Ericksonienne, Praticien en PNL et Coach Mental, il s\u2019est sp\u00e9cialis\u00e9 dans l\u2019accompagnement de personnes par l&rsquo;hypnose.<\/p>\n<h5>LANGUE<\/h5>\n<p>Francais<\/p>\n<h5>PR\u00c9REQUIS<\/h5>\n<p><a href=\"https:\/\/www.pnl.ch\/formations-en-hypnose-ericksonienne-a-lausanne\/#praticien-en-hypnose\">Praticien en hypnose ericksonienne<\/a><\/p>\n<h5>PRIX<\/h5>\n<p>CHF 487.-<\/p>\n<h5>LIEU<\/h5>\n<p>Coll\u00e8ge Romand, Denges, Suisse[\/vc_column_text][\/vc_tta_section][vc_tta_section title=\u00a0\u00bbEt apr\u00e8s?\u00a0\u00bb tab_id=\u00a0\u00bb1499948288141-1ae50079-35c4&Prime;][vc_column_text css=\u00a0\u00bb\u00a0\u00bb]<\/p>\n<h5 style=\"margin-top: 5px;\">Praticien en hypnose ericksonienne<\/h5>\n<h3>Milton Erickson est devenu c\u00e9l\u00e8bre par les r\u00e9sultats spectaculaires qu&rsquo;il obtenait avec ses clients. Apprenez sa fa\u00e7on de faire\u202f!<\/h3>\n<p>Dix jours de formation ont pour but de vous familiariser avec l\u2019utilisation de l\u2019hypnose dans la continuit\u00e9 du travail de Milton Erickson et de l\u2019approche strat\u00e9gique de la th\u00e9rapie br\u00e8ve en mettant en \u00e9vidence la relation entre la structure du langage et l\u2019exp\u00e9rience subjective.<\/p>\n<p>Ce s\u00e9minaire\u00a0est un des modules permettant de <a href=\"https:\/\/www.pnl.ch\/college-hypnose\/cursus-grandes-lignes\/\">compl\u00e9ter votre cursus.<\/a><\/p>\n<p><a href=\"https:\/\/www.pnl.ch\/formations-en-hypnose-ericksonienne-a-lausanne\/#praticien-en-hypnose\"><strong>D\u00e9couvrez les plus de la formation de Praticien en hypnose ericksonienne\u2026<\/strong><\/a>[\/vc_column_text][\/vc_tta_section][\/vc_tta_tabs][\/vc_column][\/vc_row][vc_row][vc_column][vc_column_text]<br \/>\n[\/vc_column_text][\/vc_column][\/vc_row][vc_row margin_top=\u00a0\u00bb50&Prime;][vc_column][vc_column_text css=\u00a0\u00bb\u00a0\u00bb]<strong>Nous vous conseillons volontiers sur cette formation, contactez directement le Coll\u00e8ge Hypnose au <a href=\"tel:+41227369862\">+41 22 736 98 62<\/a> les lundi, mardi, jeudi et vendredi.<\/strong>[\/vc_column_text][vc_btn title=\u00a0\u00bbVous inscrire\u00a0\u00bb color=\u00a0\u00bbviolet\u00a0\u00bb align=\u00a0\u00bbleft\u00a0\u00bb css=\u00a0\u00bb\u00a0\u00bb link=\u00a0\u00bburl:https%3A%2F%2Fwww.pnl.ch%2Fcollege-hypnose%2Finscription\u00a0\u00bb][\/vc_column][\/vc_row][vc_column][\/vc_column]<\/p>\n<\/div>","protected":false},"excerpt":{"rendered":"<p>[vc_row margin_top=\u00a0\u00bb-20&Prime;][vc_column width=\u00a0\u00bb1\/4&Prime;][vc_single_image image=\u00a0\u00bb1355&Prime; img_size=\u00a0\u00bb250&#215;250&Prime; alignment=\u00a0\u00bbcenter\u00a0\u00bb css_animation=\u00a0\u00bbzoomIn\u00a0\u00bb][\/vc_column][vc_column width=\u00a0\u00bb3\/4&Prime;][vc_column_text css=\u00a0\u00bb\u00a0\u00bb] Dates \u00e0 venir Acqu\u00e9rir des outils pour accompagner les personnes qui vivent des douleurs au quotidien et d\u00e9velopper une prise en charge de la gestion de la douleur \u00e0 venir dans le cadre d\u2019un soin. La douleur est un m\u00e9canisme complexe souvent accompagn\u00e9e d\u2019\u00e9tats affectifs et&hellip;<\/p>\n","protected":false},"author":1,"featured_media":1355,"parent":54,"menu_order":0,"comment_status":"closed","ping_status":"closed","template":"","meta":{"_acf_changed":false,"footnotes":""},"class_list":["post-1346","page","type-page","status-publish","has-post-thumbnail","hentry","description-off"],"acf":[],"yoast_head":"<!-- This site is optimized with the Yoast SEO Premium plugin v26.9 (Yoast SEO v26.9) - https:\/\/yoast.com\/product\/yoast-seo-premium-wordpress\/ -->\n<title>Gestion de la douleur par l&#039;hypnose | Coll\u00e8ge Hypnose<\/title>\n<meta name=\"description\" content=\"Acqu\u00e9rir des outils pour accompagner les personnes qui vivent des douleurs au quotidien avec l&#039;hypnose ericksonienne\u2026\" \/>\n<meta name=\"robots\" content=\"index, follow, max-snippet:-1, max-image-preview:large, max-video-preview:-1\" \/>\n<link rel=\"canonical\" href=\"https:\/\/www.pnl.ch\/college-hypnose\/seminaires\/gestion-de-la-douleur-par-hypnose\/\" \/>\n<meta property=\"og:locale\" content=\"fr_FR\" \/>\n<meta property=\"og:type\" content=\"article\" \/>\n<meta property=\"og:title\" content=\"Gestion de la douleur par l&#039;hypnose\" \/>\n<meta property=\"og:description\" content=\"Acqu\u00e9rir des outils pour accompagner les personnes qui vivent des douleurs au quotidien avec l&#039;hypnose ericksonienne\u2026\" \/>\n<meta property=\"og:url\" content=\"https:\/\/www.pnl.ch\/college-hypnose\/seminaires\/gestion-de-la-douleur-par-hypnose\/\" \/>\n<meta property=\"og:site_name\" content=\"Coll\u00e8ge Hypnose\" \/>\n<meta property=\"article:publisher\" content=\"https:\/\/www.facebook.com\/college.romand\/\" \/>\n<meta property=\"article:modified_time\" content=\"2025-10-24T13:12:32+00:00\" \/>\n<meta property=\"og:image\" content=\"http:\/\/www.pnl.ch\/college-hypnose\/wp-content\/uploads\/sites\/4\/2024\/03\/gestion-douleur-jpg.webp\" \/>\n\t<meta property=\"og:image:width\" content=\"1200\" \/>\n\t<meta property=\"og:image:height\" content=\"675\" \/>\n\t<meta property=\"og:image:type\" content=\"image\/jpeg\" \/>\n<meta name=\"twitter:card\" content=\"summary_large_image\" \/>\n<meta name=\"twitter:description\" content=\"Acqu\u00e9rir des outils pour accompagner les personnes qui vivent des douleurs au quotidien avec l&#039;hypnose ericksonienne\u2026\" \/>\n<meta name=\"twitter:site\" content=\"@CollegeRomand\" \/>\n<meta name=\"twitter:label1\" content=\"Dur\u00e9e de lecture estim\u00e9e\" \/>\n\t<meta name=\"twitter:data1\" content=\"3 minutes\" \/>\n<script type=\"application\/ld+json\" class=\"yoast-schema-graph\">{\"@context\":\"https:\/\/schema.org\",\"@graph\":[{\"@type\":\"WebPage\",\"@id\":\"https:\/\/www.pnl.ch\/college-hypnose\/seminaires\/gestion-de-la-douleur-par-hypnose\/\",\"url\":\"https:\/\/www.pnl.ch\/college-hypnose\/seminaires\/gestion-de-la-douleur-par-hypnose\/\",\"name\":\"Gestion de la douleur par l'hypnose | Coll\u00e8ge Hypnose\",\"isPartOf\":{\"@id\":\"https:\/\/www.pnl.ch\/college-hypnose\/#website\"},\"primaryImageOfPage\":{\"@id\":\"https:\/\/www.pnl.ch\/college-hypnose\/seminaires\/gestion-de-la-douleur-par-hypnose\/#primaryimage\"},\"image\":{\"@id\":\"https:\/\/www.pnl.ch\/college-hypnose\/seminaires\/gestion-de-la-douleur-par-hypnose\/#primaryimage\"},\"thumbnailUrl\":\"https:\/\/www.pnl.ch\/college-hypnose\/wp-content\/uploads\/sites\/4\/2020\/08\/gestion-douleur.jpg\",\"datePublished\":\"2020-08-17T12:31:48+00:00\",\"dateModified\":\"2025-10-24T13:12:32+00:00\",\"description\":\"Acqu\u00e9rir des outils pour accompagner les personnes qui vivent des douleurs au quotidien avec l'hypnose ericksonienne\u2026\",\"breadcrumb\":{\"@id\":\"https:\/\/www.pnl.ch\/college-hypnose\/seminaires\/gestion-de-la-douleur-par-hypnose\/#breadcrumb\"},\"inLanguage\":\"fr-FR\",\"potentialAction\":[{\"@type\":\"ReadAction\",\"target\":[\"https:\/\/www.pnl.ch\/college-hypnose\/seminaires\/gestion-de-la-douleur-par-hypnose\/\"]}]},{\"@type\":\"ImageObject\",\"inLanguage\":\"fr-FR\",\"@id\":\"https:\/\/www.pnl.ch\/college-hypnose\/seminaires\/gestion-de-la-douleur-par-hypnose\/#primaryimage\",\"url\":\"https:\/\/www.pnl.ch\/college-hypnose\/wp-content\/uploads\/sites\/4\/2020\/08\/gestion-douleur.jpg\",\"contentUrl\":\"https:\/\/www.pnl.ch\/college-hypnose\/wp-content\/uploads\/sites\/4\/2020\/08\/gestion-douleur.jpg\",\"width\":300,\"height\":300,\"caption\":\"Gestion de la douleur\"},{\"@type\":\"BreadcrumbList\",\"@id\":\"https:\/\/www.pnl.ch\/college-hypnose\/seminaires\/gestion-de-la-douleur-par-hypnose\/#breadcrumb\",\"itemListElement\":[{\"@type\":\"ListItem\",\"position\":1,\"name\":\"Accueil\",\"item\":\"https:\/\/www.pnl.ch\/college-hypnose\/\"},{\"@type\":\"ListItem\",\"position\":2,\"name\":\"S\u00e9minaires\",\"item\":\"http:\/\/www.pnl.ch\/college-hypnose\/seminaires\/\"},{\"@type\":\"ListItem\",\"position\":3,\"name\":\"Gestion de la douleur par l&rsquo;hypnose\"}]},{\"@type\":\"WebSite\",\"@id\":\"https:\/\/www.pnl.ch\/college-hypnose\/#website\",\"url\":\"https:\/\/www.pnl.ch\/college-hypnose\/\",\"name\":\"Coll\u00e8ge Hypnose\",\"description\":\"Formations certifiantes en Hypnose Ericksonienne\",\"publisher\":{\"@id\":\"https:\/\/www.pnl.ch\/college-hypnose\/#organization\"},\"potentialAction\":[{\"@type\":\"SearchAction\",\"target\":{\"@type\":\"EntryPoint\",\"urlTemplate\":\"https:\/\/www.pnl.ch\/college-hypnose\/?s={search_term_string}\"},\"query-input\":{\"@type\":\"PropertyValueSpecification\",\"valueRequired\":true,\"valueName\":\"search_term_string\"}}],\"inLanguage\":\"fr-FR\"},{\"@type\":\"Organization\",\"@id\":\"https:\/\/www.pnl.ch\/college-hypnose\/#organization\",\"name\":\"Coll\u00e8ge Romand - Centre de formation d'adultes S\u00e0rl\",\"url\":\"https:\/\/www.pnl.ch\/college-hypnose\/\",\"logo\":{\"@type\":\"ImageObject\",\"inLanguage\":\"fr-FR\",\"@id\":\"https:\/\/www.pnl.ch\/college-hypnose\/#\/schema\/logo\/image\/\",\"url\":\"https:\/\/www.pnl.ch\/college-hypnose\/wp-content\/uploads\/sites\/4\/2017\/04\/college-hypnose-logo-nc.png\",\"contentUrl\":\"https:\/\/www.pnl.ch\/college-hypnose\/wp-content\/uploads\/sites\/4\/2017\/04\/college-hypnose-logo-nc.png\",\"width\":314,\"height\":200,\"caption\":\"Coll\u00e8ge Romand - Centre de formation d'adultes S\u00e0rl\"},\"image\":{\"@id\":\"https:\/\/www.pnl.ch\/college-hypnose\/#\/schema\/logo\/image\/\"},\"sameAs\":[\"https:\/\/www.facebook.com\/college.romand\/\",\"https:\/\/x.com\/CollegeRomand\",\"https:\/\/www.linkedin.com\/school\/college-romand\/\",\"https:\/\/www.instagram.com\/collegeromand\/\"]}]}<\/script>\n<!-- \/ Yoast SEO Premium plugin. -->","yoast_head_json":{"title":"Gestion de la douleur par l'hypnose | Coll\u00e8ge Hypnose","description":"Acqu\u00e9rir des outils pour accompagner les personnes qui vivent des douleurs au quotidien avec l'hypnose ericksonienne\u2026","robots":{"index":"index","follow":"follow","max-snippet":"max-snippet:-1","max-image-preview":"max-image-preview:large","max-video-preview":"max-video-preview:-1"},"canonical":"https:\/\/www.pnl.ch\/college-hypnose\/seminaires\/gestion-de-la-douleur-par-hypnose\/","og_locale":"fr_FR","og_type":"article","og_title":"Gestion de la douleur par l'hypnose","og_description":"Acqu\u00e9rir des outils pour accompagner les personnes qui vivent des douleurs au quotidien avec l'hypnose ericksonienne\u2026","og_url":"https:\/\/www.pnl.ch\/college-hypnose\/seminaires\/gestion-de-la-douleur-par-hypnose\/","og_site_name":"Coll\u00e8ge Hypnose","article_publisher":"https:\/\/www.facebook.com\/college.romand\/","article_modified_time":"2025-10-24T13:12:32+00:00","og_image":[{"width":1200,"height":675,"url":"http:\/\/www.pnl.ch\/college-hypnose\/wp-content\/uploads\/sites\/4\/2024\/03\/gestion-douleur-jpg.webp","type":"image\/jpeg"}],"twitter_card":"summary_large_image","twitter_description":"Acqu\u00e9rir des outils pour accompagner les personnes qui vivent des douleurs au quotidien avec l'hypnose ericksonienne\u2026","twitter_site":"@CollegeRomand","twitter_misc":{"Dur\u00e9e de lecture estim\u00e9e":"3 minutes"},"schema":{"@context":"https:\/\/schema.org","@graph":[{"@type":"WebPage","@id":"https:\/\/www.pnl.ch\/college-hypnose\/seminaires\/gestion-de-la-douleur-par-hypnose\/","url":"https:\/\/www.pnl.ch\/college-hypnose\/seminaires\/gestion-de-la-douleur-par-hypnose\/","name":"Gestion de la douleur par l'hypnose | Coll\u00e8ge Hypnose","isPartOf":{"@id":"https:\/\/www.pnl.ch\/college-hypnose\/#website"},"primaryImageOfPage":{"@id":"https:\/\/www.pnl.ch\/college-hypnose\/seminaires\/gestion-de-la-douleur-par-hypnose\/#primaryimage"},"image":{"@id":"https:\/\/www.pnl.ch\/college-hypnose\/seminaires\/gestion-de-la-douleur-par-hypnose\/#primaryimage"},"thumbnailUrl":"https:\/\/www.pnl.ch\/college-hypnose\/wp-content\/uploads\/sites\/4\/2020\/08\/gestion-douleur.jpg","datePublished":"2020-08-17T12:31:48+00:00","dateModified":"2025-10-24T13:12:32+00:00","description":"Acqu\u00e9rir des outils pour accompagner les personnes qui vivent des douleurs au quotidien avec l'hypnose ericksonienne\u2026","breadcrumb":{"@id":"https:\/\/www.pnl.ch\/college-hypnose\/seminaires\/gestion-de-la-douleur-par-hypnose\/#breadcrumb"},"inLanguage":"fr-FR","potentialAction":[{"@type":"ReadAction","target":["https:\/\/www.pnl.ch\/college-hypnose\/seminaires\/gestion-de-la-douleur-par-hypnose\/"]}]},{"@type":"ImageObject","inLanguage":"fr-FR","@id":"https:\/\/www.pnl.ch\/college-hypnose\/seminaires\/gestion-de-la-douleur-par-hypnose\/#primaryimage","url":"https:\/\/www.pnl.ch\/college-hypnose\/wp-content\/uploads\/sites\/4\/2020\/08\/gestion-douleur.jpg","contentUrl":"https:\/\/www.pnl.ch\/college-hypnose\/wp-content\/uploads\/sites\/4\/2020\/08\/gestion-douleur.jpg","width":300,"height":300,"caption":"Gestion de la douleur"},{"@type":"BreadcrumbList","@id":"https:\/\/www.pnl.ch\/college-hypnose\/seminaires\/gestion-de-la-douleur-par-hypnose\/#breadcrumb","itemListElement":[{"@type":"ListItem","position":1,"name":"Accueil","item":"https:\/\/www.pnl.ch\/college-hypnose\/"},{"@type":"ListItem","position":2,"name":"S\u00e9minaires","item":"http:\/\/www.pnl.ch\/college-hypnose\/seminaires\/"},{"@type":"ListItem","position":3,"name":"Gestion de la douleur par l&rsquo;hypnose"}]},{"@type":"WebSite","@id":"https:\/\/www.pnl.ch\/college-hypnose\/#website","url":"https:\/\/www.pnl.ch\/college-hypnose\/","name":"Coll\u00e8ge Hypnose","description":"Formations certifiantes en Hypnose Ericksonienne","publisher":{"@id":"https:\/\/www.pnl.ch\/college-hypnose\/#organization"},"potentialAction":[{"@type":"SearchAction","target":{"@type":"EntryPoint","urlTemplate":"https:\/\/www.pnl.ch\/college-hypnose\/?s={search_term_string}"},"query-input":{"@type":"PropertyValueSpecification","valueRequired":true,"valueName":"search_term_string"}}],"inLanguage":"fr-FR"},{"@type":"Organization","@id":"https:\/\/www.pnl.ch\/college-hypnose\/#organization","name":"Coll\u00e8ge Romand - Centre de formation d'adultes S\u00e0rl","url":"https:\/\/www.pnl.ch\/college-hypnose\/","logo":{"@type":"ImageObject","inLanguage":"fr-FR","@id":"https:\/\/www.pnl.ch\/college-hypnose\/#\/schema\/logo\/image\/","url":"https:\/\/www.pnl.ch\/college-hypnose\/wp-content\/uploads\/sites\/4\/2017\/04\/college-hypnose-logo-nc.png","contentUrl":"https:\/\/www.pnl.ch\/college-hypnose\/wp-content\/uploads\/sites\/4\/2017\/04\/college-hypnose-logo-nc.png","width":314,"height":200,"caption":"Coll\u00e8ge Romand - Centre de formation d'adultes S\u00e0rl"},"image":{"@id":"https:\/\/www.pnl.ch\/college-hypnose\/#\/schema\/logo\/image\/"},"sameAs":["https:\/\/www.facebook.com\/college.romand\/","https:\/\/x.com\/CollegeRomand","https:\/\/www.linkedin.com\/school\/college-romand\/","https:\/\/www.instagram.com\/collegeromand\/"]}]}},"_links":{"self":[{"href":"https:\/\/www.pnl.ch\/college-hypnose\/wp-json\/wp\/v2\/pages\/1346","targetHints":{"allow":["GET"]}}],"collection":[{"href":"https:\/\/www.pnl.ch\/college-hypnose\/wp-json\/wp\/v2\/pages"}],"about":[{"href":"https:\/\/www.pnl.ch\/college-hypnose\/wp-json\/wp\/v2\/types\/page"}],"author":[{"embeddable":true,"href":"https:\/\/www.pnl.ch\/college-hypnose\/wp-json\/wp\/v2\/users\/1"}],"replies":[{"embeddable":true,"href":"https:\/\/www.pnl.ch\/college-hypnose\/wp-json\/wp\/v2\/comments?post=1346"}],"version-history":[{"count":32,"href":"https:\/\/www.pnl.ch\/college-hypnose\/wp-json\/wp\/v2\/pages\/1346\/revisions"}],"predecessor-version":[{"id":2604,"href":"https:\/\/www.pnl.ch\/college-hypnose\/wp-json\/wp\/v2\/pages\/1346\/revisions\/2604"}],"up":[{"embeddable":true,"href":"https:\/\/www.pnl.ch\/college-hypnose\/wp-json\/wp\/v2\/pages\/54"}],"wp:featuredmedia":[{"embeddable":true,"href":"https:\/\/www.pnl.ch\/college-hypnose\/wp-json\/wp\/v2\/media\/1355"}],"wp:attachment":[{"href":"https:\/\/www.pnl.ch\/college-hypnose\/wp-json\/wp\/v2\/media?parent=1346"}],"curies":[{"name":"wp","href":"https:\/\/api.w.org\/{rel}","templated":true}]}}