{"id":1659,"date":"2022-07-11T09:38:30","date_gmt":"2022-07-11T07:38:30","guid":{"rendered":"https:\/\/www.pnl.ch\/college-hypnose\/?page_id=1659"},"modified":"2024-11-07T12:22:14","modified_gmt":"2024-11-07T11:22:14","slug":"hypnose-pour-tous","status":"publish","type":"page","link":"https:\/\/www.pnl.ch\/college-hypnose\/seances-publiques\/hypnose-pour-tous\/","title":{"rendered":"S\u00e9ances publiques | Hypnose pour tous"},"content":{"rendered":"<div class=\"wpb-content-wrapper\"><p>[vc_row][vc_column width=\u00a0\u00bb1\/4&Prime;][vc_single_image image=\u00a0\u00bb1968&Prime; img_size=\u00a0\u00bb250&#215;250&Prime; alignment=\u00a0\u00bbcenter\u00a0\u00bb css_animation=\u00a0\u00bbzoomIn\u00a0\u00bb][\/vc_column][vc_column width=\u00a0\u00bb3\/4&Prime;][vc_column_text]<\/p>\n<p class=\"date-formation\"><strong>Le 20 juin 2024<\/strong><\/p>\n<ul>\n<li><strong>L&rsquo;hypnose<\/strong> vous <strong>fascine<\/strong> et en m\u00eame temps vous <strong>fait peur<\/strong>?<\/li>\n<li><strong>Vous aimeriez la tester<\/strong> mais vous ne savez pas \u00e0 quoi vous attendre?<\/li>\n<li>Vous avez envie de savoir si cela <strong>pourrait \u00eatre le bon outil pour vous<\/strong>?<\/li>\n<\/ul>\n<p>Les <strong>S\u00e9ances publiques | Hypnose pour tous<\/strong> sont ax\u00e9es sur la mise en pratique avec la participation du public pr\u00e9sent. Gr\u00e2ce \u00e0 des <strong>d\u00e9monstrations individuelles<\/strong>, vous d\u00e9couvrirez facilement ce qu&rsquo;est l&rsquo;\u00e9tat de trance.<\/p>\n<p>Destin\u00e9es au grand public, ces soir\u00e9es ont \u00e9t\u00e9 cr\u00e9\u00e9es de fa\u00e7on \u00e0 pouvoir faire d\u00e9couvrir aux personnes venues les diff\u00e9rentes possibilit\u00e9s qu\u2019offre une discipline telle que l\u2019hypnose dans un cheminement de d\u00e9veloppement personnel. Elles sont ouvertes \u00e0 toute personne qui souhaite d\u00e9couvrir cette puissante technique, \u00e9voluer et avoir acc\u00e8s \u00e0 son potentiel inconscient.<\/p>\n<p>L&rsquo;hypnose ericksonienne est un puissant outil de changement qui vous permet de changer de lunettes et d&rsquo;aider les autres \u00e0 le faire. En s&rsquo;adressant \u00e0 l&rsquo;inconscient, l&rsquo;hypnose va donc transformer votre v\u00e9cu int\u00e9rieur pour ne plus vivre des conflits relationnels, \u00e9liminer les sources de souffrance et de stress.<\/p>\n<h4>ANIMATION<\/h4>\n<p><a href=\"https:\/\/www.pnl.ch\/formateurs\/kevin-ramchurn\/\"><span style=\"font-weight: 400;\">Kevin Ramchurn<\/span><\/a><span style=\"font-weight: 400;\">, h<\/span><span style=\"font-weight: 400;\">ypnologue et formateur en hypnose ericksonienne. Certifi\u00e9 en coaching mental, en PNL et en hypnose ericksonienne. Il ne cesse de rechercher les meilleurs fa\u00e7ons de pouvoir g\u00e9n\u00e9rer du changement chez les personnes qu\u2019il rencontre \u00e0 travers sa pratique.<\/span><\/p>\n<h4>PRIX<\/h4>\n<p>CHF 20.-<br \/>\nLes <strong>S\u00e9ances publiques | Hypnose pour tous <\/strong>sont gratuites pour toute personne en cursus d\u2019hypnose au sein du Coll\u00e8ge Romand.<\/p>\n<h4>LIEU<\/h4>\n<p><a href=\"https:\/\/www.pnl.ch\/lieux\/centre-de-formation-college-romand\/\">Centre de formation du Coll\u00e8ge Romand<\/a>, Denges<\/p>\n<h4>HORAIRE<\/h4>\n<p>De 18h30 \u00e0 20h00[\/vc_column_text][vc_btn title=\u00a0\u00bbVous inscrire\u00a0\u00bb color=\u00a0\u00bbviolet\u00a0\u00bb align=\u00a0\u00bbleft\u00a0\u00bb css=\u00a0\u00bb\u00a0\u00bb link=\u00a0\u00bburl:https%3A%2F%2Fwww.pnl.ch%2Fcollege-hypnose%2Finscription\u00a0\u00bb][\/vc_column][\/vc_row]<\/p>\n<\/div>","protected":false},"excerpt":{"rendered":"<p>[vc_row][vc_column width=\u00a0\u00bb1\/4&Prime;][vc_single_image image=\u00a0\u00bb1968&Prime; img_size=\u00a0\u00bb250&#215;250&Prime; alignment=\u00a0\u00bbcenter\u00a0\u00bb css_animation=\u00a0\u00bbzoomIn\u00a0\u00bb][\/vc_column][vc_column width=\u00a0\u00bb3\/4&Prime;][vc_column_text] Le 20 juin 2024 L&rsquo;hypnose vous fascine et en m\u00eame temps vous fait peur? Vous aimeriez la tester mais vous ne savez pas \u00e0 quoi vous attendre? Vous avez envie de savoir si cela pourrait \u00eatre le bon outil pour vous? Les S\u00e9ances publiques | Hypnose pour tous&hellip;<\/p>\n","protected":false},"author":1,"featured_media":1968,"parent":1679,"menu_order":0,"comment_status":"closed","ping_status":"closed","template":"","meta":{"_acf_changed":false,"footnotes":""},"class_list":["post-1659","page","type-page","status-publish","has-post-thumbnail","hentry","description-off"],"acf":[],"yoast_head":"<!-- This site is optimized with the Yoast SEO Premium plugin v27.4 (Yoast SEO v27.4) - https:\/\/yoast.com\/product\/yoast-seo-premium-wordpress\/ -->\n<title>S\u00e9ances publiques | Hypnose pour tous<\/title>\n<meta name=\"description\" content=\"Les \u00abS\u00e9ances publiques | Hypnose pour tous\u00bb sont ax\u00e9es sur des d\u00e9monstrations individuelles avec la participation du public pr\u00e9sent\u2026\" \/>\n<meta name=\"robots\" content=\"index, follow, max-snippet:-1, max-image-preview:large, max-video-preview:-1\" \/>\n<link rel=\"canonical\" href=\"https:\/\/www.pnl.ch\/college-hypnose\/seances-publiques\/hypnose-pour-tous\/\" \/>\n<meta property=\"og:locale\" content=\"fr_FR\" \/>\n<meta property=\"og:type\" content=\"article\" \/>\n<meta property=\"og:title\" content=\"S\u00e9ances publiques | Hypnose pour tous\" \/>\n<meta property=\"og:description\" content=\"Les \u00abS\u00e9ances publiques | Hypnose pour tous\u00bb sont ax\u00e9es sur des d\u00e9monstrations individuelles avec la participation du public pr\u00e9sent\u2026\" \/>\n<meta property=\"og:url\" content=\"https:\/\/www.pnl.ch\/college-hypnose\/seances-publiques\/hypnose-pour-tous\/\" \/>\n<meta property=\"og:site_name\" content=\"Coll\u00e8ge Hypnose\" \/>\n<meta property=\"article:publisher\" content=\"https:\/\/www.facebook.com\/college.romand\/\" \/>\n<meta property=\"article:modified_time\" content=\"2024-11-07T11:22:14+00:00\" \/>\n<meta property=\"og:image\" content=\"https:\/\/www.pnl.ch\/college-hypnose\/wp-content\/uploads\/sites\/4\/2024\/03\/seances-publiques-jpg.webp\" \/>\n\t<meta property=\"og:image:width\" content=\"1200\" \/>\n\t<meta property=\"og:image:height\" content=\"675\" \/>\n\t<meta property=\"og:image:type\" content=\"image\/jpeg\" \/>\n<meta name=\"twitter:card\" content=\"summary_large_image\" \/>\n<meta name=\"twitter:description\" content=\"S\u00e9ances publiques, hypnose pour tous: d\u00e9monstrations avec la participation du public\u2026\" \/>\n<meta name=\"twitter:site\" content=\"@CollegeRomand\" \/>\n<meta name=\"twitter:label1\" content=\"Dur\u00e9e de lecture estim\u00e9e\" \/>\n\t<meta name=\"twitter:data1\" content=\"2 minutes\" \/>\n<script type=\"application\/ld+json\" class=\"yoast-schema-graph\">{\"@context\":\"https:\\\/\\\/schema.org\",\"@graph\":[{\"@type\":\"WebPage\",\"@id\":\"https:\\\/\\\/www.pnl.ch\\\/college-hypnose\\\/seances-publiques\\\/hypnose-pour-tous\\\/\",\"url\":\"https:\\\/\\\/www.pnl.ch\\\/college-hypnose\\\/seances-publiques\\\/hypnose-pour-tous\\\/\",\"name\":\"S\u00e9ances publiques | Hypnose pour tous\",\"isPartOf\":{\"@id\":\"https:\\\/\\\/www.pnl.ch\\\/college-hypnose\\\/#website\"},\"primaryImageOfPage\":{\"@id\":\"https:\\\/\\\/www.pnl.ch\\\/college-hypnose\\\/seances-publiques\\\/hypnose-pour-tous\\\/#primaryimage\"},\"image\":{\"@id\":\"https:\\\/\\\/www.pnl.ch\\\/college-hypnose\\\/seances-publiques\\\/hypnose-pour-tous\\\/#primaryimage\"},\"thumbnailUrl\":\"https:\\\/\\\/www.pnl.ch\\\/college-hypnose\\\/wp-content\\\/uploads\\\/sites\\\/4\\\/2024\\\/03\\\/seances-publiques-1-jpg.webp\",\"datePublished\":\"2022-07-11T07:38:30+00:00\",\"dateModified\":\"2024-11-07T11:22:14+00:00\",\"description\":\"Les \u00abS\u00e9ances publiques | Hypnose pour tous\u00bb sont ax\u00e9es sur des d\u00e9monstrations individuelles avec la participation du public pr\u00e9sent\u2026\",\"breadcrumb\":{\"@id\":\"https:\\\/\\\/www.pnl.ch\\\/college-hypnose\\\/seances-publiques\\\/hypnose-pour-tous\\\/#breadcrumb\"},\"inLanguage\":\"fr-FR\",\"potentialAction\":[{\"@type\":\"ReadAction\",\"target\":[\"https:\\\/\\\/www.pnl.ch\\\/college-hypnose\\\/seances-publiques\\\/hypnose-pour-tous\\\/\"]}]},{\"@type\":\"ImageObject\",\"inLanguage\":\"fr-FR\",\"@id\":\"https:\\\/\\\/www.pnl.ch\\\/college-hypnose\\\/seances-publiques\\\/hypnose-pour-tous\\\/#primaryimage\",\"url\":\"https:\\\/\\\/www.pnl.ch\\\/college-hypnose\\\/wp-content\\\/uploads\\\/sites\\\/4\\\/2024\\\/03\\\/seances-publiques-1-jpg.webp\",\"contentUrl\":\"https:\\\/\\\/www.pnl.ch\\\/college-hypnose\\\/wp-content\\\/uploads\\\/sites\\\/4\\\/2024\\\/03\\\/seances-publiques-1-jpg.webp\",\"width\":300,\"height\":300,\"caption\":\"S\u00e9ances publiques | Hypnose pour tous\"},{\"@type\":\"BreadcrumbList\",\"@id\":\"https:\\\/\\\/www.pnl.ch\\\/college-hypnose\\\/seances-publiques\\\/hypnose-pour-tous\\\/#breadcrumb\",\"itemListElement\":[{\"@type\":\"ListItem\",\"position\":1,\"name\":\"Accueil\",\"item\":\"https:\\\/\\\/www.pnl.ch\\\/college-hypnose\\\/\"},{\"@type\":\"ListItem\",\"position\":2,\"name\":\"S\u00e9ances publiques\",\"item\":\"https:\\\/\\\/www.pnl.ch\\\/college-hypnose\\\/seances-publiques\\\/\"},{\"@type\":\"ListItem\",\"position\":3,\"name\":\"S\u00e9ances publiques | Hypnose pour tous\"}]},{\"@type\":\"WebSite\",\"@id\":\"https:\\\/\\\/www.pnl.ch\\\/college-hypnose\\\/#website\",\"url\":\"https:\\\/\\\/www.pnl.ch\\\/college-hypnose\\\/\",\"name\":\"Coll\u00e8ge Hypnose\",\"description\":\"Formations certifiantes en Hypnose Ericksonienne\",\"publisher\":{\"@id\":\"https:\\\/\\\/www.pnl.ch\\\/college-hypnose\\\/#organization\"},\"potentialAction\":[{\"@type\":\"SearchAction\",\"target\":{\"@type\":\"EntryPoint\",\"urlTemplate\":\"https:\\\/\\\/www.pnl.ch\\\/college-hypnose\\\/?s={search_term_string}\"},\"query-input\":{\"@type\":\"PropertyValueSpecification\",\"valueRequired\":true,\"valueName\":\"search_term_string\"}}],\"inLanguage\":\"fr-FR\"},{\"@type\":\"Organization\",\"@id\":\"https:\\\/\\\/www.pnl.ch\\\/college-hypnose\\\/#organization\",\"name\":\"Coll\u00e8ge Romand - Centre de formation d'adultes S\u00e0rl\",\"url\":\"https:\\\/\\\/www.pnl.ch\\\/college-hypnose\\\/\",\"logo\":{\"@type\":\"ImageObject\",\"inLanguage\":\"fr-FR\",\"@id\":\"https:\\\/\\\/www.pnl.ch\\\/college-hypnose\\\/#\\\/schema\\\/logo\\\/image\\\/\",\"url\":\"https:\\\/\\\/www.pnl.ch\\\/college-hypnose\\\/wp-content\\\/uploads\\\/sites\\\/4\\\/2017\\\/04\\\/college-hypnose-logo-nc.png\",\"contentUrl\":\"https:\\\/\\\/www.pnl.ch\\\/college-hypnose\\\/wp-content\\\/uploads\\\/sites\\\/4\\\/2017\\\/04\\\/college-hypnose-logo-nc.png\",\"width\":314,\"height\":200,\"caption\":\"Coll\u00e8ge Romand - Centre de formation d'adultes S\u00e0rl\"},\"image\":{\"@id\":\"https:\\\/\\\/www.pnl.ch\\\/college-hypnose\\\/#\\\/schema\\\/logo\\\/image\\\/\"},\"sameAs\":[\"https:\\\/\\\/www.facebook.com\\\/college.romand\\\/\",\"https:\\\/\\\/x.com\\\/CollegeRomand\",\"https:\\\/\\\/www.linkedin.com\\\/school\\\/college-romand\\\/\",\"https:\\\/\\\/www.instagram.com\\\/collegeromand\\\/\"]}]}<\/script>\n<!-- \/ Yoast SEO Premium plugin. -->","yoast_head_json":{"title":"S\u00e9ances publiques | Hypnose pour tous","description":"Les \u00abS\u00e9ances publiques | Hypnose pour tous\u00bb sont ax\u00e9es sur des d\u00e9monstrations individuelles avec la participation du public pr\u00e9sent\u2026","robots":{"index":"index","follow":"follow","max-snippet":"max-snippet:-1","max-image-preview":"max-image-preview:large","max-video-preview":"max-video-preview:-1"},"canonical":"https:\/\/www.pnl.ch\/college-hypnose\/seances-publiques\/hypnose-pour-tous\/","og_locale":"fr_FR","og_type":"article","og_title":"S\u00e9ances publiques | Hypnose pour tous","og_description":"Les \u00abS\u00e9ances publiques | Hypnose pour tous\u00bb sont ax\u00e9es sur des d\u00e9monstrations individuelles avec la participation du public pr\u00e9sent\u2026","og_url":"https:\/\/www.pnl.ch\/college-hypnose\/seances-publiques\/hypnose-pour-tous\/","og_site_name":"Coll\u00e8ge Hypnose","article_publisher":"https:\/\/www.facebook.com\/college.romand\/","article_modified_time":"2024-11-07T11:22:14+00:00","og_image":[{"width":1200,"height":675,"url":"https:\/\/www.pnl.ch\/college-hypnose\/wp-content\/uploads\/sites\/4\/2024\/03\/seances-publiques-jpg.webp","type":"image\/jpeg"}],"twitter_card":"summary_large_image","twitter_description":"S\u00e9ances publiques, hypnose pour tous: d\u00e9monstrations avec la participation du public\u2026","twitter_site":"@CollegeRomand","twitter_misc":{"Dur\u00e9e de lecture estim\u00e9e":"2 minutes"},"schema":{"@context":"https:\/\/schema.org","@graph":[{"@type":"WebPage","@id":"https:\/\/www.pnl.ch\/college-hypnose\/seances-publiques\/hypnose-pour-tous\/","url":"https:\/\/www.pnl.ch\/college-hypnose\/seances-publiques\/hypnose-pour-tous\/","name":"S\u00e9ances publiques | Hypnose pour tous","isPartOf":{"@id":"https:\/\/www.pnl.ch\/college-hypnose\/#website"},"primaryImageOfPage":{"@id":"https:\/\/www.pnl.ch\/college-hypnose\/seances-publiques\/hypnose-pour-tous\/#primaryimage"},"image":{"@id":"https:\/\/www.pnl.ch\/college-hypnose\/seances-publiques\/hypnose-pour-tous\/#primaryimage"},"thumbnailUrl":"https:\/\/www.pnl.ch\/college-hypnose\/wp-content\/uploads\/sites\/4\/2024\/03\/seances-publiques-1-jpg.webp","datePublished":"2022-07-11T07:38:30+00:00","dateModified":"2024-11-07T11:22:14+00:00","description":"Les \u00abS\u00e9ances publiques | Hypnose pour tous\u00bb sont ax\u00e9es sur des d\u00e9monstrations individuelles avec la participation du public pr\u00e9sent\u2026","breadcrumb":{"@id":"https:\/\/www.pnl.ch\/college-hypnose\/seances-publiques\/hypnose-pour-tous\/#breadcrumb"},"inLanguage":"fr-FR","potentialAction":[{"@type":"ReadAction","target":["https:\/\/www.pnl.ch\/college-hypnose\/seances-publiques\/hypnose-pour-tous\/"]}]},{"@type":"ImageObject","inLanguage":"fr-FR","@id":"https:\/\/www.pnl.ch\/college-hypnose\/seances-publiques\/hypnose-pour-tous\/#primaryimage","url":"https:\/\/www.pnl.ch\/college-hypnose\/wp-content\/uploads\/sites\/4\/2024\/03\/seances-publiques-1-jpg.webp","contentUrl":"https:\/\/www.pnl.ch\/college-hypnose\/wp-content\/uploads\/sites\/4\/2024\/03\/seances-publiques-1-jpg.webp","width":300,"height":300,"caption":"S\u00e9ances publiques | Hypnose pour tous"},{"@type":"BreadcrumbList","@id":"https:\/\/www.pnl.ch\/college-hypnose\/seances-publiques\/hypnose-pour-tous\/#breadcrumb","itemListElement":[{"@type":"ListItem","position":1,"name":"Accueil","item":"https:\/\/www.pnl.ch\/college-hypnose\/"},{"@type":"ListItem","position":2,"name":"S\u00e9ances publiques","item":"https:\/\/www.pnl.ch\/college-hypnose\/seances-publiques\/"},{"@type":"ListItem","position":3,"name":"S\u00e9ances publiques | Hypnose pour tous"}]},{"@type":"WebSite","@id":"https:\/\/www.pnl.ch\/college-hypnose\/#website","url":"https:\/\/www.pnl.ch\/college-hypnose\/","name":"Coll\u00e8ge Hypnose","description":"Formations certifiantes en Hypnose Ericksonienne","publisher":{"@id":"https:\/\/www.pnl.ch\/college-hypnose\/#organization"},"potentialAction":[{"@type":"SearchAction","target":{"@type":"EntryPoint","urlTemplate":"https:\/\/www.pnl.ch\/college-hypnose\/?s={search_term_string}"},"query-input":{"@type":"PropertyValueSpecification","valueRequired":true,"valueName":"search_term_string"}}],"inLanguage":"fr-FR"},{"@type":"Organization","@id":"https:\/\/www.pnl.ch\/college-hypnose\/#organization","name":"Coll\u00e8ge Romand - Centre de formation d'adultes S\u00e0rl","url":"https:\/\/www.pnl.ch\/college-hypnose\/","logo":{"@type":"ImageObject","inLanguage":"fr-FR","@id":"https:\/\/www.pnl.ch\/college-hypnose\/#\/schema\/logo\/image\/","url":"https:\/\/www.pnl.ch\/college-hypnose\/wp-content\/uploads\/sites\/4\/2017\/04\/college-hypnose-logo-nc.png","contentUrl":"https:\/\/www.pnl.ch\/college-hypnose\/wp-content\/uploads\/sites\/4\/2017\/04\/college-hypnose-logo-nc.png","width":314,"height":200,"caption":"Coll\u00e8ge Romand - Centre de formation d'adultes S\u00e0rl"},"image":{"@id":"https:\/\/www.pnl.ch\/college-hypnose\/#\/schema\/logo\/image\/"},"sameAs":["https:\/\/www.facebook.com\/college.romand\/","https:\/\/x.com\/CollegeRomand","https:\/\/www.linkedin.com\/school\/college-romand\/","https:\/\/www.instagram.com\/collegeromand\/"]}]}},"_links":{"self":[{"href":"https:\/\/www.pnl.ch\/college-hypnose\/wp-json\/wp\/v2\/pages\/1659","targetHints":{"allow":["GET"]}}],"collection":[{"href":"https:\/\/www.pnl.ch\/college-hypnose\/wp-json\/wp\/v2\/pages"}],"about":[{"href":"https:\/\/www.pnl.ch\/college-hypnose\/wp-json\/wp\/v2\/types\/page"}],"author":[{"embeddable":true,"href":"https:\/\/www.pnl.ch\/college-hypnose\/wp-json\/wp\/v2\/users\/1"}],"replies":[{"embeddable":true,"href":"https:\/\/www.pnl.ch\/college-hypnose\/wp-json\/wp\/v2\/comments?post=1659"}],"version-history":[{"count":17,"href":"https:\/\/www.pnl.ch\/college-hypnose\/wp-json\/wp\/v2\/pages\/1659\/revisions"}],"predecessor-version":[{"id":2103,"href":"https:\/\/www.pnl.ch\/college-hypnose\/wp-json\/wp\/v2\/pages\/1659\/revisions\/2103"}],"up":[{"embeddable":true,"href":"https:\/\/www.pnl.ch\/college-hypnose\/wp-json\/wp\/v2\/pages\/1679"}],"wp:featuredmedia":[{"embeddable":true,"href":"https:\/\/www.pnl.ch\/college-hypnose\/wp-json\/wp\/v2\/media\/1968"}],"wp:attachment":[{"href":"https:\/\/www.pnl.ch\/college-hypnose\/wp-json\/wp\/v2\/media?parent=1659"}],"curies":[{"name":"wp","href":"https:\/\/api.w.org\/{rel}","templated":true}]}}