{"id":1679,"date":"2022-09-15T18:44:40","date_gmt":"2022-09-15T16:44:40","guid":{"rendered":"https:\/\/www.pnl.ch\/college-hypnose\/?page_id=1679"},"modified":"2024-03-27T20:04:54","modified_gmt":"2024-03-27T19:04:54","slug":"seances-publiques","status":"publish","type":"page","link":"https:\/\/www.pnl.ch\/college-hypnose\/seances-publiques\/","title":{"rendered":"S\u00e9ances publiques"},"content":{"rendered":"<div class=\"wpb-content-wrapper\"><p>[vc_row margin_top=\u00a0\u00bb40px\u00a0\u00bb][vc_column width=\u00a0\u00bb2\/12&Prime;][vc_single_image image=\u00a0\u00bb1968&Prime; img_size=\u00a0\u00bbfull\u00a0\u00bb css_animation=\u00a0\u00bbzoomIn\u00a0\u00bb][\/vc_column][vc_column width=\u00a0\u00bb7\/12&Prime; css=\u00a0\u00bb.vc_custom_1511797588232{padding-left: 50px !important;}\u00a0\u00bb][vc_column_text]<\/p>\n<h3 style=\"margin-top: 0; margin-bottom: 10px;\">S\u00e9ances publiques | Hypnose pour tous<\/h3>\n<p style=\"margin-top: 0;\"><strong>\u00cates-vous en train de vivre une situation qui d\u00e9clenche en vous des phobies ou des angoisses\u202f?<\/strong><\/p>\n<p>La peur est une \u00e9motion que tout \u00eatre humain ou animal ressent. Elle a pour but de nous pr\u00e9venir d\u2019un danger \u00e9ventuel et de nous amener \u00e0 d\u00e9clencher les bons r\u00e9flexes. C\u2019est un m\u00e9canisme sain. Les difficult\u00e9s commencent lorsque ce m\u00e9canisme devient limitant et nous emp\u00eache de vivre bien.[\/vc_column_text][\/vc_column][vc_column width=\u00a0\u00bb3\/12&Prime; css=\u00a0\u00bb.vc_custom_1496694772613{padding-top: 45px !important;}\u00a0\u00bb][vc_btn title=\u00a0\u00bbEn savoir plus\u00a0\u00bb color=\u00a0\u00bbviolet\u00a0\u00bb align=\u00a0\u00bbright\u00a0\u00bb i_align=\u00a0\u00bbright\u00a0\u00bb i_icon_fontawesome=\u00a0\u00bb\u00a0\u00bb css_animation=\u00a0\u00bbzoomIn\u00a0\u00bb add_icon=\u00a0\u00bbtrue\u00a0\u00bb link=\u00a0\u00bburl:https%3A%2F%2Fwww.pnl.ch%2Fcollege-hypnose%2Fseances-publiques%2Fhypnose-pour-tous%2F|title:S%C3%A9ances%20publiques%20%7C%20Hypnose%20pour%20tous\u00a0\u00bb][\/vc_column][\/vc_row]<\/p>\n<\/div>","protected":false},"excerpt":{"rendered":"<p>[vc_row margin_top=\u00a0\u00bb40px\u00a0\u00bb][vc_column width=\u00a0\u00bb2\/12&Prime;][vc_single_image image=\u00a0\u00bb1968&Prime; img_size=\u00a0\u00bbfull\u00a0\u00bb css_animation=\u00a0\u00bbzoomIn\u00a0\u00bb][\/vc_column][vc_column width=\u00a0\u00bb7\/12&Prime; css=\u00a0\u00bb.vc_custom_1511797588232{padding-left: 50px !important;}\u00a0\u00bb][vc_column_text] S\u00e9ances publiques | Hypnose pour tous \u00cates-vous en train de vivre une situation qui d\u00e9clenche en vous des phobies ou des angoisses\u202f? La peur est une \u00e9motion que tout \u00eatre humain ou animal ressent. Elle a pour but de nous pr\u00e9venir d\u2019un danger \u00e9ventuel et&hellip;<\/p>\n","protected":false},"author":1,"featured_media":1968,"parent":0,"menu_order":3,"comment_status":"closed","ping_status":"closed","template":"","meta":{"_acf_changed":false,"footnotes":""},"class_list":["post-1679","page","type-page","status-publish","has-post-thumbnail","hentry","description-off"],"acf":[],"yoast_head":"<!-- This site is optimized with the Yoast SEO Premium plugin v27.4 (Yoast SEO v27.4) - https:\/\/yoast.com\/product\/yoast-seo-premium-wordpress\/ -->\n<title>S\u00e9ances publiques | Coll\u00e8ge Hypnose<\/title>\n<meta name=\"description\" content=\"S\u00e9ances publiques avec l&#039;hypnose ericksonienne \u00e0 Lausanne, en Suisse Romande. D\u00e9monstrations avec l&#039;hypnologue et formateur Kevin Ramchurn.\" \/>\n<meta name=\"robots\" content=\"index, follow, max-snippet:-1, max-image-preview:large, max-video-preview:-1\" \/>\n<link rel=\"canonical\" href=\"https:\/\/www.pnl.ch\/college-hypnose\/seances-publiques\/\" \/>\n<meta property=\"og:locale\" content=\"fr_FR\" \/>\n<meta property=\"og:type\" content=\"article\" \/>\n<meta property=\"og:title\" content=\"S\u00e9ances publiques\" \/>\n<meta property=\"og:description\" content=\"S\u00e9ances publiques avec l&#039;hypnose ericksonienne \u00e0 Lausanne, en Suisse Romande. D\u00e9monstrations avec l&#039;hypnologue et formateur Kevin Ramchurn.\" \/>\n<meta property=\"og:url\" content=\"https:\/\/www.pnl.ch\/college-hypnose\/seances-publiques\/\" \/>\n<meta property=\"og:site_name\" content=\"Coll\u00e8ge Hypnose\" \/>\n<meta property=\"article:publisher\" content=\"https:\/\/www.facebook.com\/college.romand\/\" \/>\n<meta property=\"article:modified_time\" content=\"2024-03-27T19:04:54+00:00\" \/>\n<meta property=\"og:image\" content=\"https:\/\/www.pnl.ch\/college-hypnose\/wp-content\/uploads\/sites\/4\/2024\/03\/seances-publiques-jpg.webp\" \/>\n\t<meta property=\"og:image:width\" content=\"1200\" \/>\n\t<meta property=\"og:image:height\" content=\"675\" \/>\n\t<meta property=\"og:image:type\" content=\"image\/jpeg\" \/>\n<meta name=\"twitter:card\" content=\"summary_large_image\" \/>\n<meta name=\"twitter:description\" content=\"S\u00e9ances publiques avec l&#039;hypnose ericksonienne \u00e0 Lausanne. D\u00e9monstrations avec l&#039;hypnologue Kevin Ramchurn.\" \/>\n<meta name=\"twitter:site\" content=\"@CollegeRomand\" \/>\n<meta name=\"twitter:label1\" content=\"Dur\u00e9e de lecture estim\u00e9e\" \/>\n\t<meta name=\"twitter:data1\" content=\"1 minute\" \/>\n<script type=\"application\/ld+json\" class=\"yoast-schema-graph\">{\"@context\":\"https:\\\/\\\/schema.org\",\"@graph\":[{\"@type\":\"WebPage\",\"@id\":\"https:\\\/\\\/www.pnl.ch\\\/college-hypnose\\\/seances-publiques\\\/\",\"url\":\"https:\\\/\\\/www.pnl.ch\\\/college-hypnose\\\/seances-publiques\\\/\",\"name\":\"S\u00e9ances publiques | Coll\u00e8ge Hypnose\",\"isPartOf\":{\"@id\":\"https:\\\/\\\/www.pnl.ch\\\/college-hypnose\\\/#website\"},\"primaryImageOfPage\":{\"@id\":\"https:\\\/\\\/www.pnl.ch\\\/college-hypnose\\\/seances-publiques\\\/#primaryimage\"},\"image\":{\"@id\":\"https:\\\/\\\/www.pnl.ch\\\/college-hypnose\\\/seances-publiques\\\/#primaryimage\"},\"thumbnailUrl\":\"https:\\\/\\\/www.pnl.ch\\\/college-hypnose\\\/wp-content\\\/uploads\\\/sites\\\/4\\\/2024\\\/03\\\/seances-publiques-1-jpg.webp\",\"datePublished\":\"2022-09-15T16:44:40+00:00\",\"dateModified\":\"2024-03-27T19:04:54+00:00\",\"description\":\"S\u00e9ances publiques avec l'hypnose ericksonienne \u00e0 Lausanne, en Suisse Romande. D\u00e9monstrations avec l'hypnologue et formateur Kevin Ramchurn.\",\"breadcrumb\":{\"@id\":\"https:\\\/\\\/www.pnl.ch\\\/college-hypnose\\\/seances-publiques\\\/#breadcrumb\"},\"inLanguage\":\"fr-FR\",\"potentialAction\":[{\"@type\":\"ReadAction\",\"target\":[\"https:\\\/\\\/www.pnl.ch\\\/college-hypnose\\\/seances-publiques\\\/\"]}]},{\"@type\":\"ImageObject\",\"inLanguage\":\"fr-FR\",\"@id\":\"https:\\\/\\\/www.pnl.ch\\\/college-hypnose\\\/seances-publiques\\\/#primaryimage\",\"url\":\"https:\\\/\\\/www.pnl.ch\\\/college-hypnose\\\/wp-content\\\/uploads\\\/sites\\\/4\\\/2024\\\/03\\\/seances-publiques-1-jpg.webp\",\"contentUrl\":\"https:\\\/\\\/www.pnl.ch\\\/college-hypnose\\\/wp-content\\\/uploads\\\/sites\\\/4\\\/2024\\\/03\\\/seances-publiques-1-jpg.webp\",\"width\":300,\"height\":300,\"caption\":\"S\u00e9ances publiques | Hypnose pour tous\"},{\"@type\":\"BreadcrumbList\",\"@id\":\"https:\\\/\\\/www.pnl.ch\\\/college-hypnose\\\/seances-publiques\\\/#breadcrumb\",\"itemListElement\":[{\"@type\":\"ListItem\",\"position\":1,\"name\":\"Accueil\",\"item\":\"https:\\\/\\\/www.pnl.ch\\\/college-hypnose\\\/\"},{\"@type\":\"ListItem\",\"position\":2,\"name\":\"S\u00e9ances publiques\"}]},{\"@type\":\"WebSite\",\"@id\":\"https:\\\/\\\/www.pnl.ch\\\/college-hypnose\\\/#website\",\"url\":\"https:\\\/\\\/www.pnl.ch\\\/college-hypnose\\\/\",\"name\":\"Coll\u00e8ge Hypnose\",\"description\":\"Formations certifiantes en Hypnose Ericksonienne\",\"publisher\":{\"@id\":\"https:\\\/\\\/www.pnl.ch\\\/college-hypnose\\\/#organization\"},\"potentialAction\":[{\"@type\":\"SearchAction\",\"target\":{\"@type\":\"EntryPoint\",\"urlTemplate\":\"https:\\\/\\\/www.pnl.ch\\\/college-hypnose\\\/?s={search_term_string}\"},\"query-input\":{\"@type\":\"PropertyValueSpecification\",\"valueRequired\":true,\"valueName\":\"search_term_string\"}}],\"inLanguage\":\"fr-FR\"},{\"@type\":\"Organization\",\"@id\":\"https:\\\/\\\/www.pnl.ch\\\/college-hypnose\\\/#organization\",\"name\":\"Coll\u00e8ge Romand - Centre de formation d'adultes S\u00e0rl\",\"url\":\"https:\\\/\\\/www.pnl.ch\\\/college-hypnose\\\/\",\"logo\":{\"@type\":\"ImageObject\",\"inLanguage\":\"fr-FR\",\"@id\":\"https:\\\/\\\/www.pnl.ch\\\/college-hypnose\\\/#\\\/schema\\\/logo\\\/image\\\/\",\"url\":\"https:\\\/\\\/www.pnl.ch\\\/college-hypnose\\\/wp-content\\\/uploads\\\/sites\\\/4\\\/2017\\\/04\\\/college-hypnose-logo-nc.png\",\"contentUrl\":\"https:\\\/\\\/www.pnl.ch\\\/college-hypnose\\\/wp-content\\\/uploads\\\/sites\\\/4\\\/2017\\\/04\\\/college-hypnose-logo-nc.png\",\"width\":314,\"height\":200,\"caption\":\"Coll\u00e8ge Romand - Centre de formation d'adultes S\u00e0rl\"},\"image\":{\"@id\":\"https:\\\/\\\/www.pnl.ch\\\/college-hypnose\\\/#\\\/schema\\\/logo\\\/image\\\/\"},\"sameAs\":[\"https:\\\/\\\/www.facebook.com\\\/college.romand\\\/\",\"https:\\\/\\\/x.com\\\/CollegeRomand\",\"https:\\\/\\\/www.linkedin.com\\\/school\\\/college-romand\\\/\",\"https:\\\/\\\/www.instagram.com\\\/collegeromand\\\/\"]}]}<\/script>\n<!-- \/ Yoast SEO Premium plugin. -->","yoast_head_json":{"title":"S\u00e9ances publiques | Coll\u00e8ge Hypnose","description":"S\u00e9ances publiques avec l'hypnose ericksonienne \u00e0 Lausanne, en Suisse Romande. D\u00e9monstrations avec l'hypnologue et formateur Kevin Ramchurn.","robots":{"index":"index","follow":"follow","max-snippet":"max-snippet:-1","max-image-preview":"max-image-preview:large","max-video-preview":"max-video-preview:-1"},"canonical":"https:\/\/www.pnl.ch\/college-hypnose\/seances-publiques\/","og_locale":"fr_FR","og_type":"article","og_title":"S\u00e9ances publiques","og_description":"S\u00e9ances publiques avec l'hypnose ericksonienne \u00e0 Lausanne, en Suisse Romande. D\u00e9monstrations avec l'hypnologue et formateur Kevin Ramchurn.","og_url":"https:\/\/www.pnl.ch\/college-hypnose\/seances-publiques\/","og_site_name":"Coll\u00e8ge Hypnose","article_publisher":"https:\/\/www.facebook.com\/college.romand\/","article_modified_time":"2024-03-27T19:04:54+00:00","og_image":[{"width":1200,"height":675,"url":"https:\/\/www.pnl.ch\/college-hypnose\/wp-content\/uploads\/sites\/4\/2024\/03\/seances-publiques-jpg.webp","type":"image\/jpeg"}],"twitter_card":"summary_large_image","twitter_description":"S\u00e9ances publiques avec l'hypnose ericksonienne \u00e0 Lausanne. D\u00e9monstrations avec l'hypnologue Kevin Ramchurn.","twitter_site":"@CollegeRomand","twitter_misc":{"Dur\u00e9e de lecture estim\u00e9e":"1 minute"},"schema":{"@context":"https:\/\/schema.org","@graph":[{"@type":"WebPage","@id":"https:\/\/www.pnl.ch\/college-hypnose\/seances-publiques\/","url":"https:\/\/www.pnl.ch\/college-hypnose\/seances-publiques\/","name":"S\u00e9ances publiques | Coll\u00e8ge Hypnose","isPartOf":{"@id":"https:\/\/www.pnl.ch\/college-hypnose\/#website"},"primaryImageOfPage":{"@id":"https:\/\/www.pnl.ch\/college-hypnose\/seances-publiques\/#primaryimage"},"image":{"@id":"https:\/\/www.pnl.ch\/college-hypnose\/seances-publiques\/#primaryimage"},"thumbnailUrl":"https:\/\/www.pnl.ch\/college-hypnose\/wp-content\/uploads\/sites\/4\/2024\/03\/seances-publiques-1-jpg.webp","datePublished":"2022-09-15T16:44:40+00:00","dateModified":"2024-03-27T19:04:54+00:00","description":"S\u00e9ances publiques avec l'hypnose ericksonienne \u00e0 Lausanne, en Suisse Romande. D\u00e9monstrations avec l'hypnologue et formateur Kevin Ramchurn.","breadcrumb":{"@id":"https:\/\/www.pnl.ch\/college-hypnose\/seances-publiques\/#breadcrumb"},"inLanguage":"fr-FR","potentialAction":[{"@type":"ReadAction","target":["https:\/\/www.pnl.ch\/college-hypnose\/seances-publiques\/"]}]},{"@type":"ImageObject","inLanguage":"fr-FR","@id":"https:\/\/www.pnl.ch\/college-hypnose\/seances-publiques\/#primaryimage","url":"https:\/\/www.pnl.ch\/college-hypnose\/wp-content\/uploads\/sites\/4\/2024\/03\/seances-publiques-1-jpg.webp","contentUrl":"https:\/\/www.pnl.ch\/college-hypnose\/wp-content\/uploads\/sites\/4\/2024\/03\/seances-publiques-1-jpg.webp","width":300,"height":300,"caption":"S\u00e9ances publiques | Hypnose pour tous"},{"@type":"BreadcrumbList","@id":"https:\/\/www.pnl.ch\/college-hypnose\/seances-publiques\/#breadcrumb","itemListElement":[{"@type":"ListItem","position":1,"name":"Accueil","item":"https:\/\/www.pnl.ch\/college-hypnose\/"},{"@type":"ListItem","position":2,"name":"S\u00e9ances publiques"}]},{"@type":"WebSite","@id":"https:\/\/www.pnl.ch\/college-hypnose\/#website","url":"https:\/\/www.pnl.ch\/college-hypnose\/","name":"Coll\u00e8ge Hypnose","description":"Formations certifiantes en Hypnose Ericksonienne","publisher":{"@id":"https:\/\/www.pnl.ch\/college-hypnose\/#organization"},"potentialAction":[{"@type":"SearchAction","target":{"@type":"EntryPoint","urlTemplate":"https:\/\/www.pnl.ch\/college-hypnose\/?s={search_term_string}"},"query-input":{"@type":"PropertyValueSpecification","valueRequired":true,"valueName":"search_term_string"}}],"inLanguage":"fr-FR"},{"@type":"Organization","@id":"https:\/\/www.pnl.ch\/college-hypnose\/#organization","name":"Coll\u00e8ge Romand - Centre de formation d'adultes S\u00e0rl","url":"https:\/\/www.pnl.ch\/college-hypnose\/","logo":{"@type":"ImageObject","inLanguage":"fr-FR","@id":"https:\/\/www.pnl.ch\/college-hypnose\/#\/schema\/logo\/image\/","url":"https:\/\/www.pnl.ch\/college-hypnose\/wp-content\/uploads\/sites\/4\/2017\/04\/college-hypnose-logo-nc.png","contentUrl":"https:\/\/www.pnl.ch\/college-hypnose\/wp-content\/uploads\/sites\/4\/2017\/04\/college-hypnose-logo-nc.png","width":314,"height":200,"caption":"Coll\u00e8ge Romand - Centre de formation d'adultes S\u00e0rl"},"image":{"@id":"https:\/\/www.pnl.ch\/college-hypnose\/#\/schema\/logo\/image\/"},"sameAs":["https:\/\/www.facebook.com\/college.romand\/","https:\/\/x.com\/CollegeRomand","https:\/\/www.linkedin.com\/school\/college-romand\/","https:\/\/www.instagram.com\/collegeromand\/"]}]}},"_links":{"self":[{"href":"https:\/\/www.pnl.ch\/college-hypnose\/wp-json\/wp\/v2\/pages\/1679","targetHints":{"allow":["GET"]}}],"collection":[{"href":"https:\/\/www.pnl.ch\/college-hypnose\/wp-json\/wp\/v2\/pages"}],"about":[{"href":"https:\/\/www.pnl.ch\/college-hypnose\/wp-json\/wp\/v2\/types\/page"}],"author":[{"embeddable":true,"href":"https:\/\/www.pnl.ch\/college-hypnose\/wp-json\/wp\/v2\/users\/1"}],"replies":[{"embeddable":true,"href":"https:\/\/www.pnl.ch\/college-hypnose\/wp-json\/wp\/v2\/comments?post=1679"}],"version-history":[{"count":6,"href":"https:\/\/www.pnl.ch\/college-hypnose\/wp-json\/wp\/v2\/pages\/1679\/revisions"}],"predecessor-version":[{"id":1970,"href":"https:\/\/www.pnl.ch\/college-hypnose\/wp-json\/wp\/v2\/pages\/1679\/revisions\/1970"}],"wp:featuredmedia":[{"embeddable":true,"href":"https:\/\/www.pnl.ch\/college-hypnose\/wp-json\/wp\/v2\/media\/1968"}],"wp:attachment":[{"href":"https:\/\/www.pnl.ch\/college-hypnose\/wp-json\/wp\/v2\/media?parent=1679"}],"curies":[{"name":"wp","href":"https:\/\/api.w.org\/{rel}","templated":true}]}}