{"id":2195,"date":"2025-06-03T14:07:02","date_gmt":"2025-06-03T12:07:02","guid":{"rendered":"https:\/\/www.pnl.ch\/college-hypnose\/?page_id=2195"},"modified":"2026-02-17T10:21:49","modified_gmt":"2026-02-17T09:21:49","slug":"masterclass-profiling-et-hypnose-conversationnelle","status":"publish","type":"page","link":"https:\/\/www.pnl.ch\/college-hypnose\/webinaires\/masterclass-profiling-et-hypnose-conversationnelle\/","title":{"rendered":"Masterclass Profiling &#038; Hypnose conversationnelle"},"content":{"rendered":"<div class=\"wpb-content-wrapper\">[vc_row][vc_column][vc_column_text css=\u00a0\u00bb\u00a0\u00bb]<strong>Vivez une exp\u00e9rience immersive pour explorer concr\u00e8tement les coulisses de la formation, d\u00e9couvrir la puissance de notre approche combin\u00e9e et en saisir toute l\u2019essence.<\/strong><b>\r\n<\/b>[\/vc_column_text][\/vc_column][\/vc_row][vc_row][vc_column][vc_column_text css=\u00a0\u00bb\u00a0\u00bb]<span style=\"font-weight: 400;\">Cette Masterclass vous invite \u00e0 d\u00e9couvrir les bases d\u2019une communication fine, pr\u00e9cise et percutante. Gr\u00e2ce \u00e0 l\u2019apport du profiling et de l\u2019hypnose conversationnelle, vous d\u00e9couvrirez comment ajuster votre discours, capter l\u2019attention et cr\u00e9er un impact r\u00e9el dans vos \u00e9changes \u2014 en entretien, en r\u00e9union, en situation de conflit ou de d\u00e9cision sensible.<\/span>[\/vc_column_text][\/vc_column][\/vc_row][vc_row margin_top=\u00a0\u00bb-40px\u00a0\u00bb][vc_column width=\u00a0\u00bb2\/3&Prime; css=\u00a0\u00bb.vc_custom_1540813516604{padding-right: 50px !important;}\u00a0\u00bb][vc_column_text css=\u00a0\u00bb\u00a0\u00bb]\r\n<h3><b>Un avant-go\u00fbt d\u2019une formation unique.<\/b><\/h3>\r\n<span style=\"font-weight: 400;\">Durant cette soir\u00e9e, vous assisterez \u00e0 des d\u00e9monstrations concr\u00e8tes, d\u00e9couvrirez les grands axes du programme, et repartirez avec <\/span><b>des cl\u00e9s simples et efficaces pour affiner votre mani\u00e8re de vous exprimer et capter l\u2019attention<\/b><span style=\"font-weight: 400;\"> de vos interlocuteurs. Que vous soyez dans la relation d\u2019aide, la s\u00e9curit\u00e9, les ressources humaines ou tout autre domaine o\u00f9 l\u2019art de bien dire fait la diff\u00e9rence, cette Masterclass est faite pour vous.<\/span>\r\n\r\n<b>Rejoignez-nous pour la Masterclass <\/b><span style=\"font-weight: 400;\">en ligne, gratuite et explorez par vous-m\u00eame la puissance du profiling et de l\u2019hypnose conversationnelle.<\/span>[\/vc_column_text][\/vc_column][vc_column width=\u00a0\u00bb1\/3&Prime; css=\u00a0\u00bb.vc_custom_1511548436975{background-color: #333333 !important;}\u00a0\u00bb][vc_column_text css=\u00a0\u00bb.vc_custom_1756731805973{padding-left: 10px !important;}\u00a0\u00bb]\r\n<h3 style=\"margin-top: 0; color: #a473e7;\"><strong>Vous inscrire \u00e0 cette Masterclass<\/strong><\/h3>\r\n<span style=\"margin-top: 5px; color: #fff;\">\r\n<span class=\"soustitre\">\u00c9v\u00e9nement\u202f: <\/span>Masterclass\r\n<span class=\"soustitre\">Date\u202f: <\/span> Date \u00e0 venir\r\n<span class=\"soustitre\">Horaire\u202f: <\/span>De 18h30 \u00e0 20h00\r\n<span class=\"soustitre\">Format\u202f: <\/span>Distanciel\r\n<span class=\"soustitre\">Prix\u202f: <\/span>Gratuit<\/span>[\/vc_column_text][vc_raw_html css=\u00a0\u00bb\u00a0\u00bb]JTNDZm9ybSUyMGFjdGlvbiUzRCUyMmh0dHBzJTNBJTJGJTJGY3JwbmwuY2glMkZpbmRleC5waHAlMjIlMjBtZXRob2QlM0QlMjJwb3N0JTIyJTNFJTBBJTNDdGFibGUlMjBjbGFzcyUzRCUyMmFjeW1haWxpbmdfZm9ybSUyMiUyMHN0eWxlJTNEJTIyd2lkdGglM0ElMjAxMDAlMjUlM0IlMjBtYXglMjB3aWR0aCUzQSUyMDI2NXB4JTNCJTIwYmFja2dyb3VuZC1jb2xvciUzQSUyMCUyMzU1NTU1NSUzQiUyMiUzRSUwQSUzQ3Rib2R5JTNFJTBBJTNDdHIlM0UlMEElM0N0ZCUzRSUzQ2lucHV0JTIwaWQlM0QlMjJ1c2VyX25hbWUlMjIlMjBuYW1lJTNEJTIydXNlciU1Qm5hbWUlNUQlMjIlMjB0eXBlJTNEJTIydGV4dCUyMiUyMHZhbHVlJTNEJTIyJTIyJTIwcGxhY2Vob2xkZXIlM0QlMjJQciVDMyVBOW5vbSUyMiUyMCUyRiUzRSUzQyUyRnRkJTNFJTBBJTNDJTJGdHIlM0UlMEElM0N0ciUzRSUwQSUzQ3RkJTNFJTNDaW5wdXQlMjBpZCUzRCUyMnVzZXJfZW1haWwlMjIlMjBuYW1lJTNEJTIydXNlciU1QmVtYWlsJTVEJTIyJTIwdHlwZSUzRCUyMnRleHQlMjIlMjB2YWx1ZSUzRCUyMiUyMiUyMHBsYWNlaG9sZGVyJTNEJTIyQWRyZXNzZSUyMGUtbWFpbCUyMiUyMCUyRiUzRSUzQyUyRnRkJTNFJTBBJTNDJTJGdHIlM0UlMEElM0N0ciUzRSUwQSUzQ3RkJTNFJTNDaW5wdXQlMjBjbGFzcyUzRCUyMmR0LWJ0biUyMiUyMG5hbWUlM0QlMjJTdWJtaXQlMjIlMjB0eXBlJTNEJTIyc3VibWl0JTIyJTIwdmFsdWUlM0QlMjJKZSUyMG0lMjdpbnNjcmlzJTIyJTIwJTJGJTNFJTNDJTJGdGQlM0UlMEElM0MlMkZ0ciUzRSUwQSUzQ3RyJTNFJTBBJTNDdGQlMjBzdHlsZSUzRCUyMmZvbnQtc2l6ZSUzQSUyMDExcHglM0IlMjB0ZXh0LWFsaWduJTNBJTIwY2VudGVyJTNCJTIwdGV4dC1kZWNvcmF0aW9uJTNBJTIwdW5kZXJsaW5lJTNCJTIwcGFkZGluZy10b3AlM0ElMjA1cHglM0IlMjIlMjBjb2xzcGFuJTNEJTIyMiUyMiUzRSUzQ2ElMjBzdHlsZSUzRCUyMmNvbG9yJTNBJTIwJTIzZjYwJTNCJTIyJTIwaHJlZiUzRCUyMmh0dHBzJTNBJTJGJTJGd3d3LnBubC5jaCUyRmNvbmZpZGVudGlhbGl0ZS1wb2xpdGlxdWUtcHJvdGVjdGlvbi1kb25uZWVzJTJGJTIyJTIwdGFyZ2V0JTNEJTIyX2JsYW5rJTIyJTIwcmVsJTNEJTIybm9vcGVuZXIlMjBub3JlZmVycmVyJTIyJTNFTm91cyUyMG5lJTIwcGFydGFnZXJvbnMlMjBqYW1haXMlMjB2b3RyZSUyMGFkcmVzc2UlM0MlMkZhJTNFJTNDJTJGdGQlM0UlMEElM0MlMkZ0ciUzRSUwQSUzQyUyRnRib2R5JTNFJTBBJTNDJTJGdGFibGUlM0UlMEElMEElM0MlMjEtLSUyMEhvbmV5cG90JTIwYW50aS1ib3QlMjAtLSUzRSUwQSUzQ2RpdiUyMHN0eWxlJTNEJTIycG9zaXRpb24lM0FhYnNvbHV0ZSUzQiUyMGxlZnQlM0EtOTk5OXB4JTNCJTIwdG9wJTNBYXV0byUzQiUyMHdpZHRoJTNBMXB4JTNCJTIwaGVpZ2h0JTNBMXB4JTNCJTIwb3ZlcmZsb3clM0FoaWRkZW4lM0IlMjIlM0UlMEElMjAlMjAlM0NsYWJlbCUzRU5lJTIwcGFzJTIwcmVtcGxpciUyMGNlJTIwY2hhbXAlM0MlMkZsYWJlbCUzRSUwQSUyMCUyMCUzQ2lucHV0JTIwdHlwZSUzRCUyMnRleHQlMjIlMjBuYW1lJTNEJTIyd2Vic2l0ZSUyMiUyMHZhbHVlJTNEJTIyJTIyJTIwYXV0b2NvbXBsZXRlJTNEJTIyb2ZmJTIyJTIwdGFiaW5kZXglM0QlMjItMSUyMiUzRSUwQSUzQyUyRmRpdiUzRSUwQSUzQ2lucHV0JTIwdHlwZSUzRCUyMmhpZGRlbiUyMiUyMG5hbWUlM0QlMjJmb3JtX3RzJTIyJTIwdmFsdWUlM0QlMjIwJTIyJTIwaWQlM0QlMjJmb3JtX3RzJTIyJTNFJTBBJTNDc2NyaXB0JTNFJTBBJTIwJTIwJTJGJTJGJTIwVGltZXN0YW1wJTIwZW4lMjBzZWNvbmRlcyUyMGF1JTIwY2hhcmdlbWVudCUyMGRlJTIwbGElMjBwYWdlJTBBJTIwJTIwZG9jdW1lbnQuZ2V0RWxlbWVudEJ5SWQlMjglMjdmb3JtX3RzJTI3JTI5LnZhbHVlJTIwJTNEJTIwTWF0aC5mbG9vciUyOERhdGUubm93JTI4JTI5JTIwJTJGJTIwMTAwMCUyOSUzQiUwQSUzQyUyRnNjcmlwdCUzRSUwQSUwQSUwQSUzQ3NwYW4lMjBzdHlsZSUzRCUyMmRpc3BsYXklM0ElMjBub25lJTNCJTIyJTNFJTBBJTNDaW5wdXQlMjBuYW1lJTNEJTIyY3RybCUyMiUyMHR5cGUlM0QlMjJoaWRkZW4lMjIlMjB2YWx1ZSUzRCUyMmZyb250dXNlcnMlMjIlMjAlMkYlM0UlMEElM0NpbnB1dCUyMG5hbWUlM0QlMjJ0YXNrJTIyJTIwdHlwZSUzRCUyMmhpZGRlbiUyMiUyMHZhbHVlJTNEJTIyc3Vic2NyaWJlJTIyJTIwJTJGJTNFJTBBJTNDaW5wdXQlMjBuYW1lJTNEJTIycmVkaXJlY3QlMjIlMjB0eXBlJTNEJTIyaGlkZGVuJTIyJTIwdmFsdWUlM0QlMjJodHRwcyUzQSUyRiUyRnd3dy5wbmwuY2glMkZtZXJjaS1kZS1jb25maXJtZXIlMkYlMjIlMjAlMkYlM0UlMEElM0NpbnB1dCUyMG5hbWUlM0QlMjJoaWRkZW5saXN0cyUyMiUyMHR5cGUlM0QlMjJoaWRkZW4lMjIlMjB2YWx1ZSUzRCUyMjM5JTIyJTIwJTJGJTNFJTBBJTNDaW5wdXQlMjBuYW1lJTNEJTIyb3B0aW9uJTIyJTIwdHlwZSUzRCUyMmhpZGRlbiUyMiUyMHZhbHVlJTNEJTIyY29tX2FjeW0lMjIlMjAlMkYlM0UlMEElM0NpbnB1dCUyMG5hbWUlM0QlMjJzZWNrZXklMjIlMjB0eXBlJTNEJTIyaGlkZGVuJTIyJTIwdmFsdWUlM0QlMjJzQ1hZNnpPNExxV2dlTGI5emw5SnNEMFJyWlNlMm0lMjIlMjAlMkYlM0UlMEElM0MlMkZzcGFuJTNFJTBBJTBBJTNDJTJGZm9ybSUzRQ==[\/vc_raw_html][\/vc_column][\/vc_row]<!-- \/wp:post-content --><\/div>","protected":false},"excerpt":{"rendered":"<p>[vc_row][vc_column][vc_column_text css=\u00a0\u00bb\u00a0\u00bb]Vivez une exp\u00e9rience immersive pour explorer concr\u00e8tement les coulisses de la formation, d\u00e9couvrir la puissance de notre approche combin\u00e9e et en saisir toute l\u2019essence. [\/vc_column_text][\/vc_column][\/vc_row][vc_row][vc_column][vc_column_text css=\u00a0\u00bb\u00a0\u00bb]Cette Masterclass vous invite \u00e0 d\u00e9couvrir les bases d\u2019une communication fine, pr\u00e9cise et percutante. Gr\u00e2ce \u00e0 l\u2019apport du profiling et de l\u2019hypnose conversationnelle, vous d\u00e9couvrirez comment ajuster votre discours,&hellip;<\/p>\n","protected":false},"author":32,"featured_media":2337,"parent":681,"menu_order":0,"comment_status":"closed","ping_status":"closed","template":"","meta":{"_acf_changed":false,"footnotes":""},"class_list":["post-2195","page","type-page","status-publish","has-post-thumbnail","hentry","description-off"],"acf":[],"yoast_head":"<!-- This site is optimized with the Yoast SEO Premium plugin v27.4 (Yoast SEO v27.4) - https:\/\/yoast.com\/product\/yoast-seo-premium-wordpress\/ -->\n<title>Masterclass Profiling &amp; Hypnose conversationnelle | Coll\u00e8ge Hypnose<\/title>\n<meta name=\"description\" content=\"Rejoignez-nous pour la Masterclass en ligne, gratuite et explorez par vous-m\u00eame la puissance du profiling et de l\u2019hypnose conversationnelle.\" \/>\n<meta name=\"robots\" content=\"index, follow, max-snippet:-1, max-image-preview:large, max-video-preview:-1\" \/>\n<link rel=\"canonical\" href=\"https:\/\/www.pnl.ch\/college-hypnose\/webinaires\/masterclass-profiling-et-hypnose-conversationnelle\/\" \/>\n<meta property=\"og:locale\" content=\"fr_FR\" \/>\n<meta property=\"og:type\" content=\"article\" \/>\n<meta property=\"og:title\" content=\"Masterclass Profiling &amp; Hypnose conversationnelle | Coll\u00e8ge Romand\" \/>\n<meta property=\"og:description\" content=\"Rejoignez-nous pour la Masterclass en ligne, gratuite et explorez par vous-m\u00eame la puissance du profiling et de l\u2019hypnose conversationnelle.\" \/>\n<meta property=\"og:url\" content=\"https:\/\/www.pnl.ch\/college-hypnose\/webinaires\/masterclass-profiling-et-hypnose-conversationnelle\/\" \/>\n<meta property=\"og:site_name\" content=\"Coll\u00e8ge Hypnose\" \/>\n<meta property=\"article:publisher\" content=\"https:\/\/www.facebook.com\/college.romand\/\" \/>\n<meta property=\"article:modified_time\" content=\"2026-02-17T09:21:49+00:00\" \/>\n<meta property=\"og:image\" content=\"http:\/\/www.pnl.ch\/college-hypnose\/wp-content\/uploads\/sites\/4\/2025\/05\/profiling-hypnose-conversationnelle-1200x628-1.jpg\" \/>\n\t<meta property=\"og:image:width\" content=\"1200\" \/>\n\t<meta property=\"og:image:height\" content=\"628\" \/>\n\t<meta property=\"og:image:type\" content=\"image\/jpeg\" \/>\n<meta name=\"twitter:card\" content=\"summary_large_image\" \/>\n<meta name=\"twitter:title\" content=\"Masterclass Profiling &amp; Hypnose conversationnelle\" \/>\n<meta name=\"twitter:description\" content=\"R\u00e9duction du stress: comment utiliser l&#039;hypnose pour r\u00e9duire les sympt\u00f4mes du stress, tels que l&#039;anxi\u00e9t\u00e9, la tension musculaire, etc.\" \/>\n<meta name=\"twitter:site\" content=\"@CollegeRomand\" \/>\n<meta name=\"twitter:label1\" content=\"Dur\u00e9e de lecture estim\u00e9e\" \/>\n\t<meta name=\"twitter:data1\" content=\"2 minutes\" \/>\n<script type=\"application\/ld+json\" class=\"yoast-schema-graph\">{\"@context\":\"https:\\\/\\\/schema.org\",\"@graph\":[{\"@type\":\"WebPage\",\"@id\":\"https:\\\/\\\/www.pnl.ch\\\/college-hypnose\\\/webinaires\\\/masterclass-profiling-et-hypnose-conversationnelle\\\/\",\"url\":\"https:\\\/\\\/www.pnl.ch\\\/college-hypnose\\\/webinaires\\\/masterclass-profiling-et-hypnose-conversationnelle\\\/\",\"name\":\"Masterclass Profiling & Hypnose conversationnelle | Coll\u00e8ge Hypnose\",\"isPartOf\":{\"@id\":\"https:\\\/\\\/www.pnl.ch\\\/college-hypnose\\\/#website\"},\"primaryImageOfPage\":{\"@id\":\"https:\\\/\\\/www.pnl.ch\\\/college-hypnose\\\/webinaires\\\/masterclass-profiling-et-hypnose-conversationnelle\\\/#primaryimage\"},\"image\":{\"@id\":\"https:\\\/\\\/www.pnl.ch\\\/college-hypnose\\\/webinaires\\\/masterclass-profiling-et-hypnose-conversationnelle\\\/#primaryimage\"},\"thumbnailUrl\":\"https:\\\/\\\/www.pnl.ch\\\/college-hypnose\\\/wp-content\\\/uploads\\\/sites\\\/4\\\/2025\\\/05\\\/porfinling-et-hypnose-conversationnelle-300x300-1.jpg\",\"datePublished\":\"2025-06-03T12:07:02+00:00\",\"dateModified\":\"2026-02-17T09:21:49+00:00\",\"description\":\"Rejoignez-nous pour la Masterclass en ligne, gratuite et explorez par vous-m\u00eame la puissance du profiling et de l\u2019hypnose conversationnelle.\",\"breadcrumb\":{\"@id\":\"https:\\\/\\\/www.pnl.ch\\\/college-hypnose\\\/webinaires\\\/masterclass-profiling-et-hypnose-conversationnelle\\\/#breadcrumb\"},\"inLanguage\":\"fr-FR\",\"potentialAction\":[{\"@type\":\"ReadAction\",\"target\":[\"https:\\\/\\\/www.pnl.ch\\\/college-hypnose\\\/webinaires\\\/masterclass-profiling-et-hypnose-conversationnelle\\\/\"]}]},{\"@type\":\"ImageObject\",\"inLanguage\":\"fr-FR\",\"@id\":\"https:\\\/\\\/www.pnl.ch\\\/college-hypnose\\\/webinaires\\\/masterclass-profiling-et-hypnose-conversationnelle\\\/#primaryimage\",\"url\":\"https:\\\/\\\/www.pnl.ch\\\/college-hypnose\\\/wp-content\\\/uploads\\\/sites\\\/4\\\/2025\\\/05\\\/porfinling-et-hypnose-conversationnelle-300x300-1.jpg\",\"contentUrl\":\"https:\\\/\\\/www.pnl.ch\\\/college-hypnose\\\/wp-content\\\/uploads\\\/sites\\\/4\\\/2025\\\/05\\\/porfinling-et-hypnose-conversationnelle-300x300-1.jpg\",\"width\":300,\"height\":300,\"caption\":\"porfiling-et-hypnose-conversationnelle\"},{\"@type\":\"BreadcrumbList\",\"@id\":\"https:\\\/\\\/www.pnl.ch\\\/college-hypnose\\\/webinaires\\\/masterclass-profiling-et-hypnose-conversationnelle\\\/#breadcrumb\",\"itemListElement\":[{\"@type\":\"ListItem\",\"position\":1,\"name\":\"Accueil\",\"item\":\"https:\\\/\\\/www.pnl.ch\\\/college-hypnose\\\/\"},{\"@type\":\"ListItem\",\"position\":2,\"name\":\"Webinaires\",\"item\":\"https:\\\/\\\/www.pnl.ch\\\/college-hypnose\\\/webinaires\\\/\"},{\"@type\":\"ListItem\",\"position\":3,\"name\":\"Masterclass Profiling &#038; Hypnose conversationnelle\"}]},{\"@type\":\"WebSite\",\"@id\":\"https:\\\/\\\/www.pnl.ch\\\/college-hypnose\\\/#website\",\"url\":\"https:\\\/\\\/www.pnl.ch\\\/college-hypnose\\\/\",\"name\":\"Coll\u00e8ge Hypnose\",\"description\":\"Formations certifiantes en Hypnose Ericksonienne\",\"publisher\":{\"@id\":\"https:\\\/\\\/www.pnl.ch\\\/college-hypnose\\\/#organization\"},\"potentialAction\":[{\"@type\":\"SearchAction\",\"target\":{\"@type\":\"EntryPoint\",\"urlTemplate\":\"https:\\\/\\\/www.pnl.ch\\\/college-hypnose\\\/?s={search_term_string}\"},\"query-input\":{\"@type\":\"PropertyValueSpecification\",\"valueRequired\":true,\"valueName\":\"search_term_string\"}}],\"inLanguage\":\"fr-FR\"},{\"@type\":\"Organization\",\"@id\":\"https:\\\/\\\/www.pnl.ch\\\/college-hypnose\\\/#organization\",\"name\":\"Coll\u00e8ge Romand - Centre de formation d'adultes S\u00e0rl\",\"url\":\"https:\\\/\\\/www.pnl.ch\\\/college-hypnose\\\/\",\"logo\":{\"@type\":\"ImageObject\",\"inLanguage\":\"fr-FR\",\"@id\":\"https:\\\/\\\/www.pnl.ch\\\/college-hypnose\\\/#\\\/schema\\\/logo\\\/image\\\/\",\"url\":\"https:\\\/\\\/www.pnl.ch\\\/college-hypnose\\\/wp-content\\\/uploads\\\/sites\\\/4\\\/2017\\\/04\\\/college-hypnose-logo-nc.png\",\"contentUrl\":\"https:\\\/\\\/www.pnl.ch\\\/college-hypnose\\\/wp-content\\\/uploads\\\/sites\\\/4\\\/2017\\\/04\\\/college-hypnose-logo-nc.png\",\"width\":314,\"height\":200,\"caption\":\"Coll\u00e8ge Romand - Centre de formation d'adultes S\u00e0rl\"},\"image\":{\"@id\":\"https:\\\/\\\/www.pnl.ch\\\/college-hypnose\\\/#\\\/schema\\\/logo\\\/image\\\/\"},\"sameAs\":[\"https:\\\/\\\/www.facebook.com\\\/college.romand\\\/\",\"https:\\\/\\\/x.com\\\/CollegeRomand\",\"https:\\\/\\\/www.linkedin.com\\\/school\\\/college-romand\\\/\",\"https:\\\/\\\/www.instagram.com\\\/collegeromand\\\/\"]}]}<\/script>\n<!-- \/ Yoast SEO Premium plugin. -->","yoast_head_json":{"title":"Masterclass Profiling & Hypnose conversationnelle | Coll\u00e8ge Hypnose","description":"Rejoignez-nous pour la Masterclass en ligne, gratuite et explorez par vous-m\u00eame la puissance du profiling et de l\u2019hypnose conversationnelle.","robots":{"index":"index","follow":"follow","max-snippet":"max-snippet:-1","max-image-preview":"max-image-preview:large","max-video-preview":"max-video-preview:-1"},"canonical":"https:\/\/www.pnl.ch\/college-hypnose\/webinaires\/masterclass-profiling-et-hypnose-conversationnelle\/","og_locale":"fr_FR","og_type":"article","og_title":"Masterclass Profiling & Hypnose conversationnelle | Coll\u00e8ge Romand","og_description":"Rejoignez-nous pour la Masterclass en ligne, gratuite et explorez par vous-m\u00eame la puissance du profiling et de l\u2019hypnose conversationnelle.","og_url":"https:\/\/www.pnl.ch\/college-hypnose\/webinaires\/masterclass-profiling-et-hypnose-conversationnelle\/","og_site_name":"Coll\u00e8ge Hypnose","article_publisher":"https:\/\/www.facebook.com\/college.romand\/","article_modified_time":"2026-02-17T09:21:49+00:00","og_image":[{"width":1200,"height":628,"url":"http:\/\/www.pnl.ch\/college-hypnose\/wp-content\/uploads\/sites\/4\/2025\/05\/profiling-hypnose-conversationnelle-1200x628-1.jpg","type":"image\/jpeg"}],"twitter_card":"summary_large_image","twitter_title":"Masterclass Profiling & Hypnose conversationnelle","twitter_description":"R\u00e9duction du stress: comment utiliser l'hypnose pour r\u00e9duire les sympt\u00f4mes du stress, tels que l'anxi\u00e9t\u00e9, la tension musculaire, etc.","twitter_site":"@CollegeRomand","twitter_misc":{"Dur\u00e9e de lecture estim\u00e9e":"2 minutes"},"schema":{"@context":"https:\/\/schema.org","@graph":[{"@type":"WebPage","@id":"https:\/\/www.pnl.ch\/college-hypnose\/webinaires\/masterclass-profiling-et-hypnose-conversationnelle\/","url":"https:\/\/www.pnl.ch\/college-hypnose\/webinaires\/masterclass-profiling-et-hypnose-conversationnelle\/","name":"Masterclass Profiling & Hypnose conversationnelle | Coll\u00e8ge Hypnose","isPartOf":{"@id":"https:\/\/www.pnl.ch\/college-hypnose\/#website"},"primaryImageOfPage":{"@id":"https:\/\/www.pnl.ch\/college-hypnose\/webinaires\/masterclass-profiling-et-hypnose-conversationnelle\/#primaryimage"},"image":{"@id":"https:\/\/www.pnl.ch\/college-hypnose\/webinaires\/masterclass-profiling-et-hypnose-conversationnelle\/#primaryimage"},"thumbnailUrl":"https:\/\/www.pnl.ch\/college-hypnose\/wp-content\/uploads\/sites\/4\/2025\/05\/porfinling-et-hypnose-conversationnelle-300x300-1.jpg","datePublished":"2025-06-03T12:07:02+00:00","dateModified":"2026-02-17T09:21:49+00:00","description":"Rejoignez-nous pour la Masterclass en ligne, gratuite et explorez par vous-m\u00eame la puissance du profiling et de l\u2019hypnose conversationnelle.","breadcrumb":{"@id":"https:\/\/www.pnl.ch\/college-hypnose\/webinaires\/masterclass-profiling-et-hypnose-conversationnelle\/#breadcrumb"},"inLanguage":"fr-FR","potentialAction":[{"@type":"ReadAction","target":["https:\/\/www.pnl.ch\/college-hypnose\/webinaires\/masterclass-profiling-et-hypnose-conversationnelle\/"]}]},{"@type":"ImageObject","inLanguage":"fr-FR","@id":"https:\/\/www.pnl.ch\/college-hypnose\/webinaires\/masterclass-profiling-et-hypnose-conversationnelle\/#primaryimage","url":"https:\/\/www.pnl.ch\/college-hypnose\/wp-content\/uploads\/sites\/4\/2025\/05\/porfinling-et-hypnose-conversationnelle-300x300-1.jpg","contentUrl":"https:\/\/www.pnl.ch\/college-hypnose\/wp-content\/uploads\/sites\/4\/2025\/05\/porfinling-et-hypnose-conversationnelle-300x300-1.jpg","width":300,"height":300,"caption":"porfiling-et-hypnose-conversationnelle"},{"@type":"BreadcrumbList","@id":"https:\/\/www.pnl.ch\/college-hypnose\/webinaires\/masterclass-profiling-et-hypnose-conversationnelle\/#breadcrumb","itemListElement":[{"@type":"ListItem","position":1,"name":"Accueil","item":"https:\/\/www.pnl.ch\/college-hypnose\/"},{"@type":"ListItem","position":2,"name":"Webinaires","item":"https:\/\/www.pnl.ch\/college-hypnose\/webinaires\/"},{"@type":"ListItem","position":3,"name":"Masterclass Profiling &#038; Hypnose conversationnelle"}]},{"@type":"WebSite","@id":"https:\/\/www.pnl.ch\/college-hypnose\/#website","url":"https:\/\/www.pnl.ch\/college-hypnose\/","name":"Coll\u00e8ge Hypnose","description":"Formations certifiantes en Hypnose Ericksonienne","publisher":{"@id":"https:\/\/www.pnl.ch\/college-hypnose\/#organization"},"potentialAction":[{"@type":"SearchAction","target":{"@type":"EntryPoint","urlTemplate":"https:\/\/www.pnl.ch\/college-hypnose\/?s={search_term_string}"},"query-input":{"@type":"PropertyValueSpecification","valueRequired":true,"valueName":"search_term_string"}}],"inLanguage":"fr-FR"},{"@type":"Organization","@id":"https:\/\/www.pnl.ch\/college-hypnose\/#organization","name":"Coll\u00e8ge Romand - Centre de formation d'adultes S\u00e0rl","url":"https:\/\/www.pnl.ch\/college-hypnose\/","logo":{"@type":"ImageObject","inLanguage":"fr-FR","@id":"https:\/\/www.pnl.ch\/college-hypnose\/#\/schema\/logo\/image\/","url":"https:\/\/www.pnl.ch\/college-hypnose\/wp-content\/uploads\/sites\/4\/2017\/04\/college-hypnose-logo-nc.png","contentUrl":"https:\/\/www.pnl.ch\/college-hypnose\/wp-content\/uploads\/sites\/4\/2017\/04\/college-hypnose-logo-nc.png","width":314,"height":200,"caption":"Coll\u00e8ge Romand - Centre de formation d'adultes S\u00e0rl"},"image":{"@id":"https:\/\/www.pnl.ch\/college-hypnose\/#\/schema\/logo\/image\/"},"sameAs":["https:\/\/www.facebook.com\/college.romand\/","https:\/\/x.com\/CollegeRomand","https:\/\/www.linkedin.com\/school\/college-romand\/","https:\/\/www.instagram.com\/collegeromand\/"]}]}},"_links":{"self":[{"href":"https:\/\/www.pnl.ch\/college-hypnose\/wp-json\/wp\/v2\/pages\/2195","targetHints":{"allow":["GET"]}}],"collection":[{"href":"https:\/\/www.pnl.ch\/college-hypnose\/wp-json\/wp\/v2\/pages"}],"about":[{"href":"https:\/\/www.pnl.ch\/college-hypnose\/wp-json\/wp\/v2\/types\/page"}],"author":[{"embeddable":true,"href":"https:\/\/www.pnl.ch\/college-hypnose\/wp-json\/wp\/v2\/users\/32"}],"replies":[{"embeddable":true,"href":"https:\/\/www.pnl.ch\/college-hypnose\/wp-json\/wp\/v2\/comments?post=2195"}],"version-history":[{"count":24,"href":"https:\/\/www.pnl.ch\/college-hypnose\/wp-json\/wp\/v2\/pages\/2195\/revisions"}],"predecessor-version":[{"id":2619,"href":"https:\/\/www.pnl.ch\/college-hypnose\/wp-json\/wp\/v2\/pages\/2195\/revisions\/2619"}],"up":[{"embeddable":true,"href":"https:\/\/www.pnl.ch\/college-hypnose\/wp-json\/wp\/v2\/pages\/681"}],"wp:featuredmedia":[{"embeddable":true,"href":"https:\/\/www.pnl.ch\/college-hypnose\/wp-json\/wp\/v2\/media\/2337"}],"wp:attachment":[{"href":"https:\/\/www.pnl.ch\/college-hypnose\/wp-json\/wp\/v2\/media?parent=2195"}],"curies":[{"name":"wp","href":"https:\/\/api.w.org\/{rel}","templated":true}]}}