{"id":2205,"date":"2025-06-05T17:47:26","date_gmt":"2025-06-05T15:47:26","guid":{"rendered":"https:\/\/www.pnl.ch\/college-hypnose\/?page_id=2205"},"modified":"2025-09-06T00:16:27","modified_gmt":"2025-09-05T22:16:27","slug":"profiling-hypnose-conversationnelle","status":"publish","type":"page","link":"https:\/\/www.pnl.ch\/college-hypnose\/formations\/profiling-hypnose-conversationnelle\/","title":{"rendered":"Profiling et hypnose conversationnelle"},"content":{"rendered":"<div class=\"wpb-content-wrapper\"><p>[vc_row type=\u00a0\u00bb2&Prime; margin_top=\u00a0\u00bb-30xp\u00a0\u00bb padding_top=\u00a0\u00bb150&Prime; padding_bottom=\u00a0\u00bb150&Prime; bg_color=\u00a0\u00bb#FFFFFF\u00a0\u00bb css=\u00a0\u00bb.vc_custom_1749127482921{background: #FFFFFF url(http:\/\/www.pnl.ch\/college-hypnose\/wp-content\/uploads\/sites\/4\/2025\/05\/Image-fond_Prat.Hyp_._NEW.jpg?id=) !important;}\u00a0\u00bb bg_image=\u00a0\u00bbhttp:\/\/www.pnl.ch\/college-hypnose\/wp-content\/uploads\/sites\/4\/2025\/06\/profiling-hypnose-conversationnelle-1320&#215;480-2.jpg\u00a0\u00bb][vc_column][vc_column_text css=\u00a0\u00bb\u00a0\u00bb]<\/p>\n<h2 style=\"text-transform: uppercase; padding-right: 100px; text-shadow: black 2px 2px 3px; text-align: left;\"><strong>L\u2019art de la rh\u00e9torique<\/strong><br \/>\nau service de<br \/>\nla relation<\/h2>\n<p>[\/vc_column_text][\/vc_column][\/vc_row][vc_row margin_top=\u00a0\u00bb-20&Prime;][vc_column][vc_empty_space height=\u00a0\u00bb50px\u00a0\u00bb][vc_column_text css=\u00a0\u00bb\u00a0\u00bb]<span style=\"font-weight: 400;\">Cette formation de 7 jours vous permettra d\u2019explorer en profondeur<\/span><b> l\u2019art de la rh\u00e9torique comme levier de transformation relationnelle<\/b><span style=\"font-weight: 400;\">, en s\u2019appuyant sur les apports crois\u00e9s du profiling et de l\u2019hypnose conversationnelle. Dans un monde o\u00f9 les \u00e9changes se font rapides et souvent utilitaires, savoir dire avec justesse, finesse et pr\u00e9sence devient une comp\u00e9tence cl\u00e9. <\/span><span style=\"font-weight: 400;\"><br \/>\n<\/span><span style=\"font-weight: 400;\"><br \/>\n<\/span><span style=\"font-weight: 400;\">Ce cursus <\/span><span style=\"font-weight: 400;\">vous donne les cl\u00e9s pour<\/span><b> analyser finement les dynamiques relationnelles<\/b><span style=\"font-weight: 400;\">, <\/span><b>ajuster votre discours en temps r\u00e9el<\/b><span style=\"font-weight: 400;\"> et<\/span><b> formuler des messages \u00e0 fort impact<\/b><span style=\"font-weight: 400;\">. Guid\u00e9 par des experts du terrain, vous apprendrez \u00e0 d\u00e9coder les intentions, \u00e0 d\u00e9tecter les signaux faibles et \u00e0 renforcer votre pr\u00e9sence dans des contextes exigeants : entretiens, gestion de conflits, \u00e9valuation de fiabilit\u00e9 ou d\u00e9samor\u00e7age de tensions.<\/span><\/p>\n<p><span style=\"font-weight: 400;\">Gr\u00e2ce \u00e0 des mises en situation concr\u00e8tes et des outils \u00e9prouv\u00e9s,<\/span><b> vous d\u00e9velopperez une communication strat\u00e9gique<\/b><span style=\"font-weight: 400;\">, capable d\u2019instaurer confiance, clart\u00e9 et efficacit\u00e9, m\u00eame sous pression.<\/span><\/p>\n<h4>Prochaine session : <span style=\"color: #000000;\">Dates \u00e0 venir &#8211; pr\u00e9-inscription ouverte<\/span><\/h4>\n<p>[\/vc_column_text][vc_btn title=\u00a0\u00bbR\u00e9servez votre entretien d&rsquo;orientation gratuit\u00a0\u00bb color=\u00a0\u00bbviolet\u00a0\u00bb align=\u00a0\u00bbleft\u00a0\u00bb css=\u00a0\u00bb\u00a0\u00bb link=\u00a0\u00bburl:https%3A%2F%2Fwww.pnl.ch%2Fcollege-hypnose%2Fentretien-d-orientation\u00a0\u00bb][\/vc_column][\/vc_row][vc_row margin_top=\u00a0\u00bb40&Prime; margin_bottom=\u00a0\u00bb40&Prime;][vc_column][vc_tta_tabs style=\u00a0\u00bbmodern\u00a0\u00bb spacing=\u00a0\u00bb4&Prime; gap=\u00a0\u00bb4&Prime; active_section=\u00a0\u00bb1&Prime;][vc_tta_section title=\u00a0\u00bbObjectifs\u00a0\u00bb tab_id=\u00a0\u00bbobjectifs\u00a0\u00bb][vc_column_text css=\u00a0\u00bb\u00a0\u00bb]<\/p>\n<ul>\n<li>D\u00e9velopper une compr\u00e9hension approfondie de la nature humaine<\/li>\n<li>Am\u00e9liorer drastiquement les comp\u00e9tences en communication interpersonnelle<\/li>\n<li>Ma\u00eetriser l&rsquo;art de l&rsquo;influence \u00e9thique et de la persuasion<\/li>\n<li>Anticiper et g\u00e9rer les r\u00e9sistances et les objections<\/li>\n<li>Renforcer la capacit\u00e9 d&rsquo;adaptation et de flexibilit\u00e9<\/li>\n<li>D\u00e9velopper l&rsquo;intelligence \u00e9motionnelle et la lecture des signaux non-verbaux<\/li>\n<li>Faciliter le changement et l&rsquo;atteinte d&rsquo;objectifs<\/li>\n<\/ul>\n<p>[\/vc_column_text][\/vc_tta_section][vc_tta_section title=\u00a0\u00bbProgramme\u00a0\u00bb tab_id=\u00a0\u00bb1499948911104-2e01faa9-614c\u00a0\u00bb][vc_column_text css=\u00a0\u00bb\u00a0\u00bb]<\/p>\n<ul>\n<li>Introduire l&rsquo;hypnose conversationnelle<\/li>\n<li>Ma\u00eetriser les outils linguistiques de l\u2019influence<\/li>\n<li>Induire la transe l\u00e9g\u00e8re conversationnelle<\/li>\n<li>Exp\u00e9rimenter les techniques en situation<\/li>\n<li>Comprendre les fondamentaux du profiling<\/li>\n<li>Appliquer les mod\u00e8les de profiling cl\u00e9s (Hypocrate, Jung, PNL)<\/li>\n<li>Observer le langage non-verbal et les micro-expressions<\/li>\n<li>D\u00e9tecter le mensonge et la manipulation de mani\u00e8re \u00e9thique<\/li>\n<li>Adapter le profilage au contexte et \u00e0 la situation<\/li>\n<li>S\u2019exercer \u00e0 travers des mises en situation et \u00e9tudes de cas<\/li>\n<li>Adapter les strat\u00e9gies d\u2019influence selon les profils<\/li>\n<li>Utiliser les techniques avanc\u00e9es d\u2019hypnose conversationnelle<\/li>\n<li>Affiner l\u2019observation du langage non-verbal<\/li>\n<li>Appliquer les comp\u00e9tences int\u00e9gr\u00e9es dans des sc\u00e9narios complexes<\/li>\n<li>Explorer le profiling avanc\u00e9<\/li>\n<li>Approfondir l\u2019hypnose conversationnelle avanc\u00e9e<\/li>\n<li>Appliquer les outils dans des contextes sp\u00e9cifiques (coaching, th\u00e9rapie, vente, management)<\/li>\n<\/ul>\n<p>[\/vc_column_text][\/vc_tta_section][vc_tta_section title=\u00a0\u00bbCertification\u00a0\u00bb tab_id=\u00a0\u00bb1499948964112-5284231f-8e87&Prime;][vc_column_text css=\u00a0\u00bb\u00a0\u00bb]<\/p>\n<h5 style=\"margin-top: 5px;\">Personnes concern\u00e9es<\/h5>\n<p><span style=\"font-weight: 400;\">Cette formation s\u2019adresse \u00e0 toute personne souhaitant affiner ses comp\u00e9tences relationnelles et sa posture d\u2019accompagnement.<\/span><\/p>\n<h5>P\u00e9dagogie<\/h5>\n<p><span style=\"font-weight: 400;\">Notre p\u00e9dagogie est centr\u00e9e sur l&rsquo;exp\u00e9rience directe et l\u2019appropriation des outils. Le s\u00e9minaire combine des explications claires, des exercices progressifs, des protocoles concrets et des d\u00e9monstrations.<\/span><\/p>\n<h5>Certification<\/h5>\n<p><span style=\"font-weight: 400;\">Certification du Coll\u00e8ge Romand Reconnu &#8211; Asca<\/span>[\/vc_column_text][\/vc_tta_section][vc_tta_section title=\u00a0\u00bbCalendrier\u00a0\u00bb tab_id=\u00a0\u00bb1743071915638-d079b440-b2d3&Prime;][vc_column_text css=\u00a0\u00bb\u00a0\u00bb]<\/p>\n<table class=\"table-calendrier\" align=\"left\">\n<tbody>\n<tr class=\"blanc\">\n<td colspan=\"5\">\n<h2>Prochaines dates \u00e0 venir<\/h2>\n<\/td>\n<\/tr>\n<tr class=\"fonce\">\n<td width=\"20%\">Titre<\/td>\n<td width=\"15%\">Du<\/td>\n<td width=\"15%\">Au<\/td>\n<td width=\"25%\">Formateur<\/td>\n<td width=\"25%\">Lieu<\/td>\n<\/tr>\n<tr>\n<td><strong>Module 1<\/strong><\/td>\n<td><\/td>\n<td><\/td>\n<td><a href=\"https:\/\/www.pnl.ch\/formateurs\/kevin-ramchurn\/\">Kevin Ramchurn <\/a>&amp;<a href=\"https:\/\/www.pnl.ch\/formateurs\/roger-blumenthal\/\"> Roger Blumenthal<\/a><\/td>\n<td><a href=\"https:\/\/www.pnl.ch\/lieux\/centre-de-formation-college-romand\/\">Centre de formation du Coll\u00e8ge Romand<\/a>, Denges<\/td>\n<\/tr>\n<tr>\n<td><strong>Module 2<\/strong><\/td>\n<td><\/td>\n<td><\/td>\n<td><a href=\"https:\/\/www.pnl.ch\/formateurs\/kevin-ramchurn\/\">Kevin Ramchurn<\/a><\/td>\n<td><a href=\"https:\/\/www.pnl.ch\/lieux\/centre-de-formation-college-romand\/\">Centre de formation du Coll\u00e8ge Romand<\/a>, Denges<\/td>\n<\/tr>\n<tr class=\"blanc\">\n<td colspan=\"5\" rowspan=\"1\">\n<h4>Horaires<\/h4>\n<\/td>\n<\/tr>\n<\/tbody>\n<\/table>\n<p>[\/vc_column_text][\/vc_tta_section][vc_tta_section title=\u00a0\u00bbTarifs &amp; Infos\u00a0\u00bb tab_id=\u00a0\u00bb1499948974670-2cf441c5-f287&Prime;][vc_column_text css=\u00a0\u00bb\u00a0\u00bb]<\/p>\n<h5 style=\"margin-top: 5px;\">ANIMATION<\/h5>\n<p><a href=\"https:\/\/www.pnl.ch\/formateurs\/kevin-ramchurn\/\">Kevin Ramchurn <\/a>et\u00a0<a href=\"https:\/\/www.pnl.ch\/formateurs\/roger-blumenthal\/\">Roger Blumenthal<\/a><\/p>\n<h5>LANGUE<\/h5>\n<p>Francais<\/p>\n<h5>PR\u00c9REQUIS<\/h5>\n<p>Un entretien d\u2019orientation (gratuit).<\/p>\n<h5>PRIX<\/h5>\n<p><strong>Prix de lancement CHF 1&rsquo;890.-<\/strong><\/p>\n<h3><\/h3>\n<p>[\/vc_column_text][\/vc_tta_section][\/vc_tta_tabs][\/vc_column][\/vc_row][vc_row margin_top=\u00a0\u00bb50&Prime;][vc_column][vc_column_text css=\u00a0\u00bb\u00a0\u00bb]<strong>Nous vous conseillons volontiers sur cette formation, contactez directement le Coll\u00e8ge Hypnose au <a href=\"tel:+41227369862\">+41 22 736 98 62<\/a> les lundi, mardi, jeudi et vendredi ou r\u00e9servez un entretien d&rsquo;orientation gratuit.<\/strong>[\/vc_column_text][vc_btn title=\u00a0\u00bbVous inscrire\u00a0\u00bb color=\u00a0\u00bbviolet\u00a0\u00bb align=\u00a0\u00bbleft\u00a0\u00bb css=\u00a0\u00bb\u00a0\u00bb link=\u00a0\u00bburl:https%3A%2F%2Fwww.pnl.ch%2Fcollege-hypnose%2Finscription%2F|title:Inscrivez-vous%20et%20commencez%20votre%20parcours%20avec%20l%E2%80%99hypnose%E2%80%AF!\u00a0\u00bb][\/vc_column][\/vc_row][vc_column][\/vc_column]<\/p>\n<\/div>","protected":false},"excerpt":{"rendered":"<p>[vc_row type=\u00a0\u00bb2&Prime; margin_top=\u00a0\u00bb-30xp\u00a0\u00bb padding_top=\u00a0\u00bb150&Prime; padding_bottom=\u00a0\u00bb150&Prime; bg_color=\u00a0\u00bb#FFFFFF\u00a0\u00bb css=\u00a0\u00bb.vc_custom_1749127482921{background: #FFFFFF url(http:\/\/www.pnl.ch\/college-hypnose\/wp-content\/uploads\/sites\/4\/2025\/05\/Image-fond_Prat.Hyp_._NEW.jpg?id=) !important;}\u00a0\u00bb bg_image=\u00a0\u00bbhttp:\/\/www.pnl.ch\/college-hypnose\/wp-content\/uploads\/sites\/4\/2025\/06\/profiling-hypnose-conversationnelle-1320&#215;480-2.jpg\u00a0\u00bb][vc_column][vc_column_text css=\u00a0\u00bb\u00a0\u00bb] L\u2019art de la rh\u00e9torique au service de la relation [\/vc_column_text][\/vc_column][\/vc_row][vc_row margin_top=\u00a0\u00bb-20&Prime;][vc_column][vc_empty_space height=\u00a0\u00bb50px\u00a0\u00bb][vc_column_text css=\u00a0\u00bb\u00a0\u00bb]Cette formation de 7 jours vous permettra d\u2019explorer en profondeur l\u2019art de la rh\u00e9torique comme levier de transformation relationnelle, en s\u2019appuyant sur les apports crois\u00e9s du profiling et de l\u2019hypnose conversationnelle.&hellip;<\/p>\n","protected":false},"author":32,"featured_media":2337,"parent":64,"menu_order":0,"comment_status":"closed","ping_status":"closed","template":"","meta":{"_acf_changed":false,"footnotes":""},"class_list":["post-2205","page","type-page","status-publish","has-post-thumbnail","hentry","description-off"],"acf":[],"yoast_head":"<!-- This site is optimized with the Yoast SEO Premium plugin v27.4 (Yoast SEO v27.4) - https:\/\/yoast.com\/product\/yoast-seo-premium-wordpress\/ -->\n<title>Profiling et hypnose conversationnelle | Coll\u00e8ge Romand<\/title>\n<meta name=\"description\" content=\"Explorez en profondeur l\u2019art de la rh\u00e9torique gr\u00e2ce \u00e0 la puissance du profiling et de l\u2019hypnose conversationnelle.\" \/>\n<meta name=\"robots\" content=\"index, follow, max-snippet:-1, max-image-preview:large, max-video-preview:-1\" \/>\n<link rel=\"canonical\" href=\"https:\/\/www.pnl.ch\/college-hypnose\/formations\/profiling-hypnose-conversationnelle\/\" \/>\n<meta property=\"og:locale\" content=\"fr_FR\" \/>\n<meta property=\"og:type\" content=\"article\" \/>\n<meta property=\"og:title\" content=\"Profiling et hypnose conversationnelle | Coll\u00e8ge Romand\" \/>\n<meta property=\"og:description\" content=\"Explorez en profondeur l\u2019art de la rh\u00e9torique gr\u00e2ce \u00e0 la puissance du profiling et de l\u2019hypnose conversationnelle.\" \/>\n<meta property=\"og:url\" content=\"https:\/\/www.pnl.ch\/college-hypnose\/formations\/profiling-hypnose-conversationnelle\/\" \/>\n<meta property=\"og:site_name\" content=\"Coll\u00e8ge Hypnose\" \/>\n<meta property=\"article:publisher\" content=\"https:\/\/www.facebook.com\/college.romand\/\" \/>\n<meta property=\"article:modified_time\" content=\"2025-09-05T22:16:27+00:00\" \/>\n<meta property=\"og:image\" content=\"http:\/\/www.pnl.ch\/college-hypnose\/wp-content\/uploads\/sites\/4\/2025\/05\/profiling-hypnose-conversationnelle-1200x628-1.jpg\" \/>\n\t<meta property=\"og:image:width\" content=\"1200\" \/>\n\t<meta property=\"og:image:height\" content=\"628\" \/>\n\t<meta property=\"og:image:type\" content=\"image\/jpeg\" \/>\n<meta name=\"twitter:card\" content=\"summary_large_image\" \/>\n<meta name=\"twitter:title\" content=\"Profiling et hypnose conversationnelle\" \/>\n<meta name=\"twitter:description\" content=\"Formation de Praticien en hypnose ericksonienne \u00e0 Lausanne. Apprenez l&#039;hypnose de Milton Erickson et obtenez ses r\u00e9sultats spectaculaires\" \/>\n<meta name=\"twitter:image\" content=\"https:\/\/www.pnl.ch\/college-hypnose\/wp-content\/uploads\/sites\/4\/2017\/04\/hypnose-transe.jpg\" \/>\n<meta name=\"twitter:site\" content=\"@CollegeRomand\" \/>\n<meta name=\"twitter:label1\" content=\"Dur\u00e9e de lecture estim\u00e9e\" \/>\n\t<meta name=\"twitter:data1\" content=\"3 minutes\" \/>\n<script type=\"application\/ld+json\" class=\"yoast-schema-graph\">{\"@context\":\"https:\\\/\\\/schema.org\",\"@graph\":[{\"@type\":\"WebPage\",\"@id\":\"https:\\\/\\\/www.pnl.ch\\\/college-hypnose\\\/formations\\\/profiling-hypnose-conversationnelle\\\/\",\"url\":\"https:\\\/\\\/www.pnl.ch\\\/college-hypnose\\\/formations\\\/profiling-hypnose-conversationnelle\\\/\",\"name\":\"Profiling et hypnose conversationnelle | Coll\u00e8ge Romand\",\"isPartOf\":{\"@id\":\"https:\\\/\\\/www.pnl.ch\\\/college-hypnose\\\/#website\"},\"primaryImageOfPage\":{\"@id\":\"https:\\\/\\\/www.pnl.ch\\\/college-hypnose\\\/formations\\\/profiling-hypnose-conversationnelle\\\/#primaryimage\"},\"image\":{\"@id\":\"https:\\\/\\\/www.pnl.ch\\\/college-hypnose\\\/formations\\\/profiling-hypnose-conversationnelle\\\/#primaryimage\"},\"thumbnailUrl\":\"https:\\\/\\\/www.pnl.ch\\\/college-hypnose\\\/wp-content\\\/uploads\\\/sites\\\/4\\\/2025\\\/05\\\/porfinling-et-hypnose-conversationnelle-300x300-1.jpg\",\"datePublished\":\"2025-06-05T15:47:26+00:00\",\"dateModified\":\"2025-09-05T22:16:27+00:00\",\"description\":\"Explorez en profondeur l\u2019art de la rh\u00e9torique gr\u00e2ce \u00e0 la puissance du profiling et de l\u2019hypnose conversationnelle.\",\"breadcrumb\":{\"@id\":\"https:\\\/\\\/www.pnl.ch\\\/college-hypnose\\\/formations\\\/profiling-hypnose-conversationnelle\\\/#breadcrumb\"},\"inLanguage\":\"fr-FR\",\"potentialAction\":[{\"@type\":\"ReadAction\",\"target\":[\"https:\\\/\\\/www.pnl.ch\\\/college-hypnose\\\/formations\\\/profiling-hypnose-conversationnelle\\\/\"]}]},{\"@type\":\"ImageObject\",\"inLanguage\":\"fr-FR\",\"@id\":\"https:\\\/\\\/www.pnl.ch\\\/college-hypnose\\\/formations\\\/profiling-hypnose-conversationnelle\\\/#primaryimage\",\"url\":\"https:\\\/\\\/www.pnl.ch\\\/college-hypnose\\\/wp-content\\\/uploads\\\/sites\\\/4\\\/2025\\\/05\\\/porfinling-et-hypnose-conversationnelle-300x300-1.jpg\",\"contentUrl\":\"https:\\\/\\\/www.pnl.ch\\\/college-hypnose\\\/wp-content\\\/uploads\\\/sites\\\/4\\\/2025\\\/05\\\/porfinling-et-hypnose-conversationnelle-300x300-1.jpg\",\"width\":300,\"height\":300,\"caption\":\"porfiling-et-hypnose-conversationnelle\"},{\"@type\":\"BreadcrumbList\",\"@id\":\"https:\\\/\\\/www.pnl.ch\\\/college-hypnose\\\/formations\\\/profiling-hypnose-conversationnelle\\\/#breadcrumb\",\"itemListElement\":[{\"@type\":\"ListItem\",\"position\":1,\"name\":\"Accueil\",\"item\":\"https:\\\/\\\/www.pnl.ch\\\/college-hypnose\\\/\"},{\"@type\":\"ListItem\",\"position\":2,\"name\":\"Formations\",\"item\":\"https:\\\/\\\/www.pnl.ch\\\/college-hypnose\\\/formations\\\/\"},{\"@type\":\"ListItem\",\"position\":3,\"name\":\"Profiling et hypnose conversationnelle\"}]},{\"@type\":\"WebSite\",\"@id\":\"https:\\\/\\\/www.pnl.ch\\\/college-hypnose\\\/#website\",\"url\":\"https:\\\/\\\/www.pnl.ch\\\/college-hypnose\\\/\",\"name\":\"Coll\u00e8ge Hypnose\",\"description\":\"Formations certifiantes en Hypnose Ericksonienne\",\"publisher\":{\"@id\":\"https:\\\/\\\/www.pnl.ch\\\/college-hypnose\\\/#organization\"},\"potentialAction\":[{\"@type\":\"SearchAction\",\"target\":{\"@type\":\"EntryPoint\",\"urlTemplate\":\"https:\\\/\\\/www.pnl.ch\\\/college-hypnose\\\/?s={search_term_string}\"},\"query-input\":{\"@type\":\"PropertyValueSpecification\",\"valueRequired\":true,\"valueName\":\"search_term_string\"}}],\"inLanguage\":\"fr-FR\"},{\"@type\":\"Organization\",\"@id\":\"https:\\\/\\\/www.pnl.ch\\\/college-hypnose\\\/#organization\",\"name\":\"Coll\u00e8ge Romand - Centre de formation d'adultes S\u00e0rl\",\"url\":\"https:\\\/\\\/www.pnl.ch\\\/college-hypnose\\\/\",\"logo\":{\"@type\":\"ImageObject\",\"inLanguage\":\"fr-FR\",\"@id\":\"https:\\\/\\\/www.pnl.ch\\\/college-hypnose\\\/#\\\/schema\\\/logo\\\/image\\\/\",\"url\":\"https:\\\/\\\/www.pnl.ch\\\/college-hypnose\\\/wp-content\\\/uploads\\\/sites\\\/4\\\/2017\\\/04\\\/college-hypnose-logo-nc.png\",\"contentUrl\":\"https:\\\/\\\/www.pnl.ch\\\/college-hypnose\\\/wp-content\\\/uploads\\\/sites\\\/4\\\/2017\\\/04\\\/college-hypnose-logo-nc.png\",\"width\":314,\"height\":200,\"caption\":\"Coll\u00e8ge Romand - Centre de formation d'adultes S\u00e0rl\"},\"image\":{\"@id\":\"https:\\\/\\\/www.pnl.ch\\\/college-hypnose\\\/#\\\/schema\\\/logo\\\/image\\\/\"},\"sameAs\":[\"https:\\\/\\\/www.facebook.com\\\/college.romand\\\/\",\"https:\\\/\\\/x.com\\\/CollegeRomand\",\"https:\\\/\\\/www.linkedin.com\\\/school\\\/college-romand\\\/\",\"https:\\\/\\\/www.instagram.com\\\/collegeromand\\\/\"]}]}<\/script>\n<!-- \/ Yoast SEO Premium plugin. -->","yoast_head_json":{"title":"Profiling et hypnose conversationnelle | Coll\u00e8ge Romand","description":"Explorez en profondeur l\u2019art de la rh\u00e9torique gr\u00e2ce \u00e0 la puissance du profiling et de l\u2019hypnose conversationnelle.","robots":{"index":"index","follow":"follow","max-snippet":"max-snippet:-1","max-image-preview":"max-image-preview:large","max-video-preview":"max-video-preview:-1"},"canonical":"https:\/\/www.pnl.ch\/college-hypnose\/formations\/profiling-hypnose-conversationnelle\/","og_locale":"fr_FR","og_type":"article","og_title":"Profiling et hypnose conversationnelle | Coll\u00e8ge Romand","og_description":"Explorez en profondeur l\u2019art de la rh\u00e9torique gr\u00e2ce \u00e0 la puissance du profiling et de l\u2019hypnose conversationnelle.","og_url":"https:\/\/www.pnl.ch\/college-hypnose\/formations\/profiling-hypnose-conversationnelle\/","og_site_name":"Coll\u00e8ge Hypnose","article_publisher":"https:\/\/www.facebook.com\/college.romand\/","article_modified_time":"2025-09-05T22:16:27+00:00","og_image":[{"width":1200,"height":628,"url":"http:\/\/www.pnl.ch\/college-hypnose\/wp-content\/uploads\/sites\/4\/2025\/05\/profiling-hypnose-conversationnelle-1200x628-1.jpg","type":"image\/jpeg"}],"twitter_card":"summary_large_image","twitter_title":"Profiling et hypnose conversationnelle","twitter_description":"Formation de Praticien en hypnose ericksonienne \u00e0 Lausanne. Apprenez l'hypnose de Milton Erickson et obtenez ses r\u00e9sultats spectaculaires","twitter_image":"https:\/\/www.pnl.ch\/college-hypnose\/wp-content\/uploads\/sites\/4\/2017\/04\/hypnose-transe.jpg","twitter_site":"@CollegeRomand","twitter_misc":{"Dur\u00e9e de lecture estim\u00e9e":"3 minutes"},"schema":{"@context":"https:\/\/schema.org","@graph":[{"@type":"WebPage","@id":"https:\/\/www.pnl.ch\/college-hypnose\/formations\/profiling-hypnose-conversationnelle\/","url":"https:\/\/www.pnl.ch\/college-hypnose\/formations\/profiling-hypnose-conversationnelle\/","name":"Profiling et hypnose conversationnelle | Coll\u00e8ge Romand","isPartOf":{"@id":"https:\/\/www.pnl.ch\/college-hypnose\/#website"},"primaryImageOfPage":{"@id":"https:\/\/www.pnl.ch\/college-hypnose\/formations\/profiling-hypnose-conversationnelle\/#primaryimage"},"image":{"@id":"https:\/\/www.pnl.ch\/college-hypnose\/formations\/profiling-hypnose-conversationnelle\/#primaryimage"},"thumbnailUrl":"https:\/\/www.pnl.ch\/college-hypnose\/wp-content\/uploads\/sites\/4\/2025\/05\/porfinling-et-hypnose-conversationnelle-300x300-1.jpg","datePublished":"2025-06-05T15:47:26+00:00","dateModified":"2025-09-05T22:16:27+00:00","description":"Explorez en profondeur l\u2019art de la rh\u00e9torique gr\u00e2ce \u00e0 la puissance du profiling et de l\u2019hypnose conversationnelle.","breadcrumb":{"@id":"https:\/\/www.pnl.ch\/college-hypnose\/formations\/profiling-hypnose-conversationnelle\/#breadcrumb"},"inLanguage":"fr-FR","potentialAction":[{"@type":"ReadAction","target":["https:\/\/www.pnl.ch\/college-hypnose\/formations\/profiling-hypnose-conversationnelle\/"]}]},{"@type":"ImageObject","inLanguage":"fr-FR","@id":"https:\/\/www.pnl.ch\/college-hypnose\/formations\/profiling-hypnose-conversationnelle\/#primaryimage","url":"https:\/\/www.pnl.ch\/college-hypnose\/wp-content\/uploads\/sites\/4\/2025\/05\/porfinling-et-hypnose-conversationnelle-300x300-1.jpg","contentUrl":"https:\/\/www.pnl.ch\/college-hypnose\/wp-content\/uploads\/sites\/4\/2025\/05\/porfinling-et-hypnose-conversationnelle-300x300-1.jpg","width":300,"height":300,"caption":"porfiling-et-hypnose-conversationnelle"},{"@type":"BreadcrumbList","@id":"https:\/\/www.pnl.ch\/college-hypnose\/formations\/profiling-hypnose-conversationnelle\/#breadcrumb","itemListElement":[{"@type":"ListItem","position":1,"name":"Accueil","item":"https:\/\/www.pnl.ch\/college-hypnose\/"},{"@type":"ListItem","position":2,"name":"Formations","item":"https:\/\/www.pnl.ch\/college-hypnose\/formations\/"},{"@type":"ListItem","position":3,"name":"Profiling et hypnose conversationnelle"}]},{"@type":"WebSite","@id":"https:\/\/www.pnl.ch\/college-hypnose\/#website","url":"https:\/\/www.pnl.ch\/college-hypnose\/","name":"Coll\u00e8ge Hypnose","description":"Formations certifiantes en Hypnose Ericksonienne","publisher":{"@id":"https:\/\/www.pnl.ch\/college-hypnose\/#organization"},"potentialAction":[{"@type":"SearchAction","target":{"@type":"EntryPoint","urlTemplate":"https:\/\/www.pnl.ch\/college-hypnose\/?s={search_term_string}"},"query-input":{"@type":"PropertyValueSpecification","valueRequired":true,"valueName":"search_term_string"}}],"inLanguage":"fr-FR"},{"@type":"Organization","@id":"https:\/\/www.pnl.ch\/college-hypnose\/#organization","name":"Coll\u00e8ge Romand - Centre de formation d'adultes S\u00e0rl","url":"https:\/\/www.pnl.ch\/college-hypnose\/","logo":{"@type":"ImageObject","inLanguage":"fr-FR","@id":"https:\/\/www.pnl.ch\/college-hypnose\/#\/schema\/logo\/image\/","url":"https:\/\/www.pnl.ch\/college-hypnose\/wp-content\/uploads\/sites\/4\/2017\/04\/college-hypnose-logo-nc.png","contentUrl":"https:\/\/www.pnl.ch\/college-hypnose\/wp-content\/uploads\/sites\/4\/2017\/04\/college-hypnose-logo-nc.png","width":314,"height":200,"caption":"Coll\u00e8ge Romand - Centre de formation d'adultes S\u00e0rl"},"image":{"@id":"https:\/\/www.pnl.ch\/college-hypnose\/#\/schema\/logo\/image\/"},"sameAs":["https:\/\/www.facebook.com\/college.romand\/","https:\/\/x.com\/CollegeRomand","https:\/\/www.linkedin.com\/school\/college-romand\/","https:\/\/www.instagram.com\/collegeromand\/"]}]}},"_links":{"self":[{"href":"https:\/\/www.pnl.ch\/college-hypnose\/wp-json\/wp\/v2\/pages\/2205","targetHints":{"allow":["GET"]}}],"collection":[{"href":"https:\/\/www.pnl.ch\/college-hypnose\/wp-json\/wp\/v2\/pages"}],"about":[{"href":"https:\/\/www.pnl.ch\/college-hypnose\/wp-json\/wp\/v2\/types\/page"}],"author":[{"embeddable":true,"href":"https:\/\/www.pnl.ch\/college-hypnose\/wp-json\/wp\/v2\/users\/32"}],"replies":[{"embeddable":true,"href":"https:\/\/www.pnl.ch\/college-hypnose\/wp-json\/wp\/v2\/comments?post=2205"}],"version-history":[{"count":98,"href":"https:\/\/www.pnl.ch\/college-hypnose\/wp-json\/wp\/v2\/pages\/2205\/revisions"}],"predecessor-version":[{"id":2468,"href":"https:\/\/www.pnl.ch\/college-hypnose\/wp-json\/wp\/v2\/pages\/2205\/revisions\/2468"}],"up":[{"embeddable":true,"href":"https:\/\/www.pnl.ch\/college-hypnose\/wp-json\/wp\/v2\/pages\/64"}],"wp:featuredmedia":[{"embeddable":true,"href":"https:\/\/www.pnl.ch\/college-hypnose\/wp-json\/wp\/v2\/media\/2337"}],"wp:attachment":[{"href":"https:\/\/www.pnl.ch\/college-hypnose\/wp-json\/wp\/v2\/media?parent=2205"}],"curies":[{"name":"wp","href":"https:\/\/api.w.org\/{rel}","templated":true}]}}