{"id":2472,"date":"2025-08-20T13:54:58","date_gmt":"2025-08-20T11:54:58","guid":{"rendered":"https:\/\/www.pnl.ch\/college-hypnose\/?page_id=2472"},"modified":"2026-02-03T09:42:17","modified_gmt":"2026-02-03T08:42:17","slug":"formation-certifiante-hypnomaternelle","status":"publish","type":"page","link":"https:\/\/www.pnl.ch\/college-hypnose\/formations\/formation-certifiante-hypnomaternelle\/","title":{"rendered":"Formation certifiante HypnoMaternelle\u2122"},"content":{"rendered":"<div class=\"wpb-content-wrapper\"><p>[vc_row type=\u00a0\u00bb2&Prime; margin_top=\u00a0\u00bb-30xp\u00a0\u00bb padding_top=\u00a0\u00bb150&Prime; padding_bottom=\u00a0\u00bb150&Prime; bg_color=\u00a0\u00bb#FFFFFF\u00a0\u00bb css=\u00a0\u00bb.vc_custom_1755759502714{background: #FFFFFF url(http:\/\/www.pnl.ch\/college-hypnose\/wp-content\/uploads\/sites\/4\/2025\/05\/Image-fond_Prat.Hyp_._NEW.jpg?id=) !important;}\u00a0\u00bb bg_image=\u00a0\u00bbhttp:\/\/www.pnl.ch\/college-hypnose\/wp-content\/uploads\/sites\/4\/2025\/08\/Hypno-Maternelle-1320&#215;480-3.jpg\u00a0\u00bb][vc_column width=\u00a0\u00bb1\/2&Prime;][vc_column_text css=\u00a0\u00bb\u00a0\u00bb]<\/p>\n<h2 style=\"text-transform: uppercase;padding-right: 100px;text-align: left\"><strong>HypnoMaternelle\u2122<\/strong><br \/>\nAccompagner la naissance<br \/>\nautrement<\/h2>\n<p>[\/vc_column_text][\/vc_column][vc_column width=\u00a0\u00bb1\/2&Prime;][\/vc_column][vc_column][vc_empty_space height=\u00a0\u00bb60px\u00a0\u00bb][\/vc_column][\/vc_row][vc_row animation=\u00a0\u00bbzoomIn\u00a0\u00bb][vc_column width=\u00a0\u00bb1\/5&Prime;][vc_single_image image=\u00a0\u00bb2518&Prime; css=\u00a0\u00bb\u00a0\u00bb][\/vc_column][vc_column width=\u00a0\u00bb1\/5&Prime;][vc_single_image image=\u00a0\u00bb2536&Prime; css=\u00a0\u00bb\u00a0\u00bb][\/vc_column][vc_column width=\u00a0\u00bb1\/5&Prime;][vc_single_image image=\u00a0\u00bb2517&Prime; css=\u00a0\u00bb\u00a0\u00bb][\/vc_column][vc_column width=\u00a0\u00bb1\/5&Prime;][vc_column_text css=\u00a0\u00bb\u00a0\u00bb]<img data-dominant-color=\"7dadc5\" data-has-transparency=\"true\" style=\"--dominant-color: #7dadc5;\" decoding=\"async\" class=\"alignnone wp-image-2537 has-transparency\" src=\"http:\/\/www.pnl.ch\/college-hypnose\/wp-content\/uploads\/sites\/4\/2025\/08\/EDUQUA-Logo-300x266.png\" alt=\"EDUQUA-Logo\" width=\"200\" height=\"177\" srcset=\"https:\/\/www.pnl.ch\/college-hypnose\/wp-content\/uploads\/sites\/4\/2025\/08\/EDUQUA-Logo-300x266.png 300w, https:\/\/www.pnl.ch\/college-hypnose\/wp-content\/uploads\/sites\/4\/2025\/08\/EDUQUA-Logo.png 400w\" sizes=\"(max-width: 200px) 100vw, 200px\" \/>[\/vc_column_text][\/vc_column][vc_column width=\u00a0\u00bb1\/5&Prime;][vc_single_image image=\u00a0\u00bb2516&Prime; css=\u00a0\u00bb\u00a0\u00bb][\/vc_column][\/vc_row][vc_row margin_top=\u00a0\u00bb-20&Prime;][vc_column][vc_column_text css=\u00a0\u00bb\u00a0\u00bb]<\/p>\n<p data-start=\"444\" data-end=\"660\">Vous \u00eates professionnel\u00b7le de la sant\u00e9 ou exercez dans l\u2019accompagnement th\u00e9rapeutique, et vous souhaitez enrichir votre pratique avec des outils puissants pour le soutien \u00e9motionnel et mental des femmes enceintes ?<\/p>\n<p data-start=\"662\" data-end=\"949\">La formation certifiante et <strong data-start=\"690\" data-end=\"719\">reconnue HypnoMaternelle\u2122<\/strong> vous offre une <strong data-start=\"735\" data-end=\"775\">plus-value professionnelle imm\u00e9diate<\/strong> : des outils concrets qui am\u00e9liorent directement la qualit\u00e9 de vos soins, facilitent la gestion \u00e9motionnelle et renforcent votre expertise dans l\u2019accompagnement p\u00e9rinatal.<\/p>\n<p data-start=\"951\" data-end=\"1187\">Que vous exerciez en milieu hospitalier ou en cabinet, ces techniques simples, puissantes et <strong data-start=\"1044\" data-end=\"1087\">facilement int\u00e9grables \u00e0 votre pratique<\/strong> vous permettent d\u2019accompagner les futures mamans de mani\u00e8re concr\u00e8te, efficace et diff\u00e9renciante.<\/p>\n<p data-start=\"1189\" data-end=\"1532\">Plus qu\u2019un simple \u00e9tat de calme, ces pratiques offrent un <strong data-start=\"1247\" data-end=\"1277\">soutien \u00e9motionnel profond<\/strong>, favorisent la confiance, la pr\u00e9sence et l\u2019autonomie des femmes accompagn\u00e9es, et renforcent la qualit\u00e9 globale de votre accompagnement. Int\u00e9gr\u00e9es \u00e0 votre pratique, elles deviennent un v\u00e9ritable atout pour elles\u2026 et pour votre expertise professionnelle.<\/p>\n<p>[\/vc_column_text][vc_btn title=\u00a0\u00bbR\u00e9servez votre entretien d&rsquo;orientation gratuit\u00a0\u00bb color=\u00a0\u00bbviolet\u00a0\u00bb align=\u00a0\u00bbleft\u00a0\u00bb css=\u00a0\u00bb\u00a0\u00bb link=\u00a0\u00bburl:https%3A%2F%2Fwww.pnl.ch%2Fcollege-hypnose%2Fentretien-d-orientation\u00a0\u00bb][\/vc_column][\/vc_row][vc_row margin_top=\u00a0\u00bb40&Prime; margin_bottom=\u00a0\u00bb40&Prime;][vc_column][vc_tta_tabs style=\u00a0\u00bbmodern\u00a0\u00bb spacing=\u00a0\u00bb4&Prime; gap=\u00a0\u00bb4&Prime; active_section=\u00a0\u00bb1&Prime;][vc_tta_section title=\u00a0\u00bbObjectifs\u00a0\u00bb tab_id=\u00a0\u00bbobjectifs\u00a0\u00bb][vc_column_text css=\u00a0\u00bb\u00a0\u00bb]<\/p>\n<ul>\n<li><span style=\"font-weight: 400\">Ma\u00eetriser les besoins sp\u00e9cifiques des femmes pendant la grossesse, l\u2019accouchement et le post-partum\u00a0<\/span><\/li>\n<li><span style=\"font-weight: 400\">Int\u00e9grer des techniques hypnotiques adapt\u00e9es \u00e0 chaque \u00e9tape de la p\u00e9rinatalit\u00e9<\/span><\/li>\n<li><span style=\"font-weight: 400\">D\u00e9velopper une communication empathique et efficace avec les futures et jeunes mamans Apporter un soutien \u00e9motionnel face aux complexit\u00e9s de la maternit\u00e9<\/span><\/li>\n<li><span style=\"font-weight: 400\">Explorer les liens entre l\u2019hypnose et la maternit\u00e9 pour renforcer les processus mentaux et \u00e9motionnels des patientes<\/span><\/li>\n<\/ul>\n<p>[\/vc_column_text][\/vc_tta_section][vc_tta_section title=\u00a0\u00bbCertification\u00a0\u00bb tab_id=\u00a0\u00bb1499948964112-5284231f-8e87&Prime;][vc_column_text css=\u00a0\u00bb\u00a0\u00bb]<\/p>\n<h5 style=\"margin-top: 5px\">Personnes concern\u00e9es<\/h5>\n<p><span style=\"font-weight: 400\">Cette formation est destin\u00e9e aux professionnel\u00b7les qui d\u00e9sirent :<\/span><\/p>\n<ul>\n<li style=\"font-weight: 400\"><span style=\"font-weight: 400\">Se sp\u00e9cialiser dans l\u2019accompagnement p\u00e9rinatal<\/span><\/li>\n<li style=\"font-weight: 400\"><span style=\"font-weight: 400\">Utiliser l\u2019hypnose pour accompagner les femmes de la grossesse au post-partum<\/span><\/li>\n<li style=\"font-weight: 400\"><span style=\"font-weight: 400\">Comprendre les besoins sp\u00e9cifiques de ces \u00e9tapes de la vie et y r\u00e9pondre avec des outils adapt\u00e9s<\/span><\/li>\n<li style=\"font-weight: 400\"><span style=\"font-weight: 400\">D\u00e9couvrir et ma\u00eetriser divers protocoles et techniques pour soutenir le bien-\u00eatre physique et \u00e9motionnel des femmes enceintes et des jeunes mamans<\/span><\/li>\n<\/ul>\n<h5>P\u00e9dagogie<\/h5>\n<p><span style=\"font-weight: 400\">Notre p\u00e9dagogie est centr\u00e9e sur l&rsquo;exp\u00e9rience directe et l\u2019appropriation des outils. La formation combine des explications claires, des exercices progressifs, des protocoles concrets et des d\u00e9monstrations.<\/span><\/p>\n<h5>Certification<\/h5>\n<p><span style=\"font-weight: 400\">Nos formations sont reconnues ASCA et par E-Log, valid\u00e9 notamment par la F\u00e9d\u00e9ration Suisse des Sages-Femmes, l\u2019Association Suisse des Infirmi\u00e8res et Infirmiers (ASI) et l\u2019Association des Professionnelles en P\u00e9rinatalit\u00e9 Suisse (APPS).<\/span><\/p>\n<p><span style=\"font-weight: 400\">Cette sp\u00e9cialisation r\u00e9pond aux besoins psychologiques des femmes enceintes, en offrant un accompagnement global, du suivi pr\u00e9natal au post-partum, avec la m\u00eame attention \u00e0 chaque \u00e9tape.<\/span>[\/vc_column_text][\/vc_tta_section][vc_tta_section title=\u00a0\u00bbCalendrier\u00a0\u00bb tab_id=\u00a0\u00bb1743071915638-d079b440-b2d3&Prime;][vc_column_text css=\u00a0\u00bb\u00a0\u00bb]<\/p>\n<table class=\"table-calendrier\" align=\"left\">\n<tbody>\n<tr class=\"blanc\">\n<td colspan=\"5\">\n<h2>Prochaines dates \u00e0 venir<\/h2>\n<\/td>\n<\/tr>\n<tr class=\"fonce\">\n<td width=\"20%\">Titre<\/td>\n<td width=\"15%\">Du<\/td>\n<td width=\"15%\">Au<\/td>\n<td width=\"25%\">Formateur<\/td>\n<td width=\"25%\">Lieu<\/td>\n<\/tr>\n<tr>\n<td><strong>Module 1 &#8211; Les bases de l&rsquo;hypnose ericksonienne\u00a0<\/strong><\/td>\n<td>07 mai 2026<\/td>\n<td>08 mai 2026<\/td>\n<td><a href=\"https:\/\/www.pnl.ch\/formateurs\/jessica-riedi-muller\/\">Jessica Riedi M\u00fcller<\/a><\/td>\n<td><a href=\"https:\/\/www.pnl.ch\/lieux\/centre-de-formation-college-romand\/\">Centre de formation du Coll\u00e8ge Romand<\/a>, Denges<\/td>\n<\/tr>\n<tr>\n<td><strong>Module 2 &#8211; HypnoMaternelle\u2122<\/strong><\/td>\n<td>03 juin 2026<\/td>\n<td>05 juin 2026<\/td>\n<td><a href=\"https:\/\/www.pnl.ch\/formateurs\/jessica-riedi-muller\/\">Jessica Riedi M\u00fcller<\/a><\/td>\n<td><a href=\"https:\/\/www.pnl.ch\/lieux\/centre-de-formation-college-romand\/\">Centre de formation du Coll\u00e8ge Romand<\/a>, Denges<\/td>\n<\/tr>\n<tr class=\"blanc\">\n<td colspan=\"5\" rowspan=\"1\">\n<h4>Horaires<\/h4>\n<p>8h30-17h00 ou 9h00-17h30 (pr\u00e9cisions dans le guide de formation).<\/td>\n<\/tr>\n<\/tbody>\n<\/table>\n<p>[\/vc_column_text][\/vc_tta_section][vc_tta_section title=\u00a0\u00bbTarifs &amp; Infos\u00a0\u00bb tab_id=\u00a0\u00bb1499948974670-2cf441c5-f287&Prime;][vc_column_text css=\u00a0\u00bb\u00a0\u00bb]<\/p>\n<h5 style=\"margin-top: 5px\">ANIMATION<\/h5>\n<p><a href=\"https:\/\/www.pnl.ch\/formateurs\/jessica-riedi-muller\/\">Jessica Riedi M\u00fcller<\/a><\/p>\n<h5>LANGUE<\/h5>\n<p>Francais<\/p>\n<h5>PR\u00c9REQUIS<\/h5>\n<ul>\n<li>Fixer un entretient d&rsquo;orientation gratuit<\/li>\n<li><span style=\"font-weight: 400\">\u00catre hypnoth\u00e9rapeute<\/span><\/li>\n<li><span style=\"font-weight: 400\">\u00catre un\u00b7e professionnel\u00b7le de l\u2019accompagnement ou de la p\u00e9rinatalit\u00e9<\/span><\/li>\n<li><span style=\"font-weight: 400\">\u00catre certifi\u00e9 <a href=\"https:\/\/www.pnl.ch\/formations-en-hypnose-ericksonienne-a-lausanne\/#praticien-en-hypnose\">Praticien en hypnose ericksonienne<\/a> ou <a href=\"https:\/\/www.pnl.ch\/formations-en-hypnose-ericksonienne-a-lausanne\/#maitre-praticien-en-hypnose\">Ma\u00eetre Praticien en hypnose ericksonienne<\/a><\/span><\/li>\n<\/ul>\n<h5>PRIX<\/h5>\n<p>Module 1 : prix CHF 494.-<\/p>\n<p>Module 2 : prix CHF 737.-<\/p>\n<h3><\/h3>\n<p>[\/vc_column_text][\/vc_tta_section][\/vc_tta_tabs][\/vc_column][\/vc_row][vc_row margin_top=\u00a0\u00bb50&Prime;][vc_column][vc_column_text css=\u00a0\u00bb\u00a0\u00bb]<strong>Nous vous conseillons volontiers sur cette formation, contactez directement le Coll\u00e8ge Hypnose au <a href=\"tel:+41227369862\">+41 22 736 98 62<\/a> les lundi, mardi, jeudi et vendredi ou r\u00e9servez un entretien d&rsquo;orientation gratuit.<\/strong>[\/vc_column_text][vc_btn title=\u00a0\u00bbVous inscrire\u00a0\u00bb color=\u00a0\u00bbviolet\u00a0\u00bb align=\u00a0\u00bbleft\u00a0\u00bb css=\u00a0\u00bb\u00a0\u00bb link=\u00a0\u00bburl:https%3A%2F%2Fwww.pnl.ch%2Fcollege-hypnose%2Finscription%2F|title:Inscrivez-vous%20et%20commencez%20votre%20parcours%20avec%20l%E2%80%99hypnose%E2%80%AF!\u00a0\u00bb][\/vc_column][\/vc_row][vc_column][\/vc_column]<\/p>\n<\/div>","protected":false},"excerpt":{"rendered":"<p>[vc_row type=\u00a0\u00bb2&Prime; margin_top=\u00a0\u00bb-30xp\u00a0\u00bb padding_top=\u00a0\u00bb150&Prime; padding_bottom=\u00a0\u00bb150&Prime; bg_color=\u00a0\u00bb#FFFFFF\u00a0\u00bb css=\u00a0\u00bb.vc_custom_1755759502714{background: #FFFFFF url(http:\/\/www.pnl.ch\/college-hypnose\/wp-content\/uploads\/sites\/4\/2025\/05\/Image-fond_Prat.Hyp_._NEW.jpg?id=) !important;}\u00a0\u00bb bg_image=\u00a0\u00bbhttp:\/\/www.pnl.ch\/college-hypnose\/wp-content\/uploads\/sites\/4\/2025\/08\/Hypno-Maternelle-1320&#215;480-3.jpg\u00a0\u00bb][vc_column width=\u00a0\u00bb1\/2&Prime;][vc_column_text css=\u00a0\u00bb\u00a0\u00bb] HypnoMaternelle\u2122 Accompagner la naissance autrement [\/vc_column_text][\/vc_column][vc_column width=\u00a0\u00bb1\/2&Prime;][\/vc_column][vc_column][vc_empty_space height=\u00a0\u00bb60px\u00a0\u00bb][\/vc_column][\/vc_row][vc_row animation=\u00a0\u00bbzoomIn\u00a0\u00bb][vc_column width=\u00a0\u00bb1\/5&Prime;][vc_single_image image=\u00a0\u00bb2518&Prime; css=\u00a0\u00bb\u00a0\u00bb][\/vc_column][vc_column width=\u00a0\u00bb1\/5&Prime;][vc_single_image image=\u00a0\u00bb2536&Prime; css=\u00a0\u00bb\u00a0\u00bb][\/vc_column][vc_column width=\u00a0\u00bb1\/5&Prime;][vc_single_image image=\u00a0\u00bb2517&Prime; css=\u00a0\u00bb\u00a0\u00bb][\/vc_column][vc_column width=\u00a0\u00bb1\/5&Prime;][vc_column_text css=\u00a0\u00bb\u00a0\u00bb][\/vc_column_text][\/vc_column][vc_column width=\u00a0\u00bb1\/5&Prime;][vc_single_image image=\u00a0\u00bb2516&Prime; css=\u00a0\u00bb\u00a0\u00bb][\/vc_column][\/vc_row][vc_row margin_top=\u00a0\u00bb-20&Prime;][vc_column][vc_column_text css=\u00a0\u00bb\u00a0\u00bb] Vous \u00eates professionnel\u00b7le de la sant\u00e9 ou exercez dans l\u2019accompagnement th\u00e9rapeutique, et vous souhaitez enrichir votre pratique&hellip;<\/p>\n","protected":false},"author":32,"featured_media":2506,"parent":64,"menu_order":0,"comment_status":"closed","ping_status":"closed","template":"","meta":{"_acf_changed":false,"footnotes":""},"class_list":["post-2472","page","type-page","status-publish","has-post-thumbnail","hentry","description-off"],"acf":[],"yoast_head":"<!-- This site is optimized with the Yoast SEO Premium plugin v27.4 (Yoast SEO v27.4) - https:\/\/yoast.com\/product\/yoast-seo-premium-wordpress\/ -->\n<title>Formation certifiante HypnoMaternelle\u2122 | Coll\u00e8ge Romand<\/title>\n<meta name=\"description\" content=\"Avec cette formation certifiante HypnoMaternelle\u2122, vous acc\u00e9dez \u00e0 des outils concrets pour un accompagnement \u00e9motionnel et mental efficace.\" \/>\n<meta name=\"robots\" content=\"index, follow, max-snippet:-1, max-image-preview:large, max-video-preview:-1\" \/>\n<link rel=\"canonical\" href=\"https:\/\/www.pnl.ch\/college-hypnose\/formations\/formation-certifiante-hypnomaternelle\/\" \/>\n<meta property=\"og:locale\" content=\"fr_FR\" \/>\n<meta property=\"og:type\" content=\"article\" \/>\n<meta property=\"og:title\" content=\"Formation certifiante HypnoMaternelle\u2122 | Coll\u00e8ge Romand\" \/>\n<meta property=\"og:description\" content=\"Avec la formation certifiante HypnoMaternelle\u2122, vous acc\u00e9dez \u00e0 des outils concrets et des cl\u00e9s pratiques pour un accompagnement \u00e9motionnel et mental r\u00e9ellement efficace.\" \/>\n<meta property=\"og:url\" content=\"https:\/\/www.pnl.ch\/college-hypnose\/formations\/formation-certifiante-hypnomaternelle\/\" \/>\n<meta property=\"og:site_name\" content=\"Coll\u00e8ge Hypnose\" \/>\n<meta property=\"article:publisher\" content=\"https:\/\/www.facebook.com\/college.romand\/\" \/>\n<meta property=\"article:modified_time\" content=\"2026-02-03T08:42:17+00:00\" \/>\n<meta property=\"og:image\" content=\"http:\/\/www.pnl.ch\/college-hypnose\/wp-content\/uploads\/sites\/4\/2025\/08\/Hypno-Maternelle-1200x628-1.jpg\" \/>\n\t<meta property=\"og:image:width\" content=\"1200\" \/>\n\t<meta property=\"og:image:height\" content=\"628\" \/>\n\t<meta property=\"og:image:type\" content=\"image\/jpeg\" \/>\n<meta name=\"twitter:card\" content=\"summary_large_image\" \/>\n<meta name=\"twitter:title\" content=\"Formation certifiante HypnoMaternelle\u2122\" \/>\n<meta name=\"twitter:description\" content=\"Formation de Praticien en hypnose ericksonienne \u00e0 Lausanne. Apprenez l&#039;hypnose de Milton Erickson et obtenez ses r\u00e9sultats spectaculaires\" \/>\n<meta name=\"twitter:image\" content=\"https:\/\/www.pnl.ch\/college-hypnose\/wp-content\/uploads\/sites\/4\/2017\/04\/hypnose-transe.jpg\" \/>\n<meta name=\"twitter:site\" content=\"@CollegeRomand\" \/>\n<meta name=\"twitter:label1\" content=\"Dur\u00e9e de lecture estim\u00e9e\" \/>\n\t<meta name=\"twitter:data1\" content=\"5 minutes\" \/>\n<script type=\"application\/ld+json\" class=\"yoast-schema-graph\">{\"@context\":\"https:\\\/\\\/schema.org\",\"@graph\":[{\"@type\":\"WebPage\",\"@id\":\"https:\\\/\\\/www.pnl.ch\\\/college-hypnose\\\/formations\\\/formation-certifiante-hypnomaternelle\\\/\",\"url\":\"https:\\\/\\\/www.pnl.ch\\\/college-hypnose\\\/formations\\\/formation-certifiante-hypnomaternelle\\\/\",\"name\":\"Formation certifiante HypnoMaternelle\u2122 | Coll\u00e8ge Romand\",\"isPartOf\":{\"@id\":\"https:\\\/\\\/www.pnl.ch\\\/college-hypnose\\\/#website\"},\"primaryImageOfPage\":{\"@id\":\"https:\\\/\\\/www.pnl.ch\\\/college-hypnose\\\/formations\\\/formation-certifiante-hypnomaternelle\\\/#primaryimage\"},\"image\":{\"@id\":\"https:\\\/\\\/www.pnl.ch\\\/college-hypnose\\\/formations\\\/formation-certifiante-hypnomaternelle\\\/#primaryimage\"},\"thumbnailUrl\":\"https:\\\/\\\/www.pnl.ch\\\/college-hypnose\\\/wp-content\\\/uploads\\\/sites\\\/4\\\/2025\\\/08\\\/Hypno-Maternelle-300x300-1.jpg\",\"datePublished\":\"2025-08-20T11:54:58+00:00\",\"dateModified\":\"2026-02-03T08:42:17+00:00\",\"description\":\"Avec cette formation certifiante HypnoMaternelle\u2122, vous acc\u00e9dez \u00e0 des outils concrets pour un accompagnement \u00e9motionnel et mental efficace.\",\"breadcrumb\":{\"@id\":\"https:\\\/\\\/www.pnl.ch\\\/college-hypnose\\\/formations\\\/formation-certifiante-hypnomaternelle\\\/#breadcrumb\"},\"inLanguage\":\"fr-FR\",\"potentialAction\":[{\"@type\":\"ReadAction\",\"target\":[\"https:\\\/\\\/www.pnl.ch\\\/college-hypnose\\\/formations\\\/formation-certifiante-hypnomaternelle\\\/\"]}]},{\"@type\":\"ImageObject\",\"inLanguage\":\"fr-FR\",\"@id\":\"https:\\\/\\\/www.pnl.ch\\\/college-hypnose\\\/formations\\\/formation-certifiante-hypnomaternelle\\\/#primaryimage\",\"url\":\"https:\\\/\\\/www.pnl.ch\\\/college-hypnose\\\/wp-content\\\/uploads\\\/sites\\\/4\\\/2025\\\/08\\\/Hypno-Maternelle-300x300-1.jpg\",\"contentUrl\":\"https:\\\/\\\/www.pnl.ch\\\/college-hypnose\\\/wp-content\\\/uploads\\\/sites\\\/4\\\/2025\\\/08\\\/Hypno-Maternelle-300x300-1.jpg\",\"width\":300,\"height\":300,\"caption\":\"Hypno-Maternelle\"},{\"@type\":\"BreadcrumbList\",\"@id\":\"https:\\\/\\\/www.pnl.ch\\\/college-hypnose\\\/formations\\\/formation-certifiante-hypnomaternelle\\\/#breadcrumb\",\"itemListElement\":[{\"@type\":\"ListItem\",\"position\":1,\"name\":\"Accueil\",\"item\":\"https:\\\/\\\/www.pnl.ch\\\/college-hypnose\\\/\"},{\"@type\":\"ListItem\",\"position\":2,\"name\":\"Formations\",\"item\":\"https:\\\/\\\/www.pnl.ch\\\/college-hypnose\\\/formations\\\/\"},{\"@type\":\"ListItem\",\"position\":3,\"name\":\"Formation certifiante HypnoMaternelle\u2122\"}]},{\"@type\":\"WebSite\",\"@id\":\"https:\\\/\\\/www.pnl.ch\\\/college-hypnose\\\/#website\",\"url\":\"https:\\\/\\\/www.pnl.ch\\\/college-hypnose\\\/\",\"name\":\"Coll\u00e8ge Hypnose\",\"description\":\"Formations certifiantes en Hypnose Ericksonienne\",\"publisher\":{\"@id\":\"https:\\\/\\\/www.pnl.ch\\\/college-hypnose\\\/#organization\"},\"potentialAction\":[{\"@type\":\"SearchAction\",\"target\":{\"@type\":\"EntryPoint\",\"urlTemplate\":\"https:\\\/\\\/www.pnl.ch\\\/college-hypnose\\\/?s={search_term_string}\"},\"query-input\":{\"@type\":\"PropertyValueSpecification\",\"valueRequired\":true,\"valueName\":\"search_term_string\"}}],\"inLanguage\":\"fr-FR\"},{\"@type\":\"Organization\",\"@id\":\"https:\\\/\\\/www.pnl.ch\\\/college-hypnose\\\/#organization\",\"name\":\"Coll\u00e8ge Romand - Centre de formation d'adultes S\u00e0rl\",\"url\":\"https:\\\/\\\/www.pnl.ch\\\/college-hypnose\\\/\",\"logo\":{\"@type\":\"ImageObject\",\"inLanguage\":\"fr-FR\",\"@id\":\"https:\\\/\\\/www.pnl.ch\\\/college-hypnose\\\/#\\\/schema\\\/logo\\\/image\\\/\",\"url\":\"https:\\\/\\\/www.pnl.ch\\\/college-hypnose\\\/wp-content\\\/uploads\\\/sites\\\/4\\\/2017\\\/04\\\/college-hypnose-logo-nc.png\",\"contentUrl\":\"https:\\\/\\\/www.pnl.ch\\\/college-hypnose\\\/wp-content\\\/uploads\\\/sites\\\/4\\\/2017\\\/04\\\/college-hypnose-logo-nc.png\",\"width\":314,\"height\":200,\"caption\":\"Coll\u00e8ge Romand - Centre de formation d'adultes S\u00e0rl\"},\"image\":{\"@id\":\"https:\\\/\\\/www.pnl.ch\\\/college-hypnose\\\/#\\\/schema\\\/logo\\\/image\\\/\"},\"sameAs\":[\"https:\\\/\\\/www.facebook.com\\\/college.romand\\\/\",\"https:\\\/\\\/x.com\\\/CollegeRomand\",\"https:\\\/\\\/www.linkedin.com\\\/school\\\/college-romand\\\/\",\"https:\\\/\\\/www.instagram.com\\\/collegeromand\\\/\"]}]}<\/script>\n<!-- \/ Yoast SEO Premium plugin. -->","yoast_head_json":{"title":"Formation certifiante HypnoMaternelle\u2122 | Coll\u00e8ge Romand","description":"Avec cette formation certifiante HypnoMaternelle\u2122, vous acc\u00e9dez \u00e0 des outils concrets pour un accompagnement \u00e9motionnel et mental efficace.","robots":{"index":"index","follow":"follow","max-snippet":"max-snippet:-1","max-image-preview":"max-image-preview:large","max-video-preview":"max-video-preview:-1"},"canonical":"https:\/\/www.pnl.ch\/college-hypnose\/formations\/formation-certifiante-hypnomaternelle\/","og_locale":"fr_FR","og_type":"article","og_title":"Formation certifiante HypnoMaternelle\u2122 | Coll\u00e8ge Romand","og_description":"Avec la formation certifiante HypnoMaternelle\u2122, vous acc\u00e9dez \u00e0 des outils concrets et des cl\u00e9s pratiques pour un accompagnement \u00e9motionnel et mental r\u00e9ellement efficace.","og_url":"https:\/\/www.pnl.ch\/college-hypnose\/formations\/formation-certifiante-hypnomaternelle\/","og_site_name":"Coll\u00e8ge Hypnose","article_publisher":"https:\/\/www.facebook.com\/college.romand\/","article_modified_time":"2026-02-03T08:42:17+00:00","og_image":[{"width":1200,"height":628,"url":"http:\/\/www.pnl.ch\/college-hypnose\/wp-content\/uploads\/sites\/4\/2025\/08\/Hypno-Maternelle-1200x628-1.jpg","type":"image\/jpeg"}],"twitter_card":"summary_large_image","twitter_title":"Formation certifiante HypnoMaternelle\u2122","twitter_description":"Formation de Praticien en hypnose ericksonienne \u00e0 Lausanne. Apprenez l'hypnose de Milton Erickson et obtenez ses r\u00e9sultats spectaculaires","twitter_image":"https:\/\/www.pnl.ch\/college-hypnose\/wp-content\/uploads\/sites\/4\/2017\/04\/hypnose-transe.jpg","twitter_site":"@CollegeRomand","twitter_misc":{"Dur\u00e9e de lecture estim\u00e9e":"5 minutes"},"schema":{"@context":"https:\/\/schema.org","@graph":[{"@type":"WebPage","@id":"https:\/\/www.pnl.ch\/college-hypnose\/formations\/formation-certifiante-hypnomaternelle\/","url":"https:\/\/www.pnl.ch\/college-hypnose\/formations\/formation-certifiante-hypnomaternelle\/","name":"Formation certifiante HypnoMaternelle\u2122 | Coll\u00e8ge Romand","isPartOf":{"@id":"https:\/\/www.pnl.ch\/college-hypnose\/#website"},"primaryImageOfPage":{"@id":"https:\/\/www.pnl.ch\/college-hypnose\/formations\/formation-certifiante-hypnomaternelle\/#primaryimage"},"image":{"@id":"https:\/\/www.pnl.ch\/college-hypnose\/formations\/formation-certifiante-hypnomaternelle\/#primaryimage"},"thumbnailUrl":"https:\/\/www.pnl.ch\/college-hypnose\/wp-content\/uploads\/sites\/4\/2025\/08\/Hypno-Maternelle-300x300-1.jpg","datePublished":"2025-08-20T11:54:58+00:00","dateModified":"2026-02-03T08:42:17+00:00","description":"Avec cette formation certifiante HypnoMaternelle\u2122, vous acc\u00e9dez \u00e0 des outils concrets pour un accompagnement \u00e9motionnel et mental efficace.","breadcrumb":{"@id":"https:\/\/www.pnl.ch\/college-hypnose\/formations\/formation-certifiante-hypnomaternelle\/#breadcrumb"},"inLanguage":"fr-FR","potentialAction":[{"@type":"ReadAction","target":["https:\/\/www.pnl.ch\/college-hypnose\/formations\/formation-certifiante-hypnomaternelle\/"]}]},{"@type":"ImageObject","inLanguage":"fr-FR","@id":"https:\/\/www.pnl.ch\/college-hypnose\/formations\/formation-certifiante-hypnomaternelle\/#primaryimage","url":"https:\/\/www.pnl.ch\/college-hypnose\/wp-content\/uploads\/sites\/4\/2025\/08\/Hypno-Maternelle-300x300-1.jpg","contentUrl":"https:\/\/www.pnl.ch\/college-hypnose\/wp-content\/uploads\/sites\/4\/2025\/08\/Hypno-Maternelle-300x300-1.jpg","width":300,"height":300,"caption":"Hypno-Maternelle"},{"@type":"BreadcrumbList","@id":"https:\/\/www.pnl.ch\/college-hypnose\/formations\/formation-certifiante-hypnomaternelle\/#breadcrumb","itemListElement":[{"@type":"ListItem","position":1,"name":"Accueil","item":"https:\/\/www.pnl.ch\/college-hypnose\/"},{"@type":"ListItem","position":2,"name":"Formations","item":"https:\/\/www.pnl.ch\/college-hypnose\/formations\/"},{"@type":"ListItem","position":3,"name":"Formation certifiante HypnoMaternelle\u2122"}]},{"@type":"WebSite","@id":"https:\/\/www.pnl.ch\/college-hypnose\/#website","url":"https:\/\/www.pnl.ch\/college-hypnose\/","name":"Coll\u00e8ge Hypnose","description":"Formations certifiantes en Hypnose Ericksonienne","publisher":{"@id":"https:\/\/www.pnl.ch\/college-hypnose\/#organization"},"potentialAction":[{"@type":"SearchAction","target":{"@type":"EntryPoint","urlTemplate":"https:\/\/www.pnl.ch\/college-hypnose\/?s={search_term_string}"},"query-input":{"@type":"PropertyValueSpecification","valueRequired":true,"valueName":"search_term_string"}}],"inLanguage":"fr-FR"},{"@type":"Organization","@id":"https:\/\/www.pnl.ch\/college-hypnose\/#organization","name":"Coll\u00e8ge Romand - Centre de formation d'adultes S\u00e0rl","url":"https:\/\/www.pnl.ch\/college-hypnose\/","logo":{"@type":"ImageObject","inLanguage":"fr-FR","@id":"https:\/\/www.pnl.ch\/college-hypnose\/#\/schema\/logo\/image\/","url":"https:\/\/www.pnl.ch\/college-hypnose\/wp-content\/uploads\/sites\/4\/2017\/04\/college-hypnose-logo-nc.png","contentUrl":"https:\/\/www.pnl.ch\/college-hypnose\/wp-content\/uploads\/sites\/4\/2017\/04\/college-hypnose-logo-nc.png","width":314,"height":200,"caption":"Coll\u00e8ge Romand - Centre de formation d'adultes S\u00e0rl"},"image":{"@id":"https:\/\/www.pnl.ch\/college-hypnose\/#\/schema\/logo\/image\/"},"sameAs":["https:\/\/www.facebook.com\/college.romand\/","https:\/\/x.com\/CollegeRomand","https:\/\/www.linkedin.com\/school\/college-romand\/","https:\/\/www.instagram.com\/collegeromand\/"]}]}},"_links":{"self":[{"href":"https:\/\/www.pnl.ch\/college-hypnose\/wp-json\/wp\/v2\/pages\/2472","targetHints":{"allow":["GET"]}}],"collection":[{"href":"https:\/\/www.pnl.ch\/college-hypnose\/wp-json\/wp\/v2\/pages"}],"about":[{"href":"https:\/\/www.pnl.ch\/college-hypnose\/wp-json\/wp\/v2\/types\/page"}],"author":[{"embeddable":true,"href":"https:\/\/www.pnl.ch\/college-hypnose\/wp-json\/wp\/v2\/users\/32"}],"replies":[{"embeddable":true,"href":"https:\/\/www.pnl.ch\/college-hypnose\/wp-json\/wp\/v2\/comments?post=2472"}],"version-history":[{"count":45,"href":"https:\/\/www.pnl.ch\/college-hypnose\/wp-json\/wp\/v2\/pages\/2472\/revisions"}],"predecessor-version":[{"id":2608,"href":"https:\/\/www.pnl.ch\/college-hypnose\/wp-json\/wp\/v2\/pages\/2472\/revisions\/2608"}],"up":[{"embeddable":true,"href":"https:\/\/www.pnl.ch\/college-hypnose\/wp-json\/wp\/v2\/pages\/64"}],"wp:featuredmedia":[{"embeddable":true,"href":"https:\/\/www.pnl.ch\/college-hypnose\/wp-json\/wp\/v2\/media\/2506"}],"wp:attachment":[{"href":"https:\/\/www.pnl.ch\/college-hypnose\/wp-json\/wp\/v2\/media?parent=2472"}],"curies":[{"name":"wp","href":"https:\/\/api.w.org\/{rel}","templated":true}]}}