{"id":262,"date":"2017-06-12T10:09:32","date_gmt":"2017-06-12T08:09:32","guid":{"rendered":"https:\/\/www.pnl.ch\/college-hypnose\/?page_id=262"},"modified":"2025-10-24T15:08:04","modified_gmt":"2025-10-24T13:08:04","slug":"liberer-compulsions-alimentaires-hypnose","status":"publish","type":"page","link":"https:\/\/www.pnl.ch\/college-hypnose\/seminaires\/liberer-compulsions-alimentaires-hypnose\/","title":{"rendered":"Lib\u00e9rer des compulsions alimentaires avec l&rsquo;hypnose"},"content":{"rendered":"<div class=\"wpb-content-wrapper\"><p>[vc_row margin_top=\u00a0\u00bb-20&Prime;][vc_column width=\u00a0\u00bb1\/4&Prime;][vc_single_image image=\u00a0\u00bb263&Prime; img_size=\u00a0\u00bb250&#215;250&Prime; alignment=\u00a0\u00bbcenter\u00a0\u00bb css_animation=\u00a0\u00bbzoomIn\u00a0\u00bb][\/vc_column][vc_column width=\u00a0\u00bb3\/4&Prime;][vc_column_text css=\u00a0\u00bb\u00a0\u00bb]<\/p>\n<p class=\"date-formation\">Dates \u00e0 venir<\/p>\n<h3>Accompagner les personnes dans l&rsquo;arr\u00eat de leurs compulsions alimentaires.<\/h3>\n<p>De nombreuses personnes sont sujettes \u00e0 des comportements alimentaires ind\u00e9sirables.<strong> En tant qu&rsquo;intervenant, vous aurez besoin de bien conna\u00eetre la dynamique en jeu lors d&rsquo;une crise compulsive et la perte de\u00a0<\/strong><b>contr\u00f4le qui\u00a0op\u00e8re, lorsque la\u00a0compulsion de\u00a0d\u00e9clenche,\u00a0<\/b><strong>afin d&rsquo;amener un changement vraiment durable.<\/strong><\/p>\n<p>D\u00e8s la premi\u00e8re journ\u00e9e, vous aurez fait le tour du sujet et serez outill\u00e9 pour r\u00e9pondre \u00e0 ce type de probl\u00e9matique. Ensuite, nous nous concentrerons sur les strat\u00e9gies efficaces dans la prise en charge de la perte de poids.<\/p>\n<p><strong>Ce s\u00e9minaire apporte un compl\u00e9ment\u00a0sp\u00e9cifique\u00a0\u00e0 une formation en hypnose : il aborde en profondeur la compulsion alimentaire. <\/strong>Un <em>must<\/em> si vous d\u00e9sirez ma\u00eetriser ce sujet en forte demande et utile pour am\u00e9liorer la sant\u00e9 autour de vous.[\/vc_column_text][vc_btn title=\u00a0\u00bbVous inscrire\u00a0\u00bb color=\u00a0\u00bbviolet\u00a0\u00bb align=\u00a0\u00bbleft\u00a0\u00bb css=\u00a0\u00bb\u00a0\u00bb link=\u00a0\u00bburl:https%3A%2F%2Fwww.pnl.ch%2Fcollege-hypnose%2Finscription\u00a0\u00bb][\/vc_column][\/vc_row][vc_row margin_top=\u00a0\u00bb40&Prime; margin_bottom=\u00a0\u00bb40&Prime;][vc_column][vc_tta_tabs style=\u00a0\u00bbmodern\u00a0\u00bb spacing=\u00a0\u00bb4&Prime; gap=\u00a0\u00bb4&Prime; active_section=\u00a0\u00bb1&Prime;][vc_tta_section title=\u00a0\u00bbObjectifs\u00a0\u00bb tab_id=\u00a0\u00bb1499948450840-d99e53bf-f4d1&Prime;][vc_column_text]Accompagner par hypnose toute personne exprimant une probl\u00e9matique de compulsion alimentaire. Plus sp\u00e9cifiquement:<\/p>\n<ul class=\"puce-hypnose\">\n<li>Identifier les d\u00e9clencheurs qui am\u00e8nent une personne au comportement alimentaire.<\/li>\n<li>Identifier le bon niveau sur lequel intervenir.<\/li>\n<li>Comprendre les strat\u00e9gies inconscientes de compensation.<\/li>\n<li>Diriger l\u2019inconscient dans une direction efficace.<\/li>\n<li>D\u00e9jouer les r\u00e9sistances en pr\u00e9sence.<\/li>\n<li>Reprogrammer les patterns inconscients devenus handicapant avec le temps.<\/li>\n<li>Rompre le lien compulsion-plaisir.<\/li>\n<\/ul>\n<p>[\/vc_column_text][\/vc_tta_section][vc_tta_section title=\u00a0\u00bbContenus\u00a0\u00bb tab_id=\u00a0\u00bb1499948451006-3b29501d-eee1&Prime;][vc_column_text]<\/p>\n<ul class=\"puce-hypnose\">\n<li>La redirection de l\u2019inconscient.<\/li>\n<li>La reprogrammation du sch\u00e9ma inconscient.<\/li>\n<li>Le travail sur les blocages inconscients.<\/li>\n<li>La relation \u00e9tablie \u00abcompulsion-plaisir\u00bb.<\/li>\n<\/ul>\n<p>[\/vc_column_text][\/vc_tta_section][vc_tta_section title=\u00a0\u00bbM\u00e9thode\u00a0\u00bb tab_id=\u00a0\u00bb1499948506381-2db8ecf0-c706&Prime;][vc_column_text]<\/p>\n<h5 style=\"margin-top: 5px;\">Personnes concern\u00e9es<\/h5>\n<p>Toute personne form\u00e9e en hypnose d\u00e9sirant conna\u00eetre les sp\u00e9cificit\u00e9s li\u00e9es aux compulsions alimentaires.<\/p>\n<h5>P\u00e9dagogie<\/h5>\n<p>Notre approche favorise l\u2019apprentissage par la pratique personnelle et la compr\u00e9hension des outils. Pour cela, ce s\u00e9minaire est fabriqu\u00e9 autour d\u2019explications claires, pr\u00e9cises et concises, de proc\u00e9dures d\u2019accompagnement, d\u2019exercices progressifs, et de d\u00e9monstrations vivantes. Nous favorisons la mise en pratique des acquis en nous appuyant sur le savoir-faire que poss\u00e8de d\u00e9j\u00e0 l\u2019accompagnant ainsi que sur son savoir-\u00eatre et son individualit\u00e9.[\/vc_column_text][\/vc_tta_section][vc_tta_section title=\u00a0\u00bbTarifs &amp; Infos\u00a0\u00bb tab_id=\u00a0\u00bb1499948525566-20ab0970-dd6d\u00a0\u00bb][vc_column_text css=\u00a0\u00bb\u00a0\u00bb]<\/p>\n<h5 style=\"margin-top: 5px;\">ANIMATION<\/h5>\n<p><a href=\"https:\/\/www.pnl.ch\/formateurs\/kevin-ramchurn\/\">Kevin Ramchurn<\/a><\/p>\n<p>Formateur en Hypnose Ericksonienne, Hypnologue, Ma\u00eetre-Praticien en Hypnose Ericksonienne, Praticien en PNL et Coach Mental, il s\u2019est sp\u00e9cialis\u00e9 dans l\u2019accompagnement de personnes par l&rsquo;hypnose.<\/p>\n<h5>LANGUE<\/h5>\n<p>Francais<\/p>\n<h5>PR\u00c9REQUIS<\/h5>\n<p><a href=\"https:\/\/www.pnl.ch\/formations-en-hypnose-ericksonienne-a-lausanne\/#praticien-en-hypnose\">Praticien en hypnose ericksonienne<\/a>.<\/p>\n<h5>PRIX<\/h5>\n<p>CHF 487.-<\/p>\n<h5>LIEU<\/h5>\n<p>Centre de formation\u00a0du <a href=\"https:\/\/www.pnl.ch\/lieux\/centre-de-formation-college-romand\/\">Coll\u00e8ge Romand<\/a>, Denges, Suisse[\/vc_column_text][\/vc_tta_section][vc_tta_section title=\u00a0\u00bbEt apr\u00e8s?\u00a0\u00bb tab_id=\u00a0\u00bb1499948542979-36482c5d-74f0&Prime;][vc_column_text css=\u00a0\u00bb\u00a0\u00bb]<\/p>\n<h5 style=\"margin-top: 5px;\">Ma\u00eetre Praticien en hypnose ericksonienne<\/h5>\n<h3>Devenez un hypnoth\u00e9rapeute reconnu en hypnose ericksonienne!<\/h3>\n<p><strong>Cette formation a pour but de donner une solide formation aux professionnels(les) et non seulement une initiation \u00e0 cette approche.<\/strong> Avec l\u2019hypnose ericksonienne, vous int\u00e9grez des outils utiles pour travailler avec la r\u00e9sistance du patient, mais aussi pour l\u2019aider \u00e0 potentialiser les facteurs de cr\u00e9ativit\u00e9s. Durant la formation, nous touchons des applications cliniques pratiques et th\u00e9oriques.<\/p>\n<p><a href=\"https:\/\/www.pnl.ch\/formations-en-hypnose-ericksonienne-a-lausanne\/#praticien-en-hypnose\"><strong>D\u00e9couvrez les plus de la formation de Ma\u00eetre Praticien en hypnose ericksonienne\u2026<\/strong><\/a>[\/vc_column_text][\/vc_tta_section][\/vc_tta_tabs][\/vc_column][\/vc_row][vc_row][vc_column][vc_column_text]<\/p>\n<p>[\/vc_column_text][\/vc_column][\/vc_row][vc_row margin_top=\u00a0\u00bb50&Prime;][vc_column][vc_column_text css=\u00a0\u00bb\u00a0\u00bb]<strong>Nous vous conseillons volontiers sur cette formation, contactez directement le Coll\u00e8ge Hypnose au <a href=\"tel:+41227369862\">+41 22 736 98 62<\/a> les lundi, mardi, jeudi et vendredi.<\/strong>[\/vc_column_text][vc_btn title=\u00a0\u00bbVous inscrire\u00a0\u00bb color=\u00a0\u00bbviolet\u00a0\u00bb align=\u00a0\u00bbleft\u00a0\u00bb css=\u00a0\u00bb\u00a0\u00bb link=\u00a0\u00bburl:https%3A%2F%2Fwww.pnl.ch%2Fcollege-hypnose%2Finscription\u00a0\u00bb][\/vc_column][\/vc_row][vc_column][\/vc_column]<\/p>\n<\/div>","protected":false},"excerpt":{"rendered":"<p>[vc_row margin_top=\u00a0\u00bb-20&Prime;][vc_column width=\u00a0\u00bb1\/4&Prime;][vc_single_image image=\u00a0\u00bb263&Prime; img_size=\u00a0\u00bb250&#215;250&Prime; alignment=\u00a0\u00bbcenter\u00a0\u00bb css_animation=\u00a0\u00bbzoomIn\u00a0\u00bb][\/vc_column][vc_column width=\u00a0\u00bb3\/4&Prime;][vc_column_text css=\u00a0\u00bb\u00a0\u00bb] Dates \u00e0 venir Accompagner les personnes dans l&rsquo;arr\u00eat de leurs compulsions alimentaires. De nombreuses personnes sont sujettes \u00e0 des comportements alimentaires ind\u00e9sirables. En tant qu&rsquo;intervenant, vous aurez besoin de bien conna\u00eetre la dynamique en jeu lors d&rsquo;une crise compulsive et la perte de\u00a0contr\u00f4le qui\u00a0op\u00e8re, lorsque la\u00a0compulsion&hellip;<\/p>\n","protected":false},"author":1,"featured_media":87,"parent":54,"menu_order":0,"comment_status":"closed","ping_status":"closed","template":"","meta":{"_acf_changed":false,"footnotes":""},"class_list":["post-262","page","type-page","status-publish","has-post-thumbnail","hentry","description-off"],"acf":[],"yoast_head":"<!-- This site is optimized with the Yoast SEO Premium plugin v27.4 (Yoast SEO v27.4) - https:\/\/yoast.com\/product\/yoast-seo-premium-wordpress\/ -->\n<title>Lib\u00e9rer des compulsions alimentaires avec l&#039;hypnose | Coll\u00e8ge Hypnose<\/title>\n<meta name=\"description\" content=\"Accompagner vos clients \u00e0 perdre du poids avec ce s\u00e9minaire en hypnose ericksonienne pour les lib\u00e9rer de leurs compulsions alimentaires\u2026\" \/>\n<meta name=\"robots\" content=\"index, follow, max-snippet:-1, max-image-preview:large, max-video-preview:-1\" \/>\n<link rel=\"canonical\" href=\"https:\/\/www.pnl.ch\/college-hypnose\/seminaires\/liberer-compulsions-alimentaires-hypnose\/\" \/>\n<meta property=\"og:locale\" content=\"fr_FR\" \/>\n<meta property=\"og:type\" content=\"article\" \/>\n<meta property=\"og:title\" content=\"Lib\u00e9rer des compulsions alimentaires avec l&#039;hypnose\" \/>\n<meta property=\"og:description\" content=\"Accompagner vos clients \u00e0 perdre du poids avec ce s\u00e9minaire en hypnose ericksonienne pour les lib\u00e9rer de leurs compulsions alimentaires\u2026\" \/>\n<meta property=\"og:url\" content=\"https:\/\/www.pnl.ch\/college-hypnose\/seminaires\/liberer-compulsions-alimentaires-hypnose\/\" \/>\n<meta property=\"og:site_name\" content=\"Coll\u00e8ge Hypnose\" \/>\n<meta property=\"article:publisher\" content=\"https:\/\/www.facebook.com\/college.romand\/\" \/>\n<meta property=\"article:modified_time\" content=\"2025-10-24T13:08:04+00:00\" \/>\n<meta property=\"og:image\" content=\"https:\/\/www.pnl.ch\/college-hypnose\/wp-content\/uploads\/sites\/4\/2024\/03\/college-hypnose-1-jpg.webp\" \/>\n\t<meta property=\"og:image:width\" content=\"1200\" \/>\n\t<meta property=\"og:image:height\" content=\"675\" \/>\n\t<meta property=\"og:image:type\" content=\"image\/jpeg\" \/>\n<meta name=\"twitter:card\" content=\"summary_large_image\" \/>\n<meta name=\"twitter:description\" content=\"Accompagner vos clients \u00e0 perdre du poids avec ce s\u00e9minaire en hypnose ericksonienne pour les lib\u00e9rer de leurs compulsions alimentaires\u2026\" \/>\n<meta name=\"twitter:site\" content=\"@CollegeRomand\" \/>\n<meta name=\"twitter:label1\" content=\"Dur\u00e9e de lecture estim\u00e9e\" \/>\n\t<meta name=\"twitter:data1\" content=\"3 minutes\" \/>\n<script type=\"application\/ld+json\" class=\"yoast-schema-graph\">{\"@context\":\"https:\\\/\\\/schema.org\",\"@graph\":[{\"@type\":\"WebPage\",\"@id\":\"https:\\\/\\\/www.pnl.ch\\\/college-hypnose\\\/seminaires\\\/liberer-compulsions-alimentaires-hypnose\\\/\",\"url\":\"https:\\\/\\\/www.pnl.ch\\\/college-hypnose\\\/seminaires\\\/liberer-compulsions-alimentaires-hypnose\\\/\",\"name\":\"Lib\u00e9rer des compulsions alimentaires avec l'hypnose | Coll\u00e8ge Hypnose\",\"isPartOf\":{\"@id\":\"https:\\\/\\\/www.pnl.ch\\\/college-hypnose\\\/#website\"},\"primaryImageOfPage\":{\"@id\":\"https:\\\/\\\/www.pnl.ch\\\/college-hypnose\\\/seminaires\\\/liberer-compulsions-alimentaires-hypnose\\\/#primaryimage\"},\"image\":{\"@id\":\"https:\\\/\\\/www.pnl.ch\\\/college-hypnose\\\/seminaires\\\/liberer-compulsions-alimentaires-hypnose\\\/#primaryimage\"},\"thumbnailUrl\":\"https:\\\/\\\/www.pnl.ch\\\/college-hypnose\\\/wp-content\\\/uploads\\\/sites\\\/4\\\/2017\\\/04\\\/compulsion-alimentaire.jpg\",\"datePublished\":\"2017-06-12T08:09:32+00:00\",\"dateModified\":\"2025-10-24T13:08:04+00:00\",\"description\":\"Accompagner vos clients \u00e0 perdre du poids avec ce s\u00e9minaire en hypnose ericksonienne pour les lib\u00e9rer de leurs compulsions alimentaires\u2026\",\"breadcrumb\":{\"@id\":\"https:\\\/\\\/www.pnl.ch\\\/college-hypnose\\\/seminaires\\\/liberer-compulsions-alimentaires-hypnose\\\/#breadcrumb\"},\"inLanguage\":\"fr-FR\",\"potentialAction\":[{\"@type\":\"ReadAction\",\"target\":[\"https:\\\/\\\/www.pnl.ch\\\/college-hypnose\\\/seminaires\\\/liberer-compulsions-alimentaires-hypnose\\\/\"]}]},{\"@type\":\"ImageObject\",\"inLanguage\":\"fr-FR\",\"@id\":\"https:\\\/\\\/www.pnl.ch\\\/college-hypnose\\\/seminaires\\\/liberer-compulsions-alimentaires-hypnose\\\/#primaryimage\",\"url\":\"https:\\\/\\\/www.pnl.ch\\\/college-hypnose\\\/wp-content\\\/uploads\\\/sites\\\/4\\\/2017\\\/04\\\/compulsion-alimentaire.jpg\",\"contentUrl\":\"https:\\\/\\\/www.pnl.ch\\\/college-hypnose\\\/wp-content\\\/uploads\\\/sites\\\/4\\\/2017\\\/04\\\/compulsion-alimentaire.jpg\",\"width\":300,\"height\":300,\"caption\":\"Lib\u00e9rer des compulsions alimentaires avec l\u2019hypnose\"},{\"@type\":\"BreadcrumbList\",\"@id\":\"https:\\\/\\\/www.pnl.ch\\\/college-hypnose\\\/seminaires\\\/liberer-compulsions-alimentaires-hypnose\\\/#breadcrumb\",\"itemListElement\":[{\"@type\":\"ListItem\",\"position\":1,\"name\":\"Accueil\",\"item\":\"https:\\\/\\\/www.pnl.ch\\\/college-hypnose\\\/\"},{\"@type\":\"ListItem\",\"position\":2,\"name\":\"S\u00e9minaires\",\"item\":\"http:\\\/\\\/www.pnl.ch\\\/college-hypnose\\\/seminaires\\\/\"},{\"@type\":\"ListItem\",\"position\":3,\"name\":\"Lib\u00e9rer des compulsions alimentaires avec l&rsquo;hypnose\"}]},{\"@type\":\"WebSite\",\"@id\":\"https:\\\/\\\/www.pnl.ch\\\/college-hypnose\\\/#website\",\"url\":\"https:\\\/\\\/www.pnl.ch\\\/college-hypnose\\\/\",\"name\":\"Coll\u00e8ge Hypnose\",\"description\":\"Formations certifiantes en Hypnose Ericksonienne\",\"publisher\":{\"@id\":\"https:\\\/\\\/www.pnl.ch\\\/college-hypnose\\\/#organization\"},\"potentialAction\":[{\"@type\":\"SearchAction\",\"target\":{\"@type\":\"EntryPoint\",\"urlTemplate\":\"https:\\\/\\\/www.pnl.ch\\\/college-hypnose\\\/?s={search_term_string}\"},\"query-input\":{\"@type\":\"PropertyValueSpecification\",\"valueRequired\":true,\"valueName\":\"search_term_string\"}}],\"inLanguage\":\"fr-FR\"},{\"@type\":\"Organization\",\"@id\":\"https:\\\/\\\/www.pnl.ch\\\/college-hypnose\\\/#organization\",\"name\":\"Coll\u00e8ge Romand - Centre de formation d'adultes S\u00e0rl\",\"url\":\"https:\\\/\\\/www.pnl.ch\\\/college-hypnose\\\/\",\"logo\":{\"@type\":\"ImageObject\",\"inLanguage\":\"fr-FR\",\"@id\":\"https:\\\/\\\/www.pnl.ch\\\/college-hypnose\\\/#\\\/schema\\\/logo\\\/image\\\/\",\"url\":\"https:\\\/\\\/www.pnl.ch\\\/college-hypnose\\\/wp-content\\\/uploads\\\/sites\\\/4\\\/2017\\\/04\\\/college-hypnose-logo-nc.png\",\"contentUrl\":\"https:\\\/\\\/www.pnl.ch\\\/college-hypnose\\\/wp-content\\\/uploads\\\/sites\\\/4\\\/2017\\\/04\\\/college-hypnose-logo-nc.png\",\"width\":314,\"height\":200,\"caption\":\"Coll\u00e8ge Romand - Centre de formation d'adultes S\u00e0rl\"},\"image\":{\"@id\":\"https:\\\/\\\/www.pnl.ch\\\/college-hypnose\\\/#\\\/schema\\\/logo\\\/image\\\/\"},\"sameAs\":[\"https:\\\/\\\/www.facebook.com\\\/college.romand\\\/\",\"https:\\\/\\\/x.com\\\/CollegeRomand\",\"https:\\\/\\\/www.linkedin.com\\\/school\\\/college-romand\\\/\",\"https:\\\/\\\/www.instagram.com\\\/collegeromand\\\/\"]}]}<\/script>\n<!-- \/ Yoast SEO Premium plugin. -->","yoast_head_json":{"title":"Lib\u00e9rer des compulsions alimentaires avec l'hypnose | Coll\u00e8ge Hypnose","description":"Accompagner vos clients \u00e0 perdre du poids avec ce s\u00e9minaire en hypnose ericksonienne pour les lib\u00e9rer de leurs compulsions alimentaires\u2026","robots":{"index":"index","follow":"follow","max-snippet":"max-snippet:-1","max-image-preview":"max-image-preview:large","max-video-preview":"max-video-preview:-1"},"canonical":"https:\/\/www.pnl.ch\/college-hypnose\/seminaires\/liberer-compulsions-alimentaires-hypnose\/","og_locale":"fr_FR","og_type":"article","og_title":"Lib\u00e9rer des compulsions alimentaires avec l'hypnose","og_description":"Accompagner vos clients \u00e0 perdre du poids avec ce s\u00e9minaire en hypnose ericksonienne pour les lib\u00e9rer de leurs compulsions alimentaires\u2026","og_url":"https:\/\/www.pnl.ch\/college-hypnose\/seminaires\/liberer-compulsions-alimentaires-hypnose\/","og_site_name":"Coll\u00e8ge Hypnose","article_publisher":"https:\/\/www.facebook.com\/college.romand\/","article_modified_time":"2025-10-24T13:08:04+00:00","og_image":[{"width":1200,"height":675,"url":"https:\/\/www.pnl.ch\/college-hypnose\/wp-content\/uploads\/sites\/4\/2024\/03\/college-hypnose-1-jpg.webp","type":"image\/jpeg"}],"twitter_card":"summary_large_image","twitter_description":"Accompagner vos clients \u00e0 perdre du poids avec ce s\u00e9minaire en hypnose ericksonienne pour les lib\u00e9rer de leurs compulsions alimentaires\u2026","twitter_site":"@CollegeRomand","twitter_misc":{"Dur\u00e9e de lecture estim\u00e9e":"3 minutes"},"schema":{"@context":"https:\/\/schema.org","@graph":[{"@type":"WebPage","@id":"https:\/\/www.pnl.ch\/college-hypnose\/seminaires\/liberer-compulsions-alimentaires-hypnose\/","url":"https:\/\/www.pnl.ch\/college-hypnose\/seminaires\/liberer-compulsions-alimentaires-hypnose\/","name":"Lib\u00e9rer des compulsions alimentaires avec l'hypnose | Coll\u00e8ge Hypnose","isPartOf":{"@id":"https:\/\/www.pnl.ch\/college-hypnose\/#website"},"primaryImageOfPage":{"@id":"https:\/\/www.pnl.ch\/college-hypnose\/seminaires\/liberer-compulsions-alimentaires-hypnose\/#primaryimage"},"image":{"@id":"https:\/\/www.pnl.ch\/college-hypnose\/seminaires\/liberer-compulsions-alimentaires-hypnose\/#primaryimage"},"thumbnailUrl":"https:\/\/www.pnl.ch\/college-hypnose\/wp-content\/uploads\/sites\/4\/2017\/04\/compulsion-alimentaire.jpg","datePublished":"2017-06-12T08:09:32+00:00","dateModified":"2025-10-24T13:08:04+00:00","description":"Accompagner vos clients \u00e0 perdre du poids avec ce s\u00e9minaire en hypnose ericksonienne pour les lib\u00e9rer de leurs compulsions alimentaires\u2026","breadcrumb":{"@id":"https:\/\/www.pnl.ch\/college-hypnose\/seminaires\/liberer-compulsions-alimentaires-hypnose\/#breadcrumb"},"inLanguage":"fr-FR","potentialAction":[{"@type":"ReadAction","target":["https:\/\/www.pnl.ch\/college-hypnose\/seminaires\/liberer-compulsions-alimentaires-hypnose\/"]}]},{"@type":"ImageObject","inLanguage":"fr-FR","@id":"https:\/\/www.pnl.ch\/college-hypnose\/seminaires\/liberer-compulsions-alimentaires-hypnose\/#primaryimage","url":"https:\/\/www.pnl.ch\/college-hypnose\/wp-content\/uploads\/sites\/4\/2017\/04\/compulsion-alimentaire.jpg","contentUrl":"https:\/\/www.pnl.ch\/college-hypnose\/wp-content\/uploads\/sites\/4\/2017\/04\/compulsion-alimentaire.jpg","width":300,"height":300,"caption":"Lib\u00e9rer des compulsions alimentaires avec l\u2019hypnose"},{"@type":"BreadcrumbList","@id":"https:\/\/www.pnl.ch\/college-hypnose\/seminaires\/liberer-compulsions-alimentaires-hypnose\/#breadcrumb","itemListElement":[{"@type":"ListItem","position":1,"name":"Accueil","item":"https:\/\/www.pnl.ch\/college-hypnose\/"},{"@type":"ListItem","position":2,"name":"S\u00e9minaires","item":"http:\/\/www.pnl.ch\/college-hypnose\/seminaires\/"},{"@type":"ListItem","position":3,"name":"Lib\u00e9rer des compulsions alimentaires avec l&rsquo;hypnose"}]},{"@type":"WebSite","@id":"https:\/\/www.pnl.ch\/college-hypnose\/#website","url":"https:\/\/www.pnl.ch\/college-hypnose\/","name":"Coll\u00e8ge Hypnose","description":"Formations certifiantes en Hypnose Ericksonienne","publisher":{"@id":"https:\/\/www.pnl.ch\/college-hypnose\/#organization"},"potentialAction":[{"@type":"SearchAction","target":{"@type":"EntryPoint","urlTemplate":"https:\/\/www.pnl.ch\/college-hypnose\/?s={search_term_string}"},"query-input":{"@type":"PropertyValueSpecification","valueRequired":true,"valueName":"search_term_string"}}],"inLanguage":"fr-FR"},{"@type":"Organization","@id":"https:\/\/www.pnl.ch\/college-hypnose\/#organization","name":"Coll\u00e8ge Romand - Centre de formation d'adultes S\u00e0rl","url":"https:\/\/www.pnl.ch\/college-hypnose\/","logo":{"@type":"ImageObject","inLanguage":"fr-FR","@id":"https:\/\/www.pnl.ch\/college-hypnose\/#\/schema\/logo\/image\/","url":"https:\/\/www.pnl.ch\/college-hypnose\/wp-content\/uploads\/sites\/4\/2017\/04\/college-hypnose-logo-nc.png","contentUrl":"https:\/\/www.pnl.ch\/college-hypnose\/wp-content\/uploads\/sites\/4\/2017\/04\/college-hypnose-logo-nc.png","width":314,"height":200,"caption":"Coll\u00e8ge Romand - Centre de formation d'adultes S\u00e0rl"},"image":{"@id":"https:\/\/www.pnl.ch\/college-hypnose\/#\/schema\/logo\/image\/"},"sameAs":["https:\/\/www.facebook.com\/college.romand\/","https:\/\/x.com\/CollegeRomand","https:\/\/www.linkedin.com\/school\/college-romand\/","https:\/\/www.instagram.com\/collegeromand\/"]}]}},"_links":{"self":[{"href":"https:\/\/www.pnl.ch\/college-hypnose\/wp-json\/wp\/v2\/pages\/262","targetHints":{"allow":["GET"]}}],"collection":[{"href":"https:\/\/www.pnl.ch\/college-hypnose\/wp-json\/wp\/v2\/pages"}],"about":[{"href":"https:\/\/www.pnl.ch\/college-hypnose\/wp-json\/wp\/v2\/types\/page"}],"author":[{"embeddable":true,"href":"https:\/\/www.pnl.ch\/college-hypnose\/wp-json\/wp\/v2\/users\/1"}],"replies":[{"embeddable":true,"href":"https:\/\/www.pnl.ch\/college-hypnose\/wp-json\/wp\/v2\/comments?post=262"}],"version-history":[{"count":30,"href":"https:\/\/www.pnl.ch\/college-hypnose\/wp-json\/wp\/v2\/pages\/262\/revisions"}],"predecessor-version":[{"id":2602,"href":"https:\/\/www.pnl.ch\/college-hypnose\/wp-json\/wp\/v2\/pages\/262\/revisions\/2602"}],"up":[{"embeddable":true,"href":"https:\/\/www.pnl.ch\/college-hypnose\/wp-json\/wp\/v2\/pages\/54"}],"wp:featuredmedia":[{"embeddable":true,"href":"https:\/\/www.pnl.ch\/college-hypnose\/wp-json\/wp\/v2\/media\/87"}],"wp:attachment":[{"href":"https:\/\/www.pnl.ch\/college-hypnose\/wp-json\/wp\/v2\/media?parent=262"}],"curies":[{"name":"wp","href":"https:\/\/api.w.org\/{rel}","templated":true}]}}