{"id":273,"date":"2017-06-12T10:31:21","date_gmt":"2017-06-12T08:31:21","guid":{"rendered":"https:\/\/www.pnl.ch\/college-hypnose\/?page_id=273"},"modified":"2025-10-24T15:10:23","modified_gmt":"2025-10-24T13:10:23","slug":"accompagner-rapidement-hypnose-instantanee","status":"publish","type":"page","link":"https:\/\/www.pnl.ch\/college-hypnose\/seminaires\/accompagner-rapidement-hypnose-instantanee\/","title":{"rendered":"Accompagner rapidement avec l&rsquo;hypnose instantan\u00e9e"},"content":{"rendered":"<div class=\"wpb-content-wrapper\"><p>[vc_row margin_top=\u00a0\u00bb-20&Prime;][vc_column width=\u00a0\u00bb1\/4&Prime;]<style type=\"text\/css\" data-type=\"the7_shortcodes-inline-css\">.shortcode-single-image-wrap.shortcode-single-image-b5ec36f71ac4b7ea1e13bf5dfb7071e5.enable-bg-rollover .rollover i,\n.shortcode-single-image-wrap.shortcode-single-image-b5ec36f71ac4b7ea1e13bf5dfb7071e5.enable-bg-rollover .rollover-video i {\n  background: -webkit-linear-gradient();\n  background: linear-gradient();\n}\n.shortcode-single-image-wrap.shortcode-single-image-b5ec36f71ac4b7ea1e13bf5dfb7071e5 .rollover-icon {\n  font-size: 32px;\n  color: #ffffff;\n  min-width: 44px;\n  min-height: 44px;\n  line-height: 44px;\n  border-radius: 100px;\n  border-style: solid;\n  border-width: 0px;\n}\n.dt-icon-bg-on.shortcode-single-image-wrap.shortcode-single-image-b5ec36f71ac4b7ea1e13bf5dfb7071e5 .rollover-icon {\n  background: rgba(255,255,255,0.3);\n  box-shadow: none;\n}<\/style><div class=\"shortcode-single-image-wrap shortcode-single-image-b5ec36f71ac4b7ea1e13bf5dfb7071e5 alignnone zoomIn animate-element caption-on  enable-bg-rollover dt-icon-bg-off\" style=\"margin-top:0px; margin-bottom:0px; margin-left:0px; margin-right:0px; width:250px;\"><div class=\"shortcode-single-image\"><div class=\"fancy-media-wrap  layzr-bg\" style=\"\"><img fetchpriority=\"high\" decoding=\"async\" class=\"preload-me lazy-load aspect\" src=\"data:image\/svg+xml,%3Csvg%20xmlns%3D&#39;http%3A%2F%2Fwww.w3.org%2F2000%2Fsvg&#39;%20viewBox%3D&#39;0%200%20250%20250&#39;%2F%3E\" data-src=\"https:\/\/www.pnl.ch\/college-hypnose\/wp-content\/uploads\/sites\/4\/2017\/06\/hypnose-instantanee-250x250.jpg\" data-srcset=\"https:\/\/www.pnl.ch\/college-hypnose\/wp-content\/uploads\/sites\/4\/2017\/06\/hypnose-instantanee-250x250.jpg 250w, https:\/\/www.pnl.ch\/college-hypnose\/wp-content\/uploads\/sites\/4\/2017\/06\/hypnose-instantanee.jpg 300w\" loading=\"eager\" sizes=\"(max-width: 250px) 100vw, 250px\" width=\"250\" height=\"250\"  data-dt-location=\"https:\/\/www.pnl.ch\/college-hypnose\/seminaires\/accompagner-rapidement-hypnose-instantanee\/hypnose-instantanee-2\/\" style=\"--ratio: 250 \/ 250;\" alt=\"Accompagner rapidement avec l\u2019hypnose instantan\u00e9e\" \/><\/div><\/div><div class=\"shortcode-single-caption\">S\u00e9minaire avec l'hypnose ericksonienne au Coll\u00e8ge Romand \u00e0 Denges, pr\u00e8s de Lausanne en Suisse romande: Accompagner rapidement avec l\u2019hypnose instantan\u00e9e<\/div><\/div>[\/vc_column][vc_column width=\u00a0\u00bb3\/4&Prime;][vc_column_text css=\u00a0\u00bb\u00a0\u00bb]<\/p>\n<p class=\"date-formation\">Dates \u00e0 venir<\/p>\n<h3>Les inductions ericksoniennes sont souvent longues et prennent presque autant de temps que l&rsquo;intervention elle-m\u00eame. Pourquoi ne pas acc\u00e9l\u00e9rer ce processus et gagner du temps?<\/h3>\n<p>L&rsquo;hypnose instantan\u00e9e, jusque l\u00e0 r\u00e9serv\u00e9e aux hypnotiseurs de spectacles, peut tout \u00e0 fait \u00eatre appliqu\u00e9e dans le cadre d&rsquo;une intervention orient\u00e9e th\u00e9rapie ou d\u00e9veloppement personnel.<\/p>\n<p><strong>Imaginez tout ce temps perdu \u00e0 induire une transe hypnotique, alors qu&rsquo;il pourrait \u00eatre utilis\u00e9 pour apporter des ressources \u00e0 la personne.<\/strong><\/p>\n<p>Cela vous donnera une plus grande libert\u00e9 en facilitant votre travail. De plus, lors de ce s\u00e9minaire, vous apprendrez \u00e0 affiner vos capacit\u00e9s d&rsquo;observation, \u00e9l\u00e9ment important dans ce genre d&rsquo;induction.[\/vc_column_text][vc_btn title=\u00a0\u00bbVous inscrire\u00a0\u00bb color=\u00a0\u00bbviolet\u00a0\u00bb align=\u00a0\u00bbleft\u00a0\u00bb css=\u00a0\u00bb\u00a0\u00bb link=\u00a0\u00bburl:https%3A%2F%2Fwww.pnl.ch%2Fcollege-hypnose%2Finscription\u00a0\u00bb][\/vc_column][\/vc_row][vc_row margin_top=\u00a0\u00bb40&Prime; margin_bottom=\u00a0\u00bb40&Prime;][vc_column][vc_tta_tabs style=\u00a0\u00bbmodern\u00a0\u00bb spacing=\u00a0\u00bb4&Prime; gap=\u00a0\u00bb4&Prime; active_section=\u00a0\u00bb1&Prime;][vc_tta_section title=\u00a0\u00bbObjectifs\u00a0\u00bb tab_id=\u00a0\u00bb1499948707919-5d1637ae-5188&Prime;][vc_column_text]<\/p>\n<ul class=\"puce-hypnose\">\n<li>Rep\u00e9rer les \u00abbugs\u00bb du conscient.<\/li>\n<li>Observer les \u00e9l\u00e9ments indicateurs de transe dans la physiologie.<\/li>\n<li>Induire des \u00e9tats de transe de fa\u00e7on presque instantan\u00e9e dans le cadre de la th\u00e9rapie ou la relation d&rsquo;aide.<\/li>\n<\/ul>\n<p>[\/vc_column_text][\/vc_tta_section][vc_tta_section title=\u00a0\u00bbContenus\u00a0\u00bb tab_id=\u00a0\u00bb1499948708096-27efef36-2786&Prime;][vc_column_text]<\/p>\n<ul class=\"puce-hypnose\">\n<li>Le centrage.<\/li>\n<li>La saturation.<\/li>\n<li>La confusion.<\/li>\n<li>La rupture de sch\u00e9mas (patterns).<\/li>\n<li>La suggestion.<\/li>\n<\/ul>\n<p>[\/vc_column_text][\/vc_tta_section][vc_tta_section title=\u00a0\u00bbM\u00e9thode\u00a0\u00bb tab_id=\u00a0\u00bb1499948744685-edfeaf66-4a91&Prime;][vc_column_text]<\/p>\n<h5 style=\"margin-top: 5px;\">Personnes concern\u00e9es<\/h5>\n<p>Toute personne form\u00e9e en hypnose d\u00e9sirant acqu\u00e9rir des outils pour consacrer moins de temps \u00e0 l&rsquo;induction hypnotique.<\/p>\n<h5>P\u00e9dagogie<\/h5>\n<p>Notre approche favorise l\u2019apprentissage par la pratique personnelle et la compr\u00e9hension des outils. Pour cela, ce s\u00e9minaire est fabriqu\u00e9 autour d\u2019explications claires, pr\u00e9cises et concises, de proc\u00e9dures d\u2019accompagnement, d\u2019exercices progressifs, et de d\u00e9monstrations vivantes. Nous favorisons la mise en pratique des acquis en nous appuyant sur le savoir-faire que poss\u00e8de d\u00e9j\u00e0 l\u2019accompagnant ainsi que sur son savoir-\u00eatre et son individualit\u00e9.[\/vc_column_text][\/vc_tta_section][vc_tta_section title=\u00a0\u00bbTarifs &amp; Infos\u00a0\u00bb tab_id=\u00a0\u00bb1499948762782-9bd32ef5-9d0a\u00a0\u00bb][vc_column_text css=\u00a0\u00bb\u00a0\u00bb]<\/p>\n<h5 style=\"margin-top: 5px;\">ANIMATION<\/h5>\n<p><a href=\"https:\/\/www.pnl.ch\/formateurs\/kevin-ramchurn\/\">Kevin Ramchurn<\/a><\/p>\n<p>Formateur en Hypnose Ericksonienne, Hypnologue, Ma\u00eetre-Praticien en Hypnose Ericksonienne, Praticien en PNL et Coach Mental, il s\u2019est sp\u00e9cialis\u00e9 dans l\u2019accompagnement de personnes par l&rsquo;hypnose.<\/p>\n<h5>LANGUE<\/h5>\n<p>Francais<\/p>\n<h5>PR\u00c9REQUIS<\/h5>\n<p><a href=\"https:\/\/www.pnl.ch\/formations-en-hypnose-ericksonienne-a-lausanne\/#praticien-en-hypnose\">Praticien en hypnose ericksonienne<\/a>.<\/p>\n<h5>PRIX<\/h5>\n<p>CHF 487.-<\/p>\n<h5>LIEU<\/h5>\n<p>Centre de formation\u00a0du <a href=\"https:\/\/www.pnl.ch\/lieux\/centre-de-formation-college-romand\/\">Coll\u00e8ge Romand<\/a>, Denges, Suisse[\/vc_column_text][\/vc_tta_section][vc_tta_section title=\u00a0\u00bbEt apr\u00e8s?\u00a0\u00bb tab_id=\u00a0\u00bb1499948781100-da48d90d-f777&Prime;][vc_column_text css=\u00a0\u00bb\u00a0\u00bb]<\/p>\n<h5 style=\"margin-top: 5px;\">Ma\u00eetre Praticien en hypnose ericksonienne<\/h5>\n<h3>Devenez un hypnoth\u00e9rapeute reconnu en hypnose ericksonienne!<\/h3>\n<p><strong>Cette formation a pour but de donner une solide formation aux professionnels(les) et non seulement une initiation \u00e0 cette approche.<\/strong> Avec l\u2019hypnose ericksonienne, vous int\u00e9grez des outils utiles pour travailler avec la r\u00e9sistance du patient, mais aussi pour l\u2019aider \u00e0 potentialiser les facteurs de cr\u00e9ativit\u00e9s. Durant la formation, nous touchons des applications cliniques pratiques et th\u00e9oriques.<\/p>\n<p><a href=\"https:\/\/www.pnl.ch\/formations-en-hypnose-ericksonienne-a-lausanne\/#maitre-praticien-en-hypnose\"><strong>D\u00e9couvrez les plus de la formation de Ma\u00eetre Praticien en hypnose ericksonienne\u2026<\/strong><\/a>[\/vc_column_text][\/vc_tta_section][\/vc_tta_tabs][\/vc_column][\/vc_row][vc_row type=\u00a0\u00bb3&Prime; padding_top=\u00a0\u00bb30&Prime; padding_bottom=\u00a0\u00bb30&Prime; css=\u00a0\u00bb.vc_custom_1510219698233{margin-bottom: 30px !important;}\u00a0\u00bb][vc_column]<section class=\"testimonial-item testimonial-item-slider\"><div class=\"testimonials slider-content owl-carousel dt-owl-carousel-init\" data-autoslide=\"3000\">\n<article>\n\t<div class=\"testimonial-content\">\n\t\t<p><img decoding=\"async\" class=\"guimet-left\" src=\"https:\/\/www.pnl.ch\/college-hypnose\/wp-content\/uploads\/sites\/4\/2019\/10\/gimet-romand-left.png\" alt=\"guillemets\" \/>Concernant le s\u00e9minaire de deux jours sur \u00ab accompagner rapidement avec l\u2019hypnose instantan\u00e9e \u00bb de ce week-end c&rsquo;\u00e9tait juste g\u00e9nial et merveilleux. Kevin a fait un cours au-del\u00e0 de ce que nous aurions pu imaginer. Sujet, support, exercices et d\u00e9mos juste extraordinaire. On touche \u00e0 la perfection. Cette formation ne concerne pas uniquement l\u2019hypnose rapide, c\u2019est tout une spiral d\u2019informations autour de ce sujet qui nous sont donn\u00e9s. C\u2019est la premi\u00e8re fois que je vois une formation comme ceci qui sort des sujets ordinaires et qui permet r\u00e9ellement au praticien d&rsquo;avancer dans son domaine de l\u2019hypnose. Le cadre, l\u2019ambiance une vrai r\u00e9ussite. Je suis ravie et Kevin est d&rsquo;un d\u00e9vouement et d&rsquo;une implication qui est rare. Merci beaucoup pour avoir permis cette formation.&#8239;<img decoding=\"async\" class=\"guimet-right\" src=\"https:\/\/www.pnl.ch\/college-hypnose\/wp-content\/uploads\/sites\/4\/2019\/10\/gimet-romand-right.png\" alt=\"guillemets\" \/><\/p>\n\t<\/div>\n\t<div class=\"testimonial-vcard\">\n\t\t<div class=\"testimonial-thumbnail\">\n\t\t\t<span class=\"alignleft no-avatar\"><svg version=\"1.1\" id=\"Layer_1\" xmlns=\"http:\/\/www.w3.org\/2000\/svg\" xmlns:xlink=\"http:\/\/www.w3.org\/1999\/xlink\" x=\"0px\" y=\"0px\"\n\t viewBox=\"0 0 16 16\" style=\"enable-background:new 0 0 16 16;\" xml:space=\"preserve\"><path d=\"M8,8c2.2,0,4-1.8,4-4s-1.8-4-4-4S4,1.8,4,4S5.8,8,8,8z M8,10c-2.7,0-8,1.3-8,4v1c0,0.5,0.4,1,1,1h14c0.5,0,1-0.5,1-1v-1\n\tC16,11.3,10.7,10,8,10z\"\/><\/svg><\/span>\t\t<\/div>\n\t\t<div class=\"testimonial-desc\">\n\t\t\t<span class=\"text-primary\">Marianne<\/span><span class=\"text-secondary color-secondary\">D\u00e9l\u00e9gu\u00e9e m\u00e9dical, 46 ans, Suisse<\/span>\t\t<\/div>\n\t<\/div>\n<\/article>\n<\/div>\n<\/section>[\/vc_column][\/vc_row][vc_row margin_top=\u00a0\u00bb50&Prime;][vc_column][vc_column_text css=\u00a0\u00bb\u00a0\u00bb]<strong>Nous vous conseillons volontiers sur cette formation, contactez directement le Coll\u00e8ge Hypnose au <a href=\"tel:+41227369862\">+41 22 736 98 62<\/a> les lundi, mardi, jeudi et vendredi.<\/strong>[\/vc_column_text][vc_btn title=\u00a0\u00bbVous inscrire\u00a0\u00bb color=\u00a0\u00bbviolet\u00a0\u00bb align=\u00a0\u00bbleft\u00a0\u00bb css=\u00a0\u00bb\u00a0\u00bb link=\u00a0\u00bburl:https%3A%2F%2Fwww.pnl.ch%2Fcollege-hypnose%2Finscription\u00a0\u00bb][\/vc_column][\/vc_row][vc_column][\/vc_column]<\/p>\n<\/div>","protected":false},"excerpt":{"rendered":"<p>[vc_row margin_top=\u00a0\u00bb-20&Prime;][vc_column width=\u00a0\u00bb1\/4&Prime;][\/vc_column][vc_column width=\u00a0\u00bb3\/4&Prime;][vc_column_text css=\u00a0\u00bb\u00a0\u00bb] Dates \u00e0 venir Les inductions ericksoniennes sont souvent longues et prennent presque autant de temps que l&rsquo;intervention elle-m\u00eame. Pourquoi ne pas acc\u00e9l\u00e9rer ce processus et gagner du temps? L&rsquo;hypnose instantan\u00e9e, jusque l\u00e0 r\u00e9serv\u00e9e aux hypnotiseurs de spectacles, peut tout \u00e0 fait \u00eatre appliqu\u00e9e dans le cadre d&rsquo;une intervention orient\u00e9e th\u00e9rapie&hellip;<\/p>\n","protected":false},"author":1,"featured_media":274,"parent":54,"menu_order":0,"comment_status":"closed","ping_status":"closed","template":"","meta":{"_acf_changed":false,"footnotes":""},"class_list":["post-273","page","type-page","status-publish","has-post-thumbnail","hentry","description-off"],"acf":[],"yoast_head":"<!-- This site is optimized with the Yoast SEO Premium plugin v27.4 (Yoast SEO v27.4) - https:\/\/yoast.com\/product\/yoast-seo-premium-wordpress\/ -->\n<title>Accompagner rapidement avec l&#039;hypnose instantan\u00e9e<\/title>\n<meta name=\"description\" content=\"L&#039;hypnose instantan\u00e9e vous permet d&#039;acc\u00e9l\u00e9rer le processus de transe et de gagner du temps dans vos s\u00e9ances d&#039;hypnose ericksonienne.\" \/>\n<meta name=\"robots\" content=\"index, follow, max-snippet:-1, max-image-preview:large, max-video-preview:-1\" \/>\n<link rel=\"canonical\" href=\"https:\/\/www.pnl.ch\/college-hypnose\/seminaires\/accompagner-rapidement-hypnose-instantanee\/\" \/>\n<meta property=\"og:locale\" content=\"fr_FR\" \/>\n<meta property=\"og:type\" content=\"article\" \/>\n<meta property=\"og:title\" content=\"Accompagner rapidement avec l&#039;hypnose instantan\u00e9e\" \/>\n<meta property=\"og:description\" content=\"L&#039;hypnose instantan\u00e9e vous permet d&#039;acc\u00e9l\u00e9rer le processus de transe et de gagner du temps dans vos s\u00e9ances d&#039;hypnose ericksonienne.\" \/>\n<meta property=\"og:url\" content=\"https:\/\/www.pnl.ch\/college-hypnose\/seminaires\/accompagner-rapidement-hypnose-instantanee\/\" \/>\n<meta property=\"og:site_name\" content=\"Coll\u00e8ge Hypnose\" \/>\n<meta property=\"article:publisher\" content=\"https:\/\/www.facebook.com\/college.romand\/\" \/>\n<meta property=\"article:modified_time\" content=\"2025-10-24T13:10:23+00:00\" \/>\n<meta property=\"og:image\" content=\"http:\/\/www.pnl.ch\/college-hypnose\/wp-content\/uploads\/sites\/4\/2024\/03\/hypnose-instantanee-jpg.webp\" \/>\n\t<meta property=\"og:image:width\" content=\"1200\" \/>\n\t<meta property=\"og:image:height\" content=\"675\" \/>\n\t<meta property=\"og:image:type\" content=\"image\/jpeg\" \/>\n<meta name=\"twitter:card\" content=\"summary_large_image\" \/>\n<meta name=\"twitter:description\" content=\"L&#039;hypnose instantan\u00e9e vous permet d&#039;acc\u00e9l\u00e9rer le processus de transe et de gagner du temps dans vos s\u00e9ances d&#039;hypnose ericksonienne.\" \/>\n<meta name=\"twitter:site\" content=\"@CollegeRomand\" \/>\n<meta name=\"twitter:label1\" content=\"Dur\u00e9e de lecture estim\u00e9e\" \/>\n\t<meta name=\"twitter:data1\" content=\"3 minutes\" \/>\n<script type=\"application\/ld+json\" class=\"yoast-schema-graph\">{\"@context\":\"https:\\\/\\\/schema.org\",\"@graph\":[{\"@type\":\"WebPage\",\"@id\":\"https:\\\/\\\/www.pnl.ch\\\/college-hypnose\\\/seminaires\\\/accompagner-rapidement-hypnose-instantanee\\\/\",\"url\":\"https:\\\/\\\/www.pnl.ch\\\/college-hypnose\\\/seminaires\\\/accompagner-rapidement-hypnose-instantanee\\\/\",\"name\":\"Accompagner rapidement avec l'hypnose instantan\u00e9e\",\"isPartOf\":{\"@id\":\"https:\\\/\\\/www.pnl.ch\\\/college-hypnose\\\/#website\"},\"primaryImageOfPage\":{\"@id\":\"https:\\\/\\\/www.pnl.ch\\\/college-hypnose\\\/seminaires\\\/accompagner-rapidement-hypnose-instantanee\\\/#primaryimage\"},\"image\":{\"@id\":\"https:\\\/\\\/www.pnl.ch\\\/college-hypnose\\\/seminaires\\\/accompagner-rapidement-hypnose-instantanee\\\/#primaryimage\"},\"thumbnailUrl\":\"https:\\\/\\\/www.pnl.ch\\\/college-hypnose\\\/wp-content\\\/uploads\\\/sites\\\/4\\\/2017\\\/06\\\/hypnose-instantanee.jpg\",\"datePublished\":\"2017-06-12T08:31:21+00:00\",\"dateModified\":\"2025-10-24T13:10:23+00:00\",\"description\":\"L'hypnose instantan\u00e9e vous permet d'acc\u00e9l\u00e9rer le processus de transe et de gagner du temps dans vos s\u00e9ances d'hypnose ericksonienne.\",\"breadcrumb\":{\"@id\":\"https:\\\/\\\/www.pnl.ch\\\/college-hypnose\\\/seminaires\\\/accompagner-rapidement-hypnose-instantanee\\\/#breadcrumb\"},\"inLanguage\":\"fr-FR\",\"potentialAction\":[{\"@type\":\"ReadAction\",\"target\":[\"https:\\\/\\\/www.pnl.ch\\\/college-hypnose\\\/seminaires\\\/accompagner-rapidement-hypnose-instantanee\\\/\"]}]},{\"@type\":\"ImageObject\",\"inLanguage\":\"fr-FR\",\"@id\":\"https:\\\/\\\/www.pnl.ch\\\/college-hypnose\\\/seminaires\\\/accompagner-rapidement-hypnose-instantanee\\\/#primaryimage\",\"url\":\"https:\\\/\\\/www.pnl.ch\\\/college-hypnose\\\/wp-content\\\/uploads\\\/sites\\\/4\\\/2017\\\/06\\\/hypnose-instantanee.jpg\",\"contentUrl\":\"https:\\\/\\\/www.pnl.ch\\\/college-hypnose\\\/wp-content\\\/uploads\\\/sites\\\/4\\\/2017\\\/06\\\/hypnose-instantanee.jpg\",\"width\":300,\"height\":300,\"caption\":\"Accompagner rapidement avec l\u2019hypnose instantan\u00e9e\"},{\"@type\":\"BreadcrumbList\",\"@id\":\"https:\\\/\\\/www.pnl.ch\\\/college-hypnose\\\/seminaires\\\/accompagner-rapidement-hypnose-instantanee\\\/#breadcrumb\",\"itemListElement\":[{\"@type\":\"ListItem\",\"position\":1,\"name\":\"Accueil\",\"item\":\"https:\\\/\\\/www.pnl.ch\\\/college-hypnose\\\/\"},{\"@type\":\"ListItem\",\"position\":2,\"name\":\"S\u00e9minaires\",\"item\":\"http:\\\/\\\/www.pnl.ch\\\/college-hypnose\\\/seminaires\\\/\"},{\"@type\":\"ListItem\",\"position\":3,\"name\":\"Accompagner rapidement avec l&rsquo;hypnose instantan\u00e9e\"}]},{\"@type\":\"WebSite\",\"@id\":\"https:\\\/\\\/www.pnl.ch\\\/college-hypnose\\\/#website\",\"url\":\"https:\\\/\\\/www.pnl.ch\\\/college-hypnose\\\/\",\"name\":\"Coll\u00e8ge Hypnose\",\"description\":\"Formations certifiantes en Hypnose Ericksonienne\",\"publisher\":{\"@id\":\"https:\\\/\\\/www.pnl.ch\\\/college-hypnose\\\/#organization\"},\"potentialAction\":[{\"@type\":\"SearchAction\",\"target\":{\"@type\":\"EntryPoint\",\"urlTemplate\":\"https:\\\/\\\/www.pnl.ch\\\/college-hypnose\\\/?s={search_term_string}\"},\"query-input\":{\"@type\":\"PropertyValueSpecification\",\"valueRequired\":true,\"valueName\":\"search_term_string\"}}],\"inLanguage\":\"fr-FR\"},{\"@type\":\"Organization\",\"@id\":\"https:\\\/\\\/www.pnl.ch\\\/college-hypnose\\\/#organization\",\"name\":\"Coll\u00e8ge Romand - Centre de formation d'adultes S\u00e0rl\",\"url\":\"https:\\\/\\\/www.pnl.ch\\\/college-hypnose\\\/\",\"logo\":{\"@type\":\"ImageObject\",\"inLanguage\":\"fr-FR\",\"@id\":\"https:\\\/\\\/www.pnl.ch\\\/college-hypnose\\\/#\\\/schema\\\/logo\\\/image\\\/\",\"url\":\"https:\\\/\\\/www.pnl.ch\\\/college-hypnose\\\/wp-content\\\/uploads\\\/sites\\\/4\\\/2017\\\/04\\\/college-hypnose-logo-nc.png\",\"contentUrl\":\"https:\\\/\\\/www.pnl.ch\\\/college-hypnose\\\/wp-content\\\/uploads\\\/sites\\\/4\\\/2017\\\/04\\\/college-hypnose-logo-nc.png\",\"width\":314,\"height\":200,\"caption\":\"Coll\u00e8ge Romand - Centre de formation d'adultes S\u00e0rl\"},\"image\":{\"@id\":\"https:\\\/\\\/www.pnl.ch\\\/college-hypnose\\\/#\\\/schema\\\/logo\\\/image\\\/\"},\"sameAs\":[\"https:\\\/\\\/www.facebook.com\\\/college.romand\\\/\",\"https:\\\/\\\/x.com\\\/CollegeRomand\",\"https:\\\/\\\/www.linkedin.com\\\/school\\\/college-romand\\\/\",\"https:\\\/\\\/www.instagram.com\\\/collegeromand\\\/\"]}]}<\/script>\n<!-- \/ Yoast SEO Premium plugin. -->","yoast_head_json":{"title":"Accompagner rapidement avec l'hypnose instantan\u00e9e","description":"L'hypnose instantan\u00e9e vous permet d'acc\u00e9l\u00e9rer le processus de transe et de gagner du temps dans vos s\u00e9ances d'hypnose ericksonienne.","robots":{"index":"index","follow":"follow","max-snippet":"max-snippet:-1","max-image-preview":"max-image-preview:large","max-video-preview":"max-video-preview:-1"},"canonical":"https:\/\/www.pnl.ch\/college-hypnose\/seminaires\/accompagner-rapidement-hypnose-instantanee\/","og_locale":"fr_FR","og_type":"article","og_title":"Accompagner rapidement avec l'hypnose instantan\u00e9e","og_description":"L'hypnose instantan\u00e9e vous permet d'acc\u00e9l\u00e9rer le processus de transe et de gagner du temps dans vos s\u00e9ances d'hypnose ericksonienne.","og_url":"https:\/\/www.pnl.ch\/college-hypnose\/seminaires\/accompagner-rapidement-hypnose-instantanee\/","og_site_name":"Coll\u00e8ge Hypnose","article_publisher":"https:\/\/www.facebook.com\/college.romand\/","article_modified_time":"2025-10-24T13:10:23+00:00","og_image":[{"width":1200,"height":675,"url":"http:\/\/www.pnl.ch\/college-hypnose\/wp-content\/uploads\/sites\/4\/2024\/03\/hypnose-instantanee-jpg.webp","type":"image\/jpeg"}],"twitter_card":"summary_large_image","twitter_description":"L'hypnose instantan\u00e9e vous permet d'acc\u00e9l\u00e9rer le processus de transe et de gagner du temps dans vos s\u00e9ances d'hypnose ericksonienne.","twitter_site":"@CollegeRomand","twitter_misc":{"Dur\u00e9e de lecture estim\u00e9e":"3 minutes"},"schema":{"@context":"https:\/\/schema.org","@graph":[{"@type":"WebPage","@id":"https:\/\/www.pnl.ch\/college-hypnose\/seminaires\/accompagner-rapidement-hypnose-instantanee\/","url":"https:\/\/www.pnl.ch\/college-hypnose\/seminaires\/accompagner-rapidement-hypnose-instantanee\/","name":"Accompagner rapidement avec l'hypnose instantan\u00e9e","isPartOf":{"@id":"https:\/\/www.pnl.ch\/college-hypnose\/#website"},"primaryImageOfPage":{"@id":"https:\/\/www.pnl.ch\/college-hypnose\/seminaires\/accompagner-rapidement-hypnose-instantanee\/#primaryimage"},"image":{"@id":"https:\/\/www.pnl.ch\/college-hypnose\/seminaires\/accompagner-rapidement-hypnose-instantanee\/#primaryimage"},"thumbnailUrl":"https:\/\/www.pnl.ch\/college-hypnose\/wp-content\/uploads\/sites\/4\/2017\/06\/hypnose-instantanee.jpg","datePublished":"2017-06-12T08:31:21+00:00","dateModified":"2025-10-24T13:10:23+00:00","description":"L'hypnose instantan\u00e9e vous permet d'acc\u00e9l\u00e9rer le processus de transe et de gagner du temps dans vos s\u00e9ances d'hypnose ericksonienne.","breadcrumb":{"@id":"https:\/\/www.pnl.ch\/college-hypnose\/seminaires\/accompagner-rapidement-hypnose-instantanee\/#breadcrumb"},"inLanguage":"fr-FR","potentialAction":[{"@type":"ReadAction","target":["https:\/\/www.pnl.ch\/college-hypnose\/seminaires\/accompagner-rapidement-hypnose-instantanee\/"]}]},{"@type":"ImageObject","inLanguage":"fr-FR","@id":"https:\/\/www.pnl.ch\/college-hypnose\/seminaires\/accompagner-rapidement-hypnose-instantanee\/#primaryimage","url":"https:\/\/www.pnl.ch\/college-hypnose\/wp-content\/uploads\/sites\/4\/2017\/06\/hypnose-instantanee.jpg","contentUrl":"https:\/\/www.pnl.ch\/college-hypnose\/wp-content\/uploads\/sites\/4\/2017\/06\/hypnose-instantanee.jpg","width":300,"height":300,"caption":"Accompagner rapidement avec l\u2019hypnose instantan\u00e9e"},{"@type":"BreadcrumbList","@id":"https:\/\/www.pnl.ch\/college-hypnose\/seminaires\/accompagner-rapidement-hypnose-instantanee\/#breadcrumb","itemListElement":[{"@type":"ListItem","position":1,"name":"Accueil","item":"https:\/\/www.pnl.ch\/college-hypnose\/"},{"@type":"ListItem","position":2,"name":"S\u00e9minaires","item":"http:\/\/www.pnl.ch\/college-hypnose\/seminaires\/"},{"@type":"ListItem","position":3,"name":"Accompagner rapidement avec l&rsquo;hypnose instantan\u00e9e"}]},{"@type":"WebSite","@id":"https:\/\/www.pnl.ch\/college-hypnose\/#website","url":"https:\/\/www.pnl.ch\/college-hypnose\/","name":"Coll\u00e8ge Hypnose","description":"Formations certifiantes en Hypnose Ericksonienne","publisher":{"@id":"https:\/\/www.pnl.ch\/college-hypnose\/#organization"},"potentialAction":[{"@type":"SearchAction","target":{"@type":"EntryPoint","urlTemplate":"https:\/\/www.pnl.ch\/college-hypnose\/?s={search_term_string}"},"query-input":{"@type":"PropertyValueSpecification","valueRequired":true,"valueName":"search_term_string"}}],"inLanguage":"fr-FR"},{"@type":"Organization","@id":"https:\/\/www.pnl.ch\/college-hypnose\/#organization","name":"Coll\u00e8ge Romand - Centre de formation d'adultes S\u00e0rl","url":"https:\/\/www.pnl.ch\/college-hypnose\/","logo":{"@type":"ImageObject","inLanguage":"fr-FR","@id":"https:\/\/www.pnl.ch\/college-hypnose\/#\/schema\/logo\/image\/","url":"https:\/\/www.pnl.ch\/college-hypnose\/wp-content\/uploads\/sites\/4\/2017\/04\/college-hypnose-logo-nc.png","contentUrl":"https:\/\/www.pnl.ch\/college-hypnose\/wp-content\/uploads\/sites\/4\/2017\/04\/college-hypnose-logo-nc.png","width":314,"height":200,"caption":"Coll\u00e8ge Romand - Centre de formation d'adultes S\u00e0rl"},"image":{"@id":"https:\/\/www.pnl.ch\/college-hypnose\/#\/schema\/logo\/image\/"},"sameAs":["https:\/\/www.facebook.com\/college.romand\/","https:\/\/x.com\/CollegeRomand","https:\/\/www.linkedin.com\/school\/college-romand\/","https:\/\/www.instagram.com\/collegeromand\/"]}]}},"_links":{"self":[{"href":"https:\/\/www.pnl.ch\/college-hypnose\/wp-json\/wp\/v2\/pages\/273","targetHints":{"allow":["GET"]}}],"collection":[{"href":"https:\/\/www.pnl.ch\/college-hypnose\/wp-json\/wp\/v2\/pages"}],"about":[{"href":"https:\/\/www.pnl.ch\/college-hypnose\/wp-json\/wp\/v2\/types\/page"}],"author":[{"embeddable":true,"href":"https:\/\/www.pnl.ch\/college-hypnose\/wp-json\/wp\/v2\/users\/1"}],"replies":[{"embeddable":true,"href":"https:\/\/www.pnl.ch\/college-hypnose\/wp-json\/wp\/v2\/comments?post=273"}],"version-history":[{"count":30,"href":"https:\/\/www.pnl.ch\/college-hypnose\/wp-json\/wp\/v2\/pages\/273\/revisions"}],"predecessor-version":[{"id":2603,"href":"https:\/\/www.pnl.ch\/college-hypnose\/wp-json\/wp\/v2\/pages\/273\/revisions\/2603"}],"up":[{"embeddable":true,"href":"https:\/\/www.pnl.ch\/college-hypnose\/wp-json\/wp\/v2\/pages\/54"}],"wp:featuredmedia":[{"embeddable":true,"href":"https:\/\/www.pnl.ch\/college-hypnose\/wp-json\/wp\/v2\/media\/274"}],"wp:attachment":[{"href":"https:\/\/www.pnl.ch\/college-hypnose\/wp-json\/wp\/v2\/media?parent=273"}],"curies":[{"name":"wp","href":"https:\/\/api.w.org\/{rel}","templated":true}]}}