{"id":474,"date":"2017-10-16T15:53:53","date_gmt":"2017-10-16T13:53:53","guid":{"rendered":"https:\/\/www.pnl.ch\/college-hypnose\/?page_id=474"},"modified":"2025-05-28T14:47:52","modified_gmt":"2025-05-28T12:47:52","slug":"supervisions-en-hypnose","status":"publish","type":"page","link":"https:\/\/www.pnl.ch\/college-hypnose\/supervisions-en-hypnose\/","title":{"rendered":"Supervisions en hypnose ericksonienne"},"content":{"rendered":"<div class=\"wpb-content-wrapper\"><p>[vc_row][vc_column width=\u00a0\u00bb1\/4&Prime;][vc_single_image image=\u00a0\u00bb529&Prime; img_size=\u00a0\u00bb250&#215;250&Prime; alignment=\u00a0\u00bbcenter\u00a0\u00bb css_animation=\u00a0\u00bbzoomIn\u00a0\u00bb][\/vc_column][vc_column width=\u00a0\u00bb3\/4&Prime;][vc_column_text css=\u00a0\u00bb\u00a0\u00bb]<\/p>\n<p class=\"date-formation\">Dates \u00e0 venir<\/p>\n<h3>L&rsquo;Acad\u00e9mie d&rsquo;hypnose ericksonienne vous propose des supervisions en\u00a0hypnose ericksonienne<\/h3>\n<p>Les supervisions en hypnose ericksonienne ont \u00e9t\u00e9 cr\u00e9\u00e9es afin de pouvoir accompagner le praticien dans le d\u00e9veloppement de sa pratique, lui permettre de se retrouver dans un cadre s\u00e9curisant d\u2019\u00e9volution et de formation continue.\u00a0Il nous para\u00eet important qu\u2019un (jeune) praticien ne s\u2019enferme pas dans sa pratique et qu\u2019il continue de se nourrir d\u2019apprentissages et de perfectionnements.<\/p>\n<p><strong>Les supervisions en hypnose ericksonienne sont construites autour de 5 axes principaux\u202f:<\/strong><\/p>\n<ul>\n<li>Conseiller le praticien par l\u2019\u00e9tude de cas v\u00e9cus.<\/li>\n<li>Proposer des pistes de strat\u00e9gies directement applicables avec les clients.<\/li>\n<li>\u00c9tudier les ouvrages suppl\u00e9mentaires sp\u00e9cifiques propos\u00e9s.<\/li>\n<li>Approfondir les techniques.<\/li>\n<li>Apprendre de nouveaux outils.<\/li>\n<\/ul>\n<p>[\/vc_column_text][\/vc_column][\/vc_row][vc_row][vc_column][vc_tta_tabs style=\u00a0\u00bbmodern\u00a0\u00bb spacing=\u00a0\u00bb4&Prime; gap=\u00a0\u00bb4&Prime; active_section=\u00a0\u00bb1&Prime;][vc_tta_section title=\u00a0\u00bbM\u00e9thode\u00a0\u00bb tab_id=\u00a0\u00bbmethode\u00a0\u00bb][vc_column_text]<\/p>\n<h5 style=\"margin-top: 5px;\">GROUPE<\/h5>\n<p>De mani\u00e8re intentionnelle le nombre de participant est limit\u00e9. Nous pouvons ainsi maintenir une relation \u00e9troite avec chaque participant, une synergie de groupe puissante peut se d\u00e9velopper et chacun profite au maximum des processus de supervision.<\/p>\n<h5>M\u00e9thode p\u00e9dagogique<\/h5>\n<p>Notre approche\u00a0favorise l\u2019apprentissage acc\u00e9l\u00e9r\u00e9 et l\u2019int\u00e9gration.[\/vc_column_text][\/vc_tta_section][vc_tta_section title=\u00a0\u00bbCalendrier\u00a0\u00bb tab_id=\u00a0\u00bbcalendrier\u00a0\u00bb][vc_column_text css=\u00a0\u00bb\u00a0\u00bb]<\/p>\n<h5 style=\"margin-top: 5px;\">Dates \u00e0 venir<\/h5>\n<h5>Horaire<\/h5>\n<p>De 18h30 \u00e0 20h30<\/p>\n<h5>Lieu<\/h5>\n<p>En ligne[\/vc_column_text][\/vc_tta_section][vc_tta_section title=\u00a0\u00bbInfo &amp; tarifs\u00a0\u00bb tab_id=\u00a0\u00bbinfo-tarifs\u00a0\u00bb][vc_column_text css=\u00a0\u00bb\u00a0\u00bb]<\/p>\n<h5 style=\"margin-top: 5px;\">ANIMATION<\/h5>\n<p><a href=\"https:\/\/www.pnl.ch\/formateurs\/kevin-ramchurn\/\">Kevin Ramchurn<\/a>, hypnologue et formateur en hypnose ericksonienne. Certifi\u00e9 en coaching mental, en PNL et en hypnose ericksonienne. Il ne cesse de rechercher les meilleurs fa\u00e7ons de pouvoir g\u00e9n\u00e9rer du changement chez les personnes qu\u2019il rencontre \u00e0 travers sa pratique.<\/p>\n<h5>LANGUE<\/h5>\n<p>Fran\u00e7ais<\/p>\n<h5>PR\u00c9REQUIS<\/h5>\n<p><a href=\"https:\/\/www.pnl.ch\/college-hypnose\/formations\/maitre-praticien-hypnose-ericksonienne\/\">Ma\u00eetre Praticien en hypnose ericksonienne<\/a> exer\u00e7ant le m\u00e9tier.<\/p>\n<h5>PRIX<\/h5>\n<p>CHF 60.- par supervision ou CHF 250.- pour les 5 supervisions.[\/vc_column_text][\/vc_tta_section][vc_tta_section title=\u00a0\u00bbEt apr\u00e8s?\u00a0\u00bb tab_id=\u00a0\u00bbet-apres\u00a0\u00bb][vc_column_text]Les personnes ayant suivi le cursus de formation complet au Coll\u00e8ge Romand et qui participent \u00e0 toutes les supervisions, avec la validation de l&rsquo;animateur, Kevin Ramchurn, seront r\u00e9f\u00e9renc\u00e9es sur notre site comme professionnels en hypnose ericksonienne.[\/vc_column_text][\/vc_tta_section][\/vc_tta_tabs][\/vc_column][\/vc_row][vc_row margin_top=\u00a0\u00bb50&Prime;][vc_column][vc_column_text]Nous vous renseignons volontiers, contactez directement le Coll\u00e8ge Hypnose au <a href=\"tel:+41227369862\">+41 22 736 98 62<\/a> les lundi, mardi, jeudi et vendredi.<\/p>\n<p>&nbsp;<\/p>\n<p><a href=\"https:\/\/www.pnl.ch\/college-hypnose\/contacter-college-hypnose\/\" class=\"btn-shortcode dt-btn-m dt-btn default-btn-color default-btn-hover-color default-btn-bg-color default-btn-bg-hover-color\" target=\"_blank\" id=\"dt-btn-1\" rel=\"noopener\"><span>Nous contacter\u00a0ou vous inscrire<\/span><\/a>[\/vc_column_text][\/vc_column][\/vc_row]<\/p>\n<\/div>","protected":false},"excerpt":{"rendered":"<p>[vc_row][vc_column width=\u00a0\u00bb1\/4&Prime;][vc_single_image image=\u00a0\u00bb529&Prime; img_size=\u00a0\u00bb250&#215;250&Prime; alignment=\u00a0\u00bbcenter\u00a0\u00bb css_animation=\u00a0\u00bbzoomIn\u00a0\u00bb][\/vc_column][vc_column width=\u00a0\u00bb3\/4&Prime;][vc_column_text css=\u00a0\u00bb\u00a0\u00bb] Dates \u00e0 venir L&rsquo;Acad\u00e9mie d&rsquo;hypnose ericksonienne vous propose des supervisions en\u00a0hypnose ericksonienne Les supervisions en hypnose ericksonienne ont \u00e9t\u00e9 cr\u00e9\u00e9es afin de pouvoir accompagner le praticien dans le d\u00e9veloppement de sa pratique, lui permettre de se retrouver dans un cadre s\u00e9curisant d\u2019\u00e9volution et de formation continue.\u00a0Il nous&hellip;<\/p>\n","protected":false},"author":1,"featured_media":529,"parent":0,"menu_order":3,"comment_status":"closed","ping_status":"closed","template":"","meta":{"_acf_changed":false,"footnotes":""},"class_list":["post-474","page","type-page","status-publish","has-post-thumbnail","hentry","description-off"],"acf":[],"yoast_head":"<!-- This site is optimized with the Yoast SEO Premium plugin v26.9 (Yoast SEO v26.9) - https:\/\/yoast.com\/product\/yoast-seo-premium-wordpress\/ -->\n<title>Supervisions en hypnose ericksonienne pour les praticiens<\/title>\n<meta name=\"description\" content=\"Supervisions en hypnose ericksonienne pour accompagner le praticien dans le d\u00e9veloppement de sa pratique et de formation continue\u2026\" \/>\n<meta name=\"robots\" content=\"index, follow, max-snippet:-1, max-image-preview:large, max-video-preview:-1\" \/>\n<link rel=\"canonical\" href=\"https:\/\/www.pnl.ch\/college-hypnose\/supervisions-en-hypnose\/\" \/>\n<meta property=\"og:locale\" content=\"fr_FR\" \/>\n<meta property=\"og:type\" content=\"article\" \/>\n<meta property=\"og:title\" content=\"Supervisions en hypnose ericksonienne\" \/>\n<meta property=\"og:description\" content=\"Supervisions en hypnose ericksonienne pour accompagner le praticien dans le d\u00e9veloppement de sa pratique et de formation continue\u2026\" \/>\n<meta property=\"og:url\" content=\"https:\/\/www.pnl.ch\/college-hypnose\/supervisions-en-hypnose\/\" \/>\n<meta property=\"og:site_name\" content=\"Coll\u00e8ge Hypnose\" \/>\n<meta property=\"article:publisher\" content=\"https:\/\/www.facebook.com\/college.romand\/\" \/>\n<meta property=\"article:modified_time\" content=\"2025-05-28T12:47:52+00:00\" \/>\n<meta property=\"og:image\" content=\"http:\/\/www.pnl.ch\/college-hypnose\/wp-content\/uploads\/sites\/4\/2024\/03\/hypnose-supervision-jpg.webp\" \/>\n\t<meta property=\"og:image:width\" content=\"1200\" \/>\n\t<meta property=\"og:image:height\" content=\"675\" \/>\n\t<meta property=\"og:image:type\" content=\"image\/jpeg\" \/>\n<meta name=\"twitter:card\" content=\"summary_large_image\" \/>\n<meta name=\"twitter:description\" content=\"Supervisions en hypnose ericksonienne pour accompagner le praticien dans le d\u00e9veloppement de sa pratique et de formation continue\u2026\" \/>\n<meta name=\"twitter:site\" content=\"@CollegeRomand\" \/>\n<meta name=\"twitter:label1\" content=\"Dur\u00e9e de lecture estim\u00e9e\" \/>\n\t<meta name=\"twitter:data1\" content=\"2 minutes\" \/>\n<script type=\"application\/ld+json\" class=\"yoast-schema-graph\">{\"@context\":\"https:\/\/schema.org\",\"@graph\":[{\"@type\":\"WebPage\",\"@id\":\"https:\/\/www.pnl.ch\/college-hypnose\/supervisions-en-hypnose\/\",\"url\":\"https:\/\/www.pnl.ch\/college-hypnose\/supervisions-en-hypnose\/\",\"name\":\"Supervisions en hypnose ericksonienne pour les praticiens\",\"isPartOf\":{\"@id\":\"https:\/\/www.pnl.ch\/college-hypnose\/#website\"},\"primaryImageOfPage\":{\"@id\":\"https:\/\/www.pnl.ch\/college-hypnose\/supervisions-en-hypnose\/#primaryimage\"},\"image\":{\"@id\":\"https:\/\/www.pnl.ch\/college-hypnose\/supervisions-en-hypnose\/#primaryimage\"},\"thumbnailUrl\":\"https:\/\/www.pnl.ch\/college-hypnose\/wp-content\/uploads\/sites\/4\/2017\/10\/supervisions.jpg\",\"datePublished\":\"2017-10-16T13:53:53+00:00\",\"dateModified\":\"2025-05-28T12:47:52+00:00\",\"description\":\"Supervisions en hypnose ericksonienne pour accompagner le praticien dans le d\u00e9veloppement de sa pratique et de formation continue\u2026\",\"breadcrumb\":{\"@id\":\"https:\/\/www.pnl.ch\/college-hypnose\/supervisions-en-hypnose\/#breadcrumb\"},\"inLanguage\":\"fr-FR\",\"potentialAction\":[{\"@type\":\"ReadAction\",\"target\":[\"https:\/\/www.pnl.ch\/college-hypnose\/supervisions-en-hypnose\/\"]}]},{\"@type\":\"ImageObject\",\"inLanguage\":\"fr-FR\",\"@id\":\"https:\/\/www.pnl.ch\/college-hypnose\/supervisions-en-hypnose\/#primaryimage\",\"url\":\"https:\/\/www.pnl.ch\/college-hypnose\/wp-content\/uploads\/sites\/4\/2017\/10\/supervisions.jpg\",\"contentUrl\":\"https:\/\/www.pnl.ch\/college-hypnose\/wp-content\/uploads\/sites\/4\/2017\/10\/supervisions.jpg\",\"width\":300,\"height\":300,\"caption\":\"Supervisions en hypnose ericksonienne\"},{\"@type\":\"BreadcrumbList\",\"@id\":\"https:\/\/www.pnl.ch\/college-hypnose\/supervisions-en-hypnose\/#breadcrumb\",\"itemListElement\":[{\"@type\":\"ListItem\",\"position\":1,\"name\":\"Accueil\",\"item\":\"https:\/\/www.pnl.ch\/college-hypnose\/\"},{\"@type\":\"ListItem\",\"position\":2,\"name\":\"Supervisions en hypnose ericksonienne\"}]},{\"@type\":\"WebSite\",\"@id\":\"https:\/\/www.pnl.ch\/college-hypnose\/#website\",\"url\":\"https:\/\/www.pnl.ch\/college-hypnose\/\",\"name\":\"Coll\u00e8ge Hypnose\",\"description\":\"Formations certifiantes en Hypnose Ericksonienne\",\"publisher\":{\"@id\":\"https:\/\/www.pnl.ch\/college-hypnose\/#organization\"},\"potentialAction\":[{\"@type\":\"SearchAction\",\"target\":{\"@type\":\"EntryPoint\",\"urlTemplate\":\"https:\/\/www.pnl.ch\/college-hypnose\/?s={search_term_string}\"},\"query-input\":{\"@type\":\"PropertyValueSpecification\",\"valueRequired\":true,\"valueName\":\"search_term_string\"}}],\"inLanguage\":\"fr-FR\"},{\"@type\":\"Organization\",\"@id\":\"https:\/\/www.pnl.ch\/college-hypnose\/#organization\",\"name\":\"Coll\u00e8ge Romand - Centre de formation d'adultes S\u00e0rl\",\"url\":\"https:\/\/www.pnl.ch\/college-hypnose\/\",\"logo\":{\"@type\":\"ImageObject\",\"inLanguage\":\"fr-FR\",\"@id\":\"https:\/\/www.pnl.ch\/college-hypnose\/#\/schema\/logo\/image\/\",\"url\":\"https:\/\/www.pnl.ch\/college-hypnose\/wp-content\/uploads\/sites\/4\/2017\/04\/college-hypnose-logo-nc.png\",\"contentUrl\":\"https:\/\/www.pnl.ch\/college-hypnose\/wp-content\/uploads\/sites\/4\/2017\/04\/college-hypnose-logo-nc.png\",\"width\":314,\"height\":200,\"caption\":\"Coll\u00e8ge Romand - Centre de formation d'adultes S\u00e0rl\"},\"image\":{\"@id\":\"https:\/\/www.pnl.ch\/college-hypnose\/#\/schema\/logo\/image\/\"},\"sameAs\":[\"https:\/\/www.facebook.com\/college.romand\/\",\"https:\/\/x.com\/CollegeRomand\",\"https:\/\/www.linkedin.com\/school\/college-romand\/\",\"https:\/\/www.instagram.com\/collegeromand\/\"]}]}<\/script>\n<!-- \/ Yoast SEO Premium plugin. -->","yoast_head_json":{"title":"Supervisions en hypnose ericksonienne pour les praticiens","description":"Supervisions en hypnose ericksonienne pour accompagner le praticien dans le d\u00e9veloppement de sa pratique et de formation continue\u2026","robots":{"index":"index","follow":"follow","max-snippet":"max-snippet:-1","max-image-preview":"max-image-preview:large","max-video-preview":"max-video-preview:-1"},"canonical":"https:\/\/www.pnl.ch\/college-hypnose\/supervisions-en-hypnose\/","og_locale":"fr_FR","og_type":"article","og_title":"Supervisions en hypnose ericksonienne","og_description":"Supervisions en hypnose ericksonienne pour accompagner le praticien dans le d\u00e9veloppement de sa pratique et de formation continue\u2026","og_url":"https:\/\/www.pnl.ch\/college-hypnose\/supervisions-en-hypnose\/","og_site_name":"Coll\u00e8ge Hypnose","article_publisher":"https:\/\/www.facebook.com\/college.romand\/","article_modified_time":"2025-05-28T12:47:52+00:00","og_image":[{"width":1200,"height":675,"url":"http:\/\/www.pnl.ch\/college-hypnose\/wp-content\/uploads\/sites\/4\/2024\/03\/hypnose-supervision-jpg.webp","type":"image\/jpeg"}],"twitter_card":"summary_large_image","twitter_description":"Supervisions en hypnose ericksonienne pour accompagner le praticien dans le d\u00e9veloppement de sa pratique et de formation continue\u2026","twitter_site":"@CollegeRomand","twitter_misc":{"Dur\u00e9e de lecture estim\u00e9e":"2 minutes"},"schema":{"@context":"https:\/\/schema.org","@graph":[{"@type":"WebPage","@id":"https:\/\/www.pnl.ch\/college-hypnose\/supervisions-en-hypnose\/","url":"https:\/\/www.pnl.ch\/college-hypnose\/supervisions-en-hypnose\/","name":"Supervisions en hypnose ericksonienne pour les praticiens","isPartOf":{"@id":"https:\/\/www.pnl.ch\/college-hypnose\/#website"},"primaryImageOfPage":{"@id":"https:\/\/www.pnl.ch\/college-hypnose\/supervisions-en-hypnose\/#primaryimage"},"image":{"@id":"https:\/\/www.pnl.ch\/college-hypnose\/supervisions-en-hypnose\/#primaryimage"},"thumbnailUrl":"https:\/\/www.pnl.ch\/college-hypnose\/wp-content\/uploads\/sites\/4\/2017\/10\/supervisions.jpg","datePublished":"2017-10-16T13:53:53+00:00","dateModified":"2025-05-28T12:47:52+00:00","description":"Supervisions en hypnose ericksonienne pour accompagner le praticien dans le d\u00e9veloppement de sa pratique et de formation continue\u2026","breadcrumb":{"@id":"https:\/\/www.pnl.ch\/college-hypnose\/supervisions-en-hypnose\/#breadcrumb"},"inLanguage":"fr-FR","potentialAction":[{"@type":"ReadAction","target":["https:\/\/www.pnl.ch\/college-hypnose\/supervisions-en-hypnose\/"]}]},{"@type":"ImageObject","inLanguage":"fr-FR","@id":"https:\/\/www.pnl.ch\/college-hypnose\/supervisions-en-hypnose\/#primaryimage","url":"https:\/\/www.pnl.ch\/college-hypnose\/wp-content\/uploads\/sites\/4\/2017\/10\/supervisions.jpg","contentUrl":"https:\/\/www.pnl.ch\/college-hypnose\/wp-content\/uploads\/sites\/4\/2017\/10\/supervisions.jpg","width":300,"height":300,"caption":"Supervisions en hypnose ericksonienne"},{"@type":"BreadcrumbList","@id":"https:\/\/www.pnl.ch\/college-hypnose\/supervisions-en-hypnose\/#breadcrumb","itemListElement":[{"@type":"ListItem","position":1,"name":"Accueil","item":"https:\/\/www.pnl.ch\/college-hypnose\/"},{"@type":"ListItem","position":2,"name":"Supervisions en hypnose ericksonienne"}]},{"@type":"WebSite","@id":"https:\/\/www.pnl.ch\/college-hypnose\/#website","url":"https:\/\/www.pnl.ch\/college-hypnose\/","name":"Coll\u00e8ge Hypnose","description":"Formations certifiantes en Hypnose Ericksonienne","publisher":{"@id":"https:\/\/www.pnl.ch\/college-hypnose\/#organization"},"potentialAction":[{"@type":"SearchAction","target":{"@type":"EntryPoint","urlTemplate":"https:\/\/www.pnl.ch\/college-hypnose\/?s={search_term_string}"},"query-input":{"@type":"PropertyValueSpecification","valueRequired":true,"valueName":"search_term_string"}}],"inLanguage":"fr-FR"},{"@type":"Organization","@id":"https:\/\/www.pnl.ch\/college-hypnose\/#organization","name":"Coll\u00e8ge Romand - Centre de formation d'adultes S\u00e0rl","url":"https:\/\/www.pnl.ch\/college-hypnose\/","logo":{"@type":"ImageObject","inLanguage":"fr-FR","@id":"https:\/\/www.pnl.ch\/college-hypnose\/#\/schema\/logo\/image\/","url":"https:\/\/www.pnl.ch\/college-hypnose\/wp-content\/uploads\/sites\/4\/2017\/04\/college-hypnose-logo-nc.png","contentUrl":"https:\/\/www.pnl.ch\/college-hypnose\/wp-content\/uploads\/sites\/4\/2017\/04\/college-hypnose-logo-nc.png","width":314,"height":200,"caption":"Coll\u00e8ge Romand - Centre de formation d'adultes S\u00e0rl"},"image":{"@id":"https:\/\/www.pnl.ch\/college-hypnose\/#\/schema\/logo\/image\/"},"sameAs":["https:\/\/www.facebook.com\/college.romand\/","https:\/\/x.com\/CollegeRomand","https:\/\/www.linkedin.com\/school\/college-romand\/","https:\/\/www.instagram.com\/collegeromand\/"]}]}},"_links":{"self":[{"href":"https:\/\/www.pnl.ch\/college-hypnose\/wp-json\/wp\/v2\/pages\/474","targetHints":{"allow":["GET"]}}],"collection":[{"href":"https:\/\/www.pnl.ch\/college-hypnose\/wp-json\/wp\/v2\/pages"}],"about":[{"href":"https:\/\/www.pnl.ch\/college-hypnose\/wp-json\/wp\/v2\/types\/page"}],"author":[{"embeddable":true,"href":"https:\/\/www.pnl.ch\/college-hypnose\/wp-json\/wp\/v2\/users\/1"}],"replies":[{"embeddable":true,"href":"https:\/\/www.pnl.ch\/college-hypnose\/wp-json\/wp\/v2\/comments?post=474"}],"version-history":[{"count":18,"href":"https:\/\/www.pnl.ch\/college-hypnose\/wp-json\/wp\/v2\/pages\/474\/revisions"}],"predecessor-version":[{"id":2349,"href":"https:\/\/www.pnl.ch\/college-hypnose\/wp-json\/wp\/v2\/pages\/474\/revisions\/2349"}],"wp:featuredmedia":[{"embeddable":true,"href":"https:\/\/www.pnl.ch\/college-hypnose\/wp-json\/wp\/v2\/media\/529"}],"wp:attachment":[{"href":"https:\/\/www.pnl.ch\/college-hypnose\/wp-json\/wp\/v2\/media?parent=474"}],"curies":[{"name":"wp","href":"https:\/\/api.w.org\/{rel}","templated":true}]}}