{"id":54,"date":"2017-04-06T14:59:38","date_gmt":"2017-04-06T12:59:38","guid":{"rendered":"https:\/\/www.pnl.ch\/college-hypnose\/?page_id=54"},"modified":"2024-03-27T20:14:55","modified_gmt":"2024-03-27T19:14:55","slug":"seminaires","status":"publish","type":"page","link":"https:\/\/www.pnl.ch\/college-hypnose\/seminaires\/","title":{"rendered":"S\u00e9minaires"},"content":{"rendered":"<div class=\"wpb-content-wrapper\"><p>[vc_row][vc_column width=\u00a0\u00bb2\/12&Prime;][vc_single_image image=\u00a0\u00bb40&Prime; img_size=\u00a0\u00bbfull\u00a0\u00bb css_animation=\u00a0\u00bbzoomIn\u00a0\u00bb][\/vc_column][vc_column width=\u00a0\u00bb7\/12&Prime; css=\u00a0\u00bb.vc_custom_1511797672530{padding-left: 50px !important;}\u00a0\u00bb][vc_column_text]<\/p>\n<h3 style=\"margin-top: 0; margin-bottom: 10px;\">Approfondir vos interventions<\/h3>\n<p style=\"margin-top: 0;\"><strong>Un vrai accompagnement n\u2019est pas juste une conversation intellectuelle, mais se d\u00e9roule \u00e0 deux niveaux: conscient et inconscient.<\/strong><\/p>\n<p>L\u2019impatience envers son client peut nous jouer des tours. Elle peut nous amener \u00e0 le pousser dans une direction et cr\u00e9er ainsi des r\u00e9sistances. Le changement reste superficiel, vous fournissez plus d\u2019\u00e9nergie que votre client et vous vous \u00e9puisez. Gr\u00e2ce \u00e0 cette formation vous pourrez comprendre les principes de l\u2019hypnose ericksonienne conversationnelle et poser des questions \u00e0 double niveaux (conscient et inconscient).[\/vc_column_text][\/vc_column][vc_column width=\u00a0\u00bb3\/12&Prime; css=\u00a0\u00bb.vc_custom_1496694772613{padding-top: 45px !important;}\u00a0\u00bb][vc_btn title=\u00a0\u00bbEn savoir plus\u00a0\u00bb color=\u00a0\u00bbviolet\u00a0\u00bb align=\u00a0\u00bbright\u00a0\u00bb i_align=\u00a0\u00bbright\u00a0\u00bb i_icon_fontawesome=\u00a0\u00bbfa fa-caret-right\u00a0\u00bb css_animation=\u00a0\u00bbzoomIn\u00a0\u00bb add_icon=\u00a0\u00bbtrue\u00a0\u00bb link=\u00a0\u00bburl:https%3A%2F%2Fwww.pnl.ch%2Fcollege-hypnose%2Fseminaires%2Fapprofondir-vos-interventions%2F|||\u00a0\u00bb][\/vc_column][\/vc_row][vc_row margin_top=\u00a0\u00bb40px\u00a0\u00bb][vc_column width=\u00a0\u00bb2\/12&Prime;][vc_single_image image=\u00a0\u00bb44&Prime; img_size=\u00a0\u00bbfull\u00a0\u00bb css_animation=\u00a0\u00bbzoomIn\u00a0\u00bb][\/vc_column][vc_column width=\u00a0\u00bb7\/12&Prime; css=\u00a0\u00bb.vc_custom_1511797682477{padding-left: 50px !important;}\u00a0\u00bb][vc_column_text]<\/p>\n<h3 style=\"margin-top: 0; margin-bottom: 10px;\">Accompagner le sevrage tabagique avec l\u2019hypnose<\/h3>\n<p style=\"margin-top: 0;\"><strong>Accompagner le sevrage tabagique pour qu\u2019il soit efficace sur le long terme.<\/strong><\/p>\n<p>Ce s\u00e9minaire apporte un compl\u00e9ment \u00e0 une formation en hypnose, il aborde en profondeur les sp\u00e9cificit\u00e9s tabagiques. Un must si vous d\u00e9sirez ma\u00eetriser ce sujet en forte demande et utile pour am\u00e9liorer la sant\u00e9 autour de vous.[\/vc_column_text][\/vc_column][vc_column width=\u00a0\u00bb3\/12&Prime; css=\u00a0\u00bb.vc_custom_1496695412689{padding-top: 45px !important;}\u00a0\u00bb][vc_btn title=\u00a0\u00bbEn savoir plus\u00a0\u00bb color=\u00a0\u00bbviolet\u00a0\u00bb align=\u00a0\u00bbright\u00a0\u00bb i_align=\u00a0\u00bbright\u00a0\u00bb i_icon_fontawesome=\u00a0\u00bbfa fa-caret-right\u00a0\u00bb css_animation=\u00a0\u00bbzoomIn\u00a0\u00bb add_icon=\u00a0\u00bbtrue\u00a0\u00bb link=\u00a0\u00bburl:https%3A%2F%2Fwww.pnl.ch%2Fcollege-hypnose%2Fseminaires%2Faccompagner-sevrage-tabagique-hypnose%2F|||\u00a0\u00bb][\/vc_column][\/vc_row][vc_row margin_top=\u00a0\u00bb40px\u00a0\u00bb][vc_column width=\u00a0\u00bb2\/12&Prime;][vc_single_image image=\u00a0\u00bb87&Prime; img_size=\u00a0\u00bbfull\u00a0\u00bb css_animation=\u00a0\u00bbzoomIn\u00a0\u00bb][\/vc_column][vc_column width=\u00a0\u00bb7\/12&Prime; css=\u00a0\u00bb.vc_custom_1511797694455{padding-left: 50px !important;}\u00a0\u00bb][vc_column_text]<\/p>\n<h3 style=\"margin-top: 0; margin-bottom: 10px;\">Lib\u00e9rer des compulsions alimentaires avec l\u2019hypnose<\/h3>\n<p style=\"margin-top: 0;\"><strong>Accompagner les autres \u00e0 retrouver leur l\u00e9g\u00e8ret\u00e9, leur sant\u00e9, leur bien-\u00eatre.<\/strong><\/p>\n<p>Ce s\u00e9minaire apporte un compl\u00e9ment \u00e0 une formation en hypnose, il aborde en profondeur les sp\u00e9cificit\u00e9s de la compulsion alimentaire. Un must si vous d\u00e9sirez ma\u00eetriser ce sujet en forte demande et utile pour am\u00e9liorer la sant\u00e9 autour de vous.[\/vc_column_text][\/vc_column][vc_column width=\u00a0\u00bb3\/12&Prime; css=\u00a0\u00bb.vc_custom_1496694772613{padding-top: 45px !important;}\u00a0\u00bb][vc_btn title=\u00a0\u00bbEn savoir plus\u00a0\u00bb color=\u00a0\u00bbviolet\u00a0\u00bb align=\u00a0\u00bbright\u00a0\u00bb i_align=\u00a0\u00bbright\u00a0\u00bb i_icon_fontawesome=\u00a0\u00bbfa fa-caret-right\u00a0\u00bb css_animation=\u00a0\u00bbzoomIn\u00a0\u00bb add_icon=\u00a0\u00bbtrue\u00a0\u00bb link=\u00a0\u00bburl:https%3A%2F%2Fwww.pnl.ch%2Fcollege-hypnose%2Fseminaires%2Fliberer-compulsions-alimentaires-hypnose%2F|||\u00a0\u00bb][\/vc_column][\/vc_row][vc_row margin_top=\u00a0\u00bb40px\u00a0\u00bb][vc_column width=\u00a0\u00bb2\/12&Prime;][vc_single_image image=\u00a0\u00bb274&Prime; img_size=\u00a0\u00bbfull\u00a0\u00bb css_animation=\u00a0\u00bbzoomIn\u00a0\u00bb][\/vc_column][vc_column width=\u00a0\u00bb7\/12&Prime; css=\u00a0\u00bb.vc_custom_1511797702598{padding-left: 50px !important;}\u00a0\u00bb][vc_column_text]<\/p>\n<h3 style=\"margin-top: 0; margin-bottom: 10px;\">Accompagner rapidement avec l\u2019hypnose instantan\u00e9e<\/h3>\n<p style=\"margin-top: 0;\"><strong>L\u2019hypnose instantan\u00e9e peut \u00eatre appliqu\u00e9e dans le cadre d\u2019une intervention orient\u00e9e th\u00e9rapie ou d\u00e9veloppement personnel.<\/strong><\/p>\n<p>Ce s\u00e9minaire vous permet d&rsquo;acc\u00e9l\u00e9rer le processus d&rsquo;induction ericksonienne et de gagner du temps dans vos interventions.[\/vc_column_text][\/vc_column][vc_column width=\u00a0\u00bb3\/12&Prime; css=\u00a0\u00bb.vc_custom_1496695412689{padding-top: 45px !important;}\u00a0\u00bb][vc_btn title=\u00a0\u00bbEn savoir plus\u00a0\u00bb color=\u00a0\u00bbviolet\u00a0\u00bb align=\u00a0\u00bbright\u00a0\u00bb i_align=\u00a0\u00bbright\u00a0\u00bb i_icon_fontawesome=\u00a0\u00bbfa fa-caret-right\u00a0\u00bb css_animation=\u00a0\u00bbzoomIn\u00a0\u00bb add_icon=\u00a0\u00bbtrue\u00a0\u00bb link=\u00a0\u00bburl:https%3A%2F%2Fwww.pnl.ch%2Fcollege-hypnose%2Fseminaires%2Faccompagner-rapidement-hypnose-instantanee%2F|||\u00a0\u00bb][\/vc_column][\/vc_row][vc_row margin_top=\u00a0\u00bb40px\u00a0\u00bb][vc_column width=\u00a0\u00bb2\/12&Prime;][vc_single_image image=\u00a0\u00bb1355&Prime; img_size=\u00a0\u00bbfull\u00a0\u00bb css_animation=\u00a0\u00bbzoomIn\u00a0\u00bb][\/vc_column][vc_column width=\u00a0\u00bb7\/12&Prime; css=\u00a0\u00bb.vc_custom_1511797702598{padding-left: 50px !important;}\u00a0\u00bb][vc_column_text]<\/p>\n<h3 style=\"margin-top: 0; margin-bottom: 10px;\">Gestion de la douleur par l\u2019hypnose<\/h3>\n<p style=\"margin-top: 0;\"><strong>Accompagner les personnes qui vivent des douleurs au quotidien et d\u00e9velopper une prise en charge \u00e0 la gestion de la douleur \u00e0 venir dans le cadre d\u2019un soin.<\/strong><\/p>\n<p>Ce s\u00e9minaire apporte un compl\u00e9ment \u00e0 une formation en hypnose, il aborde en profondeur les sp\u00e9cificit\u00e9s li\u00e9es \u00e0 la gestion de la douleur.[\/vc_column_text][\/vc_column][vc_column width=\u00a0\u00bb3\/12&Prime; css=\u00a0\u00bb.vc_custom_1496695412689{padding-top: 45px !important;}\u00a0\u00bb][vc_btn title=\u00a0\u00bbEn savoir plus\u00a0\u00bb color=\u00a0\u00bbviolet\u00a0\u00bb align=\u00a0\u00bbright\u00a0\u00bb i_align=\u00a0\u00bbright\u00a0\u00bb i_icon_fontawesome=\u00a0\u00bb\u00a0\u00bb css_animation=\u00a0\u00bbzoomIn\u00a0\u00bb add_icon=\u00a0\u00bbtrue\u00a0\u00bb link=\u00a0\u00bburl:https%3A%2F%2Fwww.pnl.ch%2Fcollege-hypnose%2Fseminaires%2Fgestion-de-la-douleur-par-hypnose%2F\u00a0\u00bb][\/vc_column][\/vc_row]<\/p>\n<\/div>","protected":false},"excerpt":{"rendered":"<p>[vc_row][vc_column width=\u00a0\u00bb2\/12&Prime;][vc_single_image image=\u00a0\u00bb40&Prime; img_size=\u00a0\u00bbfull\u00a0\u00bb css_animation=\u00a0\u00bbzoomIn\u00a0\u00bb][\/vc_column][vc_column width=\u00a0\u00bb7\/12&Prime; css=\u00a0\u00bb.vc_custom_1511797672530{padding-left: 50px !important;}\u00a0\u00bb][vc_column_text] Approfondir vos interventions Un vrai accompagnement n\u2019est pas juste une conversation intellectuelle, mais se d\u00e9roule \u00e0 deux niveaux: conscient et inconscient. L\u2019impatience envers son client peut nous jouer des tours. Elle peut nous amener \u00e0 le pousser dans une direction et cr\u00e9er ainsi des r\u00e9sistances. Le&hellip;<\/p>\n","protected":false},"author":1,"featured_media":1881,"parent":0,"menu_order":4,"comment_status":"closed","ping_status":"closed","template":"","meta":{"_acf_changed":false,"footnotes":""},"class_list":["post-54","page","type-page","status-publish","has-post-thumbnail","hentry","description-off"],"acf":[],"yoast_head":"<!-- This site is optimized with the Yoast SEO Premium plugin v27.4 (Yoast SEO v27.4) - https:\/\/yoast.com\/product\/yoast-seo-premium-wordpress\/ -->\n<title>S\u00e9minaires en hypnose ericksonienne \u00e0 Lausanne<\/title>\n<meta name=\"description\" content=\"Perfectionner ses comp\u00e9tences d&#039;hypnoth\u00e9rapeute et accompagnateur gr\u00e2ce aux s\u00e9minaires en hypnose ericksonienne \u00e0 Lausanne en Suisse romande.\" \/>\n<meta name=\"robots\" content=\"index, follow, max-snippet:-1, max-image-preview:large, max-video-preview:-1\" \/>\n<link rel=\"canonical\" href=\"http:\/\/www.pnl.ch\/college-hypnose\/seminaires\/\" \/>\n<meta property=\"og:locale\" content=\"fr_FR\" \/>\n<meta property=\"og:type\" content=\"article\" \/>\n<meta property=\"og:title\" content=\"S\u00e9minaires\" \/>\n<meta property=\"og:description\" content=\"Perfectionner ses comp\u00e9tences d&#039;hypnoth\u00e9rapeute et accompagnateur gr\u00e2ce aux s\u00e9minaires en hypnose ericksonienne \u00e0 Lausanne en Suisse romande.\" \/>\n<meta property=\"og:url\" content=\"http:\/\/www.pnl.ch\/college-hypnose\/seminaires\/\" \/>\n<meta property=\"og:site_name\" content=\"Coll\u00e8ge Hypnose\" \/>\n<meta property=\"article:publisher\" content=\"https:\/\/www.facebook.com\/college.romand\/\" \/>\n<meta property=\"article:modified_time\" content=\"2024-03-27T19:14:55+00:00\" \/>\n<meta property=\"og:image\" content=\"http:\/\/www.pnl.ch\/college-hypnose\/wp-content\/uploads\/sites\/4\/2023\/10\/IMG_0981.jpg\" \/>\n\t<meta property=\"og:image:width\" content=\"1320\" \/>\n\t<meta property=\"og:image:height\" content=\"620\" \/>\n\t<meta property=\"og:image:type\" content=\"image\/jpeg\" \/>\n<meta name=\"twitter:card\" content=\"summary_large_image\" \/>\n<meta name=\"twitter:description\" content=\"Perfectionner ses comp\u00e9tences d&#039;hypnoth\u00e9rapeute et accompagnateur gr\u00e2ce aux s\u00e9minaires en hypnose ericksonienne \u00e0 Lausanne en Suisse romande.\" \/>\n<meta name=\"twitter:site\" content=\"@CollegeRomand\" \/>\n<meta name=\"twitter:label1\" content=\"Dur\u00e9e de lecture estim\u00e9e\" \/>\n\t<meta name=\"twitter:data1\" content=\"3 minutes\" \/>\n<script type=\"application\/ld+json\" class=\"yoast-schema-graph\">{\"@context\":\"https:\\\/\\\/schema.org\",\"@graph\":[{\"@type\":\"WebPage\",\"@id\":\"http:\\\/\\\/www.pnl.ch\\\/college-hypnose\\\/seminaires\\\/\",\"url\":\"http:\\\/\\\/www.pnl.ch\\\/college-hypnose\\\/seminaires\\\/\",\"name\":\"S\u00e9minaires en hypnose ericksonienne \u00e0 Lausanne\",\"isPartOf\":{\"@id\":\"https:\\\/\\\/www.pnl.ch\\\/college-hypnose\\\/#website\"},\"primaryImageOfPage\":{\"@id\":\"http:\\\/\\\/www.pnl.ch\\\/college-hypnose\\\/seminaires\\\/#primaryimage\"},\"image\":{\"@id\":\"http:\\\/\\\/www.pnl.ch\\\/college-hypnose\\\/seminaires\\\/#primaryimage\"},\"thumbnailUrl\":\"https:\\\/\\\/www.pnl.ch\\\/college-hypnose\\\/wp-content\\\/uploads\\\/sites\\\/4\\\/2024\\\/03\\\/college-hypnose-jpg.webp\",\"datePublished\":\"2017-04-06T12:59:38+00:00\",\"dateModified\":\"2024-03-27T19:14:55+00:00\",\"description\":\"Perfectionner ses comp\u00e9tences d'hypnoth\u00e9rapeute et accompagnateur gr\u00e2ce aux s\u00e9minaires en hypnose ericksonienne \u00e0 Lausanne en Suisse romande.\",\"breadcrumb\":{\"@id\":\"http:\\\/\\\/www.pnl.ch\\\/college-hypnose\\\/seminaires\\\/#breadcrumb\"},\"inLanguage\":\"fr-FR\",\"potentialAction\":[{\"@type\":\"ReadAction\",\"target\":[\"http:\\\/\\\/www.pnl.ch\\\/college-hypnose\\\/seminaires\\\/\"]}]},{\"@type\":\"ImageObject\",\"inLanguage\":\"fr-FR\",\"@id\":\"http:\\\/\\\/www.pnl.ch\\\/college-hypnose\\\/seminaires\\\/#primaryimage\",\"url\":\"https:\\\/\\\/www.pnl.ch\\\/college-hypnose\\\/wp-content\\\/uploads\\\/sites\\\/4\\\/2024\\\/03\\\/college-hypnose-jpg.webp\",\"contentUrl\":\"https:\\\/\\\/www.pnl.ch\\\/college-hypnose\\\/wp-content\\\/uploads\\\/sites\\\/4\\\/2024\\\/03\\\/college-hypnose-jpg.webp\",\"width\":300,\"height\":300},{\"@type\":\"BreadcrumbList\",\"@id\":\"http:\\\/\\\/www.pnl.ch\\\/college-hypnose\\\/seminaires\\\/#breadcrumb\",\"itemListElement\":[{\"@type\":\"ListItem\",\"position\":1,\"name\":\"Accueil\",\"item\":\"https:\\\/\\\/www.pnl.ch\\\/college-hypnose\\\/\"},{\"@type\":\"ListItem\",\"position\":2,\"name\":\"S\u00e9minaires\"}]},{\"@type\":\"WebSite\",\"@id\":\"https:\\\/\\\/www.pnl.ch\\\/college-hypnose\\\/#website\",\"url\":\"https:\\\/\\\/www.pnl.ch\\\/college-hypnose\\\/\",\"name\":\"Coll\u00e8ge Hypnose\",\"description\":\"Formations certifiantes en Hypnose Ericksonienne\",\"publisher\":{\"@id\":\"https:\\\/\\\/www.pnl.ch\\\/college-hypnose\\\/#organization\"},\"potentialAction\":[{\"@type\":\"SearchAction\",\"target\":{\"@type\":\"EntryPoint\",\"urlTemplate\":\"https:\\\/\\\/www.pnl.ch\\\/college-hypnose\\\/?s={search_term_string}\"},\"query-input\":{\"@type\":\"PropertyValueSpecification\",\"valueRequired\":true,\"valueName\":\"search_term_string\"}}],\"inLanguage\":\"fr-FR\"},{\"@type\":\"Organization\",\"@id\":\"https:\\\/\\\/www.pnl.ch\\\/college-hypnose\\\/#organization\",\"name\":\"Coll\u00e8ge Romand - Centre de formation d'adultes S\u00e0rl\",\"url\":\"https:\\\/\\\/www.pnl.ch\\\/college-hypnose\\\/\",\"logo\":{\"@type\":\"ImageObject\",\"inLanguage\":\"fr-FR\",\"@id\":\"https:\\\/\\\/www.pnl.ch\\\/college-hypnose\\\/#\\\/schema\\\/logo\\\/image\\\/\",\"url\":\"https:\\\/\\\/www.pnl.ch\\\/college-hypnose\\\/wp-content\\\/uploads\\\/sites\\\/4\\\/2017\\\/04\\\/college-hypnose-logo-nc.png\",\"contentUrl\":\"https:\\\/\\\/www.pnl.ch\\\/college-hypnose\\\/wp-content\\\/uploads\\\/sites\\\/4\\\/2017\\\/04\\\/college-hypnose-logo-nc.png\",\"width\":314,\"height\":200,\"caption\":\"Coll\u00e8ge Romand - Centre de formation d'adultes S\u00e0rl\"},\"image\":{\"@id\":\"https:\\\/\\\/www.pnl.ch\\\/college-hypnose\\\/#\\\/schema\\\/logo\\\/image\\\/\"},\"sameAs\":[\"https:\\\/\\\/www.facebook.com\\\/college.romand\\\/\",\"https:\\\/\\\/x.com\\\/CollegeRomand\",\"https:\\\/\\\/www.linkedin.com\\\/school\\\/college-romand\\\/\",\"https:\\\/\\\/www.instagram.com\\\/collegeromand\\\/\"]}]}<\/script>\n<!-- \/ Yoast SEO Premium plugin. -->","yoast_head_json":{"title":"S\u00e9minaires en hypnose ericksonienne \u00e0 Lausanne","description":"Perfectionner ses comp\u00e9tences d'hypnoth\u00e9rapeute et accompagnateur gr\u00e2ce aux s\u00e9minaires en hypnose ericksonienne \u00e0 Lausanne en Suisse romande.","robots":{"index":"index","follow":"follow","max-snippet":"max-snippet:-1","max-image-preview":"max-image-preview:large","max-video-preview":"max-video-preview:-1"},"canonical":"http:\/\/www.pnl.ch\/college-hypnose\/seminaires\/","og_locale":"fr_FR","og_type":"article","og_title":"S\u00e9minaires","og_description":"Perfectionner ses comp\u00e9tences d'hypnoth\u00e9rapeute et accompagnateur gr\u00e2ce aux s\u00e9minaires en hypnose ericksonienne \u00e0 Lausanne en Suisse romande.","og_url":"http:\/\/www.pnl.ch\/college-hypnose\/seminaires\/","og_site_name":"Coll\u00e8ge Hypnose","article_publisher":"https:\/\/www.facebook.com\/college.romand\/","article_modified_time":"2024-03-27T19:14:55+00:00","og_image":[{"width":1320,"height":620,"url":"http:\/\/www.pnl.ch\/college-hypnose\/wp-content\/uploads\/sites\/4\/2023\/10\/IMG_0981.jpg","type":"image\/jpeg"}],"twitter_card":"summary_large_image","twitter_description":"Perfectionner ses comp\u00e9tences d'hypnoth\u00e9rapeute et accompagnateur gr\u00e2ce aux s\u00e9minaires en hypnose ericksonienne \u00e0 Lausanne en Suisse romande.","twitter_site":"@CollegeRomand","twitter_misc":{"Dur\u00e9e de lecture estim\u00e9e":"3 minutes"},"schema":{"@context":"https:\/\/schema.org","@graph":[{"@type":"WebPage","@id":"http:\/\/www.pnl.ch\/college-hypnose\/seminaires\/","url":"http:\/\/www.pnl.ch\/college-hypnose\/seminaires\/","name":"S\u00e9minaires en hypnose ericksonienne \u00e0 Lausanne","isPartOf":{"@id":"https:\/\/www.pnl.ch\/college-hypnose\/#website"},"primaryImageOfPage":{"@id":"http:\/\/www.pnl.ch\/college-hypnose\/seminaires\/#primaryimage"},"image":{"@id":"http:\/\/www.pnl.ch\/college-hypnose\/seminaires\/#primaryimage"},"thumbnailUrl":"https:\/\/www.pnl.ch\/college-hypnose\/wp-content\/uploads\/sites\/4\/2024\/03\/college-hypnose-jpg.webp","datePublished":"2017-04-06T12:59:38+00:00","dateModified":"2024-03-27T19:14:55+00:00","description":"Perfectionner ses comp\u00e9tences d'hypnoth\u00e9rapeute et accompagnateur gr\u00e2ce aux s\u00e9minaires en hypnose ericksonienne \u00e0 Lausanne en Suisse romande.","breadcrumb":{"@id":"http:\/\/www.pnl.ch\/college-hypnose\/seminaires\/#breadcrumb"},"inLanguage":"fr-FR","potentialAction":[{"@type":"ReadAction","target":["http:\/\/www.pnl.ch\/college-hypnose\/seminaires\/"]}]},{"@type":"ImageObject","inLanguage":"fr-FR","@id":"http:\/\/www.pnl.ch\/college-hypnose\/seminaires\/#primaryimage","url":"https:\/\/www.pnl.ch\/college-hypnose\/wp-content\/uploads\/sites\/4\/2024\/03\/college-hypnose-jpg.webp","contentUrl":"https:\/\/www.pnl.ch\/college-hypnose\/wp-content\/uploads\/sites\/4\/2024\/03\/college-hypnose-jpg.webp","width":300,"height":300},{"@type":"BreadcrumbList","@id":"http:\/\/www.pnl.ch\/college-hypnose\/seminaires\/#breadcrumb","itemListElement":[{"@type":"ListItem","position":1,"name":"Accueil","item":"https:\/\/www.pnl.ch\/college-hypnose\/"},{"@type":"ListItem","position":2,"name":"S\u00e9minaires"}]},{"@type":"WebSite","@id":"https:\/\/www.pnl.ch\/college-hypnose\/#website","url":"https:\/\/www.pnl.ch\/college-hypnose\/","name":"Coll\u00e8ge Hypnose","description":"Formations certifiantes en Hypnose Ericksonienne","publisher":{"@id":"https:\/\/www.pnl.ch\/college-hypnose\/#organization"},"potentialAction":[{"@type":"SearchAction","target":{"@type":"EntryPoint","urlTemplate":"https:\/\/www.pnl.ch\/college-hypnose\/?s={search_term_string}"},"query-input":{"@type":"PropertyValueSpecification","valueRequired":true,"valueName":"search_term_string"}}],"inLanguage":"fr-FR"},{"@type":"Organization","@id":"https:\/\/www.pnl.ch\/college-hypnose\/#organization","name":"Coll\u00e8ge Romand - Centre de formation d'adultes S\u00e0rl","url":"https:\/\/www.pnl.ch\/college-hypnose\/","logo":{"@type":"ImageObject","inLanguage":"fr-FR","@id":"https:\/\/www.pnl.ch\/college-hypnose\/#\/schema\/logo\/image\/","url":"https:\/\/www.pnl.ch\/college-hypnose\/wp-content\/uploads\/sites\/4\/2017\/04\/college-hypnose-logo-nc.png","contentUrl":"https:\/\/www.pnl.ch\/college-hypnose\/wp-content\/uploads\/sites\/4\/2017\/04\/college-hypnose-logo-nc.png","width":314,"height":200,"caption":"Coll\u00e8ge Romand - Centre de formation d'adultes S\u00e0rl"},"image":{"@id":"https:\/\/www.pnl.ch\/college-hypnose\/#\/schema\/logo\/image\/"},"sameAs":["https:\/\/www.facebook.com\/college.romand\/","https:\/\/x.com\/CollegeRomand","https:\/\/www.linkedin.com\/school\/college-romand\/","https:\/\/www.instagram.com\/collegeromand\/"]}]}},"_links":{"self":[{"href":"https:\/\/www.pnl.ch\/college-hypnose\/wp-json\/wp\/v2\/pages\/54","targetHints":{"allow":["GET"]}}],"collection":[{"href":"https:\/\/www.pnl.ch\/college-hypnose\/wp-json\/wp\/v2\/pages"}],"about":[{"href":"https:\/\/www.pnl.ch\/college-hypnose\/wp-json\/wp\/v2\/types\/page"}],"author":[{"embeddable":true,"href":"https:\/\/www.pnl.ch\/college-hypnose\/wp-json\/wp\/v2\/users\/1"}],"replies":[{"embeddable":true,"href":"https:\/\/www.pnl.ch\/college-hypnose\/wp-json\/wp\/v2\/comments?post=54"}],"version-history":[{"count":4,"href":"https:\/\/www.pnl.ch\/college-hypnose\/wp-json\/wp\/v2\/pages\/54\/revisions"}],"predecessor-version":[{"id":1457,"href":"https:\/\/www.pnl.ch\/college-hypnose\/wp-json\/wp\/v2\/pages\/54\/revisions\/1457"}],"wp:featuredmedia":[{"embeddable":true,"href":"https:\/\/www.pnl.ch\/college-hypnose\/wp-json\/wp\/v2\/media\/1881"}],"wp:attachment":[{"href":"https:\/\/www.pnl.ch\/college-hypnose\/wp-json\/wp\/v2\/media?parent=54"}],"curies":[{"name":"wp","href":"https:\/\/api.w.org\/{rel}","templated":true}]}}