{"id":559,"date":"2018-01-15T15:48:09","date_gmt":"2018-01-15T14:48:09","guid":{"rendered":"https:\/\/www.pnl.ch\/college-hypnose\/?page_id=559"},"modified":"2024-03-27T18:31:41","modified_gmt":"2024-03-27T17:31:41","slug":"garder-bonne-distance-emotionnelle","status":"publish","type":"page","link":"https:\/\/www.pnl.ch\/college-hypnose\/ateliers\/garder-bonne-distance-emotionnelle\/","title":{"rendered":"Comment garder la bonne distance \u00e9motionnelle dans son corps"},"content":{"rendered":"<div class=\"wpb-content-wrapper\"><p>[vc_row][vc_column width=\u00a0\u00bb1\/4&Prime;][vc_single_image image=\u00a0\u00bb564&Prime; img_size=\u00a0\u00bb250&#215;250&Prime; alignment=\u00a0\u00bbcenter\u00a0\u00bb css_animation=\u00a0\u00bbzoomIn\u00a0\u00bb][\/vc_column][vc_column width=\u00a0\u00bb3\/4&Prime;][vc_column_text]<\/p>\n<p class=\"date-formation\">Dates \u00e0 venir<\/p>\n<ul>\n<li><strong>Vous \u00eates en train de vivre une situation stressante, difficile ou \u00e9motionnellement d\u00e9sagr\u00e9able\u202f?<\/strong><\/li>\n<li><strong>Vous vous sentez victime de vos \u00e9motions et vous aimeriez savoir comment conserver la distance \u00e9motionnelle juste pour vous sentir bien et prendre les bonnes d\u00e9cisions\u202f?<\/strong><\/li>\n<li><strong>Vous voulez garder la bonne distance \u00e9motionnelle sans vous faire submerger par les \u00e9motions\u202f?<\/strong><\/li>\n<\/ul>\n<p>Tant que notre attention est focalis\u00e9e pour r\u00e9primer ou refouler les \u00e9motions, nous nous sentons victimes, car elles nous \u00e9chappent et prennent le contr\u00f4le. Nous pouvons le constater tous les jours.<\/p>\n<p><strong>Au travers de cet atelier, nous explorons des pistes afin de pouvoir trouver en soi une distance \u00e9motionnelle qui soit juste, claire et acceptable face \u00e0 une situation v\u00e9cue ou en train d\u2019\u00eatre v\u00e9cue comme d\u00e9sagr\u00e9able ou difficile, ainsi qu\u2019\u00eatre en capacit\u00e9 de transformer le v\u00e9cu int\u00e9rieur.<\/strong><\/p>\n<p>L&rsquo;hypnose ericksonienne est un puissant outil de changement qui vous permet de changer de lunettes et d&rsquo;aider les autres \u00e0 le faire. En s&rsquo;adressant \u00e0 l&rsquo;inconscient, l&rsquo;hypnose va donc transformer votre v\u00e9cu int\u00e9rieur pour ne plus vivre des conflits relationnels, \u00e9liminer les sources de souffrance et de stress.<\/p>\n<h4>ANIMATION<\/h4>\n<p><a href=\"https:\/\/www.pnl.ch\/formateurs\/kevin-ramchurn\/\"><span style=\"font-weight: 400;\">Kevin Ramchurn<\/span><\/a><span style=\"font-weight: 400;\">, h<\/span><span style=\"font-weight: 400;\">ypnologue et formateur en hypnose ericksonienne. Certifi\u00e9 en coaching mental, en PNL et en hypnose ericksonienne. Il ne cesse de rechercher les meilleurs fa\u00e7ons de pouvoir g\u00e9n\u00e9rer du changement chez les personnes qu\u2019il rencontre \u00e0 travers sa pratique.<\/span><\/p>\n<h4>PRIX<\/h4>\n<p>CHF 20.-<\/p>\n<h4>LIEU<\/h4>\n<p><a href=\"https:\/\/www.pnl.ch\/lieux\/centre-de-formation-college-romand\/\">Centre de formation du Coll\u00e8ge Romand<\/a>, Denges<\/p>\n<h4>HORAIRE<\/h4>\n<p>De 18h30 \u00e0 20h00[\/vc_column_text][vc_btn title=\u00a0\u00bbNous contacter ou vous inscrire\u00a0\u00bb color=\u00a0\u00bbviolet\u00a0\u00bb align=\u00a0\u00bbleft\u00a0\u00bb link=\u00a0\u00bburl:https%3A%2F%2Fwww.pnl.ch%2Fcollege-hypnose%2Fcontacter-college-hypnose%2F|||\u00a0\u00bb][\/vc_column][\/vc_row]<\/p>\n<\/div>","protected":false},"excerpt":{"rendered":"<p>[vc_row][vc_column width=\u00a0\u00bb1\/4&Prime;][vc_single_image image=\u00a0\u00bb564&Prime; img_size=\u00a0\u00bb250&#215;250&Prime; alignment=\u00a0\u00bbcenter\u00a0\u00bb css_animation=\u00a0\u00bbzoomIn\u00a0\u00bb][\/vc_column][vc_column width=\u00a0\u00bb3\/4&Prime;][vc_column_text] Dates \u00e0 venir Vous \u00eates en train de vivre une situation stressante, difficile ou \u00e9motionnellement d\u00e9sagr\u00e9able\u202f? Vous vous sentez victime de vos \u00e9motions et vous aimeriez savoir comment conserver la distance \u00e9motionnelle juste pour vous sentir bien et prendre les bonnes d\u00e9cisions\u202f? Vous voulez garder la bonne distance&hellip;<\/p>\n","protected":false},"author":1,"featured_media":564,"parent":440,"menu_order":0,"comment_status":"closed","ping_status":"closed","template":"","meta":{"_acf_changed":false,"footnotes":""},"class_list":["post-559","page","type-page","status-publish","has-post-thumbnail","hentry","description-off"],"acf":[],"yoast_head":"<!-- This site is optimized with the Yoast SEO Premium plugin v27.4 (Yoast SEO v27.4) - https:\/\/yoast.com\/product\/yoast-seo-premium-wordpress\/ -->\n<title>Comment garder la bonne distance \u00e9motionnelle dans son corps<\/title>\n<meta name=\"description\" content=\"Dans cet atelier, nous explorons des pistes afin de trouver en soi une distance \u00e9motionnelle juste et claire face \u00e0 une situation d\u00e9sagr\u00e9able\" \/>\n<meta name=\"robots\" content=\"index, follow, max-snippet:-1, max-image-preview:large, max-video-preview:-1\" \/>\n<link rel=\"canonical\" href=\"https:\/\/www.pnl.ch\/college-hypnose\/ateliers\/garder-bonne-distance-emotionnelle\/\" \/>\n<meta property=\"og:locale\" content=\"fr_FR\" \/>\n<meta property=\"og:type\" content=\"article\" \/>\n<meta property=\"og:title\" content=\"Comment garder la bonne distance \u00e9motionnelle dans son corps\" \/>\n<meta property=\"og:description\" content=\"Dans cet atelier, nous explorons des pistes afin de trouver en soi une distance \u00e9motionnelle juste et claire face \u00e0 une situation d\u00e9sagr\u00e9able\u2026\" \/>\n<meta property=\"og:url\" content=\"https:\/\/www.pnl.ch\/college-hypnose\/ateliers\/garder-bonne-distance-emotionnelle\/\" \/>\n<meta property=\"og:site_name\" content=\"Coll\u00e8ge Hypnose\" \/>\n<meta property=\"article:publisher\" content=\"https:\/\/www.facebook.com\/college.romand\/\" \/>\n<meta property=\"article:modified_time\" content=\"2024-03-27T17:31:41+00:00\" \/>\n<meta property=\"og:image\" content=\"https:\/\/www.pnl.ch\/college-hypnose\/wp-content\/uploads\/sites\/4\/2024\/03\/distance-emotionnelle-jpg.webp\" \/>\n\t<meta property=\"og:image:width\" content=\"1200\" \/>\n\t<meta property=\"og:image:height\" content=\"675\" \/>\n\t<meta property=\"og:image:type\" content=\"image\/jpeg\" \/>\n<meta name=\"twitter:card\" content=\"summary_large_image\" \/>\n<meta name=\"twitter:description\" content=\"Dans cet atelier, nous explorons des pistes afin de trouver en soi une distance \u00e9motionnelle juste et claire face \u00e0 une situation d\u00e9sagr\u00e9able\" \/>\n<meta name=\"twitter:site\" content=\"@CollegeRomand\" \/>\n<meta name=\"twitter:label1\" content=\"Dur\u00e9e de lecture estim\u00e9e\" \/>\n\t<meta name=\"twitter:data1\" content=\"2 minutes\" \/>\n<script type=\"application\/ld+json\" class=\"yoast-schema-graph\">{\"@context\":\"https:\\\/\\\/schema.org\",\"@graph\":[{\"@type\":\"WebPage\",\"@id\":\"https:\\\/\\\/www.pnl.ch\\\/college-hypnose\\\/ateliers\\\/garder-bonne-distance-emotionnelle\\\/\",\"url\":\"https:\\\/\\\/www.pnl.ch\\\/college-hypnose\\\/ateliers\\\/garder-bonne-distance-emotionnelle\\\/\",\"name\":\"Comment garder la bonne distance \u00e9motionnelle dans son corps\",\"isPartOf\":{\"@id\":\"https:\\\/\\\/www.pnl.ch\\\/college-hypnose\\\/#website\"},\"primaryImageOfPage\":{\"@id\":\"https:\\\/\\\/www.pnl.ch\\\/college-hypnose\\\/ateliers\\\/garder-bonne-distance-emotionnelle\\\/#primaryimage\"},\"image\":{\"@id\":\"https:\\\/\\\/www.pnl.ch\\\/college-hypnose\\\/ateliers\\\/garder-bonne-distance-emotionnelle\\\/#primaryimage\"},\"thumbnailUrl\":\"https:\\\/\\\/www.pnl.ch\\\/college-hypnose\\\/wp-content\\\/uploads\\\/sites\\\/4\\\/2018\\\/01\\\/distance-emotionnelle.jpg\",\"datePublished\":\"2018-01-15T14:48:09+00:00\",\"dateModified\":\"2024-03-27T17:31:41+00:00\",\"description\":\"Dans cet atelier, nous explorons des pistes afin de trouver en soi une distance \u00e9motionnelle juste et claire face \u00e0 une situation d\u00e9sagr\u00e9able\",\"breadcrumb\":{\"@id\":\"https:\\\/\\\/www.pnl.ch\\\/college-hypnose\\\/ateliers\\\/garder-bonne-distance-emotionnelle\\\/#breadcrumb\"},\"inLanguage\":\"fr-FR\",\"potentialAction\":[{\"@type\":\"ReadAction\",\"target\":[\"https:\\\/\\\/www.pnl.ch\\\/college-hypnose\\\/ateliers\\\/garder-bonne-distance-emotionnelle\\\/\"]}]},{\"@type\":\"ImageObject\",\"inLanguage\":\"fr-FR\",\"@id\":\"https:\\\/\\\/www.pnl.ch\\\/college-hypnose\\\/ateliers\\\/garder-bonne-distance-emotionnelle\\\/#primaryimage\",\"url\":\"https:\\\/\\\/www.pnl.ch\\\/college-hypnose\\\/wp-content\\\/uploads\\\/sites\\\/4\\\/2018\\\/01\\\/distance-emotionnelle.jpg\",\"contentUrl\":\"https:\\\/\\\/www.pnl.ch\\\/college-hypnose\\\/wp-content\\\/uploads\\\/sites\\\/4\\\/2018\\\/01\\\/distance-emotionnelle.jpg\",\"width\":300,\"height\":300,\"caption\":\"\u00c9tablir la distance \u00e9motionnelle juste\"},{\"@type\":\"BreadcrumbList\",\"@id\":\"https:\\\/\\\/www.pnl.ch\\\/college-hypnose\\\/ateliers\\\/garder-bonne-distance-emotionnelle\\\/#breadcrumb\",\"itemListElement\":[{\"@type\":\"ListItem\",\"position\":1,\"name\":\"Accueil\",\"item\":\"https:\\\/\\\/www.pnl.ch\\\/college-hypnose\\\/\"},{\"@type\":\"ListItem\",\"position\":2,\"name\":\"Ateliers\",\"item\":\"https:\\\/\\\/www.pnl.ch\\\/college-hypnose\\\/ateliers\\\/\"},{\"@type\":\"ListItem\",\"position\":3,\"name\":\"Comment garder la bonne distance \u00e9motionnelle dans son corps\"}]},{\"@type\":\"WebSite\",\"@id\":\"https:\\\/\\\/www.pnl.ch\\\/college-hypnose\\\/#website\",\"url\":\"https:\\\/\\\/www.pnl.ch\\\/college-hypnose\\\/\",\"name\":\"Coll\u00e8ge Hypnose\",\"description\":\"Formations certifiantes en Hypnose Ericksonienne\",\"publisher\":{\"@id\":\"https:\\\/\\\/www.pnl.ch\\\/college-hypnose\\\/#organization\"},\"potentialAction\":[{\"@type\":\"SearchAction\",\"target\":{\"@type\":\"EntryPoint\",\"urlTemplate\":\"https:\\\/\\\/www.pnl.ch\\\/college-hypnose\\\/?s={search_term_string}\"},\"query-input\":{\"@type\":\"PropertyValueSpecification\",\"valueRequired\":true,\"valueName\":\"search_term_string\"}}],\"inLanguage\":\"fr-FR\"},{\"@type\":\"Organization\",\"@id\":\"https:\\\/\\\/www.pnl.ch\\\/college-hypnose\\\/#organization\",\"name\":\"Coll\u00e8ge Romand - Centre de formation d'adultes S\u00e0rl\",\"url\":\"https:\\\/\\\/www.pnl.ch\\\/college-hypnose\\\/\",\"logo\":{\"@type\":\"ImageObject\",\"inLanguage\":\"fr-FR\",\"@id\":\"https:\\\/\\\/www.pnl.ch\\\/college-hypnose\\\/#\\\/schema\\\/logo\\\/image\\\/\",\"url\":\"https:\\\/\\\/www.pnl.ch\\\/college-hypnose\\\/wp-content\\\/uploads\\\/sites\\\/4\\\/2017\\\/04\\\/college-hypnose-logo-nc.png\",\"contentUrl\":\"https:\\\/\\\/www.pnl.ch\\\/college-hypnose\\\/wp-content\\\/uploads\\\/sites\\\/4\\\/2017\\\/04\\\/college-hypnose-logo-nc.png\",\"width\":314,\"height\":200,\"caption\":\"Coll\u00e8ge Romand - Centre de formation d'adultes S\u00e0rl\"},\"image\":{\"@id\":\"https:\\\/\\\/www.pnl.ch\\\/college-hypnose\\\/#\\\/schema\\\/logo\\\/image\\\/\"},\"sameAs\":[\"https:\\\/\\\/www.facebook.com\\\/college.romand\\\/\",\"https:\\\/\\\/x.com\\\/CollegeRomand\",\"https:\\\/\\\/www.linkedin.com\\\/school\\\/college-romand\\\/\",\"https:\\\/\\\/www.instagram.com\\\/collegeromand\\\/\"]}]}<\/script>\n<!-- \/ Yoast SEO Premium plugin. -->","yoast_head_json":{"title":"Comment garder la bonne distance \u00e9motionnelle dans son corps","description":"Dans cet atelier, nous explorons des pistes afin de trouver en soi une distance \u00e9motionnelle juste et claire face \u00e0 une situation d\u00e9sagr\u00e9able","robots":{"index":"index","follow":"follow","max-snippet":"max-snippet:-1","max-image-preview":"max-image-preview:large","max-video-preview":"max-video-preview:-1"},"canonical":"https:\/\/www.pnl.ch\/college-hypnose\/ateliers\/garder-bonne-distance-emotionnelle\/","og_locale":"fr_FR","og_type":"article","og_title":"Comment garder la bonne distance \u00e9motionnelle dans son corps","og_description":"Dans cet atelier, nous explorons des pistes afin de trouver en soi une distance \u00e9motionnelle juste et claire face \u00e0 une situation d\u00e9sagr\u00e9able\u2026","og_url":"https:\/\/www.pnl.ch\/college-hypnose\/ateliers\/garder-bonne-distance-emotionnelle\/","og_site_name":"Coll\u00e8ge Hypnose","article_publisher":"https:\/\/www.facebook.com\/college.romand\/","article_modified_time":"2024-03-27T17:31:41+00:00","og_image":[{"width":1200,"height":675,"url":"https:\/\/www.pnl.ch\/college-hypnose\/wp-content\/uploads\/sites\/4\/2024\/03\/distance-emotionnelle-jpg.webp","type":"image\/jpeg"}],"twitter_card":"summary_large_image","twitter_description":"Dans cet atelier, nous explorons des pistes afin de trouver en soi une distance \u00e9motionnelle juste et claire face \u00e0 une situation d\u00e9sagr\u00e9able","twitter_site":"@CollegeRomand","twitter_misc":{"Dur\u00e9e de lecture estim\u00e9e":"2 minutes"},"schema":{"@context":"https:\/\/schema.org","@graph":[{"@type":"WebPage","@id":"https:\/\/www.pnl.ch\/college-hypnose\/ateliers\/garder-bonne-distance-emotionnelle\/","url":"https:\/\/www.pnl.ch\/college-hypnose\/ateliers\/garder-bonne-distance-emotionnelle\/","name":"Comment garder la bonne distance \u00e9motionnelle dans son corps","isPartOf":{"@id":"https:\/\/www.pnl.ch\/college-hypnose\/#website"},"primaryImageOfPage":{"@id":"https:\/\/www.pnl.ch\/college-hypnose\/ateliers\/garder-bonne-distance-emotionnelle\/#primaryimage"},"image":{"@id":"https:\/\/www.pnl.ch\/college-hypnose\/ateliers\/garder-bonne-distance-emotionnelle\/#primaryimage"},"thumbnailUrl":"https:\/\/www.pnl.ch\/college-hypnose\/wp-content\/uploads\/sites\/4\/2018\/01\/distance-emotionnelle.jpg","datePublished":"2018-01-15T14:48:09+00:00","dateModified":"2024-03-27T17:31:41+00:00","description":"Dans cet atelier, nous explorons des pistes afin de trouver en soi une distance \u00e9motionnelle juste et claire face \u00e0 une situation d\u00e9sagr\u00e9able","breadcrumb":{"@id":"https:\/\/www.pnl.ch\/college-hypnose\/ateliers\/garder-bonne-distance-emotionnelle\/#breadcrumb"},"inLanguage":"fr-FR","potentialAction":[{"@type":"ReadAction","target":["https:\/\/www.pnl.ch\/college-hypnose\/ateliers\/garder-bonne-distance-emotionnelle\/"]}]},{"@type":"ImageObject","inLanguage":"fr-FR","@id":"https:\/\/www.pnl.ch\/college-hypnose\/ateliers\/garder-bonne-distance-emotionnelle\/#primaryimage","url":"https:\/\/www.pnl.ch\/college-hypnose\/wp-content\/uploads\/sites\/4\/2018\/01\/distance-emotionnelle.jpg","contentUrl":"https:\/\/www.pnl.ch\/college-hypnose\/wp-content\/uploads\/sites\/4\/2018\/01\/distance-emotionnelle.jpg","width":300,"height":300,"caption":"\u00c9tablir la distance \u00e9motionnelle juste"},{"@type":"BreadcrumbList","@id":"https:\/\/www.pnl.ch\/college-hypnose\/ateliers\/garder-bonne-distance-emotionnelle\/#breadcrumb","itemListElement":[{"@type":"ListItem","position":1,"name":"Accueil","item":"https:\/\/www.pnl.ch\/college-hypnose\/"},{"@type":"ListItem","position":2,"name":"Ateliers","item":"https:\/\/www.pnl.ch\/college-hypnose\/ateliers\/"},{"@type":"ListItem","position":3,"name":"Comment garder la bonne distance \u00e9motionnelle dans son corps"}]},{"@type":"WebSite","@id":"https:\/\/www.pnl.ch\/college-hypnose\/#website","url":"https:\/\/www.pnl.ch\/college-hypnose\/","name":"Coll\u00e8ge Hypnose","description":"Formations certifiantes en Hypnose Ericksonienne","publisher":{"@id":"https:\/\/www.pnl.ch\/college-hypnose\/#organization"},"potentialAction":[{"@type":"SearchAction","target":{"@type":"EntryPoint","urlTemplate":"https:\/\/www.pnl.ch\/college-hypnose\/?s={search_term_string}"},"query-input":{"@type":"PropertyValueSpecification","valueRequired":true,"valueName":"search_term_string"}}],"inLanguage":"fr-FR"},{"@type":"Organization","@id":"https:\/\/www.pnl.ch\/college-hypnose\/#organization","name":"Coll\u00e8ge Romand - Centre de formation d'adultes S\u00e0rl","url":"https:\/\/www.pnl.ch\/college-hypnose\/","logo":{"@type":"ImageObject","inLanguage":"fr-FR","@id":"https:\/\/www.pnl.ch\/college-hypnose\/#\/schema\/logo\/image\/","url":"https:\/\/www.pnl.ch\/college-hypnose\/wp-content\/uploads\/sites\/4\/2017\/04\/college-hypnose-logo-nc.png","contentUrl":"https:\/\/www.pnl.ch\/college-hypnose\/wp-content\/uploads\/sites\/4\/2017\/04\/college-hypnose-logo-nc.png","width":314,"height":200,"caption":"Coll\u00e8ge Romand - Centre de formation d'adultes S\u00e0rl"},"image":{"@id":"https:\/\/www.pnl.ch\/college-hypnose\/#\/schema\/logo\/image\/"},"sameAs":["https:\/\/www.facebook.com\/college.romand\/","https:\/\/x.com\/CollegeRomand","https:\/\/www.linkedin.com\/school\/college-romand\/","https:\/\/www.instagram.com\/collegeromand\/"]}]}},"_links":{"self":[{"href":"https:\/\/www.pnl.ch\/college-hypnose\/wp-json\/wp\/v2\/pages\/559","targetHints":{"allow":["GET"]}}],"collection":[{"href":"https:\/\/www.pnl.ch\/college-hypnose\/wp-json\/wp\/v2\/pages"}],"about":[{"href":"https:\/\/www.pnl.ch\/college-hypnose\/wp-json\/wp\/v2\/types\/page"}],"author":[{"embeddable":true,"href":"https:\/\/www.pnl.ch\/college-hypnose\/wp-json\/wp\/v2\/users\/1"}],"replies":[{"embeddable":true,"href":"https:\/\/www.pnl.ch\/college-hypnose\/wp-json\/wp\/v2\/comments?post=559"}],"version-history":[{"count":5,"href":"https:\/\/www.pnl.ch\/college-hypnose\/wp-json\/wp\/v2\/pages\/559\/revisions"}],"predecessor-version":[{"id":1559,"href":"https:\/\/www.pnl.ch\/college-hypnose\/wp-json\/wp\/v2\/pages\/559\/revisions\/1559"}],"up":[{"embeddable":true,"href":"https:\/\/www.pnl.ch\/college-hypnose\/wp-json\/wp\/v2\/pages\/440"}],"wp:featuredmedia":[{"embeddable":true,"href":"https:\/\/www.pnl.ch\/college-hypnose\/wp-json\/wp\/v2\/media\/564"}],"wp:attachment":[{"href":"https:\/\/www.pnl.ch\/college-hypnose\/wp-json\/wp\/v2\/media?parent=559"}],"curies":[{"name":"wp","href":"https:\/\/api.w.org\/{rel}","templated":true}]}}