{"id":589,"date":"2018-02-05T14:11:30","date_gmt":"2018-02-05T13:11:30","guid":{"rendered":"https:\/\/www.pnl.ch\/college-hypnose\/?page_id=589"},"modified":"2024-03-27T20:31:06","modified_gmt":"2024-03-27T19:31:06","slug":"generateur-energie-se-recharger","status":"publish","type":"page","link":"https:\/\/www.pnl.ch\/college-hypnose\/ateliers\/generateur-energie-se-recharger\/","title":{"rendered":"Se cr\u00e9er un g\u00e9n\u00e9rateur d&rsquo;\u00e9nergie pour se recharger instantan\u00e9ment"},"content":{"rendered":"<div class=\"wpb-content-wrapper\"><p>[vc_row][vc_column width=\u00a0\u00bb1\/4&Prime;][vc_single_image image=\u00a0\u00bb606&Prime; img_size=\u00a0\u00bb250&#215;250&Prime; alignment=\u00a0\u00bbcenter\u00a0\u00bb css_animation=\u00a0\u00bbzoomIn\u00a0\u00bb][\/vc_column][vc_column width=\u00a0\u00bb3\/4&Prime;][vc_column_text]<\/p>\n<p class=\"date-formation\">Dates \u00e0 venir<\/p>\n<ul>\n<li><strong>Votre agenda est toujours bien rempli et votre liste de choses \u00e0 faire semble interminable\u202f? <\/strong><\/li>\n<li><strong>Vous vous sentez souvent fatigu\u00e9, voir \u00e9puis\u00e9? <\/strong><\/li>\n<li><strong>Vous avez besoin de plus d&rsquo;\u00e9nergie pour arriver \u00e0 atteindre vos objectifs\u202f?<\/strong><\/li>\n<\/ul>\n<p>Tant que nous essayons de g\u00e9rer les demandes quotidiennes de la vie de tous les jours en donnant toujours plus, notre \u00e9nergie s&rsquo;\u00e9puise et nous devenons moins efficaces. Il devient alors n\u00e9cessaire de se construire un g\u00e9n\u00e9rateur int\u00e9rieur d&rsquo;\u00e9nergie qui nous permet d&rsquo;avoir de l&rsquo;\u00e9nergie quand nous en avons besoin.<\/p>\n<p><strong>Au travers de cet atelier, nous explorerons des pistes afin de pouvoir identifier en soi les sources de fatigue et de pouvoir les remplacer avec des sources d&rsquo;\u00e9nergie, ainsi qu\u2019\u00eatre en capacit\u00e9 de se mettre dans un \u00e9tat d\u2019\u00e9nergie pour am\u00e9liorer son \u00e9tat d&rsquo;esprit.<\/strong><\/p>\n<p>L\u2019hypnose ericksonienne est un puissant outil de changement qui vous permet de changer de lunettes et d\u2019aider les autres \u00e0 le faire. En s\u2019adressant \u00e0 l\u2019inconscient, l\u2019hypnose va donc transformer votre fa\u00e7on de voir les choses pour cr\u00e9er l&rsquo;\u00e9nergie et la r\u00e9ussite, sans tomber dans l&rsquo;\u00e9puisement.<\/p>\n<h4>ANIMATION<\/h4>\n<p><a href=\"https:\/\/www.pnl.ch\/formateurs\/kevin-ramchurn\/\"><span style=\"font-weight: 400;\">Kevin Ramchurn<\/span><\/a><span style=\"font-weight: 400;\">, h<\/span><span style=\"font-weight: 400;\">ypnologue et formateur en hypnose ericksonienne. Certifi\u00e9 en coaching mental, en PNL et en hypnose ericksonienne. Il ne cesse de rechercher les meilleurs fa\u00e7ons de pouvoir g\u00e9n\u00e9rer du changement chez les personnes qu\u2019il rencontre \u00e0 travers sa pratique.<\/span><\/p>\n<h4>PRIX<\/h4>\n<p>CHF 20.-<\/p>\n<h4>LIEU<\/h4>\n<p><a href=\"https:\/\/www.pnl.ch\/lieux\/centre-de-formation-college-romand\/\">Centre de formation du Coll\u00e8ge Romand<\/a>, Denges<\/p>\n<h4>HORAIRE<\/h4>\n<p>De 18h30 \u00e0 20h00[\/vc_column_text][vc_btn title=\u00a0\u00bbNous contacter ou vous inscrire\u00a0\u00bb color=\u00a0\u00bbviolet\u00a0\u00bb align=\u00a0\u00bbleft\u00a0\u00bb link=\u00a0\u00bburl:https%3A%2F%2Fwww.pnl.ch%2Fcollege-hypnose%2Fcontacter-college-hypnose%2F|||\u00a0\u00bb][\/vc_column][\/vc_row]<\/p>\n<\/div>","protected":false},"excerpt":{"rendered":"<p>[vc_row][vc_column width=\u00a0\u00bb1\/4&Prime;][vc_single_image image=\u00a0\u00bb606&Prime; img_size=\u00a0\u00bb250&#215;250&Prime; alignment=\u00a0\u00bbcenter\u00a0\u00bb css_animation=\u00a0\u00bbzoomIn\u00a0\u00bb][\/vc_column][vc_column width=\u00a0\u00bb3\/4&Prime;][vc_column_text] Dates \u00e0 venir Votre agenda est toujours bien rempli et votre liste de choses \u00e0 faire semble interminable\u202f? Vous vous sentez souvent fatigu\u00e9, voir \u00e9puis\u00e9? Vous avez besoin de plus d&rsquo;\u00e9nergie pour arriver \u00e0 atteindre vos objectifs\u202f? Tant que nous essayons de g\u00e9rer les demandes quotidiennes de la&hellip;<\/p>\n","protected":false},"author":1,"featured_media":606,"parent":440,"menu_order":0,"comment_status":"closed","ping_status":"closed","template":"","meta":{"_acf_changed":false,"footnotes":""},"class_list":["post-589","page","type-page","status-publish","has-post-thumbnail","hentry","description-off"],"acf":[],"yoast_head":"<!-- This site is optimized with the Yoast SEO Premium plugin v27.4 (Yoast SEO v27.4) - https:\/\/yoast.com\/product\/yoast-seo-premium-wordpress\/ -->\n<title>Se cr\u00e9er un g\u00e9n\u00e9rateur d&#039;\u00e9nergie pour se recharger instantan\u00e9ment<\/title>\n<meta name=\"description\" content=\"Dans cet atelier, vous apprendrez \u00e0 identifier en vous les sources de fatigue et les remplacer avec des sources d&#039;\u00e9nergie avec l&#039;hypnose ericksonienne\u2026\" \/>\n<meta name=\"robots\" content=\"index, follow, max-snippet:-1, max-image-preview:large, max-video-preview:-1\" \/>\n<link rel=\"canonical\" href=\"https:\/\/www.pnl.ch\/college-hypnose\/ateliers\/generateur-energie-se-recharger\/\" \/>\n<meta property=\"og:locale\" content=\"fr_FR\" \/>\n<meta property=\"og:type\" content=\"article\" \/>\n<meta property=\"og:title\" content=\"Se cr\u00e9er un g\u00e9n\u00e9rateur d&#039;\u00e9nergie pour se recharger instantan\u00e9ment\" \/>\n<meta property=\"og:description\" content=\"Dans cet atelier, vous apprendrez \u00e0 identifier en vous les sources de fatigue et les remplacer avec des sources d&#039;\u00e9nergie avec l&#039;hypnose ericksonienne\u2026\" \/>\n<meta property=\"og:url\" content=\"https:\/\/www.pnl.ch\/college-hypnose\/ateliers\/generateur-energie-se-recharger\/\" \/>\n<meta property=\"og:site_name\" content=\"Coll\u00e8ge Hypnose\" \/>\n<meta property=\"article:publisher\" content=\"https:\/\/www.facebook.com\/college.romand\/\" \/>\n<meta property=\"article:modified_time\" content=\"2024-03-27T19:31:06+00:00\" \/>\n<meta property=\"og:image\" content=\"https:\/\/www.pnl.ch\/college-hypnose\/wp-content\/uploads\/sites\/4\/2024\/03\/hypnose-recharge-energie-jpg.webp\" \/>\n\t<meta property=\"og:image:width\" content=\"1200\" \/>\n\t<meta property=\"og:image:height\" content=\"675\" \/>\n\t<meta property=\"og:image:type\" content=\"image\/jpeg\" \/>\n<meta name=\"twitter:card\" content=\"summary_large_image\" \/>\n<meta name=\"twitter:description\" content=\"Dans cet atelier, vous apprendrez \u00e0 identifier en vous les sources de fatigue et les remplacer avec des sources d&#039;\u00e9nergie avec l&#039;hypnose ericksonienne\u2026\" \/>\n<meta name=\"twitter:site\" content=\"@CollegeRomand\" \/>\n<meta name=\"twitter:label1\" content=\"Dur\u00e9e de lecture estim\u00e9e\" \/>\n\t<meta name=\"twitter:data1\" content=\"2 minutes\" \/>\n<script type=\"application\/ld+json\" class=\"yoast-schema-graph\">{\"@context\":\"https:\\\/\\\/schema.org\",\"@graph\":[{\"@type\":\"WebPage\",\"@id\":\"https:\\\/\\\/www.pnl.ch\\\/college-hypnose\\\/ateliers\\\/generateur-energie-se-recharger\\\/\",\"url\":\"https:\\\/\\\/www.pnl.ch\\\/college-hypnose\\\/ateliers\\\/generateur-energie-se-recharger\\\/\",\"name\":\"Se cr\u00e9er un g\u00e9n\u00e9rateur d'\u00e9nergie pour se recharger instantan\u00e9ment\",\"isPartOf\":{\"@id\":\"https:\\\/\\\/www.pnl.ch\\\/college-hypnose\\\/#website\"},\"primaryImageOfPage\":{\"@id\":\"https:\\\/\\\/www.pnl.ch\\\/college-hypnose\\\/ateliers\\\/generateur-energie-se-recharger\\\/#primaryimage\"},\"image\":{\"@id\":\"https:\\\/\\\/www.pnl.ch\\\/college-hypnose\\\/ateliers\\\/generateur-energie-se-recharger\\\/#primaryimage\"},\"thumbnailUrl\":\"https:\\\/\\\/www.pnl.ch\\\/college-hypnose\\\/wp-content\\\/uploads\\\/sites\\\/4\\\/2018\\\/02\\\/hypnose-recharge-energie.jpg\",\"datePublished\":\"2018-02-05T13:11:30+00:00\",\"dateModified\":\"2024-03-27T19:31:06+00:00\",\"description\":\"Dans cet atelier, vous apprendrez \u00e0 identifier en vous les sources de fatigue et les remplacer avec des sources d'\u00e9nergie avec l'hypnose ericksonienne\u2026\",\"breadcrumb\":{\"@id\":\"https:\\\/\\\/www.pnl.ch\\\/college-hypnose\\\/ateliers\\\/generateur-energie-se-recharger\\\/#breadcrumb\"},\"inLanguage\":\"fr-FR\",\"potentialAction\":[{\"@type\":\"ReadAction\",\"target\":[\"https:\\\/\\\/www.pnl.ch\\\/college-hypnose\\\/ateliers\\\/generateur-energie-se-recharger\\\/\"]}]},{\"@type\":\"ImageObject\",\"inLanguage\":\"fr-FR\",\"@id\":\"https:\\\/\\\/www.pnl.ch\\\/college-hypnose\\\/ateliers\\\/generateur-energie-se-recharger\\\/#primaryimage\",\"url\":\"https:\\\/\\\/www.pnl.ch\\\/college-hypnose\\\/wp-content\\\/uploads\\\/sites\\\/4\\\/2018\\\/02\\\/hypnose-recharge-energie.jpg\",\"contentUrl\":\"https:\\\/\\\/www.pnl.ch\\\/college-hypnose\\\/wp-content\\\/uploads\\\/sites\\\/4\\\/2018\\\/02\\\/hypnose-recharge-energie.jpg\",\"width\":300,\"height\":300,\"caption\":\"G\u00e9n\u00e9rateur d'\u00e9nergie\"},{\"@type\":\"BreadcrumbList\",\"@id\":\"https:\\\/\\\/www.pnl.ch\\\/college-hypnose\\\/ateliers\\\/generateur-energie-se-recharger\\\/#breadcrumb\",\"itemListElement\":[{\"@type\":\"ListItem\",\"position\":1,\"name\":\"Accueil\",\"item\":\"https:\\\/\\\/www.pnl.ch\\\/college-hypnose\\\/\"},{\"@type\":\"ListItem\",\"position\":2,\"name\":\"Ateliers\",\"item\":\"https:\\\/\\\/www.pnl.ch\\\/college-hypnose\\\/ateliers\\\/\"},{\"@type\":\"ListItem\",\"position\":3,\"name\":\"Se cr\u00e9er un g\u00e9n\u00e9rateur d&rsquo;\u00e9nergie pour se recharger instantan\u00e9ment\"}]},{\"@type\":\"WebSite\",\"@id\":\"https:\\\/\\\/www.pnl.ch\\\/college-hypnose\\\/#website\",\"url\":\"https:\\\/\\\/www.pnl.ch\\\/college-hypnose\\\/\",\"name\":\"Coll\u00e8ge Hypnose\",\"description\":\"Formations certifiantes en Hypnose Ericksonienne\",\"publisher\":{\"@id\":\"https:\\\/\\\/www.pnl.ch\\\/college-hypnose\\\/#organization\"},\"potentialAction\":[{\"@type\":\"SearchAction\",\"target\":{\"@type\":\"EntryPoint\",\"urlTemplate\":\"https:\\\/\\\/www.pnl.ch\\\/college-hypnose\\\/?s={search_term_string}\"},\"query-input\":{\"@type\":\"PropertyValueSpecification\",\"valueRequired\":true,\"valueName\":\"search_term_string\"}}],\"inLanguage\":\"fr-FR\"},{\"@type\":\"Organization\",\"@id\":\"https:\\\/\\\/www.pnl.ch\\\/college-hypnose\\\/#organization\",\"name\":\"Coll\u00e8ge Romand - Centre de formation d'adultes S\u00e0rl\",\"url\":\"https:\\\/\\\/www.pnl.ch\\\/college-hypnose\\\/\",\"logo\":{\"@type\":\"ImageObject\",\"inLanguage\":\"fr-FR\",\"@id\":\"https:\\\/\\\/www.pnl.ch\\\/college-hypnose\\\/#\\\/schema\\\/logo\\\/image\\\/\",\"url\":\"https:\\\/\\\/www.pnl.ch\\\/college-hypnose\\\/wp-content\\\/uploads\\\/sites\\\/4\\\/2017\\\/04\\\/college-hypnose-logo-nc.png\",\"contentUrl\":\"https:\\\/\\\/www.pnl.ch\\\/college-hypnose\\\/wp-content\\\/uploads\\\/sites\\\/4\\\/2017\\\/04\\\/college-hypnose-logo-nc.png\",\"width\":314,\"height\":200,\"caption\":\"Coll\u00e8ge Romand - Centre de formation d'adultes S\u00e0rl\"},\"image\":{\"@id\":\"https:\\\/\\\/www.pnl.ch\\\/college-hypnose\\\/#\\\/schema\\\/logo\\\/image\\\/\"},\"sameAs\":[\"https:\\\/\\\/www.facebook.com\\\/college.romand\\\/\",\"https:\\\/\\\/x.com\\\/CollegeRomand\",\"https:\\\/\\\/www.linkedin.com\\\/school\\\/college-romand\\\/\",\"https:\\\/\\\/www.instagram.com\\\/collegeromand\\\/\"]}]}<\/script>\n<!-- \/ Yoast SEO Premium plugin. -->","yoast_head_json":{"title":"Se cr\u00e9er un g\u00e9n\u00e9rateur d'\u00e9nergie pour se recharger instantan\u00e9ment","description":"Dans cet atelier, vous apprendrez \u00e0 identifier en vous les sources de fatigue et les remplacer avec des sources d'\u00e9nergie avec l'hypnose ericksonienne\u2026","robots":{"index":"index","follow":"follow","max-snippet":"max-snippet:-1","max-image-preview":"max-image-preview:large","max-video-preview":"max-video-preview:-1"},"canonical":"https:\/\/www.pnl.ch\/college-hypnose\/ateliers\/generateur-energie-se-recharger\/","og_locale":"fr_FR","og_type":"article","og_title":"Se cr\u00e9er un g\u00e9n\u00e9rateur d'\u00e9nergie pour se recharger instantan\u00e9ment","og_description":"Dans cet atelier, vous apprendrez \u00e0 identifier en vous les sources de fatigue et les remplacer avec des sources d'\u00e9nergie avec l'hypnose ericksonienne\u2026","og_url":"https:\/\/www.pnl.ch\/college-hypnose\/ateliers\/generateur-energie-se-recharger\/","og_site_name":"Coll\u00e8ge Hypnose","article_publisher":"https:\/\/www.facebook.com\/college.romand\/","article_modified_time":"2024-03-27T19:31:06+00:00","og_image":[{"width":1200,"height":675,"url":"https:\/\/www.pnl.ch\/college-hypnose\/wp-content\/uploads\/sites\/4\/2024\/03\/hypnose-recharge-energie-jpg.webp","type":"image\/jpeg"}],"twitter_card":"summary_large_image","twitter_description":"Dans cet atelier, vous apprendrez \u00e0 identifier en vous les sources de fatigue et les remplacer avec des sources d'\u00e9nergie avec l'hypnose ericksonienne\u2026","twitter_site":"@CollegeRomand","twitter_misc":{"Dur\u00e9e de lecture estim\u00e9e":"2 minutes"},"schema":{"@context":"https:\/\/schema.org","@graph":[{"@type":"WebPage","@id":"https:\/\/www.pnl.ch\/college-hypnose\/ateliers\/generateur-energie-se-recharger\/","url":"https:\/\/www.pnl.ch\/college-hypnose\/ateliers\/generateur-energie-se-recharger\/","name":"Se cr\u00e9er un g\u00e9n\u00e9rateur d'\u00e9nergie pour se recharger instantan\u00e9ment","isPartOf":{"@id":"https:\/\/www.pnl.ch\/college-hypnose\/#website"},"primaryImageOfPage":{"@id":"https:\/\/www.pnl.ch\/college-hypnose\/ateliers\/generateur-energie-se-recharger\/#primaryimage"},"image":{"@id":"https:\/\/www.pnl.ch\/college-hypnose\/ateliers\/generateur-energie-se-recharger\/#primaryimage"},"thumbnailUrl":"https:\/\/www.pnl.ch\/college-hypnose\/wp-content\/uploads\/sites\/4\/2018\/02\/hypnose-recharge-energie.jpg","datePublished":"2018-02-05T13:11:30+00:00","dateModified":"2024-03-27T19:31:06+00:00","description":"Dans cet atelier, vous apprendrez \u00e0 identifier en vous les sources de fatigue et les remplacer avec des sources d'\u00e9nergie avec l'hypnose ericksonienne\u2026","breadcrumb":{"@id":"https:\/\/www.pnl.ch\/college-hypnose\/ateliers\/generateur-energie-se-recharger\/#breadcrumb"},"inLanguage":"fr-FR","potentialAction":[{"@type":"ReadAction","target":["https:\/\/www.pnl.ch\/college-hypnose\/ateliers\/generateur-energie-se-recharger\/"]}]},{"@type":"ImageObject","inLanguage":"fr-FR","@id":"https:\/\/www.pnl.ch\/college-hypnose\/ateliers\/generateur-energie-se-recharger\/#primaryimage","url":"https:\/\/www.pnl.ch\/college-hypnose\/wp-content\/uploads\/sites\/4\/2018\/02\/hypnose-recharge-energie.jpg","contentUrl":"https:\/\/www.pnl.ch\/college-hypnose\/wp-content\/uploads\/sites\/4\/2018\/02\/hypnose-recharge-energie.jpg","width":300,"height":300,"caption":"G\u00e9n\u00e9rateur d'\u00e9nergie"},{"@type":"BreadcrumbList","@id":"https:\/\/www.pnl.ch\/college-hypnose\/ateliers\/generateur-energie-se-recharger\/#breadcrumb","itemListElement":[{"@type":"ListItem","position":1,"name":"Accueil","item":"https:\/\/www.pnl.ch\/college-hypnose\/"},{"@type":"ListItem","position":2,"name":"Ateliers","item":"https:\/\/www.pnl.ch\/college-hypnose\/ateliers\/"},{"@type":"ListItem","position":3,"name":"Se cr\u00e9er un g\u00e9n\u00e9rateur d&rsquo;\u00e9nergie pour se recharger instantan\u00e9ment"}]},{"@type":"WebSite","@id":"https:\/\/www.pnl.ch\/college-hypnose\/#website","url":"https:\/\/www.pnl.ch\/college-hypnose\/","name":"Coll\u00e8ge Hypnose","description":"Formations certifiantes en Hypnose Ericksonienne","publisher":{"@id":"https:\/\/www.pnl.ch\/college-hypnose\/#organization"},"potentialAction":[{"@type":"SearchAction","target":{"@type":"EntryPoint","urlTemplate":"https:\/\/www.pnl.ch\/college-hypnose\/?s={search_term_string}"},"query-input":{"@type":"PropertyValueSpecification","valueRequired":true,"valueName":"search_term_string"}}],"inLanguage":"fr-FR"},{"@type":"Organization","@id":"https:\/\/www.pnl.ch\/college-hypnose\/#organization","name":"Coll\u00e8ge Romand - Centre de formation d'adultes S\u00e0rl","url":"https:\/\/www.pnl.ch\/college-hypnose\/","logo":{"@type":"ImageObject","inLanguage":"fr-FR","@id":"https:\/\/www.pnl.ch\/college-hypnose\/#\/schema\/logo\/image\/","url":"https:\/\/www.pnl.ch\/college-hypnose\/wp-content\/uploads\/sites\/4\/2017\/04\/college-hypnose-logo-nc.png","contentUrl":"https:\/\/www.pnl.ch\/college-hypnose\/wp-content\/uploads\/sites\/4\/2017\/04\/college-hypnose-logo-nc.png","width":314,"height":200,"caption":"Coll\u00e8ge Romand - Centre de formation d'adultes S\u00e0rl"},"image":{"@id":"https:\/\/www.pnl.ch\/college-hypnose\/#\/schema\/logo\/image\/"},"sameAs":["https:\/\/www.facebook.com\/college.romand\/","https:\/\/x.com\/CollegeRomand","https:\/\/www.linkedin.com\/school\/college-romand\/","https:\/\/www.instagram.com\/collegeromand\/"]}]}},"_links":{"self":[{"href":"https:\/\/www.pnl.ch\/college-hypnose\/wp-json\/wp\/v2\/pages\/589","targetHints":{"allow":["GET"]}}],"collection":[{"href":"https:\/\/www.pnl.ch\/college-hypnose\/wp-json\/wp\/v2\/pages"}],"about":[{"href":"https:\/\/www.pnl.ch\/college-hypnose\/wp-json\/wp\/v2\/types\/page"}],"author":[{"embeddable":true,"href":"https:\/\/www.pnl.ch\/college-hypnose\/wp-json\/wp\/v2\/users\/1"}],"replies":[{"embeddable":true,"href":"https:\/\/www.pnl.ch\/college-hypnose\/wp-json\/wp\/v2\/comments?post=589"}],"version-history":[{"count":4,"href":"https:\/\/www.pnl.ch\/college-hypnose\/wp-json\/wp\/v2\/pages\/589\/revisions"}],"predecessor-version":[{"id":1517,"href":"https:\/\/www.pnl.ch\/college-hypnose\/wp-json\/wp\/v2\/pages\/589\/revisions\/1517"}],"up":[{"embeddable":true,"href":"https:\/\/www.pnl.ch\/college-hypnose\/wp-json\/wp\/v2\/pages\/440"}],"wp:featuredmedia":[{"embeddable":true,"href":"https:\/\/www.pnl.ch\/college-hypnose\/wp-json\/wp\/v2\/media\/606"}],"wp:attachment":[{"href":"https:\/\/www.pnl.ch\/college-hypnose\/wp-json\/wp\/v2\/media?parent=589"}],"curies":[{"name":"wp","href":"https:\/\/api.w.org\/{rel}","templated":true}]}}