{"id":64,"date":"2017-04-06T15:16:50","date_gmt":"2017-04-06T13:16:50","guid":{"rendered":"https:\/\/www.pnl.ch\/college-hypnose\/?page_id=64"},"modified":"2025-09-08T10:56:59","modified_gmt":"2025-09-08T08:56:59","slug":"formations","status":"publish","type":"page","link":"https:\/\/www.pnl.ch\/college-hypnose\/formations\/","title":{"rendered":"Formations"},"content":{"rendered":"<div class=\"wpb-content-wrapper\"><p>[vc_row][vc_column width=\u00a0\u00bb2\/12&Prime;][vc_single_image image=\u00a0\u00bb42&Prime; img_size=\u00a0\u00bbfull\u00a0\u00bb css_animation=\u00a0\u00bbzoomIn\u00a0\u00bb][\/vc_column][vc_column width=\u00a0\u00bb7\/12&Prime; css=\u00a0\u00bb.vc_custom_1511797605946{padding-left: 50px !important;}\u00a0\u00bb][vc_column_text]<\/p>\n<h3 style=\"margin-top: 0; margin-bottom: 10px;\">Praticien en hypnose ericksonienne<\/h3>\n<p style=\"margin-top: 0;\"><strong>Hypnotiser une personne de plusieurs fa\u00e7ons, approfondir l\u2019\u00e9tat d\u2019hypnose, et la r\u00e9veiller de plusieurs fa\u00e7ons appropri\u00e9es.<\/strong><\/p>\n<p>Ces dix jours de formation ont pour but de vous familiariser avec l\u2019utilisation de l\u2019hypnose dans la continuit\u00e9 du travail de Milton Erickson et de l\u2019approche strat\u00e9gique de la th\u00e9rapie br\u00e8ve en mettant en \u00e9vidence la relation entre la structure du langage et l\u2019exp\u00e9rience subjective.[\/vc_column_text][\/vc_column][vc_column width=\u00a0\u00bb3\/12&Prime; css=\u00a0\u00bb.vc_custom_1496694772613{padding-top: 45px !important;}\u00a0\u00bb][vc_btn title=\u00a0\u00bbEn savoir plus\u00a0\u00bb color=\u00a0\u00bbviolet\u00a0\u00bb align=\u00a0\u00bbright\u00a0\u00bb i_align=\u00a0\u00bbright\u00a0\u00bb i_icon_fontawesome=\u00a0\u00bb\u00a0\u00bb css_animation=\u00a0\u00bbzoomIn\u00a0\u00bb css=\u00a0\u00bb\u00a0\u00bb add_icon=\u00a0\u00bbtrue\u00a0\u00bb link=\u00a0\u00bburl:https%3A%2F%2Fwww.pnl.ch%2Fformations-en-hypnose-ericksonienne-a-lausanne%2F%23praticien-en-hypnose%2F\u00a0\u00bb][\/vc_column][\/vc_row][vc_row margin_top=\u00a0\u00bb40px\u00a0\u00bb][vc_column width=\u00a0\u00bb2\/12&Prime;][vc_single_image image=\u00a0\u00bb41&Prime; img_size=\u00a0\u00bbfull\u00a0\u00bb css_animation=\u00a0\u00bbzoomIn\u00a0\u00bb][\/vc_column][vc_column width=\u00a0\u00bb7\/12&Prime; css=\u00a0\u00bb.vc_custom_1511797614993{padding-left: 50px !important;}\u00a0\u00bb][vc_column_text]<\/p>\n<h3 style=\"margin-top: 0; margin-bottom: 10px;\">Ma\u00eetre Praticien en hypnose ericksonienne<\/h3>\n<p style=\"margin-top: 0;\"><strong>Une formation anim\u00e9e par un choix de formateurs de pointe dans l&rsquo;hypnose.<\/strong><\/p>\n<p>Avec l\u2019hypnose clinique et l\u2019approche ericksonienne, vous int\u00e9grez des outils utiles pour travailler avec la r\u00e9sistance du patient, mais aussi pour l\u2019aider \u00e0 potentialiser les facteurs de cr\u00e9ativit\u00e9s.[\/vc_column_text][\/vc_column][vc_column width=\u00a0\u00bb3\/12&Prime; css=\u00a0\u00bb.vc_custom_1496695412689{padding-top: 45px !important;}\u00a0\u00bb][vc_btn title=\u00a0\u00bbEn savoir plus\u00a0\u00bb color=\u00a0\u00bbviolet\u00a0\u00bb align=\u00a0\u00bbright\u00a0\u00bb i_align=\u00a0\u00bbright\u00a0\u00bb i_icon_fontawesome=\u00a0\u00bb\u00a0\u00bb css_animation=\u00a0\u00bbzoomIn\u00a0\u00bb css=\u00a0\u00bb\u00a0\u00bb add_icon=\u00a0\u00bbtrue\u00a0\u00bb link=\u00a0\u00bburl:https%3A%2F%2Fwww.pnl.ch%2Fformations-en-hypnose-ericksonienne-a-lausanne%2F%23maitre-praticien-en-hypnose%2F|title:Profiling%20%26%20Hypnose%20conversationnelle\u00a0\u00bb][\/vc_column][\/vc_row][vc_row margin_top=\u00a0\u00bb40px\u00a0\u00bb][vc_column width=\u00a0\u00bb2\/12&Prime;][vc_single_image image=\u00a0\u00bb2485&Prime; img_size=\u00a0\u00bbfull\u00a0\u00bb css_animation=\u00a0\u00bbzoomIn\u00a0\u00bb css=\u00a0\u00bb\u00a0\u00bb][\/vc_column][vc_column width=\u00a0\u00bb7\/12&Prime; css=\u00a0\u00bb.vc_custom_1511797614993{padding-left: 50px !important;}\u00a0\u00bb][vc_column_text css=\u00a0\u00bb\u00a0\u00bb]<\/p>\n<h3>Formation certifiante <b>Hypno-Maternelle\u2122<\/b><\/h3>\n<p><span style=\"font-weight: 400;\">Avec cette formation, vous acc\u00e9dez \u00e0 des outils concrets et des cl\u00e9s pratiques pour <strong>un accompagnement \u00e9motionnel et mental r\u00e9ellement efficace<\/strong>. Int\u00e9gr\u00e9es \u00e0 votre pratique, ces ressources permettent aux futures mamans de mobiliser leurs forces int\u00e9rieures, et de vivre ces grandes transitions avec plus de confiance, de pr\u00e9sence et de s\u00e9r\u00e9nit\u00e9 \u2014 en favorisant des v\u00e9cus plus conscients et apais\u00e9s.<\/span>[\/vc_column_text][\/vc_column][vc_column width=\u00a0\u00bb3\/12&Prime; css=\u00a0\u00bb.vc_custom_1496695412689{padding-top: 45px !important;}\u00a0\u00bb][vc_btn title=\u00a0\u00bbEn savoir plus\u00a0\u00bb color=\u00a0\u00bbviolet\u00a0\u00bb align=\u00a0\u00bbright\u00a0\u00bb i_align=\u00a0\u00bbright\u00a0\u00bb i_icon_fontawesome=\u00a0\u00bb\u00a0\u00bb css_animation=\u00a0\u00bbzoomIn\u00a0\u00bb css=\u00a0\u00bb\u00a0\u00bb add_icon=\u00a0\u00bbtrue\u00a0\u00bb link=\u00a0\u00bburl:https%3A%2F%2Fwww.pnl.ch%2Fcollege-hypnose%2Fformations%2Fformation-certifiante-hypnomaternelle%2F|title:Formation%20certifiante%20HypnoMaternelle%E2%84%A2&Prime;][\/vc_column][\/vc_row][vc_row margin_top=\u00a0\u00bb40px\u00a0\u00bb][vc_column width=\u00a0\u00bb2\/12&Prime;][vc_single_image image=\u00a0\u00bb2337&Prime; img_size=\u00a0\u00bbfull\u00a0\u00bb css_animation=\u00a0\u00bbzoomIn\u00a0\u00bb css=\u00a0\u00bb\u00a0\u00bb][\/vc_column][vc_column width=\u00a0\u00bb7\/12&Prime; css=\u00a0\u00bb.vc_custom_1511797614993{padding-left: 50px !important;}\u00a0\u00bb][vc_column_text css=\u00a0\u00bb\u00a0\u00bb]<\/p>\n<h3>Profiling &amp; Hypnose conversationnelle<\/h3>\n<p><span style=\"font-weight: 400;\">Ce cursus <\/span><span style=\"font-weight: 400;\">vous donne les cl\u00e9s pour<\/span><b> analyser finement les dynamiques relationnelles<\/b><span style=\"font-weight: 400;\">, <\/span><b>ajuster votre discours en temps r\u00e9el<\/b><span style=\"font-weight: 400;\"> et<\/span><b> formuler des messages \u00e0 fort impact<\/b><span style=\"font-weight: 400;\">. Guid\u00e9 par des experts du terrain, vous apprendrez \u00e0 d\u00e9coder les intentions, \u00e0 d\u00e9tecter les signaux faibles et \u00e0 renforcer votre pr\u00e9sence dans des contextes exigeants : entretiens, gestion de conflits, \u00e9valuation de fiabilit\u00e9 ou d\u00e9samor\u00e7age de tensions.<\/span>[\/vc_column_text][\/vc_column][vc_column width=\u00a0\u00bb3\/12&Prime; css=\u00a0\u00bb.vc_custom_1496695412689{padding-top: 45px !important;}\u00a0\u00bb][vc_btn title=\u00a0\u00bbEn savoir plus\u00a0\u00bb color=\u00a0\u00bbviolet\u00a0\u00bb align=\u00a0\u00bbright\u00a0\u00bb i_align=\u00a0\u00bbright\u00a0\u00bb i_icon_fontawesome=\u00a0\u00bb\u00a0\u00bb css_animation=\u00a0\u00bbzoomIn\u00a0\u00bb css=\u00a0\u00bb\u00a0\u00bb add_icon=\u00a0\u00bbtrue\u00a0\u00bb link=\u00a0\u00bburl:https%3A%2F%2Fwww.pnl.ch%2Fcollege-hypnose%2Fformations%2Fprofiling-hypnose-conversationnelle%2F|title:Profiling%20%26%20Hypnose%20conversationnelle\u00a0\u00bb][\/vc_column][\/vc_row]<\/p>\n<\/div>","protected":false},"excerpt":{"rendered":"<p>[vc_row][vc_column width=\u00a0\u00bb2\/12&Prime;][vc_single_image image=\u00a0\u00bb42&Prime; img_size=\u00a0\u00bbfull\u00a0\u00bb css_animation=\u00a0\u00bbzoomIn\u00a0\u00bb][\/vc_column][vc_column width=\u00a0\u00bb7\/12&Prime; css=\u00a0\u00bb.vc_custom_1511797605946{padding-left: 50px !important;}\u00a0\u00bb][vc_column_text] Praticien en hypnose ericksonienne Hypnotiser une personne de plusieurs fa\u00e7ons, approfondir l\u2019\u00e9tat d\u2019hypnose, et la r\u00e9veiller de plusieurs fa\u00e7ons appropri\u00e9es. Ces dix jours de formation ont pour but de vous familiariser avec l\u2019utilisation de l\u2019hypnose dans la continuit\u00e9 du travail de Milton Erickson et de l\u2019approche&hellip;<\/p>\n","protected":false},"author":1,"featured_media":0,"parent":0,"menu_order":4,"comment_status":"closed","ping_status":"closed","template":"","meta":{"_acf_changed":false,"footnotes":""},"class_list":["post-64","page","type-page","status-publish","hentry","description-off"],"acf":[],"yoast_head":"<!-- This site is optimized with the Yoast SEO Premium plugin v27.4 (Yoast SEO v27.4) - https:\/\/yoast.com\/product\/yoast-seo-premium-wordpress\/ -->\n<title>Formations en hypnose ericksonienne \u00e0 Lausanne | Coll\u00e8ge Hypnose<\/title>\n<meta name=\"description\" content=\"Formations en hypnose ericksonienne, Praticien en hypnose ericksonienne et Ma\u00eetre en hypnose ericksonienne \u00e0 Lausanne, en Suisse romande.\" \/>\n<meta name=\"robots\" content=\"index, follow, max-snippet:-1, max-image-preview:large, max-video-preview:-1\" \/>\n<link rel=\"canonical\" href=\"https:\/\/www.pnl.ch\/college-hypnose\/formations\/\" \/>\n<meta property=\"og:locale\" content=\"fr_FR\" \/>\n<meta property=\"og:type\" content=\"article\" \/>\n<meta property=\"og:title\" content=\"Formations\" \/>\n<meta property=\"og:description\" content=\"Praticien en hypnose ericksonienne Hypnotiser une personne de plusieurs fa\u00e7ons, approfondir l\u2019\u00e9tat d\u2019hypnose, et la r\u00e9veiller de plusieurs fa\u00e7ons\" \/>\n<meta property=\"og:url\" content=\"https:\/\/www.pnl.ch\/college-hypnose\/formations\/\" \/>\n<meta property=\"og:site_name\" content=\"Coll\u00e8ge Hypnose\" \/>\n<meta property=\"article:publisher\" content=\"https:\/\/www.facebook.com\/college.romand\/\" \/>\n<meta property=\"article:modified_time\" content=\"2025-09-08T08:56:59+00:00\" \/>\n<meta property=\"og:image\" content=\"https:\/\/www.pnl.ch\/college-hypnose\/wp-content\/uploads\/sites\/4\/2024\/03\/college-hypnose-1-jpg.webp\" \/>\n\t<meta property=\"og:image:width\" content=\"1200\" \/>\n\t<meta property=\"og:image:height\" content=\"675\" \/>\n\t<meta property=\"og:image:type\" content=\"image\/jpeg\" \/>\n<meta name=\"twitter:card\" content=\"summary_large_image\" \/>\n<meta name=\"twitter:site\" content=\"@CollegeRomand\" \/>\n<meta name=\"twitter:label1\" content=\"Dur\u00e9e de lecture estim\u00e9e\" \/>\n\t<meta name=\"twitter:data1\" content=\"2 minutes\" \/>\n<script type=\"application\/ld+json\" class=\"yoast-schema-graph\">{\"@context\":\"https:\\\/\\\/schema.org\",\"@graph\":[{\"@type\":\"WebPage\",\"@id\":\"https:\\\/\\\/www.pnl.ch\\\/college-hypnose\\\/formations\\\/\",\"url\":\"https:\\\/\\\/www.pnl.ch\\\/college-hypnose\\\/formations\\\/\",\"name\":\"Formations en hypnose ericksonienne \u00e0 Lausanne | Coll\u00e8ge Hypnose\",\"isPartOf\":{\"@id\":\"https:\\\/\\\/www.pnl.ch\\\/college-hypnose\\\/#website\"},\"datePublished\":\"2017-04-06T13:16:50+00:00\",\"dateModified\":\"2025-09-08T08:56:59+00:00\",\"description\":\"Formations en hypnose ericksonienne, Praticien en hypnose ericksonienne et Ma\u00eetre en hypnose ericksonienne \u00e0 Lausanne, en Suisse romande.\",\"breadcrumb\":{\"@id\":\"https:\\\/\\\/www.pnl.ch\\\/college-hypnose\\\/formations\\\/#breadcrumb\"},\"inLanguage\":\"fr-FR\",\"potentialAction\":[{\"@type\":\"ReadAction\",\"target\":[\"https:\\\/\\\/www.pnl.ch\\\/college-hypnose\\\/formations\\\/\"]}]},{\"@type\":\"BreadcrumbList\",\"@id\":\"https:\\\/\\\/www.pnl.ch\\\/college-hypnose\\\/formations\\\/#breadcrumb\",\"itemListElement\":[{\"@type\":\"ListItem\",\"position\":1,\"name\":\"Accueil\",\"item\":\"https:\\\/\\\/www.pnl.ch\\\/college-hypnose\\\/\"},{\"@type\":\"ListItem\",\"position\":2,\"name\":\"Formations\"}]},{\"@type\":\"WebSite\",\"@id\":\"https:\\\/\\\/www.pnl.ch\\\/college-hypnose\\\/#website\",\"url\":\"https:\\\/\\\/www.pnl.ch\\\/college-hypnose\\\/\",\"name\":\"Coll\u00e8ge Hypnose\",\"description\":\"Formations certifiantes en Hypnose Ericksonienne\",\"publisher\":{\"@id\":\"https:\\\/\\\/www.pnl.ch\\\/college-hypnose\\\/#organization\"},\"potentialAction\":[{\"@type\":\"SearchAction\",\"target\":{\"@type\":\"EntryPoint\",\"urlTemplate\":\"https:\\\/\\\/www.pnl.ch\\\/college-hypnose\\\/?s={search_term_string}\"},\"query-input\":{\"@type\":\"PropertyValueSpecification\",\"valueRequired\":true,\"valueName\":\"search_term_string\"}}],\"inLanguage\":\"fr-FR\"},{\"@type\":\"Organization\",\"@id\":\"https:\\\/\\\/www.pnl.ch\\\/college-hypnose\\\/#organization\",\"name\":\"Coll\u00e8ge Romand - Centre de formation d'adultes S\u00e0rl\",\"url\":\"https:\\\/\\\/www.pnl.ch\\\/college-hypnose\\\/\",\"logo\":{\"@type\":\"ImageObject\",\"inLanguage\":\"fr-FR\",\"@id\":\"https:\\\/\\\/www.pnl.ch\\\/college-hypnose\\\/#\\\/schema\\\/logo\\\/image\\\/\",\"url\":\"https:\\\/\\\/www.pnl.ch\\\/college-hypnose\\\/wp-content\\\/uploads\\\/sites\\\/4\\\/2017\\\/04\\\/college-hypnose-logo-nc.png\",\"contentUrl\":\"https:\\\/\\\/www.pnl.ch\\\/college-hypnose\\\/wp-content\\\/uploads\\\/sites\\\/4\\\/2017\\\/04\\\/college-hypnose-logo-nc.png\",\"width\":314,\"height\":200,\"caption\":\"Coll\u00e8ge Romand - Centre de formation d'adultes S\u00e0rl\"},\"image\":{\"@id\":\"https:\\\/\\\/www.pnl.ch\\\/college-hypnose\\\/#\\\/schema\\\/logo\\\/image\\\/\"},\"sameAs\":[\"https:\\\/\\\/www.facebook.com\\\/college.romand\\\/\",\"https:\\\/\\\/x.com\\\/CollegeRomand\",\"https:\\\/\\\/www.linkedin.com\\\/school\\\/college-romand\\\/\",\"https:\\\/\\\/www.instagram.com\\\/collegeromand\\\/\"]}]}<\/script>\n<!-- \/ Yoast SEO Premium plugin. -->","yoast_head_json":{"title":"Formations en hypnose ericksonienne \u00e0 Lausanne | Coll\u00e8ge Hypnose","description":"Formations en hypnose ericksonienne, Praticien en hypnose ericksonienne et Ma\u00eetre en hypnose ericksonienne \u00e0 Lausanne, en Suisse romande.","robots":{"index":"index","follow":"follow","max-snippet":"max-snippet:-1","max-image-preview":"max-image-preview:large","max-video-preview":"max-video-preview:-1"},"canonical":"https:\/\/www.pnl.ch\/college-hypnose\/formations\/","og_locale":"fr_FR","og_type":"article","og_title":"Formations","og_description":"Praticien en hypnose ericksonienne Hypnotiser une personne de plusieurs fa\u00e7ons, approfondir l\u2019\u00e9tat d\u2019hypnose, et la r\u00e9veiller de plusieurs fa\u00e7ons","og_url":"https:\/\/www.pnl.ch\/college-hypnose\/formations\/","og_site_name":"Coll\u00e8ge Hypnose","article_publisher":"https:\/\/www.facebook.com\/college.romand\/","article_modified_time":"2025-09-08T08:56:59+00:00","og_image":[{"width":1200,"height":675,"url":"https:\/\/www.pnl.ch\/college-hypnose\/wp-content\/uploads\/sites\/4\/2024\/03\/college-hypnose-1-jpg.webp","type":"image\/jpeg"}],"twitter_card":"summary_large_image","twitter_site":"@CollegeRomand","twitter_misc":{"Dur\u00e9e de lecture estim\u00e9e":"2 minutes"},"schema":{"@context":"https:\/\/schema.org","@graph":[{"@type":"WebPage","@id":"https:\/\/www.pnl.ch\/college-hypnose\/formations\/","url":"https:\/\/www.pnl.ch\/college-hypnose\/formations\/","name":"Formations en hypnose ericksonienne \u00e0 Lausanne | Coll\u00e8ge Hypnose","isPartOf":{"@id":"https:\/\/www.pnl.ch\/college-hypnose\/#website"},"datePublished":"2017-04-06T13:16:50+00:00","dateModified":"2025-09-08T08:56:59+00:00","description":"Formations en hypnose ericksonienne, Praticien en hypnose ericksonienne et Ma\u00eetre en hypnose ericksonienne \u00e0 Lausanne, en Suisse romande.","breadcrumb":{"@id":"https:\/\/www.pnl.ch\/college-hypnose\/formations\/#breadcrumb"},"inLanguage":"fr-FR","potentialAction":[{"@type":"ReadAction","target":["https:\/\/www.pnl.ch\/college-hypnose\/formations\/"]}]},{"@type":"BreadcrumbList","@id":"https:\/\/www.pnl.ch\/college-hypnose\/formations\/#breadcrumb","itemListElement":[{"@type":"ListItem","position":1,"name":"Accueil","item":"https:\/\/www.pnl.ch\/college-hypnose\/"},{"@type":"ListItem","position":2,"name":"Formations"}]},{"@type":"WebSite","@id":"https:\/\/www.pnl.ch\/college-hypnose\/#website","url":"https:\/\/www.pnl.ch\/college-hypnose\/","name":"Coll\u00e8ge Hypnose","description":"Formations certifiantes en Hypnose Ericksonienne","publisher":{"@id":"https:\/\/www.pnl.ch\/college-hypnose\/#organization"},"potentialAction":[{"@type":"SearchAction","target":{"@type":"EntryPoint","urlTemplate":"https:\/\/www.pnl.ch\/college-hypnose\/?s={search_term_string}"},"query-input":{"@type":"PropertyValueSpecification","valueRequired":true,"valueName":"search_term_string"}}],"inLanguage":"fr-FR"},{"@type":"Organization","@id":"https:\/\/www.pnl.ch\/college-hypnose\/#organization","name":"Coll\u00e8ge Romand - Centre de formation d'adultes S\u00e0rl","url":"https:\/\/www.pnl.ch\/college-hypnose\/","logo":{"@type":"ImageObject","inLanguage":"fr-FR","@id":"https:\/\/www.pnl.ch\/college-hypnose\/#\/schema\/logo\/image\/","url":"https:\/\/www.pnl.ch\/college-hypnose\/wp-content\/uploads\/sites\/4\/2017\/04\/college-hypnose-logo-nc.png","contentUrl":"https:\/\/www.pnl.ch\/college-hypnose\/wp-content\/uploads\/sites\/4\/2017\/04\/college-hypnose-logo-nc.png","width":314,"height":200,"caption":"Coll\u00e8ge Romand - Centre de formation d'adultes S\u00e0rl"},"image":{"@id":"https:\/\/www.pnl.ch\/college-hypnose\/#\/schema\/logo\/image\/"},"sameAs":["https:\/\/www.facebook.com\/college.romand\/","https:\/\/x.com\/CollegeRomand","https:\/\/www.linkedin.com\/school\/college-romand\/","https:\/\/www.instagram.com\/collegeromand\/"]}]}},"_links":{"self":[{"href":"https:\/\/www.pnl.ch\/college-hypnose\/wp-json\/wp\/v2\/pages\/64","targetHints":{"allow":["GET"]}}],"collection":[{"href":"https:\/\/www.pnl.ch\/college-hypnose\/wp-json\/wp\/v2\/pages"}],"about":[{"href":"https:\/\/www.pnl.ch\/college-hypnose\/wp-json\/wp\/v2\/types\/page"}],"author":[{"embeddable":true,"href":"https:\/\/www.pnl.ch\/college-hypnose\/wp-json\/wp\/v2\/users\/1"}],"replies":[{"embeddable":true,"href":"https:\/\/www.pnl.ch\/college-hypnose\/wp-json\/wp\/v2\/comments?post=64"}],"version-history":[{"count":13,"href":"https:\/\/www.pnl.ch\/college-hypnose\/wp-json\/wp\/v2\/pages\/64\/revisions"}],"predecessor-version":[{"id":2587,"href":"https:\/\/www.pnl.ch\/college-hypnose\/wp-json\/wp\/v2\/pages\/64\/revisions\/2587"}],"wp:attachment":[{"href":"https:\/\/www.pnl.ch\/college-hypnose\/wp-json\/wp\/v2\/media?parent=64"}],"curies":[{"name":"wp","href":"https:\/\/api.w.org\/{rel}","templated":true}]}}