{"id":1933,"date":"2020-04-06T11:54:32","date_gmt":"2020-04-06T09:54:32","guid":{"rendered":"https:\/\/www.pnl.ch\/college-pnl\/?page_id=1933"},"modified":"2024-09-26T12:32:00","modified_gmt":"2024-09-26T10:32:00","slug":"webinaires","status":"publish","type":"page","link":"https:\/\/www.pnl.ch\/college-pnl\/webinaires\/","title":{"rendered":"Webinaires"},"content":{"rendered":"<div class=\"wpb-content-wrapper\"><p>[vc_row][vc_column width=\u00a0\u00bb2\/12&Prime;][vc_single_image image=\u00a0\u00bb2658&Prime; img_size=\u00a0\u00bbfull\u00a0\u00bb css_animation=\u00a0\u00bbzoomIn\u00a0\u00bb][\/vc_column][vc_column width=\u00a0\u00bb7\/12&Prime; css=\u00a0\u00bb.vc_custom_1511794211766{padding-left: 50px !important;}\u00a0\u00bb][vc_column_text]<\/p>\n<h3 style=\"margin-top: 0; margin-bottom: 10px;\">Y en a marre de la pens\u00e9e positive\u202f: quoi faire en 2024 pour ma\u00eetriser votre vie\u202f?<\/h3>\n<p style=\"margin-top: 0;\"><strong>Mardi 27 f\u00e9vrier 2024 \u00e0 18h30<\/strong><\/p>\n<p>Vous \u00eates fatigu\u00e9s de vivre et revivre les m\u00eames situations frustrantes sans r\u00e9ussir \u00e0 cr\u00e9er un changement\u202f? Apprendre \u00e0 conna\u00eetre son cerveau et \u00e0 ma\u00eetriser ses \u00e9motions est indispensable pour vivre la vie que l\u2019on souhaite. [\/vc_column_text][\/vc_column][vc_column width=\u00a0\u00bb3\/12&Prime; css=\u00a0\u00bb.vc_custom_1496694772613{padding-top: 45px !important;}\u00a0\u00bb][vc_btn title=\u00a0\u00bbEn savoir plus\u00a0\u00bb color=\u00a0\u00bbinfo\u00a0\u00bb align=\u00a0\u00bbright\u00a0\u00bb i_align=\u00a0\u00bbright\u00a0\u00bb i_icon_fontawesome=\u00a0\u00bb\u00a0\u00bb css_animation=\u00a0\u00bbzoomIn\u00a0\u00bb add_icon=\u00a0\u00bbtrue\u00a0\u00bb link=\u00a0\u00bburl:https%3A%2F%2Fwww.pnl.ch%2Fcollege-pnl%2Fwebinaires%2Fmaitriser-votre-vie%2F|title:Y%20en%20a%20marre%20de%20la%20pens%C3%A9e%20positive%3A%20quoi%20faire%20en%202024%20pour%20ma%C3%AEtriser%20votre%20vie%3F\u00a0\u00bb][\/vc_column][\/vc_row][vc_column width=\u00a0\u00bb2\/12&Prime;][\/vc_column][vc_column width=\u00a0\u00bb7\/12&Prime;][\/vc_column]<\/p>\n<\/div>","protected":false},"excerpt":{"rendered":"<p>[vc_row][vc_column width=\u00a0\u00bb2\/12&Prime;][vc_single_image image=\u00a0\u00bb2658&Prime; img_size=\u00a0\u00bbfull\u00a0\u00bb css_animation=\u00a0\u00bbzoomIn\u00a0\u00bb][\/vc_column][vc_column width=\u00a0\u00bb7\/12&Prime; css=\u00a0\u00bb.vc_custom_1511794211766{padding-left: 50px !important;}\u00a0\u00bb][vc_column_text] Y en a marre de la pens\u00e9e positive\u202f: quoi faire en 2024 pour ma\u00eetriser votre vie\u202f? Mardi 27 f\u00e9vrier 2024 \u00e0 18h30 Vous \u00eates fatigu\u00e9s de vivre et revivre les m\u00eames situations frustrantes sans r\u00e9ussir \u00e0 cr\u00e9er un changement\u202f? Apprendre \u00e0 conna\u00eetre son cerveau et \u00e0&hellip;<\/p>\n","protected":false},"author":36,"featured_media":0,"parent":0,"menu_order":1,"comment_status":"closed","ping_status":"closed","template":"","meta":{"_acf_changed":false,"footnotes":""},"class_list":["post-1933","page","type-page","status-publish","hentry","description-off"],"acf":[],"yoast_head":"<!-- This site is optimized with the Yoast SEO Premium plugin v27.4 (Yoast SEO v27.4) - https:\/\/yoast.com\/product\/yoast-seo-premium-wordpress\/ -->\n<title>Webinaires | Coll\u00e8ge PNL<\/title>\n<meta name=\"description\" content=\"D\u00e9couvrez tous nos webinaires gratuits qui vous permettront de booster votre confiance, r\u00e9ussir votre vie et bien plus encore\u2026\" \/>\n<meta name=\"robots\" content=\"index, follow, max-snippet:-1, max-image-preview:large, max-video-preview:-1\" \/>\n<link rel=\"canonical\" href=\"https:\/\/www.pnl.ch\/college-pnl\/webinaires\/\" \/>\n<meta property=\"og:locale\" content=\"fr_FR\" \/>\n<meta property=\"og:type\" content=\"article\" \/>\n<meta property=\"og:title\" content=\"Webinaires gratuits au Coll\u00e8ge Romand\" \/>\n<meta property=\"og:description\" content=\"D\u00e9couvrez tous nos webinaires gratuits qui vous permettront de booster votre confiance, r\u00e9ussir votre vie et bien plus encore\u2026\" \/>\n<meta property=\"og:url\" content=\"https:\/\/www.pnl.ch\/college-pnl\/webinaires\/\" \/>\n<meta property=\"og:site_name\" content=\"Coll\u00e8ge PNL\" \/>\n<meta property=\"article:publisher\" content=\"https:\/\/www.facebook.com\/college.romand\/\" \/>\n<meta property=\"article:modified_time\" content=\"2024-09-26T10:32:00+00:00\" \/>\n<meta property=\"og:image\" content=\"https:\/\/www.pnl.ch\/college-pnl\/wp-content\/uploads\/sites\/2\/2024\/02\/bases-pnl-1-1.jpg\" \/>\n\t<meta property=\"og:image:width\" content=\"800\" \/>\n\t<meta property=\"og:image:height\" content=\"400\" \/>\n\t<meta property=\"og:image:type\" content=\"image\/jpeg\" \/>\n<meta name=\"twitter:card\" content=\"summary_large_image\" \/>\n<meta name=\"twitter:title\" content=\"Webinaires gratuits au Coll\u00e8ge Romand\" \/>\n<meta name=\"twitter:description\" content=\"D\u00e9couvrez tous nos webinaires gratuits qui vous permettront de booster votre confiance, r\u00e9ussir votre vie et bien plus encore\u2026\" \/>\n<meta name=\"twitter:image\" content=\"https:\/\/www.pnl.ch\/college-pnl\/wp-content\/uploads\/sites\/2\/2024\/02\/bases-pnl-1-1.jpg\" \/>\n<meta name=\"twitter:site\" content=\"@CollegeRomand\" \/>\n<meta name=\"twitter:label1\" content=\"Dur\u00e9e de lecture estim\u00e9e\" \/>\n\t<meta name=\"twitter:data1\" content=\"1 minute\" \/>\n<script type=\"application\/ld+json\" class=\"yoast-schema-graph\">{\"@context\":\"https:\\\/\\\/schema.org\",\"@graph\":[{\"@type\":\"WebPage\",\"@id\":\"https:\\\/\\\/www.pnl.ch\\\/college-pnl\\\/webinaires\\\/\",\"url\":\"https:\\\/\\\/www.pnl.ch\\\/college-pnl\\\/webinaires\\\/\",\"name\":\"Webinaires | Coll\u00e8ge PNL\",\"isPartOf\":{\"@id\":\"https:\\\/\\\/www.pnl.ch\\\/college-pnl\\\/#website\"},\"datePublished\":\"2020-04-06T09:54:32+00:00\",\"dateModified\":\"2024-09-26T10:32:00+00:00\",\"description\":\"D\u00e9couvrez tous nos webinaires gratuits qui vous permettront de booster votre confiance, r\u00e9ussir votre vie et bien plus encore\u2026\",\"breadcrumb\":{\"@id\":\"https:\\\/\\\/www.pnl.ch\\\/college-pnl\\\/webinaires\\\/#breadcrumb\"},\"inLanguage\":\"fr-FR\",\"potentialAction\":[{\"@type\":\"ReadAction\",\"target\":[\"https:\\\/\\\/www.pnl.ch\\\/college-pnl\\\/webinaires\\\/\"]}]},{\"@type\":\"BreadcrumbList\",\"@id\":\"https:\\\/\\\/www.pnl.ch\\\/college-pnl\\\/webinaires\\\/#breadcrumb\",\"itemListElement\":[{\"@type\":\"ListItem\",\"position\":1,\"name\":\"Accueil\",\"item\":\"https:\\\/\\\/www.pnl.ch\\\/college-pnl\\\/\"},{\"@type\":\"ListItem\",\"position\":2,\"name\":\"Webinaires\"}]},{\"@type\":\"WebSite\",\"@id\":\"https:\\\/\\\/www.pnl.ch\\\/college-pnl\\\/#website\",\"url\":\"https:\\\/\\\/www.pnl.ch\\\/college-pnl\\\/\",\"name\":\"Coll\u00e8ge PNL\",\"description\":\"Formations certifiantes en Programmation Neuro Linguistique (PNL)\",\"publisher\":{\"@id\":\"https:\\\/\\\/www.pnl.ch\\\/college-pnl\\\/#organization\"},\"potentialAction\":[{\"@type\":\"SearchAction\",\"target\":{\"@type\":\"EntryPoint\",\"urlTemplate\":\"https:\\\/\\\/www.pnl.ch\\\/college-pnl\\\/?s={search_term_string}\"},\"query-input\":{\"@type\":\"PropertyValueSpecification\",\"valueRequired\":true,\"valueName\":\"search_term_string\"}}],\"inLanguage\":\"fr-FR\"},{\"@type\":\"Organization\",\"@id\":\"https:\\\/\\\/www.pnl.ch\\\/college-pnl\\\/#organization\",\"name\":\"Coll\u00e8ge Romand - Centre de formation d'adultes S\u00e0rl\",\"url\":\"https:\\\/\\\/www.pnl.ch\\\/college-pnl\\\/\",\"logo\":{\"@type\":\"ImageObject\",\"inLanguage\":\"fr-FR\",\"@id\":\"https:\\\/\\\/www.pnl.ch\\\/college-pnl\\\/#\\\/schema\\\/logo\\\/image\\\/\",\"url\":\"https:\\\/\\\/www.pnl.ch\\\/college-pnl\\\/wp-content\\\/uploads\\\/sites\\\/2\\\/2017\\\/04\\\/college-pnl-logo-nc.png\",\"contentUrl\":\"https:\\\/\\\/www.pnl.ch\\\/college-pnl\\\/wp-content\\\/uploads\\\/sites\\\/2\\\/2017\\\/04\\\/college-pnl-logo-nc.png\",\"width\":314,\"height\":200,\"caption\":\"Coll\u00e8ge Romand - Centre de formation d'adultes S\u00e0rl\"},\"image\":{\"@id\":\"https:\\\/\\\/www.pnl.ch\\\/college-pnl\\\/#\\\/schema\\\/logo\\\/image\\\/\"},\"sameAs\":[\"https:\\\/\\\/www.facebook.com\\\/college.romand\\\/\",\"https:\\\/\\\/x.com\\\/CollegeRomand\",\"https:\\\/\\\/www.linkedin.com\\\/school\\\/college-romand\\\/\",\"https:\\\/\\\/www.instagram.com\\\/collegeromand\\\/\"]}]}<\/script>\n<!-- \/ Yoast SEO Premium plugin. -->","yoast_head_json":{"title":"Webinaires | Coll\u00e8ge PNL","description":"D\u00e9couvrez tous nos webinaires gratuits qui vous permettront de booster votre confiance, r\u00e9ussir votre vie et bien plus encore\u2026","robots":{"index":"index","follow":"follow","max-snippet":"max-snippet:-1","max-image-preview":"max-image-preview:large","max-video-preview":"max-video-preview:-1"},"canonical":"https:\/\/www.pnl.ch\/college-pnl\/webinaires\/","og_locale":"fr_FR","og_type":"article","og_title":"Webinaires gratuits au Coll\u00e8ge Romand","og_description":"D\u00e9couvrez tous nos webinaires gratuits qui vous permettront de booster votre confiance, r\u00e9ussir votre vie et bien plus encore\u2026","og_url":"https:\/\/www.pnl.ch\/college-pnl\/webinaires\/","og_site_name":"Coll\u00e8ge PNL","article_publisher":"https:\/\/www.facebook.com\/college.romand\/","article_modified_time":"2024-09-26T10:32:00+00:00","og_image":[{"width":800,"height":400,"url":"https:\/\/www.pnl.ch\/college-pnl\/wp-content\/uploads\/sites\/2\/2024\/02\/bases-pnl-1-1.jpg","type":"image\/jpeg"}],"twitter_card":"summary_large_image","twitter_title":"Webinaires gratuits au Coll\u00e8ge Romand","twitter_description":"D\u00e9couvrez tous nos webinaires gratuits qui vous permettront de booster votre confiance, r\u00e9ussir votre vie et bien plus encore\u2026","twitter_image":"https:\/\/www.pnl.ch\/college-pnl\/wp-content\/uploads\/sites\/2\/2024\/02\/bases-pnl-1-1.jpg","twitter_site":"@CollegeRomand","twitter_misc":{"Dur\u00e9e de lecture estim\u00e9e":"1 minute"},"schema":{"@context":"https:\/\/schema.org","@graph":[{"@type":"WebPage","@id":"https:\/\/www.pnl.ch\/college-pnl\/webinaires\/","url":"https:\/\/www.pnl.ch\/college-pnl\/webinaires\/","name":"Webinaires | Coll\u00e8ge PNL","isPartOf":{"@id":"https:\/\/www.pnl.ch\/college-pnl\/#website"},"datePublished":"2020-04-06T09:54:32+00:00","dateModified":"2024-09-26T10:32:00+00:00","description":"D\u00e9couvrez tous nos webinaires gratuits qui vous permettront de booster votre confiance, r\u00e9ussir votre vie et bien plus encore\u2026","breadcrumb":{"@id":"https:\/\/www.pnl.ch\/college-pnl\/webinaires\/#breadcrumb"},"inLanguage":"fr-FR","potentialAction":[{"@type":"ReadAction","target":["https:\/\/www.pnl.ch\/college-pnl\/webinaires\/"]}]},{"@type":"BreadcrumbList","@id":"https:\/\/www.pnl.ch\/college-pnl\/webinaires\/#breadcrumb","itemListElement":[{"@type":"ListItem","position":1,"name":"Accueil","item":"https:\/\/www.pnl.ch\/college-pnl\/"},{"@type":"ListItem","position":2,"name":"Webinaires"}]},{"@type":"WebSite","@id":"https:\/\/www.pnl.ch\/college-pnl\/#website","url":"https:\/\/www.pnl.ch\/college-pnl\/","name":"Coll\u00e8ge PNL","description":"Formations certifiantes en Programmation Neuro Linguistique (PNL)","publisher":{"@id":"https:\/\/www.pnl.ch\/college-pnl\/#organization"},"potentialAction":[{"@type":"SearchAction","target":{"@type":"EntryPoint","urlTemplate":"https:\/\/www.pnl.ch\/college-pnl\/?s={search_term_string}"},"query-input":{"@type":"PropertyValueSpecification","valueRequired":true,"valueName":"search_term_string"}}],"inLanguage":"fr-FR"},{"@type":"Organization","@id":"https:\/\/www.pnl.ch\/college-pnl\/#organization","name":"Coll\u00e8ge Romand - Centre de formation d'adultes S\u00e0rl","url":"https:\/\/www.pnl.ch\/college-pnl\/","logo":{"@type":"ImageObject","inLanguage":"fr-FR","@id":"https:\/\/www.pnl.ch\/college-pnl\/#\/schema\/logo\/image\/","url":"https:\/\/www.pnl.ch\/college-pnl\/wp-content\/uploads\/sites\/2\/2017\/04\/college-pnl-logo-nc.png","contentUrl":"https:\/\/www.pnl.ch\/college-pnl\/wp-content\/uploads\/sites\/2\/2017\/04\/college-pnl-logo-nc.png","width":314,"height":200,"caption":"Coll\u00e8ge Romand - Centre de formation d'adultes S\u00e0rl"},"image":{"@id":"https:\/\/www.pnl.ch\/college-pnl\/#\/schema\/logo\/image\/"},"sameAs":["https:\/\/www.facebook.com\/college.romand\/","https:\/\/x.com\/CollegeRomand","https:\/\/www.linkedin.com\/school\/college-romand\/","https:\/\/www.instagram.com\/collegeromand\/"]}]}},"_links":{"self":[{"href":"https:\/\/www.pnl.ch\/college-pnl\/wp-json\/wp\/v2\/pages\/1933","targetHints":{"allow":["GET"]}}],"collection":[{"href":"https:\/\/www.pnl.ch\/college-pnl\/wp-json\/wp\/v2\/pages"}],"about":[{"href":"https:\/\/www.pnl.ch\/college-pnl\/wp-json\/wp\/v2\/types\/page"}],"author":[{"embeddable":true,"href":"https:\/\/www.pnl.ch\/college-pnl\/wp-json\/wp\/v2\/users\/36"}],"replies":[{"embeddable":true,"href":"https:\/\/www.pnl.ch\/college-pnl\/wp-json\/wp\/v2\/comments?post=1933"}],"version-history":[{"count":6,"href":"https:\/\/www.pnl.ch\/college-pnl\/wp-json\/wp\/v2\/pages\/1933\/revisions"}],"predecessor-version":[{"id":2662,"href":"https:\/\/www.pnl.ch\/college-pnl\/wp-json\/wp\/v2\/pages\/1933\/revisions\/2662"}],"wp:attachment":[{"href":"https:\/\/www.pnl.ch\/college-pnl\/wp-json\/wp\/v2\/media?parent=1933"}],"curies":[{"name":"wp","href":"https:\/\/api.w.org\/{rel}","templated":true}]}}