{"id":89,"date":"2017-04-06T13:27:52","date_gmt":"2017-04-06T11:27:52","guid":{"rendered":"https:\/\/www.pnl.ch\/college-pnl\/?page_id=89"},"modified":"2025-05-19T08:42:03","modified_gmt":"2025-05-19T06:42:03","slug":"croyances-depasser-les-limites","status":"publish","type":"page","link":"https:\/\/www.pnl.ch\/college-pnl\/seminaires\/croyances-depasser-les-limites\/","title":{"rendered":"Croyances: d\u00e9passer les limites"},"content":{"rendered":"<div class=\"wpb-content-wrapper\"><p>[vc_row margin_top=\u00a0\u00bb-20&Prime;][vc_column width=\u00a0\u00bb1\/4&Prime;][vc_single_image image=\u00a0\u00bb44&Prime; img_size=\u00a0\u00bb250&#215;250&Prime; css_animation=\u00a0\u00bbzoomIn\u00a0\u00bb][\/vc_column][vc_column width=\u00a0\u00bb3\/4&Prime;][vc_column_text css=\u00a0\u00bb\u00a0\u00bb]<\/p>\n<p class=\"date-formation\">Les 13 et 14 juin 2026<\/p>\n<p class=\"date-formation\"><strong>En \u00e9largissant notre fa\u00e7on de penser, nous pouvons d\u00e9passer les limites que nous nous mettons habituellement sur nous-m\u00eames.<\/strong><\/p>\n<h3>Les obstacles \u00e0 notre bien-\u00eatre et notre \u00e9panouissement personnel viennent plus souvent de notre fa\u00e7on de percevoir le monde autour de nous.<\/h3>\n<p>Ancr\u00e9s depuis la plus tendre enfance, certains comportements ont pris racine et se sont install\u00e9s. Depuis, ils fonctionnent en pilote automatique et <strong>il est parfois difficile de s\u2019en d\u00e9barrasser<\/strong>.<\/p>\n<p>Dans ce s\u00e9minaire, vous apprendrez \u00e0 identifier, \u00e0 partir de la structure linguistique, les m\u00e9canismes sous-jacents qui forgent notre identit\u00e9. <strong>De puissantes techniques vous permettront de briser ces cha\u00eenes et r\u00e9soudre le conflit interne<\/strong>.<\/p>\n<p>Dans le Praticien en PNL, vous avez exp\u00e9riment\u00e9 avec la technique du changement d\u2019histoire de vie. Ce s\u00e9minaire passe \u00e0 la vitesse sup\u00e9rieure et <strong>entre en profondeur dans un syst\u00e8me de croyances pour le transformer en nouvelles ressources<\/strong>.[\/vc_column_text][vc_btn title=\u00a0\u00bbVous inscrire\u00a0\u00bb color=\u00a0\u00bbinfo\u00a0\u00bb align=\u00a0\u00bbleft\u00a0\u00bb css=\u00a0\u00bb\u00a0\u00bb link=\u00a0\u00bburl:https%3A%2F%2Fwww.pnl.ch%2Fcollege-pnl%2Finscription\u00a0\u00bb][\/vc_column][\/vc_row][vc_row margin_top=\u00a0\u00bb40&Prime; margin_bottom=\u00a0\u00bb40&Prime;][vc_column][vc_tta_tabs style=\u00a0\u00bbmodern\u00a0\u00bb spacing=\u00a0\u00bb4&Prime; gap=\u00a0\u00bb4&Prime; active_section=\u00a0\u00bb1&Prime;][vc_tta_section title=\u00a0\u00bbObjectifs\u00a0\u00bb tab_id=\u00a0\u00bb1499945070803-0282420c-dfbd\u00a0\u00bb][vc_column_text]<\/p>\n<ul class=\"puce-pnl\">\n<li>Identifier les principes des croyances, telles qu\u2019on les d\u00e9finit en PNL.<\/li>\n<li>Reconna\u00eetre les croyances lors des interventions.<\/li>\n<li>D\u00e9celer la manifestation d\u2019une croyance sous-jacente.<\/li>\n<li>Choisir l\u2019intervention utilisant une red\u00e9finition de croyance.<\/li>\n<li>Utiliser des interventions cisel\u00e9es par la PNL afin de red\u00e9finir les croyances.<\/li>\n<\/ul>\n<p>[\/vc_column_text][\/vc_tta_section][vc_tta_section title=\u00a0\u00bbContenus\u00a0\u00bb tab_id=\u00a0\u00bb1499945071004-642a2cac-6b7c\u00a0\u00bb][vc_column_text]<\/p>\n<ul class=\"puce-pnl\">\n<li>Le syst\u00e8me de croyances<\/li>\n<li>La r\u00e9empreinte<\/li>\n<li>La marche des croyances<\/li>\n<li>Le mod\u00e8le SCORE<\/li>\n<\/ul>\n<p>[\/vc_column_text][\/vc_tta_section][vc_tta_section title=\u00a0\u00bbM\u00e9thode\u00a0\u00bb tab_id=\u00a0\u00bb1499945190492-d1a9ab4a-3b16&Prime;][vc_column_text]<\/p>\n<h5 style=\"margin-top: 5px;\">Personnes concern\u00e9es<\/h5>\n<p>Les psychoth\u00e9rapeutes, les coachs\u00a0et\u00a0les psychologues. Les personnes travaillant dans un\u00a0domaine o\u00f9 vous avez besoin de communiquer constamment avec autrui.<\/p>\n<h5>P\u00e9dagogie<\/h5>\n<p>Notre approche\u00a0s&rsquo;inspire des techniques d\u2019apprentissage acc\u00e9l\u00e9r\u00e9. Elle favorise\u00a0l\u2019int\u00e9gration rapide des connaissances et des savoir-faire. Nous favorisons la mise en application imm\u00e9diate\u00a0des acquis gr\u00e2ce \u00e0 un\u00a0<a href=\"https:\/\/www.pnl.ch\/e-learning\/\">espace virtuel d\u2019apprentissage<\/a>.[\/vc_column_text][\/vc_tta_section][vc_tta_section title=\u00a0\u00bbInfos &amp; tarifs\u00a0\u00bb tab_id=\u00a0\u00bb1499945227489-d1e8fb18-f8e4&Prime;][vc_column_text]<\/p>\n<h5 style=\"margin-top: 5px;\">ANIMATION<\/h5>\n<p><a href=\"https:\/\/www.pnl.ch\/formateurs\/max-meulemans\/\">Max Meulemans<\/a><\/p>\n<h5>LANGUE<\/h5>\n<p>Fran\u00e7ais<\/p>\n<h5>PR\u00c9REQUIS<\/h5>\n<p><a href=\"https:\/\/www.pnl.ch\/college-pnl\/formations\/praticien-en-pnl\/\">Praticien en PNL<\/a><\/p>\n<h5>PRIX<\/h5>\n<p>CHF 747.-<\/p>\n<h5>LIEU<\/h5>\n<p>Centre de formation\u00a0<a href=\"https:\/\/www.pnl.ch\/lieux\/centre-de-formation-college-romand\/\">Coll\u00e8ge Romand<\/a>, Denges[\/vc_column_text][\/vc_tta_section][vc_tta_section title=\u00a0\u00bbEt apr\u00e8s?\u00a0\u00bb tab_id=\u00a0\u00bb1499945266092-9f66c54e-fe82&Prime;][vc_column_text]<\/p>\n<h5 style=\"margin-top: 5px;\">Ma\u00eetre Praticien en PNL<\/h5>\n<h3>Devenez un virtuose de la PNL gr\u00e2ce aux outils de personnalisation et un travail applicable au quotidien. Vous constaterez par vous-m\u00eame la performance dans vos interventions.<\/h3>\n<p>Dans le <a href=\"https:\/\/www.pnl.ch\/college-pnl\/formations\/praticien-en-pnl\/\">Praticien en PNL<\/a>, vous avez acquis de nombreux outils de communication et appris des techniques pour travailler sur le fonctionnement humain. Dans le <a href=\"https:\/\/www.pnl.ch\/college-pnl\/formations\/maitre-praticien-en-pnl\/\">Ma\u00eetre Praticien en PNL<\/a>, vous devenez un PNListe, capable de mod\u00e9liser naturellement.<\/p>\n<p>Vous \u00eates accompagn\u00e9 par un <a href=\"https:\/\/www.pnl.ch\/formateurs\/\" target=\"_blank\" rel=\"noopener noreferrer\">choix d&rsquo;experts<\/a> dans le domaine de la PNL, le coaching et l&rsquo;hypnose ericksonienne, plus de 100 ans d&rsquo;exp\u00e9rience cumul\u00e9e. Un nouveau programme combinant les piliers du <a href=\"https:\/\/www.pnl.ch\/college-pnl\/formations\/maitre-praticien-en-pnl\/\" target=\"_blank\" rel=\"noopener noreferrer\">Ma\u00eetre Praticien en PNL<\/a> et des domaines compl\u00e9mentaires, le tout pour vous permettre de cr\u00e9er des interventions sur mesure.<\/p>\n<p>En participant \u00e0 cette formation, vous b\u00e9n\u00e9ficiez de:<\/p>\n<ul class=\"puce-pnl\">\n<li>Un prix avantageux sur votre\u00a0<strong><a href=\"https:\/\/www.pnl.ch\/college-entreprise\/etes-vous-fait-pour-votre-travail\/\">profil professionnel L\u00e9onardo 3-4-5<\/a> avec un entretien de restitution<\/strong>.<\/li>\n<li>Un <strong>bilan de suivi \u00e9crit sur vos\u00a0comp\u00e9tences PNL<\/strong>\u00a0(si vous avez\u00a0particip\u00e9 au\u00a0<a href=\"https:\/\/www.pnl.ch\/college-pnl\/formations\/praticien-en-pnl\/\">Praticien en PNL<\/a> au Coll\u00e8ge Romand et encha\u00eenez directement avec le <a href=\"https:\/\/www.pnl.ch\/college-pnl\/formations\/maitre-praticien-en-pnl\/\">Ma\u00eetre Praticien en PNL<\/a>).<\/li>\n<li><strong>Deux coachings sur un travail pratique<\/strong> d&rsquo;application avec un formateur.<\/li>\n<\/ul>\n<p>Ce module, Croyances: d\u00e9passer les limites, fait partie de la formation de <a href=\"https:\/\/www.pnl.ch\/college-pnl\/formations\/maitre-praticien-en-pnl\/\">Ma\u00eetre Praticien en PNL<\/a>, certifi\u00e9e par la maison m\u00e8re aux USA\u202f:\u00a0<em>The Society of NLP<\/em>. Cette formation peut \u00eatre suivie par modules ou sur deux ans.<\/p>\n<p><a href=\"https:\/\/www.pnl.ch\/college-pnl\/formations\/maitre-praticien-en-pnl\/\"><strong>D\u00e9couvrez les plus de cette formation\u2026<\/strong><\/a>[\/vc_column_text][\/vc_tta_section][\/vc_tta_tabs][\/vc_column][\/vc_row][vc_row margin_top=\u00a0\u00bb50&Prime;][vc_column][vc_column_text css=\u00a0\u00bb\u00a0\u00bb]<strong>Nous vous conseillons volontiers sur cette formation, contactez directement le Coll\u00e8ge PNL au <a href=\"tel:+41227369862\">+41 22 736 98 62<\/a> les lundi, mardi, jeudi et vendredi.<\/strong>[\/vc_column_text][vc_btn title=\u00a0\u00bbVous inscrire\u00a0\u00bb color=\u00a0\u00bbinfo\u00a0\u00bb align=\u00a0\u00bbleft\u00a0\u00bb css=\u00a0\u00bb\u00a0\u00bb link=\u00a0\u00bburl:https%3A%2F%2Fwww.pnl.ch%2Fcollege-pnl%2Finscription\u00a0\u00bb][\/vc_column][\/vc_row][vc_column][\/vc_column]<\/p>\n<\/div>","protected":false},"excerpt":{"rendered":"<p>[vc_row margin_top=\u00a0\u00bb-20&Prime;][vc_column width=\u00a0\u00bb1\/4&Prime;][vc_single_image image=\u00a0\u00bb44&Prime; img_size=\u00a0\u00bb250&#215;250&Prime; css_animation=\u00a0\u00bbzoomIn\u00a0\u00bb][\/vc_column][vc_column width=\u00a0\u00bb3\/4&Prime;][vc_column_text css=\u00a0\u00bb\u00a0\u00bb] Les 13 et 14 juin 2026 En \u00e9largissant notre fa\u00e7on de penser, nous pouvons d\u00e9passer les limites que nous nous mettons habituellement sur nous-m\u00eames. Les obstacles \u00e0 notre bien-\u00eatre et notre \u00e9panouissement personnel viennent plus souvent de notre fa\u00e7on de percevoir le monde autour de nous. Ancr\u00e9s&hellip;<\/p>\n","protected":false},"author":1,"featured_media":44,"parent":74,"menu_order":0,"comment_status":"closed","ping_status":"closed","template":"","meta":{"_acf_changed":false,"footnotes":""},"class_list":["post-89","page","type-page","status-publish","has-post-thumbnail","hentry","description-off"],"acf":[],"yoast_head":"<!-- This site is optimized with the Yoast SEO Premium plugin v27.4 (Yoast SEO v27.4) - https:\/\/yoast.com\/product\/yoast-seo-premium-wordpress\/ -->\n<title>S\u00e9minaire | Croyances: d\u00e9passer les limites | Coll\u00e8ge PNL<\/title>\n<meta name=\"description\" content=\"De puissantes techniques de PNL vous permettront de briser les cha\u00eenes et r\u00e9soudre les conflits internes: Croyances: d\u00e9passer les limites.\" \/>\n<meta name=\"robots\" content=\"index, follow, max-snippet:-1, max-image-preview:large, max-video-preview:-1\" \/>\n<link rel=\"canonical\" href=\"https:\/\/www.pnl.ch\/college-pnl\/seminaires\/croyances-depasser-les-limites\/\" \/>\n<meta property=\"og:locale\" content=\"fr_FR\" \/>\n<meta property=\"og:type\" content=\"article\" \/>\n<meta property=\"og:title\" content=\"Croyances: d\u00e9passer les limites\" \/>\n<meta property=\"og:description\" content=\"De puissantes techniques de PNL vous permettront de briser les cha\u00eenes et r\u00e9soudre les conflits internes: Croyances: d\u00e9passer les limites.\" \/>\n<meta property=\"og:url\" content=\"https:\/\/www.pnl.ch\/college-pnl\/seminaires\/croyances-depasser-les-limites\/\" \/>\n<meta property=\"og:site_name\" content=\"Coll\u00e8ge PNL\" \/>\n<meta property=\"article:publisher\" content=\"https:\/\/www.facebook.com\/college.romand\/\" \/>\n<meta property=\"article:modified_time\" content=\"2025-05-19T06:42:03+00:00\" \/>\n<meta property=\"og:image\" content=\"http:\/\/www.pnl.ch\/college-pnl\/wp-content\/uploads\/sites\/2\/2024\/03\/croyances-jpg.webp\" \/>\n\t<meta property=\"og:image:width\" content=\"1200\" \/>\n\t<meta property=\"og:image:height\" content=\"675\" \/>\n\t<meta property=\"og:image:type\" content=\"image\/jpeg\" \/>\n<meta name=\"twitter:card\" content=\"summary_large_image\" \/>\n<meta name=\"twitter:description\" content=\"De puissantes techniques de PNL vous permettront de briser les cha\u00eenes et r\u00e9soudre les conflits internes: Croyances: d\u00e9passer les limites.\" \/>\n<meta name=\"twitter:site\" content=\"@CollegeRomand\" \/>\n<meta name=\"twitter:label1\" content=\"Dur\u00e9e de lecture estim\u00e9e\" \/>\n\t<meta name=\"twitter:data1\" content=\"4 minutes\" \/>\n<script type=\"application\/ld+json\" class=\"yoast-schema-graph\">{\"@context\":\"https:\\\/\\\/schema.org\",\"@graph\":[{\"@type\":\"WebPage\",\"@id\":\"https:\\\/\\\/www.pnl.ch\\\/college-pnl\\\/seminaires\\\/croyances-depasser-les-limites\\\/\",\"url\":\"https:\\\/\\\/www.pnl.ch\\\/college-pnl\\\/seminaires\\\/croyances-depasser-les-limites\\\/\",\"name\":\"S\u00e9minaire | Croyances: d\u00e9passer les limites | Coll\u00e8ge PNL\",\"isPartOf\":{\"@id\":\"https:\\\/\\\/www.pnl.ch\\\/college-pnl\\\/#website\"},\"primaryImageOfPage\":{\"@id\":\"https:\\\/\\\/www.pnl.ch\\\/college-pnl\\\/seminaires\\\/croyances-depasser-les-limites\\\/#primaryimage\"},\"image\":{\"@id\":\"https:\\\/\\\/www.pnl.ch\\\/college-pnl\\\/seminaires\\\/croyances-depasser-les-limites\\\/#primaryimage\"},\"thumbnailUrl\":\"https:\\\/\\\/www.pnl.ch\\\/college-pnl\\\/wp-content\\\/uploads\\\/sites\\\/2\\\/2017\\\/04\\\/croyances.jpg\",\"datePublished\":\"2017-04-06T11:27:52+00:00\",\"dateModified\":\"2025-05-19T06:42:03+00:00\",\"description\":\"De puissantes techniques de PNL vous permettront de briser les cha\u00eenes et r\u00e9soudre les conflits internes: Croyances: d\u00e9passer les limites.\",\"breadcrumb\":{\"@id\":\"https:\\\/\\\/www.pnl.ch\\\/college-pnl\\\/seminaires\\\/croyances-depasser-les-limites\\\/#breadcrumb\"},\"inLanguage\":\"fr-FR\",\"potentialAction\":[{\"@type\":\"ReadAction\",\"target\":[\"https:\\\/\\\/www.pnl.ch\\\/college-pnl\\\/seminaires\\\/croyances-depasser-les-limites\\\/\"]}]},{\"@type\":\"ImageObject\",\"inLanguage\":\"fr-FR\",\"@id\":\"https:\\\/\\\/www.pnl.ch\\\/college-pnl\\\/seminaires\\\/croyances-depasser-les-limites\\\/#primaryimage\",\"url\":\"https:\\\/\\\/www.pnl.ch\\\/college-pnl\\\/wp-content\\\/uploads\\\/sites\\\/2\\\/2017\\\/04\\\/croyances.jpg\",\"contentUrl\":\"https:\\\/\\\/www.pnl.ch\\\/college-pnl\\\/wp-content\\\/uploads\\\/sites\\\/2\\\/2017\\\/04\\\/croyances.jpg\",\"width\":300,\"height\":300,\"caption\":\"S\u00e9minaire Croyances: d\u00e9passer les limites\"},{\"@type\":\"BreadcrumbList\",\"@id\":\"https:\\\/\\\/www.pnl.ch\\\/college-pnl\\\/seminaires\\\/croyances-depasser-les-limites\\\/#breadcrumb\",\"itemListElement\":[{\"@type\":\"ListItem\",\"position\":1,\"name\":\"Accueil\",\"item\":\"https:\\\/\\\/www.pnl.ch\\\/college-pnl\\\/\"},{\"@type\":\"ListItem\",\"position\":2,\"name\":\"Seminaires\",\"item\":\"http:\\\/\\\/www.pnl.ch\\\/college-pnl\\\/seminaires\\\/\"},{\"@type\":\"ListItem\",\"position\":3,\"name\":\"Croyances: d\u00e9passer les limites\"}]},{\"@type\":\"WebSite\",\"@id\":\"https:\\\/\\\/www.pnl.ch\\\/college-pnl\\\/#website\",\"url\":\"https:\\\/\\\/www.pnl.ch\\\/college-pnl\\\/\",\"name\":\"Coll\u00e8ge PNL\",\"description\":\"Formations certifiantes en Programmation Neuro Linguistique (PNL)\",\"publisher\":{\"@id\":\"https:\\\/\\\/www.pnl.ch\\\/college-pnl\\\/#organization\"},\"potentialAction\":[{\"@type\":\"SearchAction\",\"target\":{\"@type\":\"EntryPoint\",\"urlTemplate\":\"https:\\\/\\\/www.pnl.ch\\\/college-pnl\\\/?s={search_term_string}\"},\"query-input\":{\"@type\":\"PropertyValueSpecification\",\"valueRequired\":true,\"valueName\":\"search_term_string\"}}],\"inLanguage\":\"fr-FR\"},{\"@type\":\"Organization\",\"@id\":\"https:\\\/\\\/www.pnl.ch\\\/college-pnl\\\/#organization\",\"name\":\"Coll\u00e8ge Romand - Centre de formation d'adultes S\u00e0rl\",\"url\":\"https:\\\/\\\/www.pnl.ch\\\/college-pnl\\\/\",\"logo\":{\"@type\":\"ImageObject\",\"inLanguage\":\"fr-FR\",\"@id\":\"https:\\\/\\\/www.pnl.ch\\\/college-pnl\\\/#\\\/schema\\\/logo\\\/image\\\/\",\"url\":\"https:\\\/\\\/www.pnl.ch\\\/college-pnl\\\/wp-content\\\/uploads\\\/sites\\\/2\\\/2017\\\/04\\\/college-pnl-logo-nc.png\",\"contentUrl\":\"https:\\\/\\\/www.pnl.ch\\\/college-pnl\\\/wp-content\\\/uploads\\\/sites\\\/2\\\/2017\\\/04\\\/college-pnl-logo-nc.png\",\"width\":314,\"height\":200,\"caption\":\"Coll\u00e8ge Romand - Centre de formation d'adultes S\u00e0rl\"},\"image\":{\"@id\":\"https:\\\/\\\/www.pnl.ch\\\/college-pnl\\\/#\\\/schema\\\/logo\\\/image\\\/\"},\"sameAs\":[\"https:\\\/\\\/www.facebook.com\\\/college.romand\\\/\",\"https:\\\/\\\/x.com\\\/CollegeRomand\",\"https:\\\/\\\/www.linkedin.com\\\/school\\\/college-romand\\\/\",\"https:\\\/\\\/www.instagram.com\\\/collegeromand\\\/\"]}]}<\/script>\n<!-- \/ Yoast SEO Premium plugin. -->","yoast_head_json":{"title":"S\u00e9minaire | Croyances: d\u00e9passer les limites | Coll\u00e8ge PNL","description":"De puissantes techniques de PNL vous permettront de briser les cha\u00eenes et r\u00e9soudre les conflits internes: Croyances: d\u00e9passer les limites.","robots":{"index":"index","follow":"follow","max-snippet":"max-snippet:-1","max-image-preview":"max-image-preview:large","max-video-preview":"max-video-preview:-1"},"canonical":"https:\/\/www.pnl.ch\/college-pnl\/seminaires\/croyances-depasser-les-limites\/","og_locale":"fr_FR","og_type":"article","og_title":"Croyances: d\u00e9passer les limites","og_description":"De puissantes techniques de PNL vous permettront de briser les cha\u00eenes et r\u00e9soudre les conflits internes: Croyances: d\u00e9passer les limites.","og_url":"https:\/\/www.pnl.ch\/college-pnl\/seminaires\/croyances-depasser-les-limites\/","og_site_name":"Coll\u00e8ge PNL","article_publisher":"https:\/\/www.facebook.com\/college.romand\/","article_modified_time":"2025-05-19T06:42:03+00:00","og_image":[{"width":1200,"height":675,"url":"http:\/\/www.pnl.ch\/college-pnl\/wp-content\/uploads\/sites\/2\/2024\/03\/croyances-jpg.webp","type":"image\/jpeg"}],"twitter_card":"summary_large_image","twitter_description":"De puissantes techniques de PNL vous permettront de briser les cha\u00eenes et r\u00e9soudre les conflits internes: Croyances: d\u00e9passer les limites.","twitter_site":"@CollegeRomand","twitter_misc":{"Dur\u00e9e de lecture estim\u00e9e":"4 minutes"},"schema":{"@context":"https:\/\/schema.org","@graph":[{"@type":"WebPage","@id":"https:\/\/www.pnl.ch\/college-pnl\/seminaires\/croyances-depasser-les-limites\/","url":"https:\/\/www.pnl.ch\/college-pnl\/seminaires\/croyances-depasser-les-limites\/","name":"S\u00e9minaire | Croyances: d\u00e9passer les limites | Coll\u00e8ge PNL","isPartOf":{"@id":"https:\/\/www.pnl.ch\/college-pnl\/#website"},"primaryImageOfPage":{"@id":"https:\/\/www.pnl.ch\/college-pnl\/seminaires\/croyances-depasser-les-limites\/#primaryimage"},"image":{"@id":"https:\/\/www.pnl.ch\/college-pnl\/seminaires\/croyances-depasser-les-limites\/#primaryimage"},"thumbnailUrl":"https:\/\/www.pnl.ch\/college-pnl\/wp-content\/uploads\/sites\/2\/2017\/04\/croyances.jpg","datePublished":"2017-04-06T11:27:52+00:00","dateModified":"2025-05-19T06:42:03+00:00","description":"De puissantes techniques de PNL vous permettront de briser les cha\u00eenes et r\u00e9soudre les conflits internes: Croyances: d\u00e9passer les limites.","breadcrumb":{"@id":"https:\/\/www.pnl.ch\/college-pnl\/seminaires\/croyances-depasser-les-limites\/#breadcrumb"},"inLanguage":"fr-FR","potentialAction":[{"@type":"ReadAction","target":["https:\/\/www.pnl.ch\/college-pnl\/seminaires\/croyances-depasser-les-limites\/"]}]},{"@type":"ImageObject","inLanguage":"fr-FR","@id":"https:\/\/www.pnl.ch\/college-pnl\/seminaires\/croyances-depasser-les-limites\/#primaryimage","url":"https:\/\/www.pnl.ch\/college-pnl\/wp-content\/uploads\/sites\/2\/2017\/04\/croyances.jpg","contentUrl":"https:\/\/www.pnl.ch\/college-pnl\/wp-content\/uploads\/sites\/2\/2017\/04\/croyances.jpg","width":300,"height":300,"caption":"S\u00e9minaire Croyances: d\u00e9passer les limites"},{"@type":"BreadcrumbList","@id":"https:\/\/www.pnl.ch\/college-pnl\/seminaires\/croyances-depasser-les-limites\/#breadcrumb","itemListElement":[{"@type":"ListItem","position":1,"name":"Accueil","item":"https:\/\/www.pnl.ch\/college-pnl\/"},{"@type":"ListItem","position":2,"name":"Seminaires","item":"http:\/\/www.pnl.ch\/college-pnl\/seminaires\/"},{"@type":"ListItem","position":3,"name":"Croyances: d\u00e9passer les limites"}]},{"@type":"WebSite","@id":"https:\/\/www.pnl.ch\/college-pnl\/#website","url":"https:\/\/www.pnl.ch\/college-pnl\/","name":"Coll\u00e8ge PNL","description":"Formations certifiantes en Programmation Neuro Linguistique (PNL)","publisher":{"@id":"https:\/\/www.pnl.ch\/college-pnl\/#organization"},"potentialAction":[{"@type":"SearchAction","target":{"@type":"EntryPoint","urlTemplate":"https:\/\/www.pnl.ch\/college-pnl\/?s={search_term_string}"},"query-input":{"@type":"PropertyValueSpecification","valueRequired":true,"valueName":"search_term_string"}}],"inLanguage":"fr-FR"},{"@type":"Organization","@id":"https:\/\/www.pnl.ch\/college-pnl\/#organization","name":"Coll\u00e8ge Romand - Centre de formation d'adultes S\u00e0rl","url":"https:\/\/www.pnl.ch\/college-pnl\/","logo":{"@type":"ImageObject","inLanguage":"fr-FR","@id":"https:\/\/www.pnl.ch\/college-pnl\/#\/schema\/logo\/image\/","url":"https:\/\/www.pnl.ch\/college-pnl\/wp-content\/uploads\/sites\/2\/2017\/04\/college-pnl-logo-nc.png","contentUrl":"https:\/\/www.pnl.ch\/college-pnl\/wp-content\/uploads\/sites\/2\/2017\/04\/college-pnl-logo-nc.png","width":314,"height":200,"caption":"Coll\u00e8ge Romand - Centre de formation d'adultes S\u00e0rl"},"image":{"@id":"https:\/\/www.pnl.ch\/college-pnl\/#\/schema\/logo\/image\/"},"sameAs":["https:\/\/www.facebook.com\/college.romand\/","https:\/\/x.com\/CollegeRomand","https:\/\/www.linkedin.com\/school\/college-romand\/","https:\/\/www.instagram.com\/collegeromand\/"]}]}},"_links":{"self":[{"href":"https:\/\/www.pnl.ch\/college-pnl\/wp-json\/wp\/v2\/pages\/89","targetHints":{"allow":["GET"]}}],"collection":[{"href":"https:\/\/www.pnl.ch\/college-pnl\/wp-json\/wp\/v2\/pages"}],"about":[{"href":"https:\/\/www.pnl.ch\/college-pnl\/wp-json\/wp\/v2\/types\/page"}],"author":[{"embeddable":true,"href":"https:\/\/www.pnl.ch\/college-pnl\/wp-json\/wp\/v2\/users\/1"}],"replies":[{"embeddable":true,"href":"https:\/\/www.pnl.ch\/college-pnl\/wp-json\/wp\/v2\/comments?post=89"}],"version-history":[{"count":17,"href":"https:\/\/www.pnl.ch\/college-pnl\/wp-json\/wp\/v2\/pages\/89\/revisions"}],"predecessor-version":[{"id":3211,"href":"https:\/\/www.pnl.ch\/college-pnl\/wp-json\/wp\/v2\/pages\/89\/revisions\/3211"}],"up":[{"embeddable":true,"href":"https:\/\/www.pnl.ch\/college-pnl\/wp-json\/wp\/v2\/pages\/74"}],"wp:featuredmedia":[{"embeddable":true,"href":"https:\/\/www.pnl.ch\/college-pnl\/wp-json\/wp\/v2\/media\/44"}],"wp:attachment":[{"href":"https:\/\/www.pnl.ch\/college-pnl\/wp-json\/wp\/v2\/media?parent=89"}],"curies":[{"name":"wp","href":"https:\/\/api.w.org\/{rel}","templated":true}]}}