{"id":919,"date":"2017-07-27T15:32:46","date_gmt":"2017-07-27T13:32:46","guid":{"rendered":"https:\/\/www.pnl.ch\/college-pnl\/?page_id=919"},"modified":"2025-01-13T08:28:16","modified_gmt":"2025-01-13T07:28:16","slug":"reussir-vos-projets","status":"publish","type":"page","link":"https:\/\/www.pnl.ch\/college-pnl\/seminaires\/reussir-vos-projets\/","title":{"rendered":"R\u00e9ussir vos projets avec la PNL"},"content":{"rendered":"<div class=\"wpb-content-wrapper\"><p>[vc_row margin_top=\u00a0\u00bb-20&Prime;][vc_column width=\u00a0\u00bb1\/4&Prime;][vc_single_image image=\u00a0\u00bb2310&Prime; img_size=\u00a0\u00bb250&#215;250&Prime; css_animation=\u00a0\u00bbzoomIn\u00a0\u00bb][\/vc_column][vc_column width=\u00a0\u00bb3\/4&Prime;][vc_column_text css=\u00a0\u00bb\u00a0\u00bb]<\/p>\n<p class=\"date-formation\">Du 24 au 25 janvier 2026<\/p>\n<p>Ce s\u00e9minaire s\u2019appuie sur la m\u00e9thodologie PNL en l\u2019adaptant au processus de conduite de projet. Que ce soit un projet personnel ou professionnel, vous obtiendrez des outils pour passer du r\u00eave \u00e0 l\u2019aboutissement. Vous vous appuierez sur un vrai projet personnel \u00e0 concr\u00e9tiser.<\/p>\n<h3>Une occasion de d\u00e9couvrir comment appliquer la PNL dans tout vos projets.<\/h3>\n<p>[\/vc_column_text][vc_btn title=\u00a0\u00bbVous inscrire\u00a0\u00bb color=\u00a0\u00bbinfo\u00a0\u00bb align=\u00a0\u00bbleft\u00a0\u00bb css=\u00a0\u00bb\u00a0\u00bb link=\u00a0\u00bburl:https%3A%2F%2Fwww.pnl.ch%2Fcollege-pnl%2Finscription\u00a0\u00bb][\/vc_column][\/vc_row][vc_row margin_top=\u00a0\u00bb40&Prime; margin_bottom=\u00a0\u00bb40&Prime;][vc_column][vc_tta_tabs style=\u00a0\u00bbmodern\u00a0\u00bb spacing=\u00a0\u00bb4&Prime; gap=\u00a0\u00bb4&Prime; active_section=\u00a0\u00bb1&Prime;][vc_tta_section title=\u00a0\u00bbObjectifs\u00a0\u00bb tab_id=\u00a0\u00bbprojets-objectifs\u00a0\u00bb][vc_column_text]<\/p>\n<ul class=\"puce-entreprise\">\n<li>Savoir conduire les diff\u00e9rentes \u00e9tapes d\u2019un projet de la faisabilit\u00e9 \u00e0 la r\u00e9alisation.<\/li>\n<li>Savoir communiquer, informer et dialoguer avec l\u2019ensemble des parties prenantes d\u2019un projet.<\/li>\n<li>Solliciter et adh\u00e9rer aux attitudes et comportements indispensables \u00e0 la dynamique d\u2019un projet.<\/li>\n<li>Utiliser les techniques et outils permettant efficacit\u00e9 et performance.<\/li>\n<li>Mobiliser les ressources n\u00e9cessaires face au obstacles et contraintes sur le chemin de la r\u00e9alisation du projet.<\/li>\n<\/ul>\n<p>[\/vc_column_text][\/vc_tta_section][vc_tta_section title=\u00a0\u00bbContenus\u00a0\u00bb tab_id=\u00a0\u00bbprojets-contenus\u00a0\u00bb][vc_column_text]<\/p>\n<ul class=\"puce-entreprise\">\n<li>Les pr\u00e9suppos\u00e9s utiles \u00e0 la r\u00e9ussite d\u2019un projet.<\/li>\n<li>Faire \u00e9merger la vision du projet.<\/li>\n<li>Cr\u00e9er un SCOPE du projet congruent et cr\u00e9dible.<\/li>\n<li>Analyse de la faisabilit\u00e9 d\u2019un projet.<\/li>\n<li>Comprendre la notion du temps dans la conduite d\u2019un projet.<\/li>\n<li>Utiliser le cadre de r\u00e9sultat pour mieux ma\u00eetriser les jalons d\u2019un projet.<\/li>\n<li>Le processus d\u2019alignement du leadership d\u2019un projet.<\/li>\n<li>Conduire des plans d\u2019action avec le mod\u00e8le des 4 m\u00e2ts.<\/li>\n<li>Les strat\u00e9gies d\u2019une communication gagnantes .<\/li>\n<li>L\u2019implication \u00ab\u202ft\u00eate, c\u0153ur, corps\u202f\u00bb.<\/li>\n<li>Le processus dynamique d\u2019un projet.<\/li>\n<li>La cr\u00e9ativit\u00e9 productive utile \u00e0 la conduite du projet.<\/li>\n<li>Agir et d\u00e9cider utile \u00e0 mon leadership.<\/li>\n<li>Conduire des r\u00e9unions productives.<\/li>\n<li>La dynamique des 3C \u00e0 mobiliser une \u00e9quipe projet.<\/li>\n<li>Mobiliser mes ressources face au monde VUCA.<\/li>\n<\/ul>\n<p>[\/vc_column_text][\/vc_tta_section][vc_tta_section title=\u00a0\u00bbM\u00e9thode\u00a0\u00bb tab_id=\u00a0\u00bbprojets-methode\u00a0\u00bb][vc_column_text]<\/p>\n<h5 style=\"margin-top: 5px\">Personnes concern\u00e9es<\/h5>\n<p>Toute personne qui souhaite obtenir une meilleure ma\u00eetrise dans la r\u00e9ussite de ses projets.<\/p>\n<h5>P\u00e9dagogie<\/h5>\n<p>Notre approche favorise l&rsquo;apprentissage acc\u00e9l\u00e9r\u00e9 et l&rsquo;int\u00e9gration. Nous favorisons la mise en pratique des acquis au quotidien gr\u00e2ce \u00e0 un <a href=\"https:\/\/www.pnl.ch\/e-learning\/\">espace virtuel d\u2019apprentissage<\/a>.<\/p>\n<ul class=\"puce-entreprise\">\n<li>Pr\u00e9sentation de concepts et outils pragmatique.<\/li>\n<li>Entra\u00eenement d\u2019exercices au sein du groupe.<\/li>\n<li>Utilisation d\u2019un cas pratique ou \/ et d\u2019un cas personnel.<\/li>\n<\/ul>\n<p>[\/vc_column_text][\/vc_tta_section][vc_tta_section title=\u00a0\u00bbInfos &amp; tarifs\u00a0\u00bb tab_id=\u00a0\u00bbprojets-infos\u00a0\u00bb][vc_column_text]<\/p>\n<h5 style=\"margin-top: 5px\">ANIMATION<\/h5>\n<p><a title=\"Roger Blumenthal\" href=\"https:\/\/www.pnl.ch\/formateurs\/roger-blumenthal\/\" target=\"_blank\" rel=\"noopener noreferrer\">Roger Blumenthal<\/a><\/p>\n<h5>PR\u00c9REQUIS<\/h5>\n<p>Aucun<\/p>\n<h5>PRIX<\/h5>\n<p>CHF 747.-<\/p>\n<h5>LIEU<\/h5>\n<p>Centre de formation\u00a0<a title=\"Centre de formation du Coll\u00e8ge Romand\" href=\"https:\/\/www.pnl.ch\/lieux\/centre-de-formation-college-romand\/\" target=\"_blank\" rel=\"noopener noreferrer\">Coll\u00e8ge Romand<\/a>, Denges[\/vc_column_text][\/vc_tta_section][vc_tta_section title=\u00a0\u00bbEt apr\u00e8s?\u00a0\u00bb tab_id=\u00a0\u00bb1522307917318-a73611cd-582f\u00a0\u00bb][vc_column_text]<\/p>\n<h5 style=\"margin-top: 5px\">Ma\u00eetre Praticien en PNL<\/h5>\n<h3>Devenez un virtuose de la PNL gr\u00e2ce aux outils de personnalisation et un travail applicable au quotidien. Vous constaterez par vous-m\u00eame la performance dans vos interventions.<\/h3>\n<p>Dans le <a href=\"https:\/\/www.pnl.ch\/college-pnl\/formations\/praticien-en-pnl\/\">Praticien en PNL<\/a>, vous avez acquis de nombreux outils de communication et appris des techniques pour travailler sur le fonctionnement humain. Dans le <a href=\"https:\/\/www.pnl.ch\/college-pnl\/formations\/maitre-praticien-en-pnl\/\">Ma\u00eetre Praticien en PNL<\/a>, vous devenez un PNListe, capable de mod\u00e9liser naturellement.<\/p>\n<p>Vous \u00eates accompagn\u00e9 par un <a href=\"https:\/\/www.pnl.ch\/formateurs\/\" target=\"_blank\" rel=\"noopener noreferrer\">choix d&rsquo;experts<\/a> dans le domaine de la PNL, le coaching et l&rsquo;hypnose ericksonienne, plus de 100 ans d&rsquo;exp\u00e9rience cumul\u00e9e. Un nouveau programme combinant les piliers du <a href=\"https:\/\/www.pnl.ch\/college-pnl\/formations\/maitre-praticien-en-pnl\/\" target=\"_blank\" rel=\"noopener noreferrer\">Ma\u00eetre Praticien en PNL<\/a> et des domaines compl\u00e9mentaires, le tout pour vous permettre de cr\u00e9er des interventions sur mesure.<\/p>\n<p>En participant \u00e0 cette formation, vous b\u00e9n\u00e9ficiez de:<\/p>\n<ul class=\"puce-pnl\">\n<li>Un prix avantageux sur votre\u00a0<strong><a href=\"https:\/\/www.pnl.ch\/college-entreprise\/etes-vous-fait-pour-votre-travail\/\">profil professionnel L\u00e9onardo 3-4-5<\/a> avec un entretien de restitution<\/strong>.<\/li>\n<li>Un <strong>bilan de suivi \u00e9crit sur vos\u00a0comp\u00e9tences PNL<\/strong>\u00a0(si vous avez\u00a0particip\u00e9 au\u00a0<a href=\"https:\/\/www.pnl.ch\/college-pnl\/formations\/praticien-en-pnl\/\">Praticien en PNL<\/a> au Coll\u00e8ge Romand et encha\u00eenez directement avec le <a href=\"https:\/\/www.pnl.ch\/college-pnl\/formations\/maitre-praticien-en-pnl\/\">Ma\u00eetre Praticien en PNL<\/a>).<\/li>\n<li><strong>Deux coachings sur un travail pratique<\/strong> d&rsquo;application avec un formateur.<\/li>\n<\/ul>\n<p>Ce module, PNL en entreprise, fait partie de la formation de <a href=\"https:\/\/www.pnl.ch\/college-pnl\/formations\/maitre-praticien-en-pnl\/\">Ma\u00eetre Praticien en PNL<\/a>, certifi\u00e9e par la maison m\u00e8re aux USA\u202f:\u00a0<em>The Society of NLP<\/em>. Cette formation peut \u00eatre suivie par modules ou sur deux ans.<\/p>\n<p><a href=\"https:\/\/www.pnl.ch\/college-pnl\/formations\/maitre-praticien-en-pnl\/\"><strong>D\u00e9couvrez les plus de cette formation\u2026<\/strong><\/a>[\/vc_column_text][\/vc_tta_section][\/vc_tta_tabs][\/vc_column][\/vc_row][vc_row margin_top=\u00a0\u00bb50&Prime;][vc_column][vc_column_text css=\u00a0\u00bb\u00a0\u00bb]Nous vous conseillons volontiers sur cette formation, contactez directement le Coll\u00e8ge PNL au <a href=\"tel:+41227369862\">+41 22 736 98 62<\/a> les lundi, mardi, jeudi et vendredi ou <a href=\"https:\/\/www.pnl.ch\/college-pnl\/entretien-d-orientation\">r\u00e9servez un entretien d&rsquo;orientation gratuit<\/a>.<br \/>\n[\/vc_column_text][vc_btn title=\u00a0\u00bbVous inscrire\u00a0\u00bb color=\u00a0\u00bbinfo\u00a0\u00bb align=\u00a0\u00bbleft\u00a0\u00bb css=\u00a0\u00bb\u00a0\u00bb link=\u00a0\u00bburl:https%3A%2F%2Fwww.pnl.ch%2Fcollege-pnl%2Finscription\u00a0\u00bb][\/vc_column][\/vc_row][vc_column][\/vc_column]<\/p>\n<\/div>","protected":false},"excerpt":{"rendered":"<p>[vc_row margin_top=\u00a0\u00bb-20&Prime;][vc_column width=\u00a0\u00bb1\/4&Prime;][vc_single_image image=\u00a0\u00bb2310&Prime; img_size=\u00a0\u00bb250&#215;250&Prime; css_animation=\u00a0\u00bbzoomIn\u00a0\u00bb][\/vc_column][vc_column width=\u00a0\u00bb3\/4&Prime;][vc_column_text css=\u00a0\u00bb\u00a0\u00bb] Du 24 au 25 janvier 2026 Ce s\u00e9minaire s\u2019appuie sur la m\u00e9thodologie PNL en l\u2019adaptant au processus de conduite de projet. Que ce soit un projet personnel ou professionnel, vous obtiendrez des outils pour passer du r\u00eave \u00e0 l\u2019aboutissement. Vous vous appuierez sur un vrai projet personnel&hellip;<\/p>\n","protected":false},"author":1,"featured_media":2310,"parent":74,"menu_order":0,"comment_status":"closed","ping_status":"closed","template":"","meta":{"_acf_changed":false,"footnotes":""},"class_list":["post-919","page","type-page","status-publish","has-post-thumbnail","hentry","description-off"],"acf":[],"yoast_head":"<!-- This site is optimized with the Yoast SEO Premium plugin v26.9 (Yoast SEO v26.9) - https:\/\/yoast.com\/product\/yoast-seo-premium-wordpress\/ -->\n<title>R\u00e9ussir vos projets avec la PNL | Coll\u00e8ge PNL<\/title>\n<meta name=\"description\" content=\"S\u00e9minaire pour d\u00e9couvrir comment appliquer la PNL dans le domaine de la gestion de projets. Vous travaillerez sur un vrai projet personnel\" \/>\n<meta name=\"robots\" content=\"index, follow, max-snippet:-1, max-image-preview:large, max-video-preview:-1\" \/>\n<link rel=\"canonical\" href=\"https:\/\/www.pnl.ch\/college-pnl\/seminaires\/reussir-vos-projets\/\" \/>\n<meta property=\"og:locale\" content=\"fr_FR\" \/>\n<meta property=\"og:type\" content=\"article\" \/>\n<meta property=\"og:title\" content=\"R\u00e9ussir vos projets avec la PNL | Coll\u00e8ge PNL | Coll\u00e8ge Romand\" \/>\n<meta property=\"og:description\" content=\"S\u00e9minaire pour d\u00e9couvrir comment appliquer la PNL dans le domaine de la gestion de projets. Vous travaillerez sur un vrai projet personnel\" \/>\n<meta property=\"og:url\" content=\"https:\/\/www.pnl.ch\/college-pnl\/seminaires\/reussir-vos-projets\/\" \/>\n<meta property=\"og:site_name\" content=\"Coll\u00e8ge PNL\" \/>\n<meta property=\"article:publisher\" content=\"https:\/\/www.facebook.com\/college.romand\/\" \/>\n<meta property=\"article:modified_time\" content=\"2025-01-13T07:28:16+00:00\" \/>\n<meta property=\"og:image\" content=\"https:\/\/www.pnl.ch\/college-pnl\/wp-content\/uploads\/sites\/2\/2024\/03\/projets-jpg.webp\" \/>\n\t<meta property=\"og:image:width\" content=\"1200\" \/>\n\t<meta property=\"og:image:height\" content=\"675\" \/>\n\t<meta property=\"og:image:type\" content=\"image\/jpeg\" \/>\n<meta name=\"twitter:card\" content=\"summary_large_image\" \/>\n<meta name=\"twitter:title\" content=\"R\u00e9ussir vos projets avec la PNL\" \/>\n<meta name=\"twitter:description\" content=\"S\u00e9minaire pour d\u00e9couvrir comment appliquer la PNL dans le domaine de la gestion de projets. Vous travaillerez sur un vrai projet personnel\" \/>\n<meta name=\"twitter:site\" content=\"@CollegeRomand\" \/>\n<meta name=\"twitter:label1\" content=\"Dur\u00e9e de lecture estim\u00e9e\" \/>\n\t<meta name=\"twitter:data1\" content=\"4 minutes\" \/>\n<script type=\"application\/ld+json\" class=\"yoast-schema-graph\">{\"@context\":\"https:\/\/schema.org\",\"@graph\":[{\"@type\":\"WebPage\",\"@id\":\"https:\/\/www.pnl.ch\/college-pnl\/seminaires\/reussir-vos-projets\/\",\"url\":\"https:\/\/www.pnl.ch\/college-pnl\/seminaires\/reussir-vos-projets\/\",\"name\":\"R\u00e9ussir vos projets avec la PNL | Coll\u00e8ge PNL\",\"isPartOf\":{\"@id\":\"https:\/\/www.pnl.ch\/college-pnl\/#website\"},\"primaryImageOfPage\":{\"@id\":\"https:\/\/www.pnl.ch\/college-pnl\/seminaires\/reussir-vos-projets\/#primaryimage\"},\"image\":{\"@id\":\"https:\/\/www.pnl.ch\/college-pnl\/seminaires\/reussir-vos-projets\/#primaryimage\"},\"thumbnailUrl\":\"https:\/\/www.pnl.ch\/college-pnl\/wp-content\/uploads\/sites\/2\/2021\/08\/reussir-vos-projets.jpg\",\"datePublished\":\"2017-07-27T13:32:46+00:00\",\"dateModified\":\"2025-01-13T07:28:16+00:00\",\"description\":\"S\u00e9minaire pour d\u00e9couvrir comment appliquer la PNL dans le domaine de la gestion de projets. Vous travaillerez sur un vrai projet personnel\",\"breadcrumb\":{\"@id\":\"https:\/\/www.pnl.ch\/college-pnl\/seminaires\/reussir-vos-projets\/#breadcrumb\"},\"inLanguage\":\"fr-FR\",\"potentialAction\":[{\"@type\":\"ReadAction\",\"target\":[\"https:\/\/www.pnl.ch\/college-pnl\/seminaires\/reussir-vos-projets\/\"]}]},{\"@type\":\"ImageObject\",\"inLanguage\":\"fr-FR\",\"@id\":\"https:\/\/www.pnl.ch\/college-pnl\/seminaires\/reussir-vos-projets\/#primaryimage\",\"url\":\"https:\/\/www.pnl.ch\/college-pnl\/wp-content\/uploads\/sites\/2\/2021\/08\/reussir-vos-projets.jpg\",\"contentUrl\":\"https:\/\/www.pnl.ch\/college-pnl\/wp-content\/uploads\/sites\/2\/2021\/08\/reussir-vos-projets.jpg\",\"width\":300,\"height\":300,\"caption\":\"R\u00e9ussir vos projets avec la PNL\"},{\"@type\":\"BreadcrumbList\",\"@id\":\"https:\/\/www.pnl.ch\/college-pnl\/seminaires\/reussir-vos-projets\/#breadcrumb\",\"itemListElement\":[{\"@type\":\"ListItem\",\"position\":1,\"name\":\"Accueil\",\"item\":\"https:\/\/www.pnl.ch\/college-pnl\/\"},{\"@type\":\"ListItem\",\"position\":2,\"name\":\"Seminaires\",\"item\":\"http:\/\/www.pnl.ch\/college-pnl\/seminaires\/\"},{\"@type\":\"ListItem\",\"position\":3,\"name\":\"R\u00e9ussir vos projets avec la PNL\"}]},{\"@type\":\"WebSite\",\"@id\":\"https:\/\/www.pnl.ch\/college-pnl\/#website\",\"url\":\"https:\/\/www.pnl.ch\/college-pnl\/\",\"name\":\"Coll\u00e8ge PNL\",\"description\":\"Formations certifiantes en Programmation Neuro Linguistique (PNL)\",\"publisher\":{\"@id\":\"https:\/\/www.pnl.ch\/college-pnl\/#organization\"},\"potentialAction\":[{\"@type\":\"SearchAction\",\"target\":{\"@type\":\"EntryPoint\",\"urlTemplate\":\"https:\/\/www.pnl.ch\/college-pnl\/?s={search_term_string}\"},\"query-input\":{\"@type\":\"PropertyValueSpecification\",\"valueRequired\":true,\"valueName\":\"search_term_string\"}}],\"inLanguage\":\"fr-FR\"},{\"@type\":\"Organization\",\"@id\":\"https:\/\/www.pnl.ch\/college-pnl\/#organization\",\"name\":\"Coll\u00e8ge Romand - Centre de formation d'adultes S\u00e0rl\",\"url\":\"https:\/\/www.pnl.ch\/college-pnl\/\",\"logo\":{\"@type\":\"ImageObject\",\"inLanguage\":\"fr-FR\",\"@id\":\"https:\/\/www.pnl.ch\/college-pnl\/#\/schema\/logo\/image\/\",\"url\":\"https:\/\/www.pnl.ch\/college-pnl\/wp-content\/uploads\/sites\/2\/2017\/04\/college-pnl-logo-nc.png\",\"contentUrl\":\"https:\/\/www.pnl.ch\/college-pnl\/wp-content\/uploads\/sites\/2\/2017\/04\/college-pnl-logo-nc.png\",\"width\":314,\"height\":200,\"caption\":\"Coll\u00e8ge Romand - Centre de formation d'adultes S\u00e0rl\"},\"image\":{\"@id\":\"https:\/\/www.pnl.ch\/college-pnl\/#\/schema\/logo\/image\/\"},\"sameAs\":[\"https:\/\/www.facebook.com\/college.romand\/\",\"https:\/\/x.com\/CollegeRomand\",\"https:\/\/www.linkedin.com\/school\/college-romand\/\",\"https:\/\/www.instagram.com\/collegeromand\/\"]}]}<\/script>\n<!-- \/ Yoast SEO Premium plugin. -->","yoast_head_json":{"title":"R\u00e9ussir vos projets avec la PNL | Coll\u00e8ge PNL","description":"S\u00e9minaire pour d\u00e9couvrir comment appliquer la PNL dans le domaine de la gestion de projets. Vous travaillerez sur un vrai projet personnel","robots":{"index":"index","follow":"follow","max-snippet":"max-snippet:-1","max-image-preview":"max-image-preview:large","max-video-preview":"max-video-preview:-1"},"canonical":"https:\/\/www.pnl.ch\/college-pnl\/seminaires\/reussir-vos-projets\/","og_locale":"fr_FR","og_type":"article","og_title":"R\u00e9ussir vos projets avec la PNL | Coll\u00e8ge PNL | Coll\u00e8ge Romand","og_description":"S\u00e9minaire pour d\u00e9couvrir comment appliquer la PNL dans le domaine de la gestion de projets. Vous travaillerez sur un vrai projet personnel","og_url":"https:\/\/www.pnl.ch\/college-pnl\/seminaires\/reussir-vos-projets\/","og_site_name":"Coll\u00e8ge PNL","article_publisher":"https:\/\/www.facebook.com\/college.romand\/","article_modified_time":"2025-01-13T07:28:16+00:00","og_image":[{"width":1200,"height":675,"url":"https:\/\/www.pnl.ch\/college-pnl\/wp-content\/uploads\/sites\/2\/2024\/03\/projets-jpg.webp","type":"image\/jpeg"}],"twitter_card":"summary_large_image","twitter_title":"R\u00e9ussir vos projets avec la PNL","twitter_description":"S\u00e9minaire pour d\u00e9couvrir comment appliquer la PNL dans le domaine de la gestion de projets. Vous travaillerez sur un vrai projet personnel","twitter_site":"@CollegeRomand","twitter_misc":{"Dur\u00e9e de lecture estim\u00e9e":"4 minutes"},"schema":{"@context":"https:\/\/schema.org","@graph":[{"@type":"WebPage","@id":"https:\/\/www.pnl.ch\/college-pnl\/seminaires\/reussir-vos-projets\/","url":"https:\/\/www.pnl.ch\/college-pnl\/seminaires\/reussir-vos-projets\/","name":"R\u00e9ussir vos projets avec la PNL | Coll\u00e8ge PNL","isPartOf":{"@id":"https:\/\/www.pnl.ch\/college-pnl\/#website"},"primaryImageOfPage":{"@id":"https:\/\/www.pnl.ch\/college-pnl\/seminaires\/reussir-vos-projets\/#primaryimage"},"image":{"@id":"https:\/\/www.pnl.ch\/college-pnl\/seminaires\/reussir-vos-projets\/#primaryimage"},"thumbnailUrl":"https:\/\/www.pnl.ch\/college-pnl\/wp-content\/uploads\/sites\/2\/2021\/08\/reussir-vos-projets.jpg","datePublished":"2017-07-27T13:32:46+00:00","dateModified":"2025-01-13T07:28:16+00:00","description":"S\u00e9minaire pour d\u00e9couvrir comment appliquer la PNL dans le domaine de la gestion de projets. Vous travaillerez sur un vrai projet personnel","breadcrumb":{"@id":"https:\/\/www.pnl.ch\/college-pnl\/seminaires\/reussir-vos-projets\/#breadcrumb"},"inLanguage":"fr-FR","potentialAction":[{"@type":"ReadAction","target":["https:\/\/www.pnl.ch\/college-pnl\/seminaires\/reussir-vos-projets\/"]}]},{"@type":"ImageObject","inLanguage":"fr-FR","@id":"https:\/\/www.pnl.ch\/college-pnl\/seminaires\/reussir-vos-projets\/#primaryimage","url":"https:\/\/www.pnl.ch\/college-pnl\/wp-content\/uploads\/sites\/2\/2021\/08\/reussir-vos-projets.jpg","contentUrl":"https:\/\/www.pnl.ch\/college-pnl\/wp-content\/uploads\/sites\/2\/2021\/08\/reussir-vos-projets.jpg","width":300,"height":300,"caption":"R\u00e9ussir vos projets avec la PNL"},{"@type":"BreadcrumbList","@id":"https:\/\/www.pnl.ch\/college-pnl\/seminaires\/reussir-vos-projets\/#breadcrumb","itemListElement":[{"@type":"ListItem","position":1,"name":"Accueil","item":"https:\/\/www.pnl.ch\/college-pnl\/"},{"@type":"ListItem","position":2,"name":"Seminaires","item":"http:\/\/www.pnl.ch\/college-pnl\/seminaires\/"},{"@type":"ListItem","position":3,"name":"R\u00e9ussir vos projets avec la PNL"}]},{"@type":"WebSite","@id":"https:\/\/www.pnl.ch\/college-pnl\/#website","url":"https:\/\/www.pnl.ch\/college-pnl\/","name":"Coll\u00e8ge PNL","description":"Formations certifiantes en Programmation Neuro Linguistique (PNL)","publisher":{"@id":"https:\/\/www.pnl.ch\/college-pnl\/#organization"},"potentialAction":[{"@type":"SearchAction","target":{"@type":"EntryPoint","urlTemplate":"https:\/\/www.pnl.ch\/college-pnl\/?s={search_term_string}"},"query-input":{"@type":"PropertyValueSpecification","valueRequired":true,"valueName":"search_term_string"}}],"inLanguage":"fr-FR"},{"@type":"Organization","@id":"https:\/\/www.pnl.ch\/college-pnl\/#organization","name":"Coll\u00e8ge Romand - Centre de formation d'adultes S\u00e0rl","url":"https:\/\/www.pnl.ch\/college-pnl\/","logo":{"@type":"ImageObject","inLanguage":"fr-FR","@id":"https:\/\/www.pnl.ch\/college-pnl\/#\/schema\/logo\/image\/","url":"https:\/\/www.pnl.ch\/college-pnl\/wp-content\/uploads\/sites\/2\/2017\/04\/college-pnl-logo-nc.png","contentUrl":"https:\/\/www.pnl.ch\/college-pnl\/wp-content\/uploads\/sites\/2\/2017\/04\/college-pnl-logo-nc.png","width":314,"height":200,"caption":"Coll\u00e8ge Romand - Centre de formation d'adultes S\u00e0rl"},"image":{"@id":"https:\/\/www.pnl.ch\/college-pnl\/#\/schema\/logo\/image\/"},"sameAs":["https:\/\/www.facebook.com\/college.romand\/","https:\/\/x.com\/CollegeRomand","https:\/\/www.linkedin.com\/school\/college-romand\/","https:\/\/www.instagram.com\/collegeromand\/"]}]}},"_links":{"self":[{"href":"https:\/\/www.pnl.ch\/college-pnl\/wp-json\/wp\/v2\/pages\/919","targetHints":{"allow":["GET"]}}],"collection":[{"href":"https:\/\/www.pnl.ch\/college-pnl\/wp-json\/wp\/v2\/pages"}],"about":[{"href":"https:\/\/www.pnl.ch\/college-pnl\/wp-json\/wp\/v2\/types\/page"}],"author":[{"embeddable":true,"href":"https:\/\/www.pnl.ch\/college-pnl\/wp-json\/wp\/v2\/users\/1"}],"replies":[{"embeddable":true,"href":"https:\/\/www.pnl.ch\/college-pnl\/wp-json\/wp\/v2\/comments?post=919"}],"version-history":[{"count":26,"href":"https:\/\/www.pnl.ch\/college-pnl\/wp-json\/wp\/v2\/pages\/919\/revisions"}],"predecessor-version":[{"id":3168,"href":"https:\/\/www.pnl.ch\/college-pnl\/wp-json\/wp\/v2\/pages\/919\/revisions\/3168"}],"up":[{"embeddable":true,"href":"https:\/\/www.pnl.ch\/college-pnl\/wp-json\/wp\/v2\/pages\/74"}],"wp:featuredmedia":[{"embeddable":true,"href":"https:\/\/www.pnl.ch\/college-pnl\/wp-json\/wp\/v2\/media\/2310"}],"wp:attachment":[{"href":"https:\/\/www.pnl.ch\/college-pnl\/wp-json\/wp\/v2\/media?parent=919"}],"curies":[{"name":"wp","href":"https:\/\/api.w.org\/{rel}","templated":true}]}}