{"id":112,"date":"2019-09-30T15:43:32","date_gmt":"2019-09-30T13:43:32","guid":{"rendered":"https:\/\/www.pnl.ch\/college-reconversion\/?page_id=112"},"modified":"2025-06-12T09:59:19","modified_gmt":"2025-06-12T07:59:19","slug":"jeudis-solidaires","status":"publish","type":"page","link":"https:\/\/www.pnl.ch\/college-reconversion\/activites-hoffman\/jeudis-solidaires\/","title":{"rendered":"Apr\u00e8s le Processus \u2013 Jeudis solidaires"},"content":{"rendered":"<div class=\"wpb-content-wrapper\"><p>[vc_row][vc_column width=\u00a0\u00bb1\/4&Prime;]<style type=\"text\/css\" data-type=\"the7_shortcodes-inline-css\">.shortcode-single-image-wrap.shortcode-single-image-7a58c78d2495291e08d34d9249d10ed7.enable-bg-rollover .rollover i,\n.shortcode-single-image-wrap.shortcode-single-image-7a58c78d2495291e08d34d9249d10ed7.enable-bg-rollover .rollover-video i {\n  background: -webkit-linear-gradient();\n  background: linear-gradient();\n}\n.shortcode-single-image-wrap.shortcode-single-image-7a58c78d2495291e08d34d9249d10ed7 .rollover-icon {\n  font-size: 32px;\n  color: #ffffff;\n  min-width: 44px;\n  min-height: 44px;\n  line-height: 44px;\n  border-radius: 100px;\n  border-style: solid;\n  border-width: 0px;\n}\n.dt-icon-bg-on.shortcode-single-image-wrap.shortcode-single-image-7a58c78d2495291e08d34d9249d10ed7 .rollover-icon {\n  background: rgba(255,255,255,0.3);\n  box-shadow: none;\n}<\/style><div class=\"shortcode-single-image-wrap shortcode-single-image-7a58c78d2495291e08d34d9249d10ed7 alignnone zoomIn animate-element caption-on  enable-bg-rollover dt-icon-bg-off\" style=\"margin-top:0px; margin-bottom:0px; margin-left:0px; margin-right:0px; width:250px;\"><div class=\"shortcode-single-image\"><div class=\"fancy-media-wrap  layzr-bg\" style=\"\"><img fetchpriority=\"high\" decoding=\"async\" class=\"preload-me lazy-load aspect\" src=\"data:image\/svg+xml,%3Csvg%20xmlns%3D&#39;http%3A%2F%2Fwww.w3.org%2F2000%2Fsvg&#39;%20viewBox%3D&#39;0%200%20250%20250&#39;%2F%3E\" data-src=\"https:\/\/www.pnl.ch\/college-reconversion\/wp-content\/uploads\/sites\/7\/2023\/03\/hoffman-jeudi-250x250.jpg\" data-srcset=\"https:\/\/www.pnl.ch\/college-reconversion\/wp-content\/uploads\/sites\/7\/2023\/03\/hoffman-jeudi-250x250.jpg 250w, https:\/\/www.pnl.ch\/college-reconversion\/wp-content\/uploads\/sites\/7\/2023\/03\/hoffman-jeudi.jpg 300w\" loading=\"eager\" sizes=\"(max-width: 250px) 100vw, 250px\" width=\"250\" height=\"250\"  data-dt-location=\"https:\/\/www.pnl.ch\/college-reconversion\/hoffman-jeudi\/\" style=\"--ratio: 250 \/ 250;\" alt=\"Processus Hoffman - Jeudis solidaires\" \/><\/div><\/div><div class=\"shortcode-single-caption\">Processus Hoffman - Jeudis solidaires<\/div><\/div>[\/vc_column][vc_column width=\u00a0\u00bb3\/4&Prime;][vc_column_text]<\/p>\n<p class=\"date-formation\">En ligne<\/p>\n<h3>\u00c9changer, pratiquer les outils Hoffman, se ressourcer<\/h3>\n<p>Les rencontres virtuelles gratuites \u00ab Jeudis solidaires \u00bb ont \u00e9t\u00e9 cr\u00e9\u00e9es pour vous permettre d\u2019\u00e9changer, de pratiquer les outils Hoffman et de vous ressourcer.<br \/>\nPropos\u00e9es une fois par mois, elles abordent un th\u00e8me diff\u00e9rent \u00e0 chaque rendez-vous.<\/p>\n<h4>LIEU<\/h4>\n<p style=\"font-weight: 400;\">Les rencontres se font par ZOOM.<\/p>\n<h4>DATES<\/h4>\n<p>Toutes les prochaines dates se trouvent <a href=\"https:\/\/www.institut-hoffman.com\/activites-en-ligne\/jeudis-solidaires\/\">dans le calendrier<\/a>.<\/p>\n<h4>HORAIRES<\/h4>\n<p>De 19h30 \u00e0 21h.[\/vc_column_text][\/vc_column][\/vc_row][vc_row type=\u00a0\u00bb3&Prime; padding_top=\u00a0\u00bb30&Prime; padding_bottom=\u00a0\u00bb30&Prime; css=\u00a0\u00bb.vc_custom_1510221215901{margin-bottom: 30px !important;}\u00a0\u00bb][vc_column][\/vc_column][\/vc_row][vc_row margin_top=\u00a0\u00bb50&Prime;][vc_column][vc_column_text css=\u00a0\u00bb\u00a0\u00bb]<strong>Nous vous conseillons volontiers sur cette formation, contactez directement le Coll\u00e8ge Reconversion au <a href=\"tel:+41227369862\">+41 22 736 98 62<\/a> les lundi, mardi, jeudi et vendredi.<\/strong>[\/vc_column_text][vc_btn title=\u00a0\u00bbVous inscrire\u00a0\u00bb color=\u00a0\u00bbsky\u00a0\u00bb align=\u00a0\u00bbleft\u00a0\u00bb css=\u00a0\u00bb\u00a0\u00bb link=\u00a0\u00bburl:https%3A%2F%2Fwww.pnl.ch%2Fcollege-reconversion%2Finscrivez-vous-et-commencez-votre-parcours-avec-le-processus-hoffman%2F|title:Inscrivez-vous%20et%20commencez%20votre%20parcours%20avec%20le%20Processus%20Hoffman%E2%80%AF!\u00a0\u00bb][\/vc_column][\/vc_row]<\/p>\n<\/div>","protected":false},"excerpt":{"rendered":"<p>[vc_row][vc_column width=\u00a0\u00bb1\/4&Prime;][\/vc_column][vc_column width=\u00a0\u00bb3\/4&Prime;][vc_column_text] En ligne \u00c9changer, pratiquer les outils Hoffman, se ressourcer Les rencontres virtuelles gratuites \u00ab Jeudis solidaires \u00bb ont \u00e9t\u00e9 cr\u00e9\u00e9es pour vous permettre d\u2019\u00e9changer, de pratiquer les outils Hoffman et de vous ressourcer. Propos\u00e9es une fois par mois, elles abordent un th\u00e8me diff\u00e9rent \u00e0 chaque rendez-vous. LIEU Les rencontres se font par&hellip;<\/p>\n","protected":false},"author":1,"featured_media":538,"parent":547,"menu_order":0,"comment_status":"closed","ping_status":"closed","template":"","meta":{"_acf_changed":false,"footnotes":""},"class_list":["post-112","page","type-page","status-publish","has-post-thumbnail","hentry","description-off"],"acf":[],"yoast_head":"<!-- This site is optimized with the Yoast SEO Premium plugin v27.4 (Yoast SEO v27.4) - https:\/\/yoast.com\/product\/yoast-seo-premium-wordpress\/ -->\n<title>Apr\u00e8s le Processus \u2013 Jeudis solidaires - Coll\u00e8ge Reconversion<\/title>\n<meta name=\"description\" content=\"Les jeudis solidaires ont lieu apr\u00e8s le Processus Hoffman afin de soutenir les participants dans l&#039;int\u00e9gration du changement\u2026\" \/>\n<meta name=\"robots\" content=\"index, follow, max-snippet:-1, max-image-preview:large, max-video-preview:-1\" \/>\n<link rel=\"canonical\" href=\"https:\/\/www.pnl.ch\/college-reconversion\/activites-hoffman\/jeudis-solidaires\/\" \/>\n<meta property=\"og:locale\" content=\"fr_FR\" \/>\n<meta property=\"og:type\" content=\"article\" \/>\n<meta property=\"og:title\" content=\"Apr\u00e8s le Processus Hoffman | Jeudis solidaires\" \/>\n<meta property=\"og:description\" content=\"Les jeudis solidaires ont lieu apr\u00e8s le Processus Hoffman afin de soutenir les participants dans l&#039;int\u00e9gration du changement\u2026\" \/>\n<meta property=\"og:url\" content=\"https:\/\/www.pnl.ch\/college-reconversion\/activites-hoffman\/jeudis-solidaires\/\" \/>\n<meta property=\"og:site_name\" content=\"Coll\u00e8ge Reconversion\" \/>\n<meta property=\"article:publisher\" content=\"https:\/\/www.facebook.com\/college.romand\/\" \/>\n<meta property=\"article:modified_time\" content=\"2025-06-12T07:59:19+00:00\" \/>\n<meta property=\"og:image\" content=\"http:\/\/www.pnl.ch\/college-reconversion\/wp-content\/uploads\/sites\/7\/2024\/04\/hoffman-jeudis-solidaires-jpg.webp\" \/>\n\t<meta property=\"og:image:width\" content=\"1200\" \/>\n\t<meta property=\"og:image:height\" content=\"675\" \/>\n\t<meta property=\"og:image:type\" content=\"image\/jpeg\" \/>\n<meta name=\"twitter:card\" content=\"summary_large_image\" \/>\n<meta name=\"twitter:title\" content=\"Apr\u00e8s le Processus Hoffman | Jeudis solidaires\" \/>\n<meta name=\"twitter:description\" content=\"Les jeudis solidaires ont lieu apr\u00e8s le Processus Hoffman afin de soutenir les participants dans l&#039;int\u00e9gration du changement\u2026\" \/>\n<meta name=\"twitter:site\" content=\"@CollegeRomand\" \/>\n<meta name=\"twitter:label1\" content=\"Dur\u00e9e de lecture estim\u00e9e\" \/>\n\t<meta name=\"twitter:data1\" content=\"1 minute\" \/>\n<script type=\"application\/ld+json\" class=\"yoast-schema-graph\">{\"@context\":\"https:\\\/\\\/schema.org\",\"@graph\":[{\"@type\":\"WebPage\",\"@id\":\"https:\\\/\\\/www.pnl.ch\\\/college-reconversion\\\/activites-hoffman\\\/jeudis-solidaires\\\/\",\"url\":\"https:\\\/\\\/www.pnl.ch\\\/college-reconversion\\\/activites-hoffman\\\/jeudis-solidaires\\\/\",\"name\":\"Apr\u00e8s le Processus \u2013 Jeudis solidaires - Coll\u00e8ge Reconversion\",\"isPartOf\":{\"@id\":\"https:\\\/\\\/www.pnl.ch\\\/college-reconversion\\\/#website\"},\"primaryImageOfPage\":{\"@id\":\"https:\\\/\\\/www.pnl.ch\\\/college-reconversion\\\/activites-hoffman\\\/jeudis-solidaires\\\/#primaryimage\"},\"image\":{\"@id\":\"https:\\\/\\\/www.pnl.ch\\\/college-reconversion\\\/activites-hoffman\\\/jeudis-solidaires\\\/#primaryimage\"},\"thumbnailUrl\":\"https:\\\/\\\/www.pnl.ch\\\/college-reconversion\\\/wp-content\\\/uploads\\\/sites\\\/7\\\/2023\\\/03\\\/hoffman-jeudi.jpg\",\"datePublished\":\"2019-09-30T13:43:32+00:00\",\"dateModified\":\"2025-06-12T07:59:19+00:00\",\"description\":\"Les jeudis solidaires ont lieu apr\u00e8s le Processus Hoffman afin de soutenir les participants dans l'int\u00e9gration du changement\u2026\",\"breadcrumb\":{\"@id\":\"https:\\\/\\\/www.pnl.ch\\\/college-reconversion\\\/activites-hoffman\\\/jeudis-solidaires\\\/#breadcrumb\"},\"inLanguage\":\"fr-FR\",\"potentialAction\":[{\"@type\":\"ReadAction\",\"target\":[\"https:\\\/\\\/www.pnl.ch\\\/college-reconversion\\\/activites-hoffman\\\/jeudis-solidaires\\\/\"]}]},{\"@type\":\"ImageObject\",\"inLanguage\":\"fr-FR\",\"@id\":\"https:\\\/\\\/www.pnl.ch\\\/college-reconversion\\\/activites-hoffman\\\/jeudis-solidaires\\\/#primaryimage\",\"url\":\"https:\\\/\\\/www.pnl.ch\\\/college-reconversion\\\/wp-content\\\/uploads\\\/sites\\\/7\\\/2023\\\/03\\\/hoffman-jeudi.jpg\",\"contentUrl\":\"https:\\\/\\\/www.pnl.ch\\\/college-reconversion\\\/wp-content\\\/uploads\\\/sites\\\/7\\\/2023\\\/03\\\/hoffman-jeudi.jpg\",\"width\":300,\"height\":300,\"caption\":\"Processus Hoffman - Jeudis solidaires\"},{\"@type\":\"BreadcrumbList\",\"@id\":\"https:\\\/\\\/www.pnl.ch\\\/college-reconversion\\\/activites-hoffman\\\/jeudis-solidaires\\\/#breadcrumb\",\"itemListElement\":[{\"@type\":\"ListItem\",\"position\":1,\"name\":\"Accueil\",\"item\":\"https:\\\/\\\/www.pnl.ch\\\/college-reconversion\\\/\"},{\"@type\":\"ListItem\",\"position\":2,\"name\":\"Activit\u00e9s Hoffman\",\"item\":\"https:\\\/\\\/www.pnl.ch\\\/college-reconversion\\\/activites-hoffman\\\/\"},{\"@type\":\"ListItem\",\"position\":3,\"name\":\"Apr\u00e8s le Processus \u2013 Jeudis solidaires\"}]},{\"@type\":\"WebSite\",\"@id\":\"https:\\\/\\\/www.pnl.ch\\\/college-reconversion\\\/#website\",\"url\":\"https:\\\/\\\/www.pnl.ch\\\/college-reconversion\\\/\",\"name\":\"Coll\u00e8ge Reconversion\",\"description\":\"Tout pour r\u00e9ussir sa Reconversion\",\"publisher\":{\"@id\":\"https:\\\/\\\/www.pnl.ch\\\/college-reconversion\\\/#organization\"},\"potentialAction\":[{\"@type\":\"SearchAction\",\"target\":{\"@type\":\"EntryPoint\",\"urlTemplate\":\"https:\\\/\\\/www.pnl.ch\\\/college-reconversion\\\/?s={search_term_string}\"},\"query-input\":{\"@type\":\"PropertyValueSpecification\",\"valueRequired\":true,\"valueName\":\"search_term_string\"}}],\"inLanguage\":\"fr-FR\"},{\"@type\":\"Organization\",\"@id\":\"https:\\\/\\\/www.pnl.ch\\\/college-reconversion\\\/#organization\",\"name\":\"Coll\u00e8ge Romand Centre de formation d'adultes S\u00e0rl\",\"url\":\"https:\\\/\\\/www.pnl.ch\\\/college-reconversion\\\/\",\"logo\":{\"@type\":\"ImageObject\",\"inLanguage\":\"fr-FR\",\"@id\":\"https:\\\/\\\/www.pnl.ch\\\/college-reconversion\\\/#\\\/schema\\\/logo\\\/image\\\/\",\"url\":\"\",\"contentUrl\":\"\",\"caption\":\"Coll\u00e8ge Romand Centre de formation d'adultes S\u00e0rl\"},\"image\":{\"@id\":\"https:\\\/\\\/www.pnl.ch\\\/college-reconversion\\\/#\\\/schema\\\/logo\\\/image\\\/\"},\"sameAs\":[\"https:\\\/\\\/www.facebook.com\\\/college.romand\\\/\",\"https:\\\/\\\/x.com\\\/CollegeRomand\",\"https:\\\/\\\/fr.linkedin.com\\\/company\\\/coll-ge-romand-de-pnl\",\"https:\\\/\\\/www.linkedin.com\\\/school\\\/college-romand\\\/\",\"https:\\\/\\\/www.instagram.com\\\/collegeromand\\\/\"]}]}<\/script>\n<!-- \/ Yoast SEO Premium plugin. -->","yoast_head_json":{"title":"Apr\u00e8s le Processus \u2013 Jeudis solidaires - Coll\u00e8ge Reconversion","description":"Les jeudis solidaires ont lieu apr\u00e8s le Processus Hoffman afin de soutenir les participants dans l'int\u00e9gration du changement\u2026","robots":{"index":"index","follow":"follow","max-snippet":"max-snippet:-1","max-image-preview":"max-image-preview:large","max-video-preview":"max-video-preview:-1"},"canonical":"https:\/\/www.pnl.ch\/college-reconversion\/activites-hoffman\/jeudis-solidaires\/","og_locale":"fr_FR","og_type":"article","og_title":"Apr\u00e8s le Processus Hoffman | Jeudis solidaires","og_description":"Les jeudis solidaires ont lieu apr\u00e8s le Processus Hoffman afin de soutenir les participants dans l'int\u00e9gration du changement\u2026","og_url":"https:\/\/www.pnl.ch\/college-reconversion\/activites-hoffman\/jeudis-solidaires\/","og_site_name":"Coll\u00e8ge Reconversion","article_publisher":"https:\/\/www.facebook.com\/college.romand\/","article_modified_time":"2025-06-12T07:59:19+00:00","og_image":[{"width":1200,"height":675,"url":"http:\/\/www.pnl.ch\/college-reconversion\/wp-content\/uploads\/sites\/7\/2024\/04\/hoffman-jeudis-solidaires-jpg.webp","type":"image\/jpeg"}],"twitter_card":"summary_large_image","twitter_title":"Apr\u00e8s le Processus Hoffman | Jeudis solidaires","twitter_description":"Les jeudis solidaires ont lieu apr\u00e8s le Processus Hoffman afin de soutenir les participants dans l'int\u00e9gration du changement\u2026","twitter_site":"@CollegeRomand","twitter_misc":{"Dur\u00e9e de lecture estim\u00e9e":"1 minute"},"schema":{"@context":"https:\/\/schema.org","@graph":[{"@type":"WebPage","@id":"https:\/\/www.pnl.ch\/college-reconversion\/activites-hoffman\/jeudis-solidaires\/","url":"https:\/\/www.pnl.ch\/college-reconversion\/activites-hoffman\/jeudis-solidaires\/","name":"Apr\u00e8s le Processus \u2013 Jeudis solidaires - Coll\u00e8ge Reconversion","isPartOf":{"@id":"https:\/\/www.pnl.ch\/college-reconversion\/#website"},"primaryImageOfPage":{"@id":"https:\/\/www.pnl.ch\/college-reconversion\/activites-hoffman\/jeudis-solidaires\/#primaryimage"},"image":{"@id":"https:\/\/www.pnl.ch\/college-reconversion\/activites-hoffman\/jeudis-solidaires\/#primaryimage"},"thumbnailUrl":"https:\/\/www.pnl.ch\/college-reconversion\/wp-content\/uploads\/sites\/7\/2023\/03\/hoffman-jeudi.jpg","datePublished":"2019-09-30T13:43:32+00:00","dateModified":"2025-06-12T07:59:19+00:00","description":"Les jeudis solidaires ont lieu apr\u00e8s le Processus Hoffman afin de soutenir les participants dans l'int\u00e9gration du changement\u2026","breadcrumb":{"@id":"https:\/\/www.pnl.ch\/college-reconversion\/activites-hoffman\/jeudis-solidaires\/#breadcrumb"},"inLanguage":"fr-FR","potentialAction":[{"@type":"ReadAction","target":["https:\/\/www.pnl.ch\/college-reconversion\/activites-hoffman\/jeudis-solidaires\/"]}]},{"@type":"ImageObject","inLanguage":"fr-FR","@id":"https:\/\/www.pnl.ch\/college-reconversion\/activites-hoffman\/jeudis-solidaires\/#primaryimage","url":"https:\/\/www.pnl.ch\/college-reconversion\/wp-content\/uploads\/sites\/7\/2023\/03\/hoffman-jeudi.jpg","contentUrl":"https:\/\/www.pnl.ch\/college-reconversion\/wp-content\/uploads\/sites\/7\/2023\/03\/hoffman-jeudi.jpg","width":300,"height":300,"caption":"Processus Hoffman - Jeudis solidaires"},{"@type":"BreadcrumbList","@id":"https:\/\/www.pnl.ch\/college-reconversion\/activites-hoffman\/jeudis-solidaires\/#breadcrumb","itemListElement":[{"@type":"ListItem","position":1,"name":"Accueil","item":"https:\/\/www.pnl.ch\/college-reconversion\/"},{"@type":"ListItem","position":2,"name":"Activit\u00e9s Hoffman","item":"https:\/\/www.pnl.ch\/college-reconversion\/activites-hoffman\/"},{"@type":"ListItem","position":3,"name":"Apr\u00e8s le Processus \u2013 Jeudis solidaires"}]},{"@type":"WebSite","@id":"https:\/\/www.pnl.ch\/college-reconversion\/#website","url":"https:\/\/www.pnl.ch\/college-reconversion\/","name":"Coll\u00e8ge Reconversion","description":"Tout pour r\u00e9ussir sa Reconversion","publisher":{"@id":"https:\/\/www.pnl.ch\/college-reconversion\/#organization"},"potentialAction":[{"@type":"SearchAction","target":{"@type":"EntryPoint","urlTemplate":"https:\/\/www.pnl.ch\/college-reconversion\/?s={search_term_string}"},"query-input":{"@type":"PropertyValueSpecification","valueRequired":true,"valueName":"search_term_string"}}],"inLanguage":"fr-FR"},{"@type":"Organization","@id":"https:\/\/www.pnl.ch\/college-reconversion\/#organization","name":"Coll\u00e8ge Romand Centre de formation d'adultes S\u00e0rl","url":"https:\/\/www.pnl.ch\/college-reconversion\/","logo":{"@type":"ImageObject","inLanguage":"fr-FR","@id":"https:\/\/www.pnl.ch\/college-reconversion\/#\/schema\/logo\/image\/","url":"","contentUrl":"","caption":"Coll\u00e8ge Romand Centre de formation d'adultes S\u00e0rl"},"image":{"@id":"https:\/\/www.pnl.ch\/college-reconversion\/#\/schema\/logo\/image\/"},"sameAs":["https:\/\/www.facebook.com\/college.romand\/","https:\/\/x.com\/CollegeRomand","https:\/\/fr.linkedin.com\/company\/coll-ge-romand-de-pnl","https:\/\/www.linkedin.com\/school\/college-romand\/","https:\/\/www.instagram.com\/collegeromand\/"]}]}},"_links":{"self":[{"href":"https:\/\/www.pnl.ch\/college-reconversion\/wp-json\/wp\/v2\/pages\/112","targetHints":{"allow":["GET"]}}],"collection":[{"href":"https:\/\/www.pnl.ch\/college-reconversion\/wp-json\/wp\/v2\/pages"}],"about":[{"href":"https:\/\/www.pnl.ch\/college-reconversion\/wp-json\/wp\/v2\/types\/page"}],"author":[{"embeddable":true,"href":"https:\/\/www.pnl.ch\/college-reconversion\/wp-json\/wp\/v2\/users\/1"}],"replies":[{"embeddable":true,"href":"https:\/\/www.pnl.ch\/college-reconversion\/wp-json\/wp\/v2\/comments?post=112"}],"version-history":[{"count":21,"href":"https:\/\/www.pnl.ch\/college-reconversion\/wp-json\/wp\/v2\/pages\/112\/revisions"}],"predecessor-version":[{"id":762,"href":"https:\/\/www.pnl.ch\/college-reconversion\/wp-json\/wp\/v2\/pages\/112\/revisions\/762"}],"up":[{"embeddable":true,"href":"https:\/\/www.pnl.ch\/college-reconversion\/wp-json\/wp\/v2\/pages\/547"}],"wp:featuredmedia":[{"embeddable":true,"href":"https:\/\/www.pnl.ch\/college-reconversion\/wp-json\/wp\/v2\/media\/538"}],"wp:attachment":[{"href":"https:\/\/www.pnl.ch\/college-reconversion\/wp-json\/wp\/v2\/media?parent=112"}],"curies":[{"name":"wp","href":"https:\/\/api.w.org\/{rel}","templated":true}]}}